{"id":2763,"date":"2019-05-29T15:12:12","date_gmt":"2019-05-29T18:12:12","guid":{"rendered":"https:\/\/wp.ufpel.edu.br\/mestradoartesvisuais\/?page_id=2763"},"modified":"2019-05-29T15:12:12","modified_gmt":"2019-05-29T18:12:12","slug":"obrigatorias","status":"publish","type":"page","link":"https:\/\/wp.ufpel.edu.br\/ppgartes\/disciplinas\/obrigatorias\/","title":{"rendered":"Obrigat\u00f3rias"},"content":{"rendered":"<p style=\"padding-left: 40px\"><span style=\"font-family: 'trebuchet ms', geneva, sans-serif\"><span style=\"font-family: 'trebuchet ms', geneva, sans-serif;font-size: 14pt\"><strong>\/\/ Disciplinas obrigat\u00f3rias<br \/>\n<\/strong><span style=\"font-size: 12pt\">para as duas Linhas de Pesquisa<\/span><\/span><\/span><\/p>\n<p style=\"padding-left: 40px\"><span style=\"font-family: 'trebuchet ms', geneva, sans-serif;font-size: 10pt\">. Metodologia da pesquisa em artes (4 CR)<\/span><\/p>\n<p style=\"padding-left: 40px\"><span style=\"font-family: 'trebuchet ms', geneva, sans-serif;font-size: 10pt\">. Semin\u00e1rio de est\u00e9tica e cultura visual (4 CR)<\/span><\/p>\n<p style=\"padding-left: 40px\"><span style=\"font-family: 'trebuchet ms', geneva, sans-serif;font-size: 10pt\">. Semin\u00e1rio de disserta\u00e7\u00e3o<\/span><\/p>\n<p>&nbsp;<\/p>\n<hr \/>\n<p style=\"padding-left: 40px\"><span style=\"font-family: 'trebuchet ms', geneva, sans-serif;font-size: 10pt\">Para mais detalhes referente as disciplinas listadas acima, consulte a p\u00e1gina <a href=\"https:\/\/wp.ufpel.edu.br\/mestradoartesvisuais\/disciplinas\/ementas\/\"><strong>ementas<\/strong><\/a><\/span><\/p>\n","protected":false},"excerpt":{"rendered":"<p>\/\/ Disciplinas obrigat\u00f3rias para as duas Linhas de Pesquisa . Metodologia da pesquisa em artes (4 CR) . Semin\u00e1rio de est\u00e9tica e cultura visual (4 CR) . Semin\u00e1rio de disserta\u00e7\u00e3o &nbsp; Para mais detalhes referente as disciplinas listadas acima, consulte a p\u00e1gina ementas<\/p>\n","protected":false},"author":1258,"featured_media":0,"parent":26,"menu_order":0,"comment_status":"closed","ping_status":"closed","template":"","meta":{"footnotes":""},"class_list":["post-2763","page","type-page","status-publish","hentry"],"_links":{"self":[{"href":"https:\/\/wp.ufpel.edu.br\/ppgartes\/wp-json\/wp\/v2\/pages\/2763","targetHints":{"allow":["GET"]}}],"collection":[{"href":"https:\/\/wp.ufpel.edu.br\/ppgartes\/wp-json\/wp\/v2\/pages"}],"about":[{"href":"https:\/\/wp.ufpel.edu.br\/ppgartes\/wp-json\/wp\/v2\/types\/page"}],"author":[{"embeddable":true,"href":"https:\/\/wp.ufpel.edu.br\/ppgartes\/wp-json\/wp\/v2\/users\/1258"}],"replies":[{"embeddable":true,"href":"https:\/\/wp.ufpel.edu.br\/ppgartes\/wp-json\/wp\/v2\/comments?post=2763"}],"version-history":[{"count":0,"href":"https:\/\/wp.ufpel.edu.br\/ppgartes\/wp-json\/wp\/v2\/pages\/2763\/revisions"}],"up":[{"embeddable":true,"href":"https:\/\/wp.ufpel.edu.br\/ppgartes\/wp-json\/wp\/v2\/pages\/26"}],"wp:attachment":[{"href":"https:\/\/wp.ufpel.edu.br\/ppgartes\/wp-json\/wp\/v2\/media?parent=2763"}],"curies":[{"name":"wp","href":"https:\/\/api.w.org\/{rel}","templated":true}]}}