{"id":2707,"date":"2019-05-28T16:00:25","date_gmt":"2019-05-28T19:00:25","guid":{"rendered":"https:\/\/wp.ufpel.edu.br\/mestradoartesvisuais\/?page_id=2707"},"modified":"2019-05-28T16:00:25","modified_gmt":"2019-05-28T19:00:25","slug":"processos-de-criacao-e-poeticas-do-cotidiano","status":"publish","type":"page","link":"https:\/\/wp.ufpel.edu.br\/ppgartes\/linhas-de-pesquisa\/processos-de-criacao-e-poeticas-do-cotidiano\/","title":{"rendered":"Processos de Cria\u00e7\u00e3o e Po\u00e9ticas do Cotidiano"},"content":{"rendered":"<p style=\"padding-left: 40px\"><span style=\"font-family: 'trebuchet ms', geneva, sans-serif;font-size: 14pt\"><span style=\"font-size: 12pt\">\/\/ Linha de Pesquisa<\/span><strong><br \/>\nProcessos de Cria\u00e7\u00e3o e Po\u00e9ticas do Cotidiano<br \/>\n<\/strong><\/span><\/p>\n<p style=\"text-align: justify;padding-left: 40px\"><span style=\"font-family: 'trebuchet ms', geneva, sans-serif\">Investiga\u00e7\u00f5es no pensar e no fazer da arte, enfocando o processo de cria\u00e7\u00e3o e as dimens\u00f5es po\u00e9ticas da produ\u00e7\u00e3o art\u00edstica contempor\u00e2nea. \u00canfase nas rela\u00e7\u00f5es entre artes, sociedade, pol\u00edtica, \u00e9tica e linguagens nos contextos culturais e ligados ao cotidiano.<\/span><\/p>\n<hr \/>\n<p style=\"text-align: justify;padding-left: 40px\"><span style=\"font-family: 'trebuchet ms', geneva, sans-serif;font-size: 14pt\"><span style=\"font-size: 12pt\">\/\/ Professores da Linha de Pesquisa<\/span><strong><br \/>\nProcessos de Cria\u00e7\u00e3o e Po\u00e9ticas do Cotidiano<br \/>\n<\/strong><span style=\"font-size: 10pt\">clique sobre o nome do docente para acessar o perfil<\/span><\/span><\/p>\n<p style=\"text-align: justify;padding-left: 40px\"><a href=\"https:\/\/wp.ufpel.edu.br\/mestradoartesvisuais\/alice-jean-monsell\/\"><span style=\"font-family: 'trebuchet ms', geneva, sans-serif\">Alice Jean Monsell<\/span><\/a><\/p>\n<p style=\"text-align: justify;padding-left: 40px\"><a href=\"https:\/\/wp.ufpel.edu.br\/mestradoartesvisuais\/angela-raffin-pohlmann\/\"><span style=\"font-family: 'trebuchet ms', geneva, sans-serif\">Angela Raffin Pohlmann<\/span><\/a><\/p>\n<p style=\"text-align: justify;padding-left: 40px\"><a href=\"https:\/\/wp.ufpel.edu.br\/mestradoartesvisuais\/4766-2\/\"><span style=\"font-family: 'trebuchet ms', geneva, sans-serif\">Cl\u00e1udio Tarouco de Azevedo<\/span><\/a><\/p>\n<p style=\"text-align: justify;padding-left: 40px\"><a href=\"https:\/\/wp.ufpel.edu.br\/mestradoartesvisuais\/eduarda-azevedo-goncalves\/\"><span style=\"font-family: 'trebuchet ms', geneva, sans-serif\">Eduarda Azevedo Gon\u00e7alves<\/span><\/a><\/p>\n<p style=\"text-align: justify;padding-left: 40px\"><a href=\"https:\/\/wp.ufpel.edu.br\/mestradoartesvisuais\/felipe-merker-castellani\/\"><span style=\"font-family: 'trebuchet ms', geneva, sans-serif\">Felipe Merker Castellani<\/span><\/a><\/p>\n<p style=\"text-align: justify;padding-left: 40px\"><a href=\"https:\/\/wp.ufpel.edu.br\/mestradoartesvisuais\/helene-gomes-sacco\/\"><span style=\"font-family: 'trebuchet ms', geneva, sans-serif\">Helene Carbone Sacco<\/span><\/a><\/p>\n<p style=\"text-align: justify;padding-left: 40px\"><a href=\"https:\/\/wp.ufpel.edu.br\/mestradoartesvisuais\/renata-azevedo-requiao\/\"><span style=\"font-family: 'trebuchet ms', geneva, sans-serif\">Renata Azevedo Requi\u00e3o<\/span><\/a><\/p>\n<p style=\"text-align: justify;padding-left: 40px\"><a href=\"https:\/\/wp.ufpel.edu.br\/mestradoartesvisuais\/thiago-silva-de-amorim-jesus\/\"><span style=\"font-family: 'trebuchet ms', geneva, sans-serif\">Thiago Silva de Amorim Jesus<\/span><\/a><\/p>\n<p>&nbsp;<\/p>\n<p>&nbsp;<\/p>\n<hr \/>\n<p style=\"padding-left: 40px\"><span style=\"font-family: 'trebuchet ms', geneva, sans-serif;font-size: 10pt\">Para mais informa\u00e7\u00f5es referente aos professores do Programa de P\u00f3s-Gradua\u00e7\u00e3o em Artes Visuais da UFPel, consulte a p\u00e1gina <a href=\"https:\/\/wp.ufpel.edu.br\/mestradoartesvisuais\/docentes\/\"><strong>docentes<\/strong><\/a><\/span><\/p>\n<div class=\"ms-editor-squiggler\" style=\"color: initial;font: initial;background: initial;background-blend-mode: initial;border: initial;border-radius: initial;border-collapse: initial;caption-side: initial;clear: initial;columns: initial;column-fill: initial;column-rule: initial;column-span: initial;cursor: initial;flex: initial;flex-flow: initial;float: initial;height: 0px;letter-spacing: initial;margin: initial;max-height: initial;max-width: initial;min-height: initial;min-width: initial;overflow: initial;padding: initial;text-align: initial;text-decoration: initial;text-indent: initial;text-transform: initial;vertical-align: initial;border-spacing: initial;width: initial\"><\/div>\n<div class=\"ms-editor-squiggler\" style=\"color: initial;font: initial;background: initial;background-blend-mode: initial;border: initial;border-radius: initial;border-collapse: initial;caption-side: initial;clear: initial;columns: initial;column-fill: initial;column-rule: initial;column-span: initial;cursor: initial;flex: initial;flex-flow: initial;float: initial;height: 0px;letter-spacing: initial;margin: initial;max-height: initial;max-width: initial;min-height: initial;min-width: initial;overflow: initial;padding: initial;text-align: initial;text-decoration: initial;text-indent: initial;text-transform: initial;vertical-align: initial;border-spacing: initial;width: initial\"><\/div>\n<div class=\"ms-editor-squiggler\" style=\"color: initial;font: initial;background: initial;background-blend-mode: initial;border: initial;border-radius: initial;border-collapse: initial;caption-side: initial;clear: initial;columns: initial;column-fill: initial;column-rule: initial;column-span: initial;cursor: initial;flex: initial;flex-flow: initial;float: initial;height: 0px;letter-spacing: initial;margin: initial;max-height: initial;max-width: initial;min-height: initial;min-width: initial;overflow: initial;padding: initial;text-align: initial;text-decoration: initial;text-indent: initial;text-transform: initial;vertical-align: initial;border-spacing: initial;width: initial\"><\/div>\n<div class=\"ms-editor-squiggler\" style=\"color: initial;font: initial;background: initial;background-blend-mode: initial;border: initial;border-radius: initial;border-collapse: initial;caption-side: initial;clear: initial;columns: initial;column-fill: initial;column-rule: initial;column-span: initial;cursor: initial;flex: initial;flex-flow: initial;float: initial;height: 0px;letter-spacing: initial;margin: initial;max-height: initial;max-width: initial;min-height: initial;min-width: initial;overflow: initial;padding: initial;text-align: initial;text-decoration: initial;text-indent: initial;text-transform: initial;vertical-align: initial;border-spacing: initial;width: initial\"><\/div>\n<div class=\"ms-editor-squiggler\" style=\"color: initial;font: initial;background: initial;background-blend-mode: initial;border: initial;border-radius: initial;border-collapse: initial;caption-side: initial;clear: initial;columns: initial;column-fill: initial;column-rule: initial;column-span: initial;cursor: initial;flex: initial;flex-flow: initial;float: initial;height: 0px;letter-spacing: initial;margin: initial;max-height: initial;max-width: initial;min-height: initial;min-width: initial;overflow: initial;padding: initial;text-align: initial;text-decoration: initial;text-indent: initial;text-transform: initial;vertical-align: initial;border-spacing: initial;width: initial\"><\/div>\n<div class=\"ms-editor-squiggler\" style=\"color: initial;font: initial;background: initial;background-blend-mode: initial;border: initial;border-radius: initial;border-collapse: initial;caption-side: initial;clear: initial;columns: initial;column-fill: initial;column-rule: initial;column-span: initial;cursor: initial;flex: initial;flex-flow: initial;float: initial;height: 0px;letter-spacing: initial;margin: initial;max-height: initial;max-width: initial;min-height: initial;min-width: initial;overflow: initial;padding: initial;text-align: initial;text-decoration: initial;text-indent: initial;text-transform: initial;vertical-align: initial;border-spacing: initial;width: initial\"><\/div>\n","protected":false},"excerpt":{"rendered":"<p>\/\/ Linha de Pesquisa Processos de Cria\u00e7\u00e3o e Po\u00e9ticas do Cotidiano Investiga\u00e7\u00f5es no pensar e no fazer da arte, enfocando o processo de cria\u00e7\u00e3o e as dimens\u00f5es po\u00e9ticas da produ\u00e7\u00e3o art\u00edstica contempor\u00e2nea. \u00canfase nas rela\u00e7\u00f5es entre artes, sociedade, pol\u00edtica, \u00e9tica e linguagens nos contextos culturais e ligados ao cotidiano. \/\/ Professores da Linha de Pesquisa [&hellip;]<\/p>\n","protected":false},"author":1258,"featured_media":0,"parent":30,"menu_order":0,"comment_status":"closed","ping_status":"closed","template":"","meta":{"footnotes":""},"class_list":["post-2707","page","type-page","status-publish","hentry"],"_links":{"self":[{"href":"https:\/\/wp.ufpel.edu.br\/ppgartes\/wp-json\/wp\/v2\/pages\/2707","targetHints":{"allow":["GET"]}}],"collection":[{"href":"https:\/\/wp.ufpel.edu.br\/ppgartes\/wp-json\/wp\/v2\/pages"}],"about":[{"href":"https:\/\/wp.ufpel.edu.br\/ppgartes\/wp-json\/wp\/v2\/types\/page"}],"author":[{"embeddable":true,"href":"https:\/\/wp.ufpel.edu.br\/ppgartes\/wp-json\/wp\/v2\/users\/1258"}],"replies":[{"embeddable":true,"href":"https:\/\/wp.ufpel.edu.br\/ppgartes\/wp-json\/wp\/v2\/comments?post=2707"}],"version-history":[{"count":0,"href":"https:\/\/wp.ufpel.edu.br\/ppgartes\/wp-json\/wp\/v2\/pages\/2707\/revisions"}],"up":[{"embeddable":true,"href":"https:\/\/wp.ufpel.edu.br\/ppgartes\/wp-json\/wp\/v2\/pages\/30"}],"wp:attachment":[{"href":"https:\/\/wp.ufpel.edu.br\/ppgartes\/wp-json\/wp\/v2\/media?parent=2707"}],"curies":[{"name":"wp","href":"https:\/\/api.w.org\/{rel}","templated":true}]}}