{"id":1868,"date":"2017-11-26T07:52:34","date_gmt":"2017-11-26T09:52:34","guid":{"rendered":"https:\/\/wp.ufpel.edu.br\/mestradoartesvisuais\/?page_id=1868"},"modified":"2023-10-11T09:34:10","modified_gmt":"2023-10-11T12:34:10","slug":"salas-do-ppgav","status":"publish","type":"page","link":"https:\/\/wp.ufpel.edu.br\/ppgartes\/agenda-ppgav\/salas-do-ppgav\/","title":{"rendered":"Salas do PPGARTES"},"content":{"rendered":"<p style=\"text-align: justify; padding-left: 40px;\"><span style=\"font-family: 'trebuchet ms', geneva, sans-serif; font-size: 10pt;\">O PPGArtes disp\u00f5e das seguintes salas: <\/span><span style=\"font-family: 'trebuchet ms', geneva, sans-serif; font-size: 10pt;\"><strong>313, 319 e<\/strong>\u00a0<strong>320. Para agendamento da SALA 313 a<\/strong><\/span><span style=\"font-family: 'trebuchet ms', geneva, sans-serif; font-size: 10pt;\">s reservas podem ser feitas pelo e-mail\u00a0 ufpel.ppgartes@gmail.com<\/span><\/p>\n<p style=\"padding-left: 40px;\"><span style=\"font-family: 'trebuchet ms', geneva, sans-serif; font-size: 10pt;\">Galeria A SALA, audit\u00f3rio 1, audit\u00f3rio 2 e demais salas do Centro de Artes atrav\u00e9s do e-mail: auditorioiad@gmail.com ou fone: (53) 3284-5520.<\/span><\/p>\n<p style=\"padding-left: 40px;\"><span style=\"font-size: 10pt; font-family: 'trebuchet ms', geneva, sans-serif;\">Podem ser agendadas tamb\u00e9m as salas, audit\u00f3rio, mini audit\u00f3rio e espa\u00e7o cultural do CEHUS (Centro de P\u00f3s-Gradua\u00e7\u00e3o e Pesquisas em Ci\u00eancias Humanas, Sociais, Sociais Aplicadas, Artes e Linguagem),\u00a0 envie mensagem ao email <a href=\"mailto:agendaexpocehus@gmail.com\">agendaexpocehus@gmail.com<\/a> ou atrav\u00e9s do link <a href=\"https:\/\/wp.ufpel.edu.br\/cehus\/reserva-de-salas\/\">https:\/\/wp.ufpel.edu.br\/cehus\/reserva-de-salas\/<\/a>.<\/span><\/p>\n<p style=\"text-align: justify; padding-left: 40px;\"><span style=\"font-family: 'trebuchet ms', geneva, sans-serif; font-size: 10pt;\">O controle da sala 313 pode ser visualizado no calend\u00e1rio abaixo:<\/span><\/p>\n<hr \/>\n<p style=\"text-align: justify;\"><span style=\"font-family: 'trebuchet ms', geneva, sans-serif; font-size: 10pt; color: #ff0000;\">\n<!-- iframe plugin v.6.0 wordpress.org\/plugins\/iframe\/ -->\n<iframe src=\"https:\/\/calendar.google.com\/calendar\/embed?src=ufpel.ppgavi%40gmail.com&#038;ctz=America\/Sao_Paulo\" style=\"border: 0\" width=\"740\" height=\"600\" frameborder=\"0\" scrolling=\"no\" class=\"iframe-class\"><\/iframe>\n<\/span><\/p>\n<div class=\"ms-editor-squiggler\" style=\"color: initial; font: initial; background: initial; background-blend-mode: initial; border: initial; border-radius: initial; border-collapse: initial; caption-side: initial; clear: initial; columns: initial; column-fill: initial; column-rule: initial; column-span: initial; cursor: initial; flex: initial; flex-flow: initial; float: initial; height: 0px; letter-spacing: initial; margin: initial; max-height: initial; max-width: initial; min-height: initial; min-width: initial; overflow: initial; padding: initial; text-align: initial; text-decoration: initial; text-indent: initial; text-transform: initial; vertical-align: initial; border-spacing: initial; width: initial;\"><\/div>\n<div class=\"ms-editor-squiggler\" style=\"color: initial; font: initial; background: initial; background-blend-mode: initial; border: initial; border-radius: initial; border-collapse: initial; caption-side: initial; clear: initial; columns: initial; column-fill: initial; column-rule: initial; column-span: initial; cursor: initial; flex: initial; flex-flow: initial; float: initial; height: 0px; letter-spacing: initial; margin: initial; max-height: initial; max-width: initial; min-height: initial; min-width: initial; overflow: initial; padding: initial; text-align: initial; text-decoration: initial; text-indent: initial; text-transform: initial; vertical-align: initial; border-spacing: initial; width: initial;\"><\/div>\n<div class=\"ms-editor-squiggler\" style=\"color: initial; font: initial; background: initial; background-blend-mode: initial; border: initial; border-radius: initial; border-collapse: initial; caption-side: initial; clear: initial; columns: initial; column-fill: initial; column-rule: initial; column-span: initial; cursor: initial; flex: initial; flex-flow: initial; float: initial; height: 0px; letter-spacing: initial; margin: initial; max-height: initial; max-width: initial; min-height: initial; min-width: initial; overflow: initial; padding: initial; text-align: initial; text-decoration: initial; text-indent: initial; text-transform: initial; vertical-align: initial; border-spacing: initial; width: initial;\"><\/div>\n","protected":false},"excerpt":{"rendered":"<p>O PPGArtes disp\u00f5e das seguintes salas: 313, 319 e\u00a0320. Para agendamento da SALA 313 as reservas podem ser feitas pelo e-mail\u00a0 ufpel.ppgartes@gmail.com Galeria A SALA, audit\u00f3rio 1, audit\u00f3rio 2 e demais salas do Centro de Artes atrav\u00e9s do e-mail: auditorioiad@gmail.com ou fone: (53) 3284-5520. Podem ser agendadas tamb\u00e9m as salas, audit\u00f3rio, mini audit\u00f3rio e espa\u00e7o [&hellip;]<\/p>\n","protected":false},"author":1258,"featured_media":0,"parent":3303,"menu_order":0,"comment_status":"closed","ping_status":"closed","template":"","meta":{"footnotes":""},"class_list":["post-1868","page","type-page","status-publish","hentry"],"_links":{"self":[{"href":"https:\/\/wp.ufpel.edu.br\/ppgartes\/wp-json\/wp\/v2\/pages\/1868","targetHints":{"allow":["GET"]}}],"collection":[{"href":"https:\/\/wp.ufpel.edu.br\/ppgartes\/wp-json\/wp\/v2\/pages"}],"about":[{"href":"https:\/\/wp.ufpel.edu.br\/ppgartes\/wp-json\/wp\/v2\/types\/page"}],"author":[{"embeddable":true,"href":"https:\/\/wp.ufpel.edu.br\/ppgartes\/wp-json\/wp\/v2\/users\/1258"}],"replies":[{"embeddable":true,"href":"https:\/\/wp.ufpel.edu.br\/ppgartes\/wp-json\/wp\/v2\/comments?post=1868"}],"version-history":[{"count":5,"href":"https:\/\/wp.ufpel.edu.br\/ppgartes\/wp-json\/wp\/v2\/pages\/1868\/revisions"}],"predecessor-version":[{"id":10235,"href":"https:\/\/wp.ufpel.edu.br\/ppgartes\/wp-json\/wp\/v2\/pages\/1868\/revisions\/10235"}],"up":[{"embeddable":true,"href":"https:\/\/wp.ufpel.edu.br\/ppgartes\/wp-json\/wp\/v2\/pages\/3303"}],"wp:attachment":[{"href":"https:\/\/wp.ufpel.edu.br\/ppgartes\/wp-json\/wp\/v2\/media?parent=1868"}],"curies":[{"name":"wp","href":"https:\/\/api.w.org\/{rel}","templated":true}]}}