{"id":1818,"date":"2018-04-18T13:57:51","date_gmt":"2018-04-18T16:57:51","guid":{"rendered":"https:\/\/wp.ufpel.edu.br\/mestradoartesvisuais\/?page_id=1818"},"modified":"2018-04-18T13:57:51","modified_gmt":"2018-04-18T16:57:51","slug":"turma-4-2015-2017","status":"publish","type":"page","link":"https:\/\/wp.ufpel.edu.br\/ppgartes\/publicacoes\/dissertacoes\/turma-4-2015-2017\/","title":{"rendered":"Turma 4 &#8211; 2015-2017"},"content":{"rendered":"<p><span style=\"font-family: 'trebuchet ms', geneva, sans-serif;font-size: 14pt\"><strong>\/\/ Disserta\u00e7\u00f5es <span style=\"font-size: 10pt\">\/ 4\u00aa turma do Mestrado <\/span><\/strong><span style=\"font-size: 10pt\">( 2015 &#8211; 2017 )<br \/>\n<span style=\"font-family: georgia, palatino, serif\"><span style=\"font-family: 'trebuchet ms', geneva, sans-serif\">\/ para acessar o trabalho clique sobre o t\u00edtulo correspondente<br \/>\n\/ para mais informa\u00e7\u00f5es sobre o autor e a pesquisa, basta clicar sobre o nome do autor abaixo do t\u00edtulo do trabalho<\/span><\/span><br \/>\n<\/span><\/span><\/p>\n<hr \/>\n<p style=\"padding-left: 40px\"><strong><span style=\"font-family: 'trebuchet ms', geneva, sans-serif;font-size: 12pt\"><a href=\"http:\/\/repositorio.ufpel.edu.br:8080\/handle\/prefix\/3914\" target=\"_blank\" rel=\"noopener noreferrer\">Autopaisagem: uma possibilidade<\/a><\/span><\/strong><br \/>\n<span style=\"font-family: 'trebuchet ms', geneva, sans-serif;font-size: 10pt\"><strong>MESTRANDO(A):<\/strong> <a href=\"https:\/\/wp.ufpel.edu.br\/mestradoartesvisuais\/bettina-wieth-gonc%cc%a7alves\/\">Bettina Wieth Gonc\u0327alves<\/a><\/span><br \/>\n<span style=\"font-family: 'trebuchet ms', geneva, sans-serif;font-size: 10pt\"><strong>ORIENTADOR(A):<\/strong> Profa. Dra. Angela Raffin Pohlmann (PPGAV\/UFPel)<\/span><br \/>\n<span style=\"font-family: 'trebuchet ms', geneva, sans-serif;font-size: 10pt\"><strong>BANCA:<\/strong>\u00a0 Prof. Dr. Guilherme Carvalho da Rosa<\/span><br \/>\n<span style=\"font-family: 'trebuchet ms', geneva, sans-serif;font-size: 10pt\">Prof. Dr. Cl\u00e1udio Tarouco de Azevedo (PPGAV\/UFPel)<\/span><br \/>\n<span style=\"font-family: 'trebuchet ms', geneva, sans-serif;font-size: 10pt\">Profa. Dra.\u00a0 Adriane Hernandez (UFRGS)<\/span><br \/>\n<span style=\"font-family: 'trebuchet ms', geneva, sans-serif;font-size: 10pt\">Prof. Dr. Jos\u00e9 Luiz de Pellegrin (CA\/UFPel)<br \/>\n<strong>DATA:<\/strong> 22\/agosto\/2017<br \/>\n<\/span><\/p>\n<p style=\"padding-left: 40px\"><strong><span style=\"font-family: 'trebuchet ms', geneva, sans-serif;font-size: 12pt\"><a href=\"http:\/\/guaiaca.ufpel.edu.br\/bitstream\/prefix\/3917\/1\/Carla%20Borin%20Moura_Disserta%c3%a7%c3%a3o.pdf\" target=\"_blank\" rel=\"noopener noreferrer\">Um estudo po\u00e9tico-cartogr\u00e1fico dos maparedes da cidade de Pelotas<\/a><\/span><\/strong><br \/>\n<span style=\"font-family: 'trebuchet ms', geneva, sans-serif;font-size: 10pt\"><strong>MESTRANDO(A):<\/strong> <a href=\"https:\/\/wp.ufpel.edu.br\/mestradoartesvisuais\/carla-borin-moura\/\">Carla Borin Moura<\/a><\/span><br \/>\n<span style=\"font-family: 'trebuchet ms', geneva, sans-serif;font-size: 10pt\"><strong>ORIENTADOR(A):<\/strong> Profa. Dra. Eduarda Azevedo Gon\u00e7alves (PPGAV\/UFPel)<\/span><br \/>\n<span style=\"font-family: 'trebuchet ms', geneva, sans-serif;font-size: 10pt\"><strong>BANCA:<\/strong> Profa. Dra. Angela Raffin Pohlmann (PPGAV\/UFPel)<\/span><br \/>\n<span style=\"font-family: 'trebuchet ms', geneva, sans-serif;font-size: 10pt\">Profa. Dra. Adriane Hernandez (UFRGS)<\/span><br \/>\n<span style=\"font-family: 'trebuchet ms', geneva, sans-serif;font-size: 10pt\">Profa. Dra. Cynthia Farina (IFSul)<br \/>\n<strong>DATA:<\/strong> 5\/maio\/2017<br \/>\n<\/span><\/p>\n<p style=\"padding-left: 40px\"><strong><span style=\"font-family: 'trebuchet ms', geneva, sans-serif;font-size: 12pt\"><a href=\"http:\/\/guaiaca.ufpel.edu.br\/bitstream\/prefix\/3911\/1\/Fl%c3%a1via%20Leite%20Azambuja_Disserta%c3%a7%c3%a3o.pdf\" target=\"_blank\" rel=\"noopener noreferrer\">Na paisagem, meu corpo recept\u00e1culo de experi\u00eancias \u2013 Vestimenta<\/a><\/span><\/strong><br \/>\n<span style=\"font-family: 'trebuchet ms', geneva, sans-serif;font-size: 10pt\"><strong>MESTRANDO(A):<\/strong> <a href=\"https:\/\/wp.ufpel.edu.br\/mestradoartesvisuais\/flavia-leite-azambuja\/\">Fla\u0301via Leite Azambuja<\/a><\/span><br \/>\n<span style=\"font-family: 'trebuchet ms', geneva, sans-serif;font-size: 10pt\"><strong>ORIENTADOR(A):<\/strong> Profa. Dra. Eduarda Azevedo Gon\u00e7alves<\/span><br \/>\n<span style=\"font-family: 'trebuchet ms', geneva, sans-serif;font-size: 10pt\"><strong>BANCA:<\/strong> Profa. Dra. Claudia Teixeira Paim (UFRGS)<\/span><br \/>\n<span style=\"font-family: 'trebuchet ms', geneva, sans-serif;font-size: 10pt\">Profa. Dra. Claudia Vicari Zanatta (UFRGS)<\/span><br \/>\n<span style=\"font-family: 'trebuchet ms', geneva, sans-serif;font-size: 10pt\">Profa. Dra. N\u00e1dia da Cruz Senna (PPGAV\/UFPel)<\/span><br \/>\n<span style=\"font-family: 'trebuchet ms', geneva, sans-serif;font-size: 10pt\">Prof. Dr. Cl\u00e1udio Tarouco de Azevedo (PPGAV\/UFPel)<br \/>\n<strong>DATA:<\/strong> 02\/junho\/2017<br \/>\n<\/span><\/p>\n<p style=\"padding-left: 40px\"><strong><span style=\"font-family: 'trebuchet ms', geneva, sans-serif;font-size: 12pt\"><a href=\"http:\/\/guaiaca.ufpel.edu.br\/bitstream\/prefix\/4410\/1\/DISSERTA%c3%87%c3%83O.pdf\" target=\"_blank\" rel=\"noopener noreferrer\">A gravura e a impress\u00e3o sob olhares inusitados: a sensibilidade do impercept\u00edvel e as a\u00e7\u00f5es das intemp\u00e9ries nos processos gr\u00e1ficos contempor\u00e2neos<\/a><\/span><\/strong><br \/>\n<span style=\"font-family: 'trebuchet ms', geneva, sans-serif;font-size: 10pt\"><strong>MESTRANDO(A):<\/strong> <a href=\"https:\/\/wp.ufpel.edu.br\/mestradoartesvisuais\/giordano-alves-costa\/\">Giordano Alves Costa<\/a><\/span><br \/>\n<span style=\"font-family: 'trebuchet ms', geneva, sans-serif;font-size: 10pt\"><strong>ORIENTADOR(A):<\/strong> Profa. Dra. Angela Raffin (PPGAV\/UFPel)<\/span><br \/>\n<span style=\"font-family: 'trebuchet ms', geneva, sans-serif;font-size: 10pt\"><strong>BANCA:<\/strong> Profa. Dra. Adriane Hernandez (IA\/UFRGS)<\/span><br \/>\n<span style=\"font-family: 'trebuchet ms', geneva, sans-serif;font-size: 10pt\">Profa. Dra. N\u00e1dia Cruz Senna (PPGAV\/UFPel)<\/span><br \/>\n<span style=\"font-family: 'trebuchet ms', geneva, sans-serif;font-size: 10pt\">Profa. Dra. Mirela Ribeiro Meira (PPGAV\/UFPel)<br \/>\n<strong>DATA:<\/strong> 25\/julho\/2017<br \/>\n<\/span><\/p>\n<p style=\"padding-left: 40px\"><strong><span style=\"font-family: 'trebuchet ms', geneva, sans-serif;font-size: 12pt\"><a href=\"http:\/\/guaiaca.ufpel.edu.br\/handle\/prefix\/3910\" target=\"_blank\" rel=\"noopener noreferrer\">Atmosfera rural: experi\u00eancia e resili\u00eancia na arte contempor\u00e2nea<\/a><\/span><\/strong><br \/>\n<span style=\"font-family: 'trebuchet ms', geneva, sans-serif;font-size: 10pt\"><strong>MESTRANDO(A):<\/strong> <a href=\"https:\/\/wp.ufpel.edu.br\/mestradoartesvisuais\/gracia-casaretto-calderon\/\">Gracia Casaretto Calderon<\/a><\/span><br \/>\n<span style=\"font-family: 'trebuchet ms', geneva, sans-serif;font-size: 10pt\"><strong>ORIENTADOR(A):<\/strong> Profa. Dra. Alice Jean Monsell (PPGAV\/UFPel)<\/span><br \/>\n<span style=\"font-family: 'trebuchet ms', geneva, sans-serif;font-size: 10pt\"><strong>BANCA:<\/strong> Profa. Dra. Maria Ivone dos Santos (UFRGS)<\/span><br \/>\n<span style=\"font-family: 'trebuchet ms', geneva, sans-serif;font-size: 10pt\">Profa. Dra. Helene Gomes Sacco Carbone (PPGAV\/UFPel)<\/span><br \/>\n<span style=\"font-family: 'trebuchet ms', geneva, sans-serif;font-size: 10pt\">Prof. Dr. Cl\u00e1udio Tarouco de Azevedo (PPGAV\/UFPel)<br \/>\n<strong>DATA:<\/strong> 19\/maio\/2017<br \/>\n<\/span><\/p>\n<p style=\"padding-left: 40px\"><strong><span style=\"font-family: 'trebuchet ms', geneva, sans-serif;font-size: 12pt\"><a href=\"http:\/\/guaiaca.ufpel.edu.br\/bitstream\/prefix\/3918\/1\/Jordan%20%c3%81vila%20Martins_Disserta%c3%a7%c3%a3o.pdf\" target=\"_blank\" rel=\"noopener noreferrer\">Invent\u00e1rio do artista: um pequeno relic\u00e1rio de grandes afetos<\/a><\/span><\/strong><br \/>\n<span style=\"font-family: 'trebuchet ms', geneva, sans-serif;font-size: 10pt\"><strong>MESTRANDO(A):<\/strong> <a href=\"https:\/\/wp.ufpel.edu.br\/mestradoartesvisuais\/jordan-avila-martins\/\">Jordan A\u0301vila Martins<\/a><\/span><br \/>\n<span style=\"font-family: 'trebuchet ms', geneva, sans-serif;font-size: 10pt\"><strong>ORIENTADOR(A):<\/strong> Profa. Dra. L\u00facia Bergamaschi Costa Weymar (PPGAV\/UFPel)<\/span><br \/>\n<span style=\"font-family: 'trebuchet ms', geneva, sans-serif;font-size: 10pt\"><strong>BANCA: <\/strong>Profa. Dra. Juliane Concei\u00e7\u00e3o Primon Serres (UFPel)<\/span><br \/>\n<span style=\"font-family: 'trebuchet ms', geneva, sans-serif;font-size: 10pt\">Profa. Ma. Vivian Herzog (CA\/UFPel)<\/span><br \/>\n<span style=\"font-family: 'trebuchet ms', geneva, sans-serif;font-size: 10pt\">Profa. Dra. Helene Gomes Sacco Carbone (CA\/UFPel)<br \/>\n<strong>DATA:<\/strong> 27\/outubro\/2017<br \/>\n<\/span><\/p>\n<p style=\"padding-left: 40px\"><strong><span style=\"font-family: 'trebuchet ms', geneva, sans-serif;font-size: 12pt\"><a href=\"http:\/\/guaiaca.ufpel.edu.br\/bitstream\/prefix\/3919\/1\/Marcelo%20Terra%20Borges_%20Disserta%c3%a7%c3%a3o.pdf\" target=\"_blank\" rel=\"noopener noreferrer\">O que n\u00e3o vi[ver] dos 30: considera\u00e7\u00f5es sobre uma po\u00e9tica da perda<\/a><\/span><\/strong><br \/>\n<span style=\"font-family: 'trebuchet ms', geneva, sans-serif;font-size: 10pt\"><strong>MESTRANDO(A):<\/strong> <a href=\"https:\/\/wp.ufpel.edu.br\/mestradoartesvisuais\/marcelo-terra-borges\/\">Marcelo Terra Borges<\/a><\/span><br \/>\n<span style=\"font-family: 'trebuchet ms', geneva, sans-serif;font-size: 10pt\"><strong>ORIENTADOR(A):<\/strong> Profa. Dra. Renata Azevedo Requi\u00e3o (PPGAV\/UFPel)<\/span><br \/>\n<span style=\"font-family: 'trebuchet ms', geneva, sans-serif;font-size: 10pt\"><strong>BANCA:<\/strong> Prof. Dr. Guilherme Carvalho da Rosa (CA\/UFPel)<\/span><br \/>\n<span style=\"font-family: 'trebuchet ms', geneva, sans-serif;font-size: 10pt\">Prof. Dr. Cl\u00e1udio Tarouco de Azevedo (PPGAV\/UFPel)<\/span><br \/>\n<span style=\"font-family: 'trebuchet ms', geneva, sans-serif;font-size: 10pt\">Profa. Dra. Cynthia Farina (IFSul)<br \/>\n<strong>DATA:<\/strong> 31\/outubro\/2017<br \/>\n<\/span><\/p>\n<p style=\"padding-left: 40px\"><span style=\"font-size: 12pt\"><strong><span style=\"font-family: 'trebuchet ms', geneva, sans-serif\"><a href=\"http:\/\/guaiaca.ufpel.edu.br:8080\/handle\/prefix\/3913\" target=\"_blank\" rel=\"noopener noreferrer\">Escolinha Municipal de Arte de Pelotas: mem\u00f3ria, hist\u00f3ria e ensino de arte (1963\/1998)<\/a><\/span><\/strong><\/span><br \/>\n<span style=\"font-family: 'trebuchet ms', geneva, sans-serif;font-size: 10pt\"><strong>MESTRANDO(A):<\/strong> <a href=\"https:\/\/wp.ufpel.edu.br\/mestradoartesvisuais\/marge-faria-do-amaral-peixoto\/\">Marge Faria do Amaral Peixoto<\/a><\/span><br \/>\n<span style=\"font-family: 'trebuchet ms', geneva, sans-serif;font-size: 10pt\"><strong>ORIENTADOR(A):<\/strong> Profa. Dra. Ursula Rosa da Silva (PPGAV\/UFPel)<\/span><br \/>\n<span style=\"font-family: 'trebuchet ms', geneva, sans-serif;font-size: 10pt\"><strong>BANCA:<\/strong> Profa. Dra. Larissa Patron Chaves Spieker (UFPel)<\/span><br \/>\n<span style=\"font-family: 'trebuchet ms', geneva, sans-serif;font-size: 10pt\">Profa. Dra. Mirela Ribeiro Meira (FaE\/UFPel)<br \/>\n<strong>DATA:<\/strong> 29\/mar\u00e7o\/2017<br \/>\n<\/span><\/p>\n<p style=\"padding-left: 40px\"><strong><span style=\"font-family: 'trebuchet ms', geneva, sans-serif;font-size: 12pt\"><a href=\"http:\/\/guaiaca.ufpel.edu.br:8080\/handle\/prefix\/3927\" target=\"_blank\" rel=\"noopener noreferrer\">Processos transdisciplinares de jogar junto: o quadrado cartografado<\/a><\/span><\/strong><br \/>\n<span style=\"font-family: 'trebuchet ms', geneva, sans-serif;font-size: 10pt\"><strong>MESTRANDO(A):<\/strong> <a href=\"https:\/\/wp.ufpel.edu.br\/mestradoartesvisuais\/mauricio-rodrigues-gonc%cc%a7alves\/\">Mauri\u0301cio Rodrigues Gonc\u0327alves<\/a><\/span><br \/>\n<span style=\"font-family: 'trebuchet ms', geneva, sans-serif;font-size: 10pt\"><strong>ORIENTADOR(A):<\/strong> Profa. Dra. Mirela Ribeiro Meira (PPGAV\/UFPel)<\/span><br \/>\n<span style=\"font-family: 'trebuchet ms', geneva, sans-serif;font-size: 10pt\"><strong>BANCA:<\/strong> Profa. Dra. Angela Raffin Pohlmann (PPGAV\/UFPel)<\/span><br \/>\n<span style=\"font-family: 'trebuchet ms', geneva, sans-serif;font-size: 10pt\">Profa. Dra. N\u00e1dia da Cruz Senna (PPGAV\/UFPel)<\/span><br \/>\n<span style=\"font-family: 'trebuchet ms', geneva, sans-serif;font-size: 10pt\">Prof. Dr. Cl\u00e1udio Tarouco de Azevedo (PPGAV\/UFPel)<br \/>\n<strong>DATA:<\/strong> 11\/maio\/2017<br \/>\n<\/span><\/p>\n<p style=\"padding-left: 40px\"><span style=\"font-size: 12pt\"><strong><span style=\"font-family: 'trebuchet ms', geneva, sans-serif\"><a href=\"http:\/\/guaiaca.ufpel.edu.br:8080\/handle\/prefix\/4412\" target=\"_blank\" rel=\"noopener noreferrer\">Reverbera\u00e7\u00f5es, conson\u00e2ncias: arte, educa\u00e7\u00e3o est\u00e9tica e oficinas de cria\u00e7\u00e3o coletiva com professores dos anos iniciais do ensino fundamental<\/a><\/span><\/strong><\/span><br \/>\n<span style=\"font-family: 'trebuchet ms', geneva, sans-serif;font-size: 10pt\"><strong>MESTRANDO(A):<\/strong> <a href=\"https:\/\/wp.ufpel.edu.br\/mestradoartesvisuais\/natalia-de-leon-linck\/\">Nat\u00e1lia de Leon Linck<\/a><\/span><br \/>\n<span style=\"font-family: 'trebuchet ms', geneva, sans-serif;font-size: 10pt\"><strong>ORIENTADOR(A):<\/strong> Profa. Dra. Mirela Ribeiro Meira (PPGAV\/UFPel)<\/span><br \/>\n<span style=\"font-family: 'trebuchet ms', geneva, sans-serif;font-size: 10pt\"><strong>BANCA:<\/strong>\u00a0Prof. Dr. Cl\u00e1udio Tarouco de Azevedo (PPGAV\/UFPel)<\/span><br \/>\n<span style=\"font-family: 'trebuchet ms', geneva, sans-serif;font-size: 10pt\">Profa. Dra. Maristani Polidori Zamperetti (CA\/UFPel)<br \/>\n<strong>DATA:<\/strong> 19\/junho\/2018<br \/>\n<\/span><\/p>\n<p style=\"padding-left: 40px\"><strong><span style=\"font-family: 'trebuchet ms', geneva, sans-serif;font-size: 12pt\"><a href=\"http:\/\/guaiaca.ufpel.edu.br\/handle\/prefix\/3686\" target=\"_blank\" rel=\"noopener noreferrer\">Paisagem urbana: genealogia de uma inten\u00e7\u00e3o po\u00e9tica em pintura<\/a><\/span><\/strong><br \/>\n<span style=\"font-family: 'trebuchet ms', geneva, sans-serif;font-size: 10pt\"><strong>MESTRANDO(A):<\/strong> <a href=\"https:\/\/wp.ufpel.edu.br\/mestradoartesvisuais\/sabina-vallarino-sebasti\/\">Sabina Vallarino Sebasti<\/a><\/span><br \/>\n<span style=\"font-family: 'trebuchet ms', geneva, sans-serif;font-size: 10pt\"><strong>ORIENTADOR(A):<\/strong> Prof. Dr. Cl\u00e1udio Tarouco de Azevedo (PPGAV\/UFPel)<\/span><br \/>\n<span style=\"font-family: 'trebuchet ms', geneva, sans-serif;font-size: 10pt\"><strong>COORIENTADOR(A):<\/strong> Profa. Dra. Angela Raffin Pohlmann (PPGAV\/UFPel)<\/span><br \/>\n<span style=\"font-family: 'trebuchet ms', geneva, sans-serif;font-size: 10pt\"><strong>BANCA:<\/strong> Prof. Dr. Clademir Luiz Araldi (UFPel)<\/span><br \/>\n<span style=\"font-family: 'trebuchet ms', geneva, sans-serif;font-size: 10pt\">Profa. Dra. Eduarda Azevedo Gon\u00e7alves (PPGAV\/UFPel)<br \/>\n<strong>DATA:<\/strong> 31\/agosto\/2016<br \/>\n<\/span><\/p>\n<p style=\"padding-left: 40px\"><strong><span style=\"font-family: 'trebuchet ms', geneva, sans-serif;font-size: 12pt\"><a href=\"http:\/\/guaiaca.ufpel.edu.br:8080\/handle\/prefix\/3916\" target=\"_blank\" rel=\"noopener noreferrer\">Corte e sutura: a escrita como cicatriz<\/a><\/span><\/strong><br \/>\n<span style=\"font-family: 'trebuchet ms', geneva, sans-serif;font-size: 10pt\"><strong>MESTRANDO(A):<\/strong> <a href=\"https:\/\/wp.ufpel.edu.br\/mestradoartesvisuais\/sandro-silva-de-andrade\/\">Sandro Silva de Andrade<\/a><\/span><br \/>\n<span style=\"font-family: 'trebuchet ms', geneva, sans-serif;font-size: 10pt\"><strong>ORIENTADOR(A):<\/strong> Profa. Dra. Nadia da Cruz Senna (PPGAV\/UFPel)<\/span><br \/>\n<span style=\"font-family: 'trebuchet ms', geneva, sans-serif;font-size: 10pt\"><strong>BANCA:<\/strong> Profa. Dra. Claudia Turra Magni (ICH\/UFPel)<\/span><br \/>\n<span style=\"font-family: 'trebuchet ms', geneva, sans-serif;font-size: 10pt\">Profa. Dra. Helene Gomes Sacco Carbone (PPGAV\/UFPel)<br \/>\n<strong>DATA:<\/strong> 27\/abril\/2017<br \/>\n<\/span><\/p>\n<p style=\"padding-left: 40px\"><strong><span style=\"font-family: 'trebuchet ms', geneva, sans-serif;font-size: 12pt\"><a href=\"http:\/\/guaiaca.ufpel.edu.br:8080\/handle\/prefix\/3912\" target=\"_blank\" rel=\"noopener noreferrer\">Antropopedra: uma espacialidade ressonante<\/a><\/span><\/strong><br \/>\n<span style=\"font-family: 'trebuchet ms', geneva, sans-serif;font-size: 10pt\"><strong>MESTRANDO(A):<\/strong> <a href=\"https:\/\/wp.ufpel.edu.br\/mestradoartesvisuais\/thiago-matheus-costa-guedes\/\">Thiago Matheus Costa Guedes<\/a><\/span><br \/>\n<span style=\"font-family: 'trebuchet ms', geneva, sans-serif;font-size: 10pt\"><strong>ORIENTADOR(A):<\/strong> Profa. Dra. Helene Gomes Sacco (PPGAV\/UFPel)<\/span><br \/>\n<span style=\"font-family: 'trebuchet ms', geneva, sans-serif;font-size: 10pt\"><strong>BANCA:<\/strong> Profa. Dra. Renata Azevedo Requi\u00e3o (PPGAV\/UFPel)<\/span><br \/>\n<span style=\"font-family: 'trebuchet ms', geneva, sans-serif;font-size: 10pt\">Prof. Dr. Daniel Albernaz Acosta (CA\/UFPel)<\/span><br \/>\n<span style=\"font-family: 'trebuchet ms', geneva, sans-serif;font-size: 10pt\">Prof. Dr. Agnaldo Aric\u00ea Caldas Farias (FAU\/USP)<br \/>\n<strong>DATA:<\/strong> 07\/agosto\/2017<br \/>\n<\/span><\/p>\n<p style=\"padding-left: 40px\"><span style=\"font-size: 12pt\"><strong><span style=\"font-family: 'trebuchet ms', geneva, sans-serif\"><a href=\"http:\/\/guaiaca.ufpel.edu.br:8080\/handle\/prefix\/4413\" target=\"_blank\" rel=\"noopener noreferrer\">Dispositivos para o cosmos do som com[o] espa\u00e7o<\/a><\/span><\/strong><\/span><br \/>\n<span style=\"font-family: 'trebuchet ms', geneva, sans-serif;font-size: 10pt\"><strong>MESTRANDO(A):<\/strong> <a href=\"https:\/\/wp.ufpel.edu.br\/mestradoartesvisuais\/vinicius-albernaz-soares\/\">Vini\u0301cius Albernaz Soares<\/a><\/span><br \/>\n<span style=\"font-family: 'trebuchet ms', geneva, sans-serif;font-size: 10pt\"><strong>ORIENTADOR(A):<\/strong> Profa. Dra. Gabriela Kremer da Motta (PPGAV\/UFPel)<\/span><br \/>\n<span style=\"font-family: 'trebuchet ms', geneva, sans-serif;font-size: 10pt\"><strong>BANCA:<\/strong> Profa. Dra. Helene Gomes Sacco (UFPel)<\/span><br \/>\n<span style=\"font-family: 'trebuchet ms', geneva, sans-serif;font-size: 10pt\">Prof. Dr. Mario de Souza Maia (UFPel)<\/span><br \/>\n<span style=\"font-family: 'trebuchet ms', geneva, sans-serif;font-size: 10pt\">Prof. Dr. Daniel Albernaz Acosta (UFPel)<br \/>\n<strong>DATA:<\/strong> 21\/julho\/2017<br \/>\n<\/span><\/p>\n<div class=\"ms-editor-squiggler\" style=\"color: initial;font: initial;background: initial;background-blend-mode: initial;border: initial;border-radius: initial;border-collapse: initial;caption-side: initial;clear: initial;columns: initial;column-fill: initial;column-rule: initial;column-span: initial;cursor: initial;flex: initial;flex-flow: initial;float: initial;height: 0px;letter-spacing: initial;margin: initial;max-height: initial;max-width: initial;min-height: initial;min-width: initial;overflow: initial;padding: initial;text-align: initial;text-decoration: initial;text-indent: initial;text-transform: initial;vertical-align: initial;border-spacing: initial;width: initial\"><\/div>\n<div class=\"ms-editor-squiggler\" style=\"color: initial;font: initial;background: initial;background-blend-mode: initial;border: initial;border-radius: initial;border-collapse: initial;caption-side: initial;clear: initial;columns: initial;column-fill: initial;column-rule: initial;column-span: initial;cursor: initial;flex: initial;flex-flow: initial;float: initial;height: 0px;letter-spacing: initial;margin: initial;max-height: initial;max-width: initial;min-height: initial;min-width: initial;overflow: initial;padding: initial;text-align: initial;text-decoration: initial;text-indent: initial;text-transform: initial;vertical-align: initial;border-spacing: initial;width: initial\"><\/div>\n<div class=\"ms-editor-squiggler\" style=\"color: initial;font: initial;background: initial;background-blend-mode: initial;border: initial;border-radius: initial;border-collapse: initial;caption-side: initial;clear: initial;columns: initial;column-fill: initial;column-rule: initial;column-span: initial;cursor: initial;flex: initial;flex-flow: initial;float: initial;height: 0px;letter-spacing: initial;margin: initial;max-height: initial;max-width: initial;min-height: initial;min-width: initial;overflow: initial;padding: initial;text-align: initial;text-decoration: initial;text-indent: initial;text-transform: initial;vertical-align: initial;border-spacing: initial;width: initial\"><\/div>\n<div class=\"ms-editor-squiggler\" style=\"color: initial;font: initial;background: initial;background-blend-mode: initial;border: initial;border-radius: initial;border-collapse: initial;caption-side: initial;clear: initial;columns: initial;column-fill: initial;column-rule: initial;column-span: initial;cursor: initial;flex: initial;flex-flow: initial;float: initial;height: 0px;letter-spacing: initial;margin: initial;max-height: initial;max-width: initial;min-height: initial;min-width: initial;overflow: initial;padding: initial;text-align: initial;text-decoration: initial;text-indent: initial;text-transform: initial;vertical-align: initial;border-spacing: initial;width: initial\"><\/div>\n<div class=\"ms-editor-squiggler\" style=\"color: initial;font: initial;background: initial;background-blend-mode: initial;border: initial;border-radius: initial;border-collapse: initial;caption-side: initial;clear: initial;columns: initial;column-fill: initial;column-rule: initial;column-span: initial;cursor: initial;flex: initial;flex-flow: initial;float: initial;height: 0px;letter-spacing: initial;margin: initial;max-height: initial;max-width: initial;min-height: initial;min-width: initial;overflow: initial;padding: initial;text-align: initial;text-decoration: initial;text-indent: initial;text-transform: initial;vertical-align: initial;border-spacing: initial;width: initial\"><\/div>\n<div class=\"ms-editor-squiggler\" style=\"color: initial;font: initial;background: initial;background-blend-mode: initial;border: initial;border-radius: initial;border-collapse: initial;caption-side: initial;clear: initial;columns: initial;column-fill: initial;column-rule: initial;column-span: initial;cursor: initial;flex: initial;flex-flow: initial;float: initial;height: 0px;letter-spacing: initial;margin: initial;max-height: initial;max-width: initial;min-height: initial;min-width: initial;overflow: initial;padding: initial;text-align: initial;text-decoration: initial;text-indent: initial;text-transform: initial;vertical-align: initial;border-spacing: initial;width: initial\"><\/div>\n<div id=\"gtx-trans\">\n<div class=\"gtx-trans-icon\"><\/div>\n<\/div>\n","protected":false},"excerpt":{"rendered":"<p>\/\/ Disserta\u00e7\u00f5es \/ 4\u00aa turma do Mestrado ( 2015 &#8211; 2017 ) \/ para acessar o trabalho clique sobre o t\u00edtulo correspondente \/ para mais informa\u00e7\u00f5es sobre o autor e a pesquisa, basta clicar sobre o nome do autor abaixo do t\u00edtulo do trabalho Autopaisagem: uma possibilidade MESTRANDO(A): Bettina Wieth Gonc\u0327alves ORIENTADOR(A): Profa. Dra. Angela [&hellip;]<\/p>\n","protected":false},"author":1258,"featured_media":0,"parent":1774,"menu_order":0,"comment_status":"closed","ping_status":"closed","template":"","meta":{"footnotes":""},"class_list":["post-1818","page","type-page","status-publish","hentry"],"_links":{"self":[{"href":"https:\/\/wp.ufpel.edu.br\/ppgartes\/wp-json\/wp\/v2\/pages\/1818","targetHints":{"allow":["GET"]}}],"collection":[{"href":"https:\/\/wp.ufpel.edu.br\/ppgartes\/wp-json\/wp\/v2\/pages"}],"about":[{"href":"https:\/\/wp.ufpel.edu.br\/ppgartes\/wp-json\/wp\/v2\/types\/page"}],"author":[{"embeddable":true,"href":"https:\/\/wp.ufpel.edu.br\/ppgartes\/wp-json\/wp\/v2\/users\/1258"}],"replies":[{"embeddable":true,"href":"https:\/\/wp.ufpel.edu.br\/ppgartes\/wp-json\/wp\/v2\/comments?post=1818"}],"version-history":[{"count":0,"href":"https:\/\/wp.ufpel.edu.br\/ppgartes\/wp-json\/wp\/v2\/pages\/1818\/revisions"}],"up":[{"embeddable":true,"href":"https:\/\/wp.ufpel.edu.br\/ppgartes\/wp-json\/wp\/v2\/pages\/1774"}],"wp:attachment":[{"href":"https:\/\/wp.ufpel.edu.br\/ppgartes\/wp-json\/wp\/v2\/media?parent=1818"}],"curies":[{"name":"wp","href":"https:\/\/api.w.org\/{rel}","templated":true}]}}