{"id":11354,"date":"2025-11-09T16:18:53","date_gmt":"2025-11-09T19:18:53","guid":{"rendered":"https:\/\/wp.ufpel.edu.br\/ppgartes\/?page_id=11354"},"modified":"2025-11-18T15:56:01","modified_gmt":"2025-11-18T18:56:01","slug":"simposio-internacional-de-genero-arte-e-memoria-sigam","status":"publish","type":"page","link":"https:\/\/wp.ufpel.edu.br\/ppgartes\/simposio-internacional-de-genero-arte-e-memoria-sigam\/","title":{"rendered":"SIGAM"},"content":{"rendered":"\n<p><strong>Simp\u00f3sio Internacional de G\u00eanero, Arte e Mem\u00f3ria<\/strong><\/p>\n\n\n\n<div class=\"wp-block-group is-nowrap is-layout-flex wp-container-core-group-is-layout-ad2f72ca wp-block-group-is-layout-flex\">\n<figure class=\"wp-block-image size-large is-resized\"><img width=\"491\" height=\"700\" src=\"https:\/\/wp.ufpel.edu.br\/ppgartes\/files\/2025\/11\/Captura-de-tela-2025-11-09-162626.png\" alt=\"\" class=\"wp-image-11362\" style=\"width:144px;height:auto\" srcset=\"https:\/\/wp.ufpel.edu.br\/ppgartes\/files\/2025\/11\/Captura-de-tela-2025-11-09-162626.png 491w, https:\/\/wp.ufpel.edu.br\/ppgartes\/files\/2025\/11\/Captura-de-tela-2025-11-09-162626-281x400.png 281w\" sizes=\"(max-width: 491px) 100vw, 491px\" \/><\/figure>\n\n\n\n<div class=\"wp-block-file\"><a id=\"wp-block-file--media-fbd6179f-1f8d-48a7-812c-3cc8a89d1f3b\" href=\"https:\/\/wp.ufpel.edu.br\/ppgartes\/files\/2025\/11\/Anais-VIII-sigam-3.pdf\">Anais VIII sigam<\/a><\/div>\n<\/div>\n\n\n\n<div class=\"wp-block-group is-nowrap is-layout-flex wp-container-core-group-is-layout-ad2f72ca wp-block-group-is-layout-flex\">\n<p><\/p>\n<\/div>\n\n\n\n<div class=\"wp-block-group is-nowrap is-layout-flex wp-container-core-group-is-layout-ad2f72ca wp-block-group-is-layout-flex\">\n<figure class=\"wp-block-image size-full is-resized\"><img width=\"502\" height=\"706\" src=\"https:\/\/wp.ufpel.edu.br\/ppgartes\/files\/2025\/11\/Captura-de-tela-2025-11-09-163337.png\" alt=\"\" class=\"wp-image-11364\" style=\"width:144px;height:auto\" srcset=\"https:\/\/wp.ufpel.edu.br\/ppgartes\/files\/2025\/11\/Captura-de-tela-2025-11-09-163337.png 502w, https:\/\/wp.ufpel.edu.br\/ppgartes\/files\/2025\/11\/Captura-de-tela-2025-11-09-163337-284x400.png 284w\" sizes=\"(max-width: 502px) 100vw, 502px\" \/><\/figure>\n\n\n\n<p> <a href=\"https:\/\/drive.google.com\/file\/d\/1PnBAB5ovxMxvphpsIAPk3uRBCnVa75rp\/view\" target=\"_blank\" rel=\"noreferrer noopener\">Anais VII sigam<\/a>&nbsp;<\/p>\n<\/div>\n\n\n\n<p><\/p>\n\n\n\n<div class=\"wp-block-group is-nowrap is-layout-flex wp-container-core-group-is-layout-ad2f72ca wp-block-group-is-layout-flex\">\n<figure class=\"wp-block-image size-full is-resized\"><img width=\"330\" height=\"472\" src=\"https:\/\/wp.ufpel.edu.br\/ppgartes\/files\/2025\/11\/Captura-de-tela-2025-11-09-163804.png\" alt=\"\" class=\"wp-image-11368\" style=\"width:144px;height:auto\" srcset=\"https:\/\/wp.ufpel.edu.br\/ppgartes\/files\/2025\/11\/Captura-de-tela-2025-11-09-163804.png 330w, https:\/\/wp.ufpel.edu.br\/ppgartes\/files\/2025\/11\/Captura-de-tela-2025-11-09-163804-280x400.png 280w\" sizes=\"(max-width: 330px) 100vw, 330px\" \/><\/figure>\n\n\n\n<p><a href=\"https:\/\/drive.google.com\/file\/d\/1iwGBIbCstA4hj99YspryT5Or5xfH-qn1\/view\" target=\"_blank\" rel=\"noreferrer noopener\">Anais VI sigam<\/a>&nbsp;<\/p>\n<\/div>\n\n\n\n<p><\/p>\n\n\n\n<div class=\"wp-block-group is-nowrap is-layout-flex wp-container-core-group-is-layout-ad2f72ca wp-block-group-is-layout-flex\">\n<figure class=\"wp-block-image size-full is-resized\"><img width=\"460\" height=\"647\" src=\"https:\/\/wp.ufpel.edu.br\/ppgartes\/files\/2025\/11\/Captura-de-tela-2025-11-09-164030.png\" alt=\"\" class=\"wp-image-11370\" style=\"width:144px;height:auto\" srcset=\"https:\/\/wp.ufpel.edu.br\/ppgartes\/files\/2025\/11\/Captura-de-tela-2025-11-09-164030.png 460w, https:\/\/wp.ufpel.edu.br\/ppgartes\/files\/2025\/11\/Captura-de-tela-2025-11-09-164030-284x400.png 284w\" sizes=\"(max-width: 460px) 100vw, 460px\" \/><\/figure>\n\n\n\n<p><a href=\"https:\/\/wp.ufpel.edu.br\/artenaescola\/eventos\/publicados-anais-do-v-sigam\/\" target=\"_blank\" rel=\"noreferrer noopener\">Anais V sigam<\/a>&nbsp;<\/p>\n<\/div>\n\n\n\n<p><\/p>\n\n\n\n<div class=\"wp-block-group is-nowrap is-layout-flex wp-container-core-group-is-layout-ad2f72ca wp-block-group-is-layout-flex\">\n<figure class=\"wp-block-image size-full is-resized\"><img width=\"395\" height=\"557\" src=\"https:\/\/wp.ufpel.edu.br\/ppgartes\/files\/2025\/11\/Captura-de-tela-2025-11-09-164735.png\" alt=\"\" class=\"wp-image-11375\" style=\"width:144px;height:auto\" srcset=\"https:\/\/wp.ufpel.edu.br\/ppgartes\/files\/2025\/11\/Captura-de-tela-2025-11-09-164735.png 395w, https:\/\/wp.ufpel.edu.br\/ppgartes\/files\/2025\/11\/Captura-de-tela-2025-11-09-164735-284x400.png 284w\" sizes=\"(max-width: 395px) 100vw, 395px\" \/><\/figure>\n\n\n\n<p><a href=\"https:\/\/wp.ufpel.edu.br\/artenaescola\/noticias\/iv-sigam\/\" target=\"_blank\" rel=\"noreferrer noopener\">Anais IV sigam<\/a>&nbsp;<\/p>\n<\/div>\n\n\n\n<p><\/p>\n\n\n\n<div class=\"wp-block-group is-nowrap is-layout-flex wp-container-core-group-is-layout-ad2f72ca wp-block-group-is-layout-flex\">\n<figure class=\"wp-block-image size-full is-resized\"><img width=\"497\" height=\"702\" src=\"https:\/\/wp.ufpel.edu.br\/ppgartes\/files\/2025\/11\/Captura-de-tela-2025-11-09-164244.png\" alt=\"\" class=\"wp-image-11371\" style=\"width:144px;height:auto\" srcset=\"https:\/\/wp.ufpel.edu.br\/ppgartes\/files\/2025\/11\/Captura-de-tela-2025-11-09-164244.png 497w, https:\/\/wp.ufpel.edu.br\/ppgartes\/files\/2025\/11\/Captura-de-tela-2025-11-09-164244-283x400.png 283w\" sizes=\"(max-width: 497px) 100vw, 497px\" \/><\/figure>\n\n\n\n<p><a href=\"https:\/\/wp.ufpel.edu.br\/artenaescola\/files\/2017\/12\/SIGAM-III.pdf\" target=\"_blank\" rel=\"noreferrer noopener\">Anais III sigam<\/a>&nbsp;<\/p>\n<\/div>\n\n\n\n<p><\/p>\n\n\n\n<div class=\"wp-block-group is-nowrap is-layout-flex wp-container-core-group-is-layout-ad2f72ca wp-block-group-is-layout-flex\">\n<figure class=\"wp-block-image size-full is-resized\"><img width=\"327\" height=\"466\" src=\"https:\/\/wp.ufpel.edu.br\/ppgartes\/files\/2025\/11\/Captura-de-tela-2025-11-09-164351.png\" alt=\"\" class=\"wp-image-11372\" style=\"width:144px;height:auto\" srcset=\"https:\/\/wp.ufpel.edu.br\/ppgartes\/files\/2025\/11\/Captura-de-tela-2025-11-09-164351.png 327w, https:\/\/wp.ufpel.edu.br\/ppgartes\/files\/2025\/11\/Captura-de-tela-2025-11-09-164351-281x400.png 281w\" sizes=\"(max-width: 327px) 100vw, 327px\" \/><\/figure>\n\n\n\n<p><a href=\"https:\/\/wp.ufpel.edu.br\/artenaescola\/files\/2017\/12\/SIGAM-II.pdf\" target=\"_blank\" rel=\"noreferrer noopener\">Anais II sigam<\/a>&nbsp;<\/p>\n<\/div>\n\n\n\n<p><\/p>\n\n\n\n<div class=\"wp-block-group is-nowrap is-layout-flex wp-container-core-group-is-layout-ad2f72ca wp-block-group-is-layout-flex\">\n<figure class=\"wp-block-image size-full is-resized\"><img width=\"331\" height=\"471\" src=\"https:\/\/wp.ufpel.edu.br\/ppgartes\/files\/2025\/11\/Captura-de-tela-2025-11-09-164500.png\" alt=\"\" class=\"wp-image-11373\" style=\"width:144px;height:auto\" srcset=\"https:\/\/wp.ufpel.edu.br\/ppgartes\/files\/2025\/11\/Captura-de-tela-2025-11-09-164500.png 331w, https:\/\/wp.ufpel.edu.br\/ppgartes\/files\/2025\/11\/Captura-de-tela-2025-11-09-164500-281x400.png 281w\" sizes=\"(max-width: 331px) 100vw, 331px\" \/><\/figure>\n\n\n\n<p><a href=\"https:\/\/wp.ufpel.edu.br\/artenaescola\/files\/2017\/12\/SIGAM-I.pdf\" target=\"_blank\" rel=\"noreferrer noopener\">Anais I sigam<\/a>&nbsp;<\/p>\n<\/div>\n","protected":false},"excerpt":{"rendered":"<p>Simp\u00f3sio Internacional de G\u00eanero, Arte e Mem\u00f3ria Anais VII sigam&nbsp; Anais VI sigam&nbsp; Anais V sigam&nbsp; Anais IV sigam&nbsp; Anais III sigam&nbsp; Anais II sigam&nbsp; Anais I sigam&nbsp;<\/p>\n","protected":false},"author":1258,"featured_media":0,"parent":0,"menu_order":0,"comment_status":"closed","ping_status":"closed","template":"","meta":{"footnotes":""},"class_list":["post-11354","page","type-page","status-publish","hentry"],"_links":{"self":[{"href":"https:\/\/wp.ufpel.edu.br\/ppgartes\/wp-json\/wp\/v2\/pages\/11354","targetHints":{"allow":["GET"]}}],"collection":[{"href":"https:\/\/wp.ufpel.edu.br\/ppgartes\/wp-json\/wp\/v2\/pages"}],"about":[{"href":"https:\/\/wp.ufpel.edu.br\/ppgartes\/wp-json\/wp\/v2\/types\/page"}],"author":[{"embeddable":true,"href":"https:\/\/wp.ufpel.edu.br\/ppgartes\/wp-json\/wp\/v2\/users\/1258"}],"replies":[{"embeddable":true,"href":"https:\/\/wp.ufpel.edu.br\/ppgartes\/wp-json\/wp\/v2\/comments?post=11354"}],"version-history":[{"count":3,"href":"https:\/\/wp.ufpel.edu.br\/ppgartes\/wp-json\/wp\/v2\/pages\/11354\/revisions"}],"predecessor-version":[{"id":11392,"href":"https:\/\/wp.ufpel.edu.br\/ppgartes\/wp-json\/wp\/v2\/pages\/11354\/revisions\/11392"}],"wp:attachment":[{"href":"https:\/\/wp.ufpel.edu.br\/ppgartes\/wp-json\/wp\/v2\/media?parent=11354"}],"curies":[{"name":"wp","href":"https:\/\/api.w.org\/{rel}","templated":true}]}}