{"id":11274,"date":"2025-09-16T10:25:57","date_gmt":"2025-09-16T13:25:57","guid":{"rendered":"https:\/\/wp.ufpel.edu.br\/ppgartes\/?page_id=11274"},"modified":"2026-02-13T10:04:30","modified_gmt":"2026-02-13T13:04:30","slug":"selecao-de-bolsista-pdse","status":"publish","type":"page","link":"https:\/\/wp.ufpel.edu.br\/ppgartes\/selecoes\/selecao-de-bolsista-pdse\/","title":{"rendered":"Sele\u00e7\u00e3o de Bolsista PDSE"},"content":{"rendered":"\n<p>O <strong>Programa Institucional de Doutorado Sandu\u00edche no Exterior (PDSE)<\/strong> \u00e9 uma iniciativa da CAPES que possibilita a realiza\u00e7\u00e3o de parte dos estudos de doutorandos brasileiros em institui\u00e7\u00f5es de excel\u00eancia no exterior. Seu objetivo \u00e9 complementar a forma\u00e7\u00e3o acad\u00eamica e cient\u00edfica por meio do interc\u00e2mbio internacional, ampliando a qualidade das pesquisas, fortalecendo parcerias entre programas de p\u00f3s-gradua\u00e7\u00e3o e promovendo a inser\u00e7\u00e3o da produ\u00e7\u00e3o cient\u00edfica brasileira em redes globais. O PDSE contribui para a internacionaliza\u00e7\u00e3o da p\u00f3s-gradua\u00e7\u00e3o no pa\u00eds, oferecendo aos estudantes acesso a novos referenciais te\u00f3ricos, metodol\u00f3gicos e tecnol\u00f3gicos, al\u00e9m de experi\u00eancias culturais que enriquecem sua forma\u00e7\u00e3o e a proje\u00e7\u00e3o de suas pesquisas.<\/p>\n\n\n\n<p><\/p>\n\n\n<style>.kt-accordion-id11274_0b0126-d7 .kt-accordion-inner-wrap{column-gap:var(--global-kb-gap-md, 2rem);row-gap:15px;}.kt-accordion-id11274_0b0126-d7 .kt-accordion-panel-inner{border-top:0px solid #fcb900;border-right:0px solid #fcb900;border-bottom:5px solid #fcb900;border-left:0px solid #fcb900;border-top-left-radius:0px;border-top-right-radius:0px;border-bottom-right-radius:0px;border-bottom-left-radius:0px;background:rgba(255,255,255,0);padding-top:0px;padding-right:30px;padding-bottom:20px;padding-left:30px;}.kt-accordion-id11274_0b0126-d7 > .kt-accordion-inner-wrap > .wp-block-kadence-pane > .kt-accordion-header-wrap > .kt-blocks-accordion-header{border-top-color:#555555;border-top-style:solid;border-right-color:#555555;border-right-style:solid;border-bottom-color:rgba(85,85,85,0);border-bottom-style:solid;border-left:10px solid #eeeeee;border-top-left-radius:0px;border-top-right-radius:0px;border-bottom-right-radius:0px;border-bottom-left-radius:0px;background:rgba(243,243,243,0.27);font-size:14px;line-height:20px;letter-spacing:0.2px;font-family:-apple-system,BlinkMacSystemFont,\"Segoe UI\",Roboto,Oxygen-Sans,Ubuntu,Cantarell,\"Helvetica Neue\",sans-serif, \"Apple Color Emoji\", \"Segoe UI Emoji\", \"Segoe UI Symbol\";font-weight:400;text-transform:none;color:#555555;padding-top:20px;padding-right:20px;padding-bottom:20px;padding-left:30px;}.kt-accordion-id11274_0b0126-d7:not( .kt-accodion-icon-style-basiccircle ):not( .kt-accodion-icon-style-xclosecircle ):not( .kt-accodion-icon-style-arrowcircle )  > .kt-accordion-inner-wrap > .wp-block-kadence-pane > .kt-accordion-header-wrap .kt-blocks-accordion-icon-trigger:after, .kt-accordion-id11274_0b0126-d7:not( .kt-accodion-icon-style-basiccircle ):not( .kt-accodion-icon-style-xclosecircle ):not( .kt-accodion-icon-style-arrowcircle )  > .kt-accordion-inner-wrap > .wp-block-kadence-pane > .kt-accordion-header-wrap .kt-blocks-accordion-icon-trigger:before{background:#555555;}.kt-accordion-id11274_0b0126-d7:not( .kt-accodion-icon-style-basic ):not( .kt-accodion-icon-style-xclose ):not( .kt-accodion-icon-style-arrow ) .kt-blocks-accordion-icon-trigger{background:#555555;}.kt-accordion-id11274_0b0126-d7:not( .kt-accodion-icon-style-basic ):not( .kt-accodion-icon-style-xclose ):not( .kt-accodion-icon-style-arrow ) .kt-blocks-accordion-icon-trigger:after, .kt-accordion-id11274_0b0126-d7:not( .kt-accodion-icon-style-basic ):not( .kt-accodion-icon-style-xclose ):not( .kt-accodion-icon-style-arrow ) .kt-blocks-accordion-icon-trigger:before{background:rgba(243,243,243,0.27);}.kt-accordion-id11274_0b0126-d7 > .kt-accordion-inner-wrap > .wp-block-kadence-pane > .kt-accordion-header-wrap > .kt-blocks-accordion-header:hover, \n\t\t\t\tbody:not(.hide-focus-outline) .kt-accordion-id11274_0b0126-d7 .kt-blocks-accordion-header:focus-visible{color:#444444;background:#eeeeee;border-top-color:#eeeeee;border-top-style:solid;border-right-color:#eeeeee;border-right-style:solid;border-bottom-color:#eeeeee;border-bottom-style:solid;border-left:10px solid #eeeeee;}.kt-accordion-id11274_0b0126-d7:not( .kt-accodion-icon-style-basiccircle ):not( .kt-accodion-icon-style-xclosecircle ):not( .kt-accodion-icon-style-arrowcircle ) .kt-accordion-header-wrap .kt-blocks-accordion-header:hover .kt-blocks-accordion-icon-trigger:after, .kt-accordion-id11274_0b0126-d7:not( .kt-accodion-icon-style-basiccircle ):not( .kt-accodion-icon-style-xclosecircle ):not( .kt-accodion-icon-style-arrowcircle ) .kt-accordion-header-wrap .kt-blocks-accordion-header:hover .kt-blocks-accordion-icon-trigger:before, body:not(.hide-focus-outline) .kt-accordion-id11274_0b0126-d7:not( .kt-accodion-icon-style-basiccircle ):not( .kt-accodion-icon-style-xclosecircle ):not( .kt-accodion-icon-style-arrowcircle ) .kt-blocks-accordion--visible .kt-blocks-accordion-icon-trigger:after, body:not(.hide-focus-outline) .kt-accordion-id11274_0b0126-d7:not( .kt-accodion-icon-style-basiccircle ):not( .kt-accodion-icon-style-xclosecircle ):not( .kt-accodion-icon-style-arrowcircle ) .kt-blocks-accordion-header:focus-visible .kt-blocks-accordion-icon-trigger:before{background:#444444;}.kt-accordion-id11274_0b0126-d7:not( .kt-accodion-icon-style-basic ):not( .kt-accodion-icon-style-xclose ):not( .kt-accodion-icon-style-arrow ) .kt-accordion-header-wrap .kt-blocks-accordion-header:hover .kt-blocks-accordion-icon-trigger, body:not(.hide-focus-outline) .kt-accordion-id11274_0b0126-d7:not( .kt-accodion-icon-style-basic ):not( .kt-accodion-icon-style-xclose ):not( .kt-accodion-icon-style-arrow ) .kt-accordion-header-wrap .kt-blocks-accordion-header:focus-visible .kt-blocks-accordion-icon-trigger{background:#444444;}.kt-accordion-id11274_0b0126-d7:not( .kt-accodion-icon-style-basic ):not( .kt-accodion-icon-style-xclose ):not( .kt-accodion-icon-style-arrow ) .kt-accordion-header-wrap .kt-blocks-accordion-header:hover .kt-blocks-accordion-icon-trigger:after, .kt-accordion-id11274_0b0126-d7:not( .kt-accodion-icon-style-basic ):not( .kt-accodion-icon-style-xclose ):not( .kt-accodion-icon-style-arrow ) .kt-accordion-header-wrap .kt-blocks-accordion-header:hover .kt-blocks-accordion-icon-trigger:before, body:not(.hide-focus-outline) .kt-accordion-id11274_0b0126-d7:not( .kt-accodion-icon-style-basic ):not( .kt-accodion-icon-style-xclose ):not( .kt-accodion-icon-style-arrow ) .kt-accordion-header-wrap .kt-blocks-accordion-header:focus-visible .kt-blocks-accordion-icon-trigger:after, body:not(.hide-focus-outline) .kt-accordion-id11274_0b0126-d7:not( .kt-accodion-icon-style-basic ):not( .kt-accodion-icon-style-xclose ):not( .kt-accodion-icon-style-arrow ) .kt-accordion-header-wrap .kt-blocks-accordion-header:focus-visible .kt-blocks-accordion-icon-trigger:before{background:#eeeeee;}.kt-accordion-id11274_0b0126-d7 .kt-accordion-header-wrap .kt-blocks-accordion-header:focus-visible,\n\t\t\t\t.kt-accordion-id11274_0b0126-d7 > .kt-accordion-inner-wrap > .wp-block-kadence-pane > .kt-accordion-header-wrap > .kt-blocks-accordion-header.kt-accordion-panel-active{color:#444444;background:rgba(252,185,0,0.05);border-top-color:#444444;border-top-style:solid;border-right-color:#444444;border-right-style:solid;border-bottom-color:#444444;border-bottom-style:solid;border-left:10px solid #fcb900;}.kt-accordion-id11274_0b0126-d7:not( .kt-accodion-icon-style-basiccircle ):not( .kt-accodion-icon-style-xclosecircle ):not( .kt-accodion-icon-style-arrowcircle )  > .kt-accordion-inner-wrap > .wp-block-kadence-pane > .kt-accordion-header-wrap > .kt-blocks-accordion-header.kt-accordion-panel-active .kt-blocks-accordion-icon-trigger:after, .kt-accordion-id11274_0b0126-d7:not( .kt-accodion-icon-style-basiccircle ):not( .kt-accodion-icon-style-xclosecircle ):not( .kt-accodion-icon-style-arrowcircle )  > .kt-accordion-inner-wrap > .wp-block-kadence-pane > .kt-accordion-header-wrap > .kt-blocks-accordion-header.kt-accordion-panel-active .kt-blocks-accordion-icon-trigger:before{background:#444444;}.kt-accordion-id11274_0b0126-d7:not( .kt-accodion-icon-style-basic ):not( .kt-accodion-icon-style-xclose ):not( .kt-accodion-icon-style-arrow ) .kt-blocks-accordion-header.kt-accordion-panel-active .kt-blocks-accordion-icon-trigger{background:#444444;}.kt-accordion-id11274_0b0126-d7:not( .kt-accodion-icon-style-basic ):not( .kt-accodion-icon-style-xclose ):not( .kt-accodion-icon-style-arrow ) .kt-blocks-accordion-header.kt-accordion-panel-active .kt-blocks-accordion-icon-trigger:after, .kt-accordion-id11274_0b0126-d7:not( .kt-accodion-icon-style-basic ):not( .kt-accodion-icon-style-xclose ):not( .kt-accodion-icon-style-arrow ) .kt-blocks-accordion-header.kt-accordion-panel-active .kt-blocks-accordion-icon-trigger:before{background:rgba(252,185,0,0.05);}@media all and (max-width: 1024px){.kt-accordion-id11274_0b0126-d7 .kt-accordion-panel-inner{border-top:0px solid #fcb900;border-right:0px solid #fcb900;border-bottom:5px solid #fcb900;border-left:0px solid #fcb900;}}@media all and (max-width: 1024px){.kt-accordion-id11274_0b0126-d7 > .kt-accordion-inner-wrap > .wp-block-kadence-pane > .kt-accordion-header-wrap > .kt-blocks-accordion-header{border-top-color:#555555;border-top-style:solid;border-right-color:#555555;border-right-style:solid;border-bottom-color:rgba(85,85,85,0);border-bottom-style:solid;border-left:10px solid #eeeeee;}}@media all and (max-width: 1024px){.kt-accordion-id11274_0b0126-d7 > .kt-accordion-inner-wrap > .wp-block-kadence-pane > .kt-accordion-header-wrap > .kt-blocks-accordion-header:hover, \n\t\t\t\tbody:not(.hide-focus-outline) .kt-accordion-id11274_0b0126-d7 .kt-blocks-accordion-header:focus-visible{border-top-color:#eeeeee;border-top-style:solid;border-right-color:#eeeeee;border-right-style:solid;border-bottom-color:#eeeeee;border-bottom-style:solid;border-left:10px solid #eeeeee;}}@media all and (max-width: 1024px){.kt-accordion-id11274_0b0126-d7 .kt-accordion-header-wrap .kt-blocks-accordion-header:focus-visible,\n\t\t\t\t.kt-accordion-id11274_0b0126-d7 > .kt-accordion-inner-wrap > .wp-block-kadence-pane > .kt-accordion-header-wrap > .kt-blocks-accordion-header.kt-accordion-panel-active{border-top-color:#444444;border-top-style:solid;border-right-color:#444444;border-right-style:solid;border-bottom-color:#444444;border-bottom-style:solid;border-left:10px solid #fcb900;}}@media all and (max-width: 767px){.kt-accordion-id11274_0b0126-d7 .kt-accordion-inner-wrap{display:block;}.kt-accordion-id11274_0b0126-d7 .kt-accordion-inner-wrap .kt-accordion-pane:not(:first-child){margin-top:15px;}.kt-accordion-id11274_0b0126-d7 .kt-accordion-panel-inner{border-top:0px solid #fcb900;border-right:0px solid #fcb900;border-bottom:5px solid #fcb900;border-left:0px solid #fcb900;}.kt-accordion-id11274_0b0126-d7 > .kt-accordion-inner-wrap > .wp-block-kadence-pane > .kt-accordion-header-wrap > .kt-blocks-accordion-header{border-top-color:#555555;border-top-style:solid;border-right-color:#555555;border-right-style:solid;border-bottom-color:rgba(85,85,85,0);border-bottom-style:solid;border-left:10px solid #eeeeee;}.kt-accordion-id11274_0b0126-d7 > .kt-accordion-inner-wrap > .wp-block-kadence-pane > .kt-accordion-header-wrap > .kt-blocks-accordion-header:hover, \n\t\t\t\tbody:not(.hide-focus-outline) .kt-accordion-id11274_0b0126-d7 .kt-blocks-accordion-header:focus-visible{border-top-color:#eeeeee;border-top-style:solid;border-right-color:#eeeeee;border-right-style:solid;border-bottom-color:#eeeeee;border-bottom-style:solid;border-left:10px solid #eeeeee;}.kt-accordion-id11274_0b0126-d7 .kt-accordion-header-wrap .kt-blocks-accordion-header:focus-visible,\n\t\t\t\t.kt-accordion-id11274_0b0126-d7 > .kt-accordion-inner-wrap > .wp-block-kadence-pane > .kt-accordion-header-wrap > .kt-blocks-accordion-header.kt-accordion-panel-active{border-top-color:#444444;border-top-style:solid;border-right-color:#444444;border-right-style:solid;border-bottom-color:#444444;border-bottom-style:solid;border-left:10px solid #fcb900;}}<\/style>\n<div class=\"wp-block-kadence-accordion alignnone\"><div class=\"kt-accordion-wrap kt-accordion-id11274_0b0126-d7 kt-accordion-has-47-panes kt-active-pane-0 kt-accordion-block kt-pane-header-alignment-left kt-accodion-icon-style-arrow kt-accodion-icon-side-right\" style=\"max-width:none\"><div class=\"kt-accordion-inner-wrap\" data-allow-multiple-open=\"false\" data-start-open=\"none\">\n<div class=\"wp-block-kadence-pane kt-accordion-pane kt-accordion-pane-36 kt-pane11274_ca697c-21\" id=\"selecao-bolsa-pdse-2025\"><div class=\"kt-accordion-header-wrap\"><button class=\"kt-blocks-accordion-header kt-acccordion-button-label-show\" type=\"button\"><span class=\"kt-blocks-accordion-title-wrap\"><span class=\"kt-blocks-accordion-title\">\/\/ Sele\u00e7\u00e3o de Bolsista PDSE<strong> _ EDITAL 17\/2025<\/strong><\/span><\/span><span class=\"kt-blocks-accordion-icon-trigger\"><\/span><\/button><\/div><div class=\"kt-accordion-panel kt-accordion-panel-hidden\"><div class=\"kt-accordion-panel-inner\">\n<p><span style=\"font-family: 'trebuchet ms', geneva, sans-serif; font-size: 10pt;\"><strong><span style=\"font-size: 14pt;\">\/ Sele\u00e7\u00e3o de Bolsista PDSE \u2013 1\u00aa CHAMADA EDITAL 17\/2025 CAPES<\/span><\/strong><br \/><\/span><\/p>\n<ul class=\"wp-block-list\">\n<li><span style=\"font-family: 'trebuchet ms', geneva, sans-serif; font-size: 10pt;\"><strong>Inscri\u00e7\u00f5es<\/strong>: 16 a 21 de setembro de 2025<\/span><\/li>\n<li><span style=\"font-family: 'trebuchet ms', geneva, sans-serif; font-size: 10pt;\"><strong>Forma de envio<\/strong>: Documentos em PDF para o e-mail\u00a0<strong><a>ppgartes.ufpel@gmail.com<\/a><\/strong>\u00a0com o assunto\u00a0<em>\u201cCandidatura PDSE Edital 188\/2025\u201d<\/em><\/span><\/li>\n<li><span style=\"font-family: 'trebuchet ms', geneva, sans-serif; font-size: 10pt;\"><strong>Resultado final<\/strong>: 02 de outubro de 2025<\/span><\/li>\n<li><span style=\"font-family: 'trebuchet ms', geneva, sans-serif; font-size: 10pt;\"><strong>Per\u00edodo das atividades no exterior<\/strong>: janeiro e fevereiro de 2026 (dura\u00e7\u00e3o entre 4 e 6 meses)<\/span><\/li>\n<\/ul>\n<p><span style=\"font-family: 'trebuchet ms', geneva, sans-serif; font-size: 10pt;\">\ud83d\uddc2\ufe0f EDITAL 17\/2025 &#8211; <a href=\"https:\/\/wp.ufpel.edu.br\/prppg\/pdse-capes\/pdse-2025\/\" target=\"_blank\" rel=\"noopener\">P\u00e1gina PRPPG-UFPel sobre o edital<\/a><br \/><\/span><span style=\"font-family: 'trebuchet ms', geneva, sans-serif; font-size: 10pt;\">\ud83d\udcc1 EDITAL 17\/2025 &#8211; <a href=\"https:\/\/wp.ufpel.edu.br\/ppgartes\/files\/2025\/09\/SEI_3285369_Edital_de_selecao_PRPPG_188.pdf\">Edital PPGARTES 1\u00aa CHAMADA EDITAL 17\/2025 CAPES<\/a><br \/>\ud83d\udcc1 EDITAL 17\/2025 &#8211; <a href=\"https:\/\/wp.ufpel.edu.br\/ppgartes\/files\/2025\/09\/ANEXO-Pontuacao-Lattes-Copia.pdf\" target=\"_blank\" rel=\"noopener\">Anexo &#8211; Tabela de Pontua\u00e7\u00e3o<\/a><br \/>\ud83d\udcc1 EDITAL 17\/2025 &#8211; <a href=\"https:\/\/wp.ufpel.edu.br\/ppgartes\/files\/2025\/09\/Homologados_PDSE_2025_assinado.pdf\" target=\"_blank\" rel=\"noopener\">Homologa\u00e7\u00e3o das inscri\u00e7\u00f5es<\/a><br \/>\ud83d\udcc1 EDITAL 17\/2025 &#8211; <a href=\"https:\/\/wp.ufpel.edu.br\/ppgartes\/files\/2025\/09\/Homologacao-inscricoes-apos-recursos.docx\">Homologa\u00e7\u00e3o das inscri\u00e7\u00f5es ap\u00f3s recursos<\/a><br \/>\ud83d\udcc1 EDITAL 17\/2025 &#8211; <a href=\"https:\/\/wp.ufpel.edu.br\/ppgartes\/files\/2025\/09\/Resultado-CAPES-PDSE-1.docx\">Resultado do Edital 2025<\/a><br \/>\ud83d\udcc1 EDITAL 17\/2025 &#8211; <a href=\"https:\/\/wp.ufpel.edu.br\/ppgartes\/files\/2025\/10\/Resultado-CAPES-PDSE-pos-recursos.docx\">Resultado do Edital ap\u00f3s per\u00edodo de recursos<\/a><br \/><\/span><\/p>\n\n\n\n<p><\/p>\n<\/div><\/div><\/div>\n\n\n\n<div class=\"wp-block-kadence-pane kt-accordion-pane kt-accordion-pane-47 kt-pane11274_b37db8-e0\" id=\"selecao-bolsa-pdse-2025\"><div class=\"kt-accordion-header-wrap\"><button class=\"kt-blocks-accordion-header kt-acccordion-button-label-show\" type=\"button\"><span class=\"kt-blocks-accordion-title-wrap\"><span class=\"kt-blocks-accordion-title\">\/\/ Sele\u00e7\u00e3o de Bolsista PDSE<strong>_ EDITAL 17\/2025 2\u00aa chamada<\/strong><\/span><\/span><span class=\"kt-blocks-accordion-icon-trigger\"><\/span><\/button><\/div><div class=\"kt-accordion-panel kt-accordion-panel-hidden\"><div class=\"kt-accordion-panel-inner\">\n<p><span style=\"font-family: 'trebuchet ms', geneva, sans-serif; font-size: 10pt;\"><strong><span style=\"font-size: 14pt;\">\/ Sele\u00e7\u00e3o de Bolsista PDSE \u2013 2\u00aa CHAMADA EDITAL 17\/2025 CAPES<\/span><\/strong><br \/><\/span><\/p>\n<ul class=\"wp-block-list\">\n<li><span style=\"font-family: 'trebuchet ms', geneva, sans-serif; font-size: 10pt;\"><strong>Inscri\u00e7\u00f5es<\/strong>: 26 de janeiro a 02 de fevereiro de 2025<\/span><\/li>\n<li><span style=\"font-family: 'trebuchet ms', geneva, sans-serif; font-size: 10pt;\"><strong>Forma de envio<\/strong>: Documentos em PDF para o e-mail\u00a0<strong><a>ppgartes.ufpel@gmail.com<\/a><\/strong>\u00a0com o assunto\u00a0<em>\u201cCandidatura PDSE Edital 01\/2026\u201d<\/em><\/span><\/li>\n<li><span style=\"font-family: 'trebuchet ms', geneva, sans-serif; font-size: 10pt;\"><strong>Resultado final<\/strong>: 10 de fevereiro de 2026<\/span><\/li>\n<li><span style=\"font-family: 'trebuchet ms', geneva, sans-serif; font-size: 10pt;\"><strong>Per\u00edodo das atividades no exterior<\/strong>: setembro e outubro de 2026 (dura\u00e7\u00e3o entre 4 e 9 meses)<\/span><\/li>\n<\/ul>\n<p><span style=\"font-family: 'trebuchet ms', geneva, sans-serif; font-size: 10pt;\">\ud83d\uddc2\ufe0f EDITAL 17\/2025 &#8211; <a href=\"https:\/\/wp.ufpel.edu.br\/ppgartes\/files\/2026\/01\/Edital-CAPES_n__17_2025.pdf\">Edital CAPES n\u00ba 17\/2025<\/a><br \/><\/span><span style=\"font-family: 'trebuchet ms', geneva, sans-serif; font-size: 10pt;\">\ud83d\udcc1 EDITAL 17\/2025 &#8211; <a href=\"https:\/\/wp.ufpel.edu.br\/ppgartes\/files\/2026\/01\/Selecao-interna-PDSE-em-PPGArtes-2_chamada_assinado.pdf\">Edital 01\/2026 \/ PPGARTES &#8211; 2\u00aa chamada edital CAPES 17\/2025<\/a><br \/>\ud83d\udcc1 EDITAL 17\/2025 &#8211; <a href=\"https:\/\/wp.ufpel.edu.br\/ppgartes\/files\/2026\/01\/ANEXO-titulos.docx\">Anexo A &#8211; Tabela de Pontua\u00e7\u00e3o<\/a><br \/>\ud83d\udcc1 EDITAL 17\/2025 &#8211; <a href=\"https:\/\/wp.ufpel.edu.br\/ppgartes\/files\/2026\/02\/Homologacao-inscricoes.docx\">Homologa\u00e7\u00e3o das inscri\u00e7\u00f5es<\/a><br \/>\ud83d\udcc1 EDITAL 17\/2025 &#8211; Homologa\u00e7\u00e3o das inscri\u00e7\u00f5es ap\u00f3s recursos<br \/>\ud83d\udcc1 EDITAL 17\/2025 &#8211; <a href=\"https:\/\/wp.ufpel.edu.br\/ppgartes\/files\/2026\/02\/Resultado-Edital-01_2026-Prorrogacao.docx\">Resultado do Edital 01\/2026 &#8211; PRORROGA\u00c7\u00c3O<\/a><br \/>\ud83d\udcc1 EDITAL 17\/2025 &#8211; <a href=\"https:\/\/wp.ufpel.edu.br\/ppgartes\/files\/2026\/02\/Resultado_Edital_nome_correto_assinado.pdf\">Resultado do Edital 01\/2026<\/a><br \/><\/span><span style=\"font-family: 'trebuchet ms', geneva, sans-serif; font-size: 10pt;\">\ud83d\udcc1 EDITAL 17\/2025 &#8211; <a href=\"https:\/\/wp.ufpel.edu.br\/ppgartes\/files\/2026\/02\/Resultado_Edital_01_2026_pos_recursos_assinado.pdf\">Resultado do Edital ap\u00f3s per\u00edodo de recursos<\/a><br \/><\/span><\/p>\n\n\n\n<p><\/p>\n<\/div><\/div><\/div>\n<\/div><\/div><\/div>\n\n\n\n<p><\/p>\n","protected":false},"excerpt":{"rendered":"<p>O Programa Institucional de Doutorado Sandu\u00edche no Exterior (PDSE) \u00e9 uma iniciativa da CAPES que possibilita a realiza\u00e7\u00e3o de parte dos estudos de doutorandos brasileiros em institui\u00e7\u00f5es de excel\u00eancia no exterior. Seu objetivo \u00e9 complementar a forma\u00e7\u00e3o acad\u00eamica e cient\u00edfica por meio do interc\u00e2mbio internacional, ampliando a qualidade das pesquisas, fortalecendo parcerias entre programas de [&hellip;]<\/p>\n","protected":false},"author":1258,"featured_media":0,"parent":145,"menu_order":0,"comment_status":"closed","ping_status":"closed","template":"","meta":{"footnotes":""},"class_list":["post-11274","page","type-page","status-publish","hentry"],"_links":{"self":[{"href":"https:\/\/wp.ufpel.edu.br\/ppgartes\/wp-json\/wp\/v2\/pages\/11274","targetHints":{"allow":["GET"]}}],"collection":[{"href":"https:\/\/wp.ufpel.edu.br\/ppgartes\/wp-json\/wp\/v2\/pages"}],"about":[{"href":"https:\/\/wp.ufpel.edu.br\/ppgartes\/wp-json\/wp\/v2\/types\/page"}],"author":[{"embeddable":true,"href":"https:\/\/wp.ufpel.edu.br\/ppgartes\/wp-json\/wp\/v2\/users\/1258"}],"replies":[{"embeddable":true,"href":"https:\/\/wp.ufpel.edu.br\/ppgartes\/wp-json\/wp\/v2\/comments?post=11274"}],"version-history":[{"count":3,"href":"https:\/\/wp.ufpel.edu.br\/ppgartes\/wp-json\/wp\/v2\/pages\/11274\/revisions"}],"predecessor-version":[{"id":11483,"href":"https:\/\/wp.ufpel.edu.br\/ppgartes\/wp-json\/wp\/v2\/pages\/11274\/revisions\/11483"}],"up":[{"embeddable":true,"href":"https:\/\/wp.ufpel.edu.br\/ppgartes\/wp-json\/wp\/v2\/pages\/145"}],"wp:attachment":[{"href":"https:\/\/wp.ufpel.edu.br\/ppgartes\/wp-json\/wp\/v2\/media?parent=11274"}],"curies":[{"name":"wp","href":"https:\/\/api.w.org\/{rel}","templated":true}]}}