{"id":11071,"date":"2025-07-11T04:21:55","date_gmt":"2025-07-11T07:21:55","guid":{"rendered":"https:\/\/wp.ufpel.edu.br\/ppgartes\/?page_id=11071"},"modified":"2025-07-11T04:21:55","modified_gmt":"2025-07-11T07:21:55","slug":"thiago-pirajira-conceicao","status":"publish","type":"page","link":"https:\/\/wp.ufpel.edu.br\/ppgartes\/thiago-pirajira-conceicao\/","title":{"rendered":"Thiago Pirajira Concei\u00e7\u00e3o"},"content":{"rendered":"\n<figure class=\"wp-block-image size-full is-resized is-style-default\"><img width=\"119\" height=\"119\" src=\"https:\/\/wp.ufpel.edu.br\/ppgartes\/files\/2021\/07\/sem-foto-e1625489350385.jpg\" alt=\"\" class=\"wp-image-7433\" style=\"aspect-ratio:1;object-fit:cover;width:350px\"\/><\/figure>\n\n\n<p style=\"text-align: left;\"><span style=\"font-family: georgia, palatino, serif; font-size: 12pt;\"><span style=\"font-size: 18pt;\"><strong><span style=\"font-family: 'trebuchet ms', geneva, sans-serif;\">Thiago Pirajira Concei\u00e7\u00e3o <span style=\"font-size: 10pt; color: #999999;\">\/\u00a0<\/span><\/span><\/strong><\/span><span style=\"font-family: 'trebuchet ms', geneva, sans-serif; font-size: 10pt;\"><a href=\"https:\/\/lattes.cnpq.br\/8333172275990117\" target=\"_blank\" rel=\"noopener\"><span style=\"color: #999999;\">Curr\u00edculum Lattes<\/span><\/a><br \/><strong>Linha de Pesquisa<\/strong>: <a href=\"https:\/\/wp.ufpel.edu.br\/ppgartes\/linhas-de-pesquisa\/\">Processos de Cria\u00e7\u00e3o e Po\u00e9ticas do Cotidiano<\/a><br \/><\/span><\/span><span style=\"font-family: georgia, palatino, serif; font-size: 12pt;\"><span style=\"font-family: 'trebuchet ms', geneva, sans-serif; font-size: 10pt;\"><strong>E-mail<\/strong>: thiagopirajira@gmail.com<\/span><\/span><\/p>\n<p style=\"text-align: left;\"><span style=\"font-family: georgia, palatino, serif; font-size: 12pt;\"><span style=\"font-family: 'trebuchet ms', geneva, sans-serif; font-size: 10pt;\"><strong>Forma\u00e7\u00e3o acad\u00eamica<br \/><\/strong><\/span><\/span><span style=\"font-family: 'trebuchet ms', geneva, sans-serif; font-size: 10pt;\">Artista c\u00eanico multidisciplinar e professor. Doutor em Artes C\u00eanicas, mestre em Educa\u00e7\u00e3o e bacharel em Teatro pela UFRGS. \u00c9 Professor Adjunto na gradua\u00e7\u00e3o em Teatro e no Programa de P\u00f3s-Gradua\u00e7\u00e3o em Artes da Universidade Federal de Pelotas (UFPel). L\u00edder do NUPRA &#8211; N\u00facleo de Pr\u00e1ticas Radicais: Grupo de Estudos e Pesquisas em Artes, G\u00eanero e Rela\u00e7\u00f5es \u00c9tnico-Raciais &#8211; (CNPq\/UFPel). Integra a Rede Internacional de Estudos da Presen\u00e7a. Artista cofundador do grupo Pretag\u00f4, grupo de cria\u00e7\u00e3o e investiga\u00e7\u00e3o das subjetividades negras nas artes c\u00eanicas. Artista cofundador do coletivo teatral carnavalesco Bloco da Laje. Ator e produtor no grupo Usina do Trabalho do Ator (UTA). Diretor art\u00edstico e curador da CURA &#8211; Mostra de Artes C\u00eanicas Negras. Desenvolve forma\u00e7\u00f5es e acompanhamentos pedag\u00f3gicos em pr\u00e1ticas art\u00edsticas que tangenciam o Ensino Rela\u00e7\u00f5es \u00c9tnico-Raciais (ERER) e a Educa\u00e7\u00e3o Antirracista. Pesquisa experi\u00eancias e pr\u00e1ticas performativas negras em perspectiva multidisciplinar. Atua principalmente nos seguintes temas: artes, artes c\u00eanicas, carnaval, teatro, rela\u00e7\u00f5es raciais, negritude, pedagogia teatral, aprendizado, estudos da presen\u00e7a, performance, afrofuturismo.<\/span><\/p>\n<p style=\"text-align: left;\"><span style=\"font-family: georgia, palatino, serif; font-size: 12pt;\"><span style=\"font-family: 'trebuchet ms', geneva, sans-serif; font-size: 10pt;\">\u00a0<\/span><\/span><\/p>\n<hr \/>\n<p style=\"text-align: left;\"><span style=\"font-family: georgia, palatino, serif; font-size: 12pt;\"><span style=\"font-family: 'trebuchet ms', geneva, sans-serif;\"><strong>PROJETOS DE PESQUISAS<\/strong><\/span><\/span><\/p>\n<p style=\"padding-left: 40px; text-align: left;\"><span style=\"font-family: georgia, palatino, serif; font-size: 12pt;\"><span style=\"font-family: 'trebuchet ms', geneva, sans-serif; font-size: 10pt;\"><strong>\ud83d\udcc2 <a href=\"https:\/\/institucional.ufpel.edu.br\/projetos\/id\/u7130\">Pr\u00e1ticas Performativas e Rela\u00e7\u00f5es \u00c9tnico-Raciais<\/a><\/strong><br \/>Grupo de Pesquisa:\u00a0<\/span><\/span><\/p>\n<p style=\"padding-left: 40px; text-align: left;\">\u00a0<\/p>\n<hr \/>\n<p style=\"text-align: left;\"><span style=\"font-family: georgia, palatino, serif; font-size: 12pt;\"><span style=\"font-family: 'trebuchet ms', geneva, sans-serif;\"><strong>GRUPOS DE PESQUISAS<\/strong><\/span><\/span><\/p>\n<p style=\"padding-left: 40px; text-align: left;\"><span style=\"font-family: georgia, palatino, serif; font-size: 12pt;\"><span style=\"font-family: 'trebuchet ms', geneva, sans-serif; font-size: 10pt;\"><strong>\ud83d\uddc2\ufe0f NUPRA &#8211; N\u00facleo de Pr\u00e1ticas Radicas: grupo de estudos em Arte, G\u00eanero e Rela\u00e7\u00f5es \u00c9tnico-Raciais<\/strong><br \/>L\u00edder(es) do grupo: Thiago Pirajira Concei\u00e7\u00e3o<br \/>Docentes participantes: Thiago Pirajira Concei\u00e7\u00e3o, Luciana Paz (UFPEL), Alexandra Dias (UFPEL), Gilberto Icle (UFRGS), Celina Alc\u00e2ntara (UFRGS)<\/span><\/span><\/p>\n<p>\u00a0<\/p>\n<hr \/>\n<p style=\"text-align: left;\"><span style=\"font-family: georgia, palatino, serif; font-size: 12pt;\"><span style=\"font-family: 'trebuchet ms', geneva, sans-serif;\"><strong>PESQUISAS ORIENTADAS<\/strong><\/span><\/span><\/p>\n<p style=\"padding-left: 40px; text-align: left;\">MESTRADO<\/p>\n<p style=\"padding-left: 40px; text-align: left;\">\u00a0<\/p>\n<div class=\"ms-editor-squiggler\" style=\"color: initial; font: initial; background: initial; background-blend-mode: initial; border: initial; border-radius: initial; border-collapse: initial; caption-side: initial; clear: initial; columns: initial; column-fill: initial; column-rule: initial; column-span: initial; cursor: initial; flex: initial; flex-flow: initial; float: initial; height: 0px; letter-spacing: initial; margin: initial; max-height: initial; max-width: initial; min-height: initial; min-width: initial; overflow: initial; padding: initial; text-align: initial; text-decoration: initial; text-indent: initial; text-transform: initial; vertical-align: initial; border-spacing: initial; width: initial;\">\u00a0<\/div>\n<div class=\"ms-editor-squiggler\" style=\"color: initial; font: initial; background: initial; background-blend-mode: initial; border: initial; border-radius: initial; border-collapse: initial; caption-side: initial; clear: initial; columns: initial; column-fill: initial; column-rule: initial; column-span: initial; cursor: initial; flex: initial; flex-flow: initial; float: initial; height: 0px; letter-spacing: initial; margin: initial; max-height: initial; max-width: initial; min-height: initial; min-width: initial; overflow: initial; padding: initial; text-align: initial; text-decoration: initial; text-indent: initial; text-transform: initial; vertical-align: initial; border-spacing: initial; width: initial;\">\u00a0<\/div>\n<div class=\"ms-editor-squiggler\" style=\"color: initial; font: initial; background: initial; background-blend-mode: initial; border: initial; border-radius: initial; border-collapse: initial; caption-side: initial; clear: initial; columns: initial; column-fill: initial; column-rule: initial; column-span: initial; cursor: initial; flex: initial; flex-flow: initial; float: initial; height: 0px; letter-spacing: initial; margin: initial; max-height: initial; max-width: initial; min-height: initial; min-width: initial; overflow: initial; padding: initial; text-align: initial; text-decoration: initial; text-indent: initial; text-transform: initial; vertical-align: initial; border-spacing: initial; width: initial;\">\u00a0<\/div>\n<div class=\"ms-editor-squiggler\" style=\"color: initial; font: initial; background: initial; background-blend-mode: initial; border: initial; border-radius: initial; border-collapse: initial; caption-side: initial; clear: initial; columns: initial; column-fill: initial; column-rule: initial; column-span: initial; cursor: initial; flex: initial; flex-flow: initial; float: initial; height: 0px; letter-spacing: initial; margin: initial; max-height: initial; max-width: initial; min-height: initial; min-width: initial; overflow: initial; padding: initial; text-align: initial; text-decoration: initial; text-indent: initial; text-transform: initial; vertical-align: initial; border-spacing: initial; width: initial;\">\u00a0<\/div>\n<div class=\"ms-editor-squiggler\" style=\"color: initial; font: initial; background: initial; background-blend-mode: initial; border: initial; border-radius: initial; border-collapse: initial; caption-side: initial; clear: initial; columns: initial; column-fill: initial; column-rule: initial; column-span: initial; cursor: initial; flex: initial; flex-flow: initial; float: initial; height: 0px; letter-spacing: initial; margin: initial; max-height: initial; max-width: initial; min-height: initial; min-width: initial; overflow: initial; padding: initial; text-align: initial; text-decoration: initial; text-indent: initial; text-transform: initial; vertical-align: initial; border-spacing: initial; width: initial;\">\u00a0<\/div>","protected":false},"excerpt":{"rendered":"<p>Thiago Pirajira Concei\u00e7\u00e3o \/\u00a0Curr\u00edculum LattesLinha de Pesquisa: Processos de Cria\u00e7\u00e3o e Po\u00e9ticas do CotidianoE-mail: thiagopirajira@gmail.com Forma\u00e7\u00e3o acad\u00eamicaArtista c\u00eanico multidisciplinar e professor. Doutor em Artes C\u00eanicas, mestre em Educa\u00e7\u00e3o e bacharel em Teatro pela UFRGS. \u00c9 Professor Adjunto na gradua\u00e7\u00e3o em Teatro e no Programa de P\u00f3s-Gradua\u00e7\u00e3o em Artes da Universidade Federal de Pelotas (UFPel). L\u00edder [&hellip;]<\/p>\n","protected":false},"author":1258,"featured_media":0,"parent":0,"menu_order":0,"comment_status":"closed","ping_status":"closed","template":"","meta":{"footnotes":""},"class_list":["post-11071","page","type-page","status-publish","hentry"],"_links":{"self":[{"href":"https:\/\/wp.ufpel.edu.br\/ppgartes\/wp-json\/wp\/v2\/pages\/11071","targetHints":{"allow":["GET"]}}],"collection":[{"href":"https:\/\/wp.ufpel.edu.br\/ppgartes\/wp-json\/wp\/v2\/pages"}],"about":[{"href":"https:\/\/wp.ufpel.edu.br\/ppgartes\/wp-json\/wp\/v2\/types\/page"}],"author":[{"embeddable":true,"href":"https:\/\/wp.ufpel.edu.br\/ppgartes\/wp-json\/wp\/v2\/users\/1258"}],"replies":[{"embeddable":true,"href":"https:\/\/wp.ufpel.edu.br\/ppgartes\/wp-json\/wp\/v2\/comments?post=11071"}],"version-history":[{"count":1,"href":"https:\/\/wp.ufpel.edu.br\/ppgartes\/wp-json\/wp\/v2\/pages\/11071\/revisions"}],"predecessor-version":[{"id":11073,"href":"https:\/\/wp.ufpel.edu.br\/ppgartes\/wp-json\/wp\/v2\/pages\/11071\/revisions\/11073"}],"wp:attachment":[{"href":"https:\/\/wp.ufpel.edu.br\/ppgartes\/wp-json\/wp\/v2\/media?parent=11071"}],"curies":[{"name":"wp","href":"https:\/\/api.w.org\/{rel}","templated":true}]}}