{"id":11067,"date":"2025-07-11T04:13:46","date_gmt":"2025-07-11T07:13:46","guid":{"rendered":"https:\/\/wp.ufpel.edu.br\/ppgartes\/?page_id=11067"},"modified":"2025-07-15T20:51:50","modified_gmt":"2025-07-15T23:51:50","slug":"leandro-ernesto-maia","status":"publish","type":"page","link":"https:\/\/wp.ufpel.edu.br\/ppgartes\/leandro-ernesto-maia\/","title":{"rendered":"Leandro Ernesto Maia"},"content":{"rendered":"\n<figure class=\"wp-block-image size-full is-resized is-style-default\"><img width=\"851\" height=\"851\" src=\"https:\/\/wp.ufpel.edu.br\/ppgartes\/files\/2025\/07\/FOTO-Leandro-Maia.png\" alt=\"\" class=\"wp-image-11151\" style=\"aspect-ratio:1;object-fit:cover;width:350px\" srcset=\"https:\/\/wp.ufpel.edu.br\/ppgartes\/files\/2025\/07\/FOTO-Leandro-Maia.png 851w, https:\/\/wp.ufpel.edu.br\/ppgartes\/files\/2025\/07\/FOTO-Leandro-Maia-400x400.png 400w, https:\/\/wp.ufpel.edu.br\/ppgartes\/files\/2025\/07\/FOTO-Leandro-Maia-200x200.png 200w, https:\/\/wp.ufpel.edu.br\/ppgartes\/files\/2025\/07\/FOTO-Leandro-Maia-768x768.png 768w\" sizes=\"(max-width: 851px) 100vw, 851px\" \/><\/figure>\n\n\n<p style=\"text-align: left;\"><span style=\"font-family: georgia, palatino, serif; font-size: 12pt;\"><span style=\"font-size: 18pt;\"><strong><span style=\"font-family: 'trebuchet ms', geneva, sans-serif;\">Leandro Ernesto Maia <span style=\"font-size: 10pt; color: #999999;\">\/\u00a0<\/span><\/span><\/strong><\/span><span style=\"font-family: 'trebuchet ms', geneva, sans-serif; font-size: 10pt;\"><a href=\"http:\/\/lattes.cnpq.br\/9840534763456277\" target=\"_blank\" rel=\"noopener\"><span style=\"color: #999999;\">Curr\u00edculum Lattes<\/span><\/a><br \/><strong>Linha de Pesquisa<\/strong>: <a href=\"https:\/\/wp.ufpel.edu.br\/ppgartes\/linhas-de-pesquisa\/\">Processos de Cria\u00e7\u00e3o e Po\u00e9ticas do Cotidiano<\/a><br \/><\/span><\/span><span style=\"font-family: georgia, palatino, serif; font-size: 12pt;\"><span style=\"font-family: 'trebuchet ms', geneva, sans-serif; font-size: 10pt;\"><strong>E-mail<\/strong>: leandromaia.ufpel@gmail.com<\/span><\/span><\/p>\n<p style=\"text-align: left;\"><span style=\"font-family: georgia, palatino, serif; font-size: 12pt;\"><span style=\"font-family: 'trebuchet ms', geneva, sans-serif; font-size: 10pt;\"><strong>Forma\u00e7\u00e3o acad\u00eamica<\/strong><br \/>Doutor em M\u00fasica (Songwriting) pela Bath Spa University\/Reino Unido (2019) com bolsa CAPES\/DPE &#8211; Programa de Doutorado Pleno no Exterior. Possui gradua\u00e7\u00e3o em Licenciatura em Educa\u00e7\u00e3o Art\u00edstica, hab. M\u00fasica pela Universidade Federal do Rio Grande do Sul (2002), Especializa\u00e7\u00e3o em Letras pela Unirriter (2004) e Mestrado em Letras pela Universidade Federal do Rio Grande do Sul (2007). Professor Adjunto da Universidade Federal de Pelotas, Centro de Artes, atuando junto ao curso de Bacharelado em M\u00fasica Popular. Pr\u00eamio Ibermusicas de Composi\u00e7\u00e3o de Can\u00e7\u00e3o Popular (2014). Atua tamb\u00e9m como cantor, produtor cultural, compositor de trilhas de dan\u00e7a, cinema e teatro.Tem experi\u00eancia na \u00e1rea de Artes, com \u00eanfase em M\u00fasica, atuando principalmente nos seguintes temas: can\u00e7\u00e3o, composi\u00e7\u00e3o musical, m\u00fasica, literatura e educa\u00e7\u00e3o musical. Compositor dos discos &#8220;Palavreio (2008)&#8221;, &#8220;Mandinho&#8221; (2013, infantil), &#8220;Su\u00edte Maria Bonita e Outras Veredas (2014)&#8221; . do filme &#8220;Paisagens&#8221;(2020) e do vinil &#8220;Guaipeca: uma ilus\u00e3o autobiogr\u00e1fica&#8221;.<br \/><\/span><\/span><\/p>\n<\/p>\n<hr \/>\n<p style=\"text-align: left;\"><span style=\"font-family: georgia, palatino, serif; font-size: 12pt;\"><span style=\"font-family: 'trebuchet ms', geneva, sans-serif;\"><strong>PROJETOS DE PESQUISAS<\/strong><\/span><\/span><\/p>\n<p style=\"padding-left: 40px; text-align: left;\"><span style=\"font-family: georgia, palatino, serif; font-size: 12pt;\"><span style=\"font-family: 'trebuchet ms', geneva, sans-serif; font-size: 10pt;\"><strong>\ud83d\udcc2 <span style=\"color: #ff0000;\">[ENCERRADO]<\/span> <a href=\"https:\/\/institucional.ufpel.edu.br\/projetos\/id\/p9852\" target=\"_blank\" rel=\"noopener\"><span style=\"color: #999999;\">Po\u00e9tica da Can\u00e7\u00e3o: Processos Criativos da Can\u00e7\u00e3o Popular<\/span><\/a><\/strong><br \/><span style=\"color: #999999;\">Grupo de Pesquisa: Deslocamentos, observ\u00e2ncias e cartografias contempor\u00e2neas<\/span><\/span><\/span><\/p>\n<p style=\"padding-left: 40px; text-align: left;\"><span style=\"font-family: georgia, palatino, serif; font-size: 12pt;\"><span style=\"font-family: 'trebuchet ms', geneva, sans-serif; font-size: 10pt;\"><strong>\ud83d\udcc2 <a href=\"https:\/\/institucional.ufpel.edu.br\/projetos\/id\/u6775\">PRODU\u00c7\u00c3O E POL\u00cdTICAS CULTURAIS<\/a><\/strong><br \/>Grupo de Pesquisa:\u00a0<\/span><\/span><\/p>\n<\/p>\n<hr \/>\n<p style=\"text-align: left;\"><span style=\"font-family: georgia, palatino, serif; font-size: 12pt;\"><span style=\"font-family: 'trebuchet ms', geneva, sans-serif;\"><strong>GRUPOS DE PESQUISAS<\/strong><\/span><\/span><\/p>\n<p style=\"padding-left: 40px; text-align: left;\"><span style=\"font-family: georgia, palatino, serif; font-size: 12pt;\"><span style=\"font-family: 'trebuchet ms', geneva, sans-serif; font-size: 10pt;\"><strong>\ud83d\uddc2\ufe0f <a href=\"http:\/\/dgp.cnpq.br\/dgp\/espelhogrupo\/6825090347717566\" target=\"_blank\" rel=\"noopener\">N\u00facleo de M\u00fasica Popular<\/a><br \/><\/strong>L\u00edder(es) do grupo: Rafael Henrique Soares Velloso, Leandro Ernesto Maia<br \/>Docentes participantes: Carlos Walter Alves Soares, Guilherme Campelo Tavares, Leandro Ernesto Maia, Marcelo Barros de Borba, Raul Costa d&#8217;Avila<\/span><\/span><\/p>\n<p style=\"padding-left: 40px; text-align: left;\"><span style=\"font-family: georgia, palatino, serif; font-size: 12pt;\"><span style=\"font-family: 'trebuchet ms', geneva, sans-serif; font-size: 10pt;\"><strong>\ud83d\uddc2\ufe0f <a href=\"http:\/\/dgp.cnpq.br\/dgp\/espelhogrupo\/741834\" target=\"_blank\" rel=\"noopener\">Produ\u00e7\u00e3o e Pol\u00edticas Culturais<\/a><\/strong><br \/>L\u00edder(es) do grupo: Leandro Ernesto Maia, Maria Fonseca Falkembach<br \/>Docentes participantes: Alexandra Gon\u00e7alves Dias, Carlos Walter Alves Soares, Leandro Ernesto Maia, Lucas Mello Ness, Maria Fonseca Falkembach, Tarson N\u00fa\u00f1ez\u00a0<\/span><\/span><\/p>\n<\/p>\n<hr \/>\n<p style=\"text-align: left;\"><span style=\"font-family: georgia, palatino, serif; font-size: 12pt;\"><span style=\"font-family: 'trebuchet ms', geneva, sans-serif;\"><strong>PESQUISAS ORIENTADAS<\/strong><\/span><\/span><\/p>\n<p style=\"padding-left: 40px; text-align: left;\">MESTRADO<\/p>\n<p style=\"padding-left: 40px; text-align: left;\"><span style=\"font-family: georgia, palatino, serif; font-size: 12pt;\"><span style=\"font-family: 'trebuchet ms', geneva, sans-serif; font-size: 10pt;\"><strong>\ud83d\udcd9 Lei Aldir Blanc: a cultura brasileira na corda bamba de sombrinha<\/strong><\/span><\/span><span style=\"font-family: georgia, palatino, serif; font-size: 12pt;\"><span style=\"font-family: 'trebuchet ms', geneva, sans-serif; font-size: 10pt;\"><br \/>Orientando: Thiago Alexandre Campos (2023)<\/span><\/span><\/p>\n<p style=\"padding-left: 40px; text-align: left;\">\n<div class=\"ms-editor-squiggler\" style=\"color: initial; font: initial; background: initial; background-blend-mode: initial; border: initial; border-radius: initial; border-collapse: initial; caption-side: initial; clear: initial; columns: initial; column-fill: initial; column-rule: initial; column-span: initial; cursor: initial; flex: initial; flex-flow: initial; float: initial; height: 0px; letter-spacing: initial; margin: initial; max-height: initial; max-width: initial; min-height: initial; min-width: initial; overflow: initial; padding: initial; text-align: initial; text-decoration: initial; text-indent: initial; text-transform: initial; vertical-align: initial; border-spacing: initial; width: initial;\">\u00a0<\/div>\n<div class=\"ms-editor-squiggler\" style=\"color: initial; font: initial; background: initial; background-blend-mode: initial; border: initial; border-radius: initial; border-collapse: initial; caption-side: initial; clear: initial; columns: initial; column-fill: initial; column-rule: initial; column-span: initial; cursor: initial; flex: initial; flex-flow: initial; float: initial; height: 0px; letter-spacing: initial; margin: initial; max-height: initial; max-width: initial; min-height: initial; min-width: initial; overflow: initial; padding: initial; text-align: initial; text-decoration: initial; text-indent: initial; text-transform: initial; vertical-align: initial; border-spacing: initial; width: initial;\">\u00a0<\/div>\n<div class=\"ms-editor-squiggler\" style=\"color: initial; font: initial; background: initial; background-blend-mode: initial; border: initial; border-radius: initial; border-collapse: initial; caption-side: initial; clear: initial; columns: initial; column-fill: initial; column-rule: initial; column-span: initial; cursor: initial; flex: initial; flex-flow: initial; float: initial; height: 0px; letter-spacing: initial; margin: initial; max-height: initial; max-width: initial; min-height: initial; min-width: initial; overflow: initial; padding: initial; text-align: initial; text-decoration: initial; text-indent: initial; text-transform: initial; vertical-align: initial; border-spacing: initial; width: initial;\">\u00a0<\/div>\n<div class=\"ms-editor-squiggler\" style=\"color: initial; font: initial; background: initial; background-blend-mode: initial; border: initial; border-radius: initial; border-collapse: initial; caption-side: initial; clear: initial; columns: initial; column-fill: initial; column-rule: initial; column-span: initial; cursor: initial; flex: initial; flex-flow: initial; float: initial; height: 0px; letter-spacing: initial; margin: initial; max-height: initial; max-width: initial; min-height: initial; min-width: initial; overflow: initial; padding: initial; text-align: initial; text-decoration: initial; text-indent: initial; text-transform: initial; vertical-align: initial; border-spacing: initial; width: initial;\">\u00a0<\/div>\n<div class=\"ms-editor-squiggler\" style=\"color: initial; font: initial; background: initial; background-blend-mode: initial; border: initial; border-radius: initial; border-collapse: initial; caption-side: initial; clear: initial; columns: initial; column-fill: initial; column-rule: initial; column-span: initial; cursor: initial; flex: initial; flex-flow: initial; float: initial; height: 0px; letter-spacing: initial; margin: initial; max-height: initial; max-width: initial; min-height: initial; min-width: initial; overflow: initial; padding: initial; text-align: initial; text-decoration: initial; text-indent: initial; text-transform: initial; vertical-align: initial; border-spacing: initial; width: initial;\">\u00a0<\/div>","protected":false},"excerpt":{"rendered":"<p>Leandro Ernesto Maia \/\u00a0Curr\u00edculum LattesLinha de Pesquisa: Processos de Cria\u00e7\u00e3o e Po\u00e9ticas do CotidianoE-mail: leandromaia.ufpel@gmail.com Forma\u00e7\u00e3o acad\u00eamicaDoutor em M\u00fasica (Songwriting) pela Bath Spa University\/Reino Unido (2019) com bolsa CAPES\/DPE &#8211; Programa de Doutorado Pleno no Exterior. Possui gradua\u00e7\u00e3o em Licenciatura em Educa\u00e7\u00e3o Art\u00edstica, hab. M\u00fasica pela Universidade Federal do Rio Grande do Sul (2002), Especializa\u00e7\u00e3o [&hellip;]<\/p>\n","protected":false},"author":1258,"featured_media":0,"parent":0,"menu_order":0,"comment_status":"closed","ping_status":"closed","template":"","meta":{"footnotes":""},"class_list":["post-11067","page","type-page","status-publish","hentry"],"_links":{"self":[{"href":"https:\/\/wp.ufpel.edu.br\/ppgartes\/wp-json\/wp\/v2\/pages\/11067","targetHints":{"allow":["GET"]}}],"collection":[{"href":"https:\/\/wp.ufpel.edu.br\/ppgartes\/wp-json\/wp\/v2\/pages"}],"about":[{"href":"https:\/\/wp.ufpel.edu.br\/ppgartes\/wp-json\/wp\/v2\/types\/page"}],"author":[{"embeddable":true,"href":"https:\/\/wp.ufpel.edu.br\/ppgartes\/wp-json\/wp\/v2\/users\/1258"}],"replies":[{"embeddable":true,"href":"https:\/\/wp.ufpel.edu.br\/ppgartes\/wp-json\/wp\/v2\/comments?post=11067"}],"version-history":[{"count":2,"href":"https:\/\/wp.ufpel.edu.br\/ppgartes\/wp-json\/wp\/v2\/pages\/11067\/revisions"}],"predecessor-version":[{"id":11152,"href":"https:\/\/wp.ufpel.edu.br\/ppgartes\/wp-json\/wp\/v2\/pages\/11067\/revisions\/11152"}],"wp:attachment":[{"href":"https:\/\/wp.ufpel.edu.br\/ppgartes\/wp-json\/wp\/v2\/media?parent=11067"}],"curies":[{"name":"wp","href":"https:\/\/api.w.org\/{rel}","templated":true}]}}