{"id":11060,"date":"2025-07-11T03:58:25","date_gmt":"2025-07-11T06:58:25","guid":{"rendered":"https:\/\/wp.ufpel.edu.br\/ppgartes\/?page_id=11060"},"modified":"2025-07-11T13:09:59","modified_gmt":"2025-07-11T16:09:59","slug":"ana-cristina-ribeiro-silva","status":"publish","type":"page","link":"https:\/\/wp.ufpel.edu.br\/ppgartes\/ana-cristina-ribeiro-silva\/","title":{"rendered":"Ana Cristina Ribeiro Silva"},"content":{"rendered":"\n<figure class=\"wp-block-image size-full is-resized is-style-default\"><img width=\"1829\" height=\"2560\" src=\"https:\/\/wp.ufpel.edu.br\/ppgartes\/files\/2025\/07\/foto-cris-ufpel-scaled.jpg\" alt=\"\" class=\"wp-image-11117\" style=\"aspect-ratio:1;object-fit:cover;width:350px\" srcset=\"https:\/\/wp.ufpel.edu.br\/ppgartes\/files\/2025\/07\/foto-cris-ufpel-scaled.jpg 1829w, https:\/\/wp.ufpel.edu.br\/ppgartes\/files\/2025\/07\/foto-cris-ufpel-286x400.jpg 286w, https:\/\/wp.ufpel.edu.br\/ppgartes\/files\/2025\/07\/foto-cris-ufpel-732x1024.jpg 732w, https:\/\/wp.ufpel.edu.br\/ppgartes\/files\/2025\/07\/foto-cris-ufpel-768x1075.jpg 768w, https:\/\/wp.ufpel.edu.br\/ppgartes\/files\/2025\/07\/foto-cris-ufpel-1097x1536.jpg 1097w, https:\/\/wp.ufpel.edu.br\/ppgartes\/files\/2025\/07\/foto-cris-ufpel-1463x2048.jpg 1463w\" sizes=\"(max-width: 1829px) 100vw, 1829px\" \/><\/figure>\n\n\n<p style=\"text-align: left;\"><span style=\"font-family: georgia, palatino, serif; font-size: 12pt;\"><span style=\"font-size: 18pt;\"><strong><span style=\"font-family: 'trebuchet ms', geneva, sans-serif;\">Ana Cristina Ribeiro Silva <span style=\"font-size: 10pt; color: #999999;\">\/\u00a0<\/span><\/span><\/strong><\/span><span style=\"font-family: 'trebuchet ms', geneva, sans-serif; font-size: 10pt;\"><a href=\"http:\/\/lattes.cnpq.br\/6063987339232481\"><span style=\"color: #999999;\">Curr\u00edculum Lattes<\/span><\/a><br \/><strong>Linha de Pesquisa<\/strong>: <a href=\"https:\/\/wp.ufpel.edu.br\/ppgartes\/linhas-de-pesquisa\/\">Processos de Cria\u00e7\u00e3o e Po\u00e9ticas do Cotidiano<\/a><br \/><\/span><\/span><span style=\"font-family: georgia, palatino, serif; font-size: 12pt;\"><span style=\"font-family: 'trebuchet ms', geneva, sans-serif; font-size: 10pt;\"><strong>E-mail<\/strong>: ana.cristina@ufpel.edu.br<\/span><\/span><\/p>\n<p style=\"text-align: left;\"><span style=\"font-family: georgia, palatino, serif; font-size: 12pt;\"><span style=\"font-family: 'trebuchet ms', geneva, sans-serif; font-size: 10pt;\"><strong>Forma\u00e7\u00e3o acad\u00eamica<\/strong><br \/>Na Universidade Federal de Pelotas (UFPel) esta como Coordenadora do curso de Dan\u00e7a Licenciatura, \u00e9 docente respons\u00e1vel pelos componentes curriculares: Laborat\u00f3rio de Dan\u00e7as Urbanas e Anatomia-Cinesiologia, coordena o projeto de pesquisas L.U.A. (Laborat\u00f3rio Ubuntu Afeto\/Arte\/Afrodiasp\u00f3ricas\/Am\u00e9ricas), tamb\u00e9m \u00e9 pesquisadora do Grupo de Pesquisa LABCAPO &#8211; Laborat\u00f3rio Capoeira (UFRJ) e OMEGA &#8211; Observat\u00f3rio de Mem\u00f3ria, Educa\u00e7\u00e3o, Gesto e Arte (UFPel). Autora dos livros Dan\u00e7a de Rua (segunda edi\u00e7\u00e3o revisada e ampliada 2025), Laborat\u00f3rio Hip-hop (2021), Eclipse (2021), Dan\u00e7a de Rua (2011).Doutora em Artes da Cena pela Unicamp. B.Girl, idealizadora da Cia Eclipse e da crew SAMBA B.Girls. Atua com prepara\u00e7\u00e3o corporal, dire\u00e7\u00e3o art\u00edstica e produ\u00e7\u00e3o de eventos. Foi respons\u00e1vel juntamente com Prof. Kico Brown em realizar a Battle Of The Year no Brazil em 2007. Experi\u00eancia internacional na \u00e1rea da dan\u00e7a com \u00eanfase em Cultura Hip Hop: Argentina, Alemanha, Estados Unidos, Su\u00ed\u00e7a, Finl\u00e2ndia e Chile<br \/><\/span><\/span><\/p>\n<\/p>\n<hr \/>\n<p style=\"text-align: left;\"><span style=\"font-family: georgia, palatino, serif; font-size: 12pt;\"><span style=\"font-family: 'trebuchet ms', geneva, sans-serif;\"><strong>PROJETOS DE PESQUISAS<\/strong><\/span><\/span><\/p>\n<p style=\"padding-left: 40px; text-align: left;\"><span style=\"font-family: georgia, palatino, serif; font-size: 12pt;\"><span style=\"font-family: 'trebuchet ms', geneva, sans-serif; font-size: 10pt;\"><strong>\ud83d\udcc2 <a href=\"https:\/\/institucional.ufpel.edu.br\/projetos\/id\/u5543\">L.U.A. (Laborat\u00f3rio Ubuntu Afeto\/Arte\/Afrodiasp\u00f3ricas\/Am\u00e9ricas)<\/a><\/strong><br \/>Grupo de Pesquisa:\u00a0<\/span><\/span><\/p>\n<\/p>\n<hr \/>\n<p style=\"text-align: left;\"><span style=\"font-family: georgia, palatino, serif; font-size: 12pt;\"><span style=\"font-family: 'trebuchet ms', geneva, sans-serif;\"><strong>GRUPOS DE PESQUISAS<\/strong><\/span><\/span><\/p>\n<p style=\"padding-left: 40px;\"><span style=\"font-family: georgia, palatino, serif; font-size: 12pt;\"><span style=\"font-family: 'trebuchet ms', geneva, sans-serif; font-size: 10pt;\"><strong>\ud83d\uddc2\ufe0f <a href=\"http:\/\/dgp.cnpq.br\/dgp\/espelhogrupo\/43374\" target=\"_blank\" rel=\"noopener\">OMEGA \u2013 Observat\u00f3rio de Mem\u00f3ria, Educa\u00e7\u00e3o, Gesto e Arte<\/a><\/strong><br \/>L\u00edder(es) do grupo: Thiago Silva de Amorim Jesus, Josiane Gisela Franken Corr\u00eaa<br \/>Docentes participantes: <a href=\"https:\/\/wp.ufpel.edu.br\/ppgartes\/carmen-anita-hoffmann\/\">Carmen Anita Hoffmann<\/a>, <a href=\"https:\/\/wp.ufpel.edu.br\/ppgartes\/eleonora-campos-da-motta-santos\/\">Eleonora Campos da Motta Santos<\/a>, <a href=\"https:\/\/wp.ufpel.edu.br\/ppgartes\/8673-2\/\">Marco Aurelio da Cruz Souza<\/a><\/span><\/span><\/p>\n<p style=\"padding-left: 40px; text-align: left;\"><span style=\"font-family: georgia, palatino, serif; font-size: 12pt;\"><span style=\"font-family: 'trebuchet ms', geneva, sans-serif; font-size: 10pt;\"><strong>\ud83d\uddc2\ufe0f <a href=\"http:\/\/dgp.cnpq.br\/dgp\/espelhogrupo\/781547\">Grupo de Pesquisa LABCAPO &#8211; Laborat\u00f3rio Capoeira<\/a><\/strong><br \/>L\u00edder(es) do grupo: L\u00edvia de Paula Machado Pasqua <br \/>Docentes participantes: Ana Cristina Ribeiro Silva, Christian Muleka Mwewa, Cristina Fernandes Rosa, Daniele Alfonso Ramirez, Fernanda Castro de Queiroz, L\u00edvia de Paula Machado Pasqua, Rosil\u00e2ndia da Cruz Eduardo<br \/><\/span><\/span><\/p>\n<\/p>\n<hr \/>\n<p style=\"text-align: left;\"><span style=\"font-family: georgia, palatino, serif; font-size: 12pt;\"><span style=\"font-family: 'trebuchet ms', geneva, sans-serif;\"><strong>PESQUISAS ORIENTADAS<\/strong><\/span><\/span><\/p>\n<p style=\"padding-left: 40px; text-align: left;\">MESTRADO<\/p>\n<p style=\"padding-left: 40px; text-align: left;\"><span style=\"font-family: georgia, palatino, serif; font-size: 12pt;\"><span style=\"font-family: 'trebuchet ms', geneva, sans-serif; font-size: 10pt;\"><strong>\ud83d\udcd9 PERFORMANCE E IMPROVISA\u00c7\u00c3O NO KRUMP: UMA ETNOGRAFIA<\/strong><\/span><\/span><span style=\"font-family: georgia, palatino, serif; font-size: 12pt;\"><span style=\"font-family: 'trebuchet ms', geneva, sans-serif; font-size: 10pt;\"><br \/>Orientando: Ta\u00eds Ferreira Rodrigues (2024)<br \/>Coorientador: Ana Cristina Ribeiro Silva<br \/>Curso: Mestrado em Artes C\u00eanicas &#8211; Universidade Federal de Uberl\u00e2ndia<\/span><\/span><\/p>\n<\/p>\n<p style=\"padding-left: 40px; text-align: left;\">\n<div class=\"ms-editor-squiggler\" style=\"color: initial; font: initial; background: initial; background-blend-mode: initial; border: initial; border-radius: initial; border-collapse: initial; caption-side: initial; clear: initial; columns: initial; column-fill: initial; column-rule: initial; column-span: initial; cursor: initial; flex: initial; flex-flow: initial; float: initial; height: 0px; letter-spacing: initial; margin: initial; max-height: initial; max-width: initial; min-height: initial; min-width: initial; overflow: initial; padding: initial; text-align: left; text-decoration: initial; text-indent: initial; text-transform: initial; vertical-align: initial; border-spacing: initial; width: initial;\">\u00a0<\/div>\n<div class=\"ms-editor-squiggler\" style=\"color: initial; font: initial; background: initial; background-blend-mode: initial; border: initial; border-radius: initial; border-collapse: initial; caption-side: initial; clear: initial; columns: initial; column-fill: initial; column-rule: initial; column-span: initial; cursor: initial; flex: initial; flex-flow: initial; float: initial; height: 0px; letter-spacing: initial; margin: initial; max-height: initial; max-width: initial; min-height: initial; min-width: initial; overflow: initial; padding: initial; text-align: left; text-decoration: initial; text-indent: initial; text-transform: initial; vertical-align: initial; border-spacing: initial; width: initial;\">\u00a0<\/div>\n<div class=\"ms-editor-squiggler\" style=\"color: initial; font: initial; background: initial; background-blend-mode: initial; border: initial; border-radius: initial; border-collapse: initial; caption-side: initial; clear: initial; columns: initial; column-fill: initial; column-rule: initial; column-span: initial; cursor: initial; flex: initial; flex-flow: initial; float: initial; height: 0px; letter-spacing: initial; margin: initial; max-height: initial; max-width: initial; min-height: initial; min-width: initial; overflow: initial; padding: initial; text-align: left; text-decoration: initial; text-indent: initial; text-transform: initial; vertical-align: initial; border-spacing: initial; width: initial;\">\u00a0<\/div>\n<div class=\"ms-editor-squiggler\" style=\"color: initial; font: initial; background: initial; background-blend-mode: initial; border: initial; border-radius: initial; border-collapse: initial; caption-side: initial; clear: initial; columns: initial; column-fill: initial; column-rule: initial; column-span: initial; cursor: initial; flex: initial; flex-flow: initial; float: initial; height: 0px; letter-spacing: initial; margin: initial; max-height: initial; max-width: initial; min-height: initial; min-width: initial; overflow: initial; padding: initial; text-align: left; text-decoration: initial; text-indent: initial; text-transform: initial; vertical-align: initial; border-spacing: initial; width: initial;\">\u00a0<\/div>\n<div class=\"ms-editor-squiggler\" style=\"color: initial; font: initial; background: initial; background-blend-mode: initial; border: initial; border-radius: initial; border-collapse: initial; caption-side: initial; clear: initial; columns: initial; column-fill: initial; column-rule: initial; column-span: initial; cursor: initial; flex: initial; flex-flow: initial; float: initial; height: 0px; letter-spacing: initial; margin: initial; max-height: initial; max-width: initial; min-height: initial; min-width: initial; overflow: initial; padding: initial; text-align: left; text-decoration: initial; text-indent: initial; text-transform: initial; vertical-align: initial; border-spacing: initial; width: initial;\">\u00a0<\/div>","protected":false},"excerpt":{"rendered":"<p>Ana Cristina Ribeiro Silva \/\u00a0Curr\u00edculum LattesLinha de Pesquisa: Processos de Cria\u00e7\u00e3o e Po\u00e9ticas do CotidianoE-mail: ana.cristina@ufpel.edu.br Forma\u00e7\u00e3o acad\u00eamicaNa Universidade Federal de Pelotas (UFPel) esta como Coordenadora do curso de Dan\u00e7a Licenciatura, \u00e9 docente respons\u00e1vel pelos componentes curriculares: Laborat\u00f3rio de Dan\u00e7as Urbanas e Anatomia-Cinesiologia, coordena o projeto de pesquisas L.U.A. (Laborat\u00f3rio Ubuntu Afeto\/Arte\/Afrodiasp\u00f3ricas\/Am\u00e9ricas), tamb\u00e9m \u00e9 pesquisadora [&hellip;]<\/p>\n","protected":false},"author":1258,"featured_media":0,"parent":0,"menu_order":0,"comment_status":"closed","ping_status":"closed","template":"","meta":{"footnotes":""},"class_list":["post-11060","page","type-page","status-publish","hentry"],"_links":{"self":[{"href":"https:\/\/wp.ufpel.edu.br\/ppgartes\/wp-json\/wp\/v2\/pages\/11060","targetHints":{"allow":["GET"]}}],"collection":[{"href":"https:\/\/wp.ufpel.edu.br\/ppgartes\/wp-json\/wp\/v2\/pages"}],"about":[{"href":"https:\/\/wp.ufpel.edu.br\/ppgartes\/wp-json\/wp\/v2\/types\/page"}],"author":[{"embeddable":true,"href":"https:\/\/wp.ufpel.edu.br\/ppgartes\/wp-json\/wp\/v2\/users\/1258"}],"replies":[{"embeddable":true,"href":"https:\/\/wp.ufpel.edu.br\/ppgartes\/wp-json\/wp\/v2\/comments?post=11060"}],"version-history":[{"count":4,"href":"https:\/\/wp.ufpel.edu.br\/ppgartes\/wp-json\/wp\/v2\/pages\/11060\/revisions"}],"predecessor-version":[{"id":11118,"href":"https:\/\/wp.ufpel.edu.br\/ppgartes\/wp-json\/wp\/v2\/pages\/11060\/revisions\/11118"}],"wp:attachment":[{"href":"https:\/\/wp.ufpel.edu.br\/ppgartes\/wp-json\/wp\/v2\/media?parent=11060"}],"curies":[{"name":"wp","href":"https:\/\/api.w.org\/{rel}","templated":true}]}}