{"id":11041,"date":"2025-07-11T03:07:22","date_gmt":"2025-07-11T06:07:22","guid":{"rendered":"https:\/\/wp.ufpel.edu.br\/ppgartes\/?page_id=11041"},"modified":"2025-07-15T20:56:35","modified_gmt":"2025-07-15T23:56:35","slug":"ricardo-henrique-ayres-alves","status":"publish","type":"page","link":"https:\/\/wp.ufpel.edu.br\/ppgartes\/ricardo-henrique-ayres-alves\/","title":{"rendered":"Ricardo Henrique Ayres Alves"},"content":{"rendered":"\n<figure class=\"wp-block-image size-full is-resized is-style-default\"><img width=\"1050\" height=\"1253\" src=\"https:\/\/wp.ufpel.edu.br\/ppgartes\/files\/2025\/07\/FOTO-Ricardo-Ayres.jpg\" alt=\"\" class=\"wp-image-11166\" style=\"aspect-ratio:1;object-fit:cover;width:350px\" srcset=\"https:\/\/wp.ufpel.edu.br\/ppgartes\/files\/2025\/07\/FOTO-Ricardo-Ayres.jpg 1050w, https:\/\/wp.ufpel.edu.br\/ppgartes\/files\/2025\/07\/FOTO-Ricardo-Ayres-335x400.jpg 335w, https:\/\/wp.ufpel.edu.br\/ppgartes\/files\/2025\/07\/FOTO-Ricardo-Ayres-858x1024.jpg 858w, https:\/\/wp.ufpel.edu.br\/ppgartes\/files\/2025\/07\/FOTO-Ricardo-Ayres-768x916.jpg 768w\" sizes=\"(max-width: 1050px) 100vw, 1050px\" \/><\/figure>\n\n\n<p style=\"text-align: left;\"><span style=\"font-family: georgia, palatino, serif; font-size: 12pt;\"><span style=\"font-size: 18pt;\"><strong><span style=\"font-family: 'trebuchet ms', geneva, sans-serif;\">Ricardo Henrique Ayres Alves <span style=\"font-size: 10pt; color: #999999;\">\/\u00a0<\/span><\/span><\/strong><\/span><span style=\"font-family: 'trebuchet ms', geneva, sans-serif; font-size: 10pt;\"><a href=\"http:\/\/lattes.cnpq.br\/7515345224876748\"><span style=\"color: #999999;\">Curr\u00edculum Lattes<\/span><\/a><br \/><strong>Linha de Pesquisa<\/strong>: <a href=\"https:\/\/wp.ufpel.edu.br\/ppgartes\/linhas-de-pesquisa\/\">Hist\u00f3rias e Teorias das Artes e Transversalidade<\/a><br \/><\/span><\/span><span style=\"font-family: georgia, palatino, serif; font-size: 12pt;\"><span style=\"font-family: 'trebuchet ms', geneva, sans-serif; font-size: 10pt;\"><strong>E-mail:<\/strong> ricardohaa@gmail.com<\/span><\/span><\/p>\n<p style=\"text-align: left;\"><span style=\"font-family: georgia, palatino, serif; font-size: 12pt;\"><span style=\"font-family: 'trebuchet ms', geneva, sans-serif; font-size: 10pt;\"><strong>Forma\u00e7\u00e3o acad\u00eamica<br \/><\/strong><\/span><\/span><span style=\"font-family: 'trebuchet ms', geneva, sans-serif; font-size: 10pt;\">Doutor e Mestre em Artes Visuais (PPGAV\/UFRGS), \u00e1rea de concentra\u00e7\u00e3o Hist\u00f3ria, Teoria e Cr\u00edtica de Arte. Bacharel em Artes Visuais (FURG), \u00eanfase em Hist\u00f3ria, Teoria e Cr\u00edtica de Arte, com mobilidade acad\u00eamica no curso de Antropologia (ISCSP, ULisboa). Licenciado em Artes Visuais (IFSul). Professor do Centro de Artes da Universidade Federal de Pelotas (UFPel), atuando na gradua\u00e7\u00e3o em Artes Visuais e Museologia, na Especializa\u00e7\u00e3o em Artes (presencial e EaD) e no Programa de P\u00f3s-Gradua\u00e7\u00e3o em Artes (PPGARTES). Coordenador da Especializa\u00e7\u00e3o em Artes EaD (UAB\/UFPel), do projeto Hist\u00f3rias da arte e hist\u00f3rias da aids desde o Brasil: discursos sobre o corpo e a enfermidade na arte contempor\u00e2nea e do Laborat\u00f3rio de Arte e Cultura Visual (LACV). Participa dos grupos de pesquisa Arte e sua hist\u00f3ria: visualidades, discursos e sentidos (UFPel), Deslocamentos da Fotografia na Arte (UFRGS) e Apagamentos da mem\u00f3ria na arte (UFRGS). Integra a equipe do Museu Afro-Brasil-Sul (MABSul\/UFPel). Tutor volunt\u00e1rio do PET-Sa\u00fade Equidade (2024-). Membro do Comit\u00ea Brasileiro de Hist\u00f3ria da Arte (CBHA) e da Associa\u00e7\u00e3o Nacional de Pesquisadores em Artes Pl\u00e1sticas (ANPAP), onde atua como 2 Secret\u00e1rio da Diretoria 2025-2026, al\u00e9m de ter sido representante estadual do RS no bi\u00eanio 2023-2024. Autor do livro Miasmas e met\u00e1foras da aids nas Artes Visuais (Ed. da FURG, 2021). Artista visual. Seus interesses de pesquisa orbitam a arte contempor\u00e2nea e sua hist\u00f3ria a partir de interse\u00e7\u00f5es com o corpo, o HIV\/aids, a sexualidade e o cotidiano.<\/span><\/p>\n<\/p>\n<hr \/>\n<p style=\"text-align: left;\"><span style=\"font-family: georgia, palatino, serif; font-size: 12pt;\"><span style=\"font-family: 'trebuchet ms', geneva, sans-serif;\"><strong>PROJETOS DE PESQUISAS<\/strong><\/span><\/span><\/p>\n<p style=\"padding-left: 40px; text-align: left;\"><span style=\"font-family: georgia, palatino, serif; font-size: 12pt;\"><span style=\"font-family: 'trebuchet ms', geneva, sans-serif; font-size: 10pt;\"><strong>\ud83d\udcc2 <a href=\"https:\/\/institucional.ufpel.edu.br\/projetos\/id\/u5681\">Hist\u00f3rias da arte e hist\u00f3rias da aids desde o Brasil: discursos sobre o corpo e a enfermidade na arte contempor\u00e2nea<\/a><\/strong><br \/>Grupo de Pesquisa:\u00a0<\/span><\/span><\/p>\n<p style=\"padding-left: 40px; text-align: left;\"><span style=\"font-family: georgia, palatino, serif; font-size: 12pt;\"><span style=\"font-family: 'trebuchet ms', geneva, sans-serif; font-size: 10pt;\"><strong>\ud83d\udcc2 <a href=\"https:\/\/institucional.ufpel.edu.br\/projetos\/id\/u8537\">Laborat\u00f3rio de Arte e Cultura Visual (LACV)<\/a><\/strong><br \/>Grupo de Pesquisa:\u00a0<\/span><\/span><\/p>\n<\/p>\n<hr \/>\n<p style=\"text-align: left;\"><span style=\"font-family: georgia, palatino, serif; font-size: 12pt;\"><span style=\"font-family: 'trebuchet ms', geneva, sans-serif;\"><strong>GRUPOS DE PESQUISAS<\/strong><\/span><\/span><\/p>\n<p style=\"text-align: left; padding-left: 40px;\"><span style=\"font-family: georgia, palatino, serif; font-size: 12pt;\"><span style=\"font-family: 'trebuchet ms', geneva, sans-serif; font-size: 10pt;\"><strong>\ud83d\uddc2\ufe0f <a href=\"http:\/\/dgp.cnpq.br\/dgp\/espelhogrupo\/537098\" target=\"_blank\" rel=\"noopener\">Apagamentos da mem\u00f3ria na arte<\/a> (UFRGS)<br \/><\/strong><\/span><\/span><span style=\"font-family: 'trebuchet ms', geneva, sans-serif; font-size: 10pt;\">L\u00edder(es) do grupo: M\u00f4nica Zielinsky<br \/><\/span><span style=\"font-family: georgia, palatino, serif; font-size: 12pt;\"><span style=\"font-family: 'trebuchet ms', geneva, sans-serif; font-size: 10pt;\">Docentes participantes: Alexandre Ricardo dos Santos, Eduardo Ferreira Veras, Eduardo Jorge Nascimento de Oliveira, Katia Maria Kariya Prates, Laura Borsa Cattani, Luiz Cl\u00e1udio da Costa, Maria de F\u00e1tima Morethy Couto, Marilice Villeroy Corona, M\u00f4nica Zielinsky, Munir Klamt Souza, Niura Aparecida Legramante Ribeiro, Paula Viviane Ramos, Ricardo Henrique Ayres Alves, Roberto Lu\u00eds Torres Conduru, Rodrigo Montero, Sheila Cabo Geraldo<\/span><\/span><\/p>\n<p style=\"padding-left: 40px; text-align: left;\"><span style=\"font-family: georgia, palatino, serif; font-size: 12pt;\"><span style=\"font-family: 'trebuchet ms', geneva, sans-serif; font-size: 10pt;\"><strong>\ud83d\uddc2\ufe0f <a href=\"http:\/\/dgp.cnpq.br\/dgp\/espelhogrupo\/537098\" target=\"_blank\" rel=\"noopener\">Arte e sua hist\u00f3ria: visualidades, discursos e sentidos<\/a><br \/><\/strong><\/span><\/span><span style=\"font-family: 'trebuchet ms', geneva, sans-serif; font-size: 10pt;\">L\u00edder(es) do grupo: Rogerio Vanderlei de Lima Trindade<br \/><\/span><span style=\"font-family: georgia, palatino, serif; font-size: 12pt;\"><span style=\"font-family: 'trebuchet ms', geneva, sans-serif; font-size: 10pt;\">Docentes participantes: Ana Paula Parise Malavolta, Aryana Lucia Rech, Fabio Daniel Vieira, Manoel Gildo Alves Neto, Marcelo de Andrade Pereira, Marcia Gonzalez Feij\u00f3, Maur\u00edlio Bertazzo Schuquel, <a href=\"https:\/\/wp.ufpel.edu.br\/ppgartes\/neiva-maria-fonseca-bohns\/\">Neiva Maria Fonseca Bohns<\/a>, Ricardo Henrique Ayres Alves, <a href=\"https:\/\/wp.ufpel.edu.br\/ppgartes\/rogerio-vanderlei-de-lima-trindade\/\">Rogerio Vanderlei de Lima Trindade<\/a><\/span><\/span><\/p>\n<p style=\"text-align: left; padding-left: 40px;\"><span style=\"font-family: georgia, palatino, serif; font-size: 12pt;\"><span style=\"font-family: 'trebuchet ms', geneva, sans-serif; font-size: 10pt;\"><strong>\ud83d\uddc2\ufe0f <a href=\"http:\/\/dgp.cnpq.br\/dgp\/espelhogrupo\/87174\" target=\"_blank\" rel=\"noopener\">Deslocamentos da Fotografia na Arte<\/a>\u00a0(UFRGS)<br \/><\/strong><\/span><\/span><span style=\"font-family: 'trebuchet ms', geneva, sans-serif; font-size: 10pt;\">L\u00edder(es) do grupo: Alexandre Ricardo dos Santos, Niura Aparecida Legramante Ribeiro<br \/><\/span><span style=\"font-family: georgia, palatino, serif; font-size: 12pt;\"><span style=\"font-family: 'trebuchet ms', geneva, sans-serif; font-size: 10pt;\">Docentes participantes: Alexandre Ricardo dos Santos, Annateresa Fabris, Camila Monteiro Schenkel, Charles Monteiro, Eduardo Ferreira Veras, Flavya Mutran Pereira, Jos\u00e9 Mariano Klautau de Ara\u00fajo Filho, Lu\u00edsa Martins Waetge Kiefer, M\u00f4nica Zielinsky, Niura Aparecida Legramante Ribeiro, Ricardo Henrique Ayres Alves, Rosana Horio Monteiro, Virginia Gil Araujo<\/span><\/span><\/p>\n<\/p>\n<hr \/>\n<p style=\"text-align: left;\"><span style=\"font-family: georgia, palatino, serif; font-size: 12pt;\"><span style=\"font-family: 'trebuchet ms', geneva, sans-serif;\"><strong>PESQUISAS ORIENTADAS<\/strong><\/span><\/span><\/p>\n<p style=\"padding-left: 40px; text-align: left;\">MESTRADO<\/p>\n<\/p>\n<div class=\"ms-editor-squiggler\" style=\"color: initial; font: initial; background: initial; background-blend-mode: initial; border: initial; border-radius: initial; border-collapse: initial; caption-side: initial; clear: initial; columns: initial; column-fill: initial; column-rule: initial; column-span: initial; cursor: initial; flex: initial; flex-flow: initial; float: initial; height: 0px; letter-spacing: initial; margin: initial; max-height: initial; max-width: initial; min-height: initial; min-width: initial; overflow: initial; padding: initial; text-align: left; text-decoration: initial; text-indent: initial; text-transform: initial; vertical-align: initial; border-spacing: initial; width: initial;\">\u00a0<\/div>\n<div class=\"ms-editor-squiggler\" style=\"color: initial; font: initial; background: initial; background-blend-mode: initial; border: initial; border-radius: initial; border-collapse: initial; caption-side: initial; clear: initial; columns: initial; column-fill: initial; column-rule: initial; column-span: initial; cursor: initial; flex: initial; flex-flow: initial; float: initial; height: 0px; letter-spacing: initial; margin: initial; max-height: initial; max-width: initial; min-height: initial; min-width: initial; overflow: initial; padding: initial; text-align: left; text-decoration: initial; text-indent: initial; text-transform: initial; vertical-align: initial; border-spacing: initial; width: initial;\">\u00a0<\/div>\n<div class=\"ms-editor-squiggler\" style=\"color: initial; font: initial; background: initial; background-blend-mode: initial; border: initial; border-radius: initial; border-collapse: initial; caption-side: initial; clear: initial; columns: initial; column-fill: initial; column-rule: initial; column-span: initial; cursor: initial; flex: initial; flex-flow: initial; float: initial; height: 0px; letter-spacing: initial; margin: initial; max-height: initial; max-width: initial; min-height: initial; min-width: initial; overflow: initial; padding: initial; text-align: left; text-decoration: initial; text-indent: initial; text-transform: initial; vertical-align: initial; border-spacing: initial; width: initial;\">\u00a0<\/div>\n<div class=\"ms-editor-squiggler\" style=\"color: initial; font: initial; background: initial; background-blend-mode: initial; border: initial; border-radius: initial; border-collapse: initial; caption-side: initial; clear: initial; columns: initial; column-fill: initial; column-rule: initial; column-span: initial; cursor: initial; flex: initial; flex-flow: initial; float: initial; height: 0px; letter-spacing: initial; margin: initial; max-height: initial; max-width: initial; min-height: initial; min-width: initial; overflow: initial; padding: initial; text-align: left; text-decoration: initial; text-indent: initial; text-transform: initial; vertical-align: initial; border-spacing: initial; width: initial;\">\u00a0<\/div>\n<div class=\"ms-editor-squiggler\" style=\"color: initial; font: initial; background: initial; background-blend-mode: initial; border: initial; border-radius: initial; border-collapse: initial; caption-side: initial; clear: initial; columns: initial; column-fill: initial; column-rule: initial; column-span: initial; cursor: initial; flex: initial; flex-flow: initial; float: initial; height: 0px; letter-spacing: initial; margin: initial; max-height: initial; max-width: initial; min-height: initial; min-width: initial; overflow: initial; padding: initial; text-align: left; text-decoration: initial; text-indent: initial; text-transform: initial; vertical-align: initial; border-spacing: initial; width: initial;\">\u00a0<\/div>\n<div class=\"ms-editor-squiggler\" style=\"color: initial; font: initial; background: initial; background-blend-mode: initial; border: initial; border-radius: initial; border-collapse: initial; caption-side: initial; clear: initial; columns: initial; column-fill: initial; column-rule: initial; column-span: initial; cursor: initial; flex: initial; flex-flow: initial; float: initial; height: 0px; letter-spacing: initial; margin: initial; max-height: initial; max-width: initial; min-height: initial; min-width: initial; overflow: initial; padding: initial; text-align: left; text-decoration: initial; text-indent: initial; text-transform: initial; vertical-align: initial; border-spacing: initial; width: initial;\">\u00a0<\/div>\n<div class=\"ms-editor-squiggler\" style=\"color: initial; font: initial; background: initial; background-blend-mode: initial; border: initial; border-radius: initial; border-collapse: initial; caption-side: initial; clear: initial; columns: initial; column-fill: initial; column-rule: initial; column-span: initial; cursor: initial; flex: initial; flex-flow: initial; float: initial; height: 0px; letter-spacing: initial; margin: initial; max-height: initial; max-width: initial; min-height: initial; min-width: initial; overflow: initial; padding: initial; text-align: left; text-decoration: initial; text-indent: initial; text-transform: initial; vertical-align: initial; border-spacing: initial; width: initial;\">\u00a0<\/div>\n<div class=\"ms-editor-squiggler\" style=\"color: initial; font: initial; background: initial; background-blend-mode: initial; border: initial; border-radius: initial; border-collapse: initial; caption-side: initial; clear: initial; columns: initial; column-fill: initial; column-rule: initial; column-span: initial; cursor: initial; flex: initial; flex-flow: initial; float: initial; height: 0px; letter-spacing: initial; margin: initial; max-height: initial; max-width: initial; min-height: initial; min-width: initial; overflow: initial; padding: initial; text-align: left; text-decoration: initial; text-indent: initial; text-transform: initial; vertical-align: initial; border-spacing: initial; width: initial;\">\u00a0<\/div>\n<div class=\"ms-editor-squiggler\" style=\"color: initial; font: initial; background: initial; background-blend-mode: initial; border: initial; border-radius: initial; border-collapse: initial; caption-side: initial; clear: initial; columns: initial; column-fill: initial; column-rule: initial; column-span: initial; cursor: initial; flex: initial; flex-flow: initial; float: initial; height: 0px; letter-spacing: initial; margin: initial; max-height: initial; max-width: initial; min-height: initial; min-width: initial; overflow: initial; padding: initial; text-align: left; text-decoration: initial; text-indent: initial; text-transform: initial; vertical-align: initial; border-spacing: initial; width: initial;\">\u00a0<\/div>\n<div class=\"ms-editor-squiggler\" style=\"color: initial; font: initial; background: initial; background-blend-mode: initial; border: initial; border-radius: initial; border-collapse: initial; caption-side: initial; clear: initial; columns: initial; column-fill: initial; column-rule: initial; column-span: initial; cursor: initial; flex: initial; flex-flow: initial; float: initial; height: 0px; letter-spacing: initial; margin: initial; max-height: initial; max-width: initial; min-height: initial; min-width: initial; overflow: initial; padding: initial; text-align: left; text-decoration: initial; text-indent: initial; text-transform: initial; vertical-align: initial; border-spacing: initial; width: initial;\">\u00a0<\/div>","protected":false},"excerpt":{"rendered":"<p>Ricardo Henrique Ayres Alves \/\u00a0Curr\u00edculum LattesLinha de Pesquisa: Hist\u00f3rias e Teorias das Artes e TransversalidadeE-mail: ricardohaa@gmail.com Forma\u00e7\u00e3o acad\u00eamicaDoutor e Mestre em Artes Visuais (PPGAV\/UFRGS), \u00e1rea de concentra\u00e7\u00e3o Hist\u00f3ria, Teoria e Cr\u00edtica de Arte. Bacharel em Artes Visuais (FURG), \u00eanfase em Hist\u00f3ria, Teoria e Cr\u00edtica de Arte, com mobilidade acad\u00eamica no curso de Antropologia (ISCSP, ULisboa). [&hellip;]<\/p>\n","protected":false},"author":1258,"featured_media":0,"parent":0,"menu_order":0,"comment_status":"closed","ping_status":"closed","template":"","meta":{"footnotes":""},"class_list":["post-11041","page","type-page","status-publish","hentry"],"_links":{"self":[{"href":"https:\/\/wp.ufpel.edu.br\/ppgartes\/wp-json\/wp\/v2\/pages\/11041","targetHints":{"allow":["GET"]}}],"collection":[{"href":"https:\/\/wp.ufpel.edu.br\/ppgartes\/wp-json\/wp\/v2\/pages"}],"about":[{"href":"https:\/\/wp.ufpel.edu.br\/ppgartes\/wp-json\/wp\/v2\/types\/page"}],"author":[{"embeddable":true,"href":"https:\/\/wp.ufpel.edu.br\/ppgartes\/wp-json\/wp\/v2\/users\/1258"}],"replies":[{"embeddable":true,"href":"https:\/\/wp.ufpel.edu.br\/ppgartes\/wp-json\/wp\/v2\/comments?post=11041"}],"version-history":[{"count":3,"href":"https:\/\/wp.ufpel.edu.br\/ppgartes\/wp-json\/wp\/v2\/pages\/11041\/revisions"}],"predecessor-version":[{"id":11167,"href":"https:\/\/wp.ufpel.edu.br\/ppgartes\/wp-json\/wp\/v2\/pages\/11041\/revisions\/11167"}],"wp:attachment":[{"href":"https:\/\/wp.ufpel.edu.br\/ppgartes\/wp-json\/wp\/v2\/media?parent=11041"}],"curies":[{"name":"wp","href":"https:\/\/api.w.org\/{rel}","templated":true}]}}