{"id":11004,"date":"2025-07-11T00:22:45","date_gmt":"2025-07-11T03:22:45","guid":{"rendered":"https:\/\/wp.ufpel.edu.br\/ppgartes\/?page_id=11004"},"modified":"2025-07-15T20:48:48","modified_gmt":"2025-07-15T23:48:48","slug":"daniel-bruno-momoli","status":"publish","type":"page","link":"https:\/\/wp.ufpel.edu.br\/ppgartes\/daniel-bruno-momoli\/","title":{"rendered":"Daniel Bruno Momoli"},"content":{"rendered":"\n<figure class=\"wp-block-image size-full is-resized is-style-default\"><img width=\"1158\" height=\"1544\" src=\"https:\/\/wp.ufpel.edu.br\/ppgartes\/files\/2025\/07\/FOTO-Daniel-Momoli.jpg\" alt=\"\" class=\"wp-image-11142\" style=\"aspect-ratio:1;object-fit:cover;width:350px\" srcset=\"https:\/\/wp.ufpel.edu.br\/ppgartes\/files\/2025\/07\/FOTO-Daniel-Momoli.jpg 1158w, https:\/\/wp.ufpel.edu.br\/ppgartes\/files\/2025\/07\/FOTO-Daniel-Momoli-300x400.jpg 300w, https:\/\/wp.ufpel.edu.br\/ppgartes\/files\/2025\/07\/FOTO-Daniel-Momoli-768x1024.jpg 768w, https:\/\/wp.ufpel.edu.br\/ppgartes\/files\/2025\/07\/FOTO-Daniel-Momoli-1152x1536.jpg 1152w\" sizes=\"(max-width: 1158px) 100vw, 1158px\" \/><\/figure>\n\n\n<p style=\"text-align: left;\"><span style=\"font-family: georgia, palatino, serif; font-size: 12pt;\"><span style=\"font-size: 18pt;\"><strong><span style=\"font-family: 'trebuchet ms', geneva, sans-serif;\">Daniel Bruno Momoli <span style=\"font-size: 10pt; color: #999999;\">\/\u00a0<\/span><\/span><\/strong><\/span><span style=\"font-family: 'trebuchet ms', geneva, sans-serif; font-size: 10pt;\"><a href=\"http:\/\/lattes.cnpq.br\/7701594143194418\" target=\"_blank\" rel=\"noopener\"><span style=\"color: #999999;\">Curr\u00edculum Lattes<\/span><\/a><br \/><strong>Linha de Pesquisa<\/strong>: <a href=\"https:\/\/wp.ufpel.edu.br\/ppgartes\/linhas-de-pesquisa\/\">Educa\u00e7\u00e3o em Artes e Processos de Forma\u00e7\u00e3o Est\u00e9tica<\/a><br \/><\/span><\/span><span style=\"font-family: georgia, palatino, serif; font-size: 12pt;\"><span style=\"font-family: 'trebuchet ms', geneva, sans-serif; font-size: 10pt;\"><strong>Vincula\u00e7\u00e3o institucional<\/strong>: Professor Associado na Universidade Federal de Pelotas<\/span><\/span><\/p>\n<p style=\"text-align: left;\"><span style=\"font-family: georgia, palatino, serif; font-size: 12pt;\"><span style=\"font-family: 'trebuchet ms', geneva, sans-serif; font-size: 10pt;\"><strong><br \/>Forma\u00e7\u00e3o acad\u00eamica<\/strong><br \/>Doutor e Mestre em Educa\u00e7\u00e3o pela Universidade Federal do Rio Grande do Sul, Especialista em Educa\u00e7\u00e3o Interdisciplinar pelo Instituto de Desenvolvimento do Alto Uruguai, Licenciado em Artes pela Universidade do Oeste de Santa Catarina. Professor da Universidade Federal de Pelotas e coordenador do N\u00facleo Did\u00e1ticoPedag\u00f3gico do Museu de Arte Leopoldo Gotuzzo (MALG UFPel). \u00c9 Vice-l\u00edder do Arteversa-Grupo de estudos e pesquisas em arte e doc\u00eancia (UFRGS\/CNPq) e pesquisador vinculado grupo Flume-Educa\u00e7\u00e3o e Artes Visuais (UERGS\/CNPq). Foi Vice-presidente da Federa\u00e7\u00e3o de Arte Educadores do Brasil-FAEB (2019-2020) e foi Professor Visitante da Universitat de Lleida (Espanha).<br \/><\/span><\/span><\/p>\n<p style=\"text-align: left;\"><span style=\"font-family: georgia, palatino, serif; font-size: 12pt;\"><span style=\"font-family: 'trebuchet ms', geneva, sans-serif; font-size: 10pt;\"><strong>E-mail<\/strong>: ursularsilva@gmail.com<\/span><\/span><\/p>\n<hr \/>\n<p style=\"text-align: left;\"><span style=\"font-family: georgia, palatino, serif; font-size: 12pt;\"><span style=\"font-family: 'trebuchet ms', geneva, sans-serif;\"><strong>PROJETOS DE PESQUISAS<\/strong><\/span><\/span><\/p>\n<p style=\"padding-left: 40px; text-align: left;\"><span style=\"font-family: georgia, palatino, serif; font-size: 12pt;\"><span style=\"font-family: 'trebuchet ms', geneva, sans-serif; font-size: 10pt;\"><strong>\ud83d\udcc2 As pr\u00e1ticas escolares no ensino da arte: um estudo com docentes que atuam em escolas p\u00fablicas da regi\u00e3o de Pelotas (RS)<\/strong><br \/><\/span><\/span><\/p>\n<p style=\"padding-left: 40px; text-align: left;\"><span style=\"font-family: georgia, palatino, serif; font-size: 12pt;\"><span style=\"font-family: 'trebuchet ms', geneva, sans-serif; font-size: 10pt;\"><strong>\ud83d\udcc2 <a href=\"https:\/\/institucional.ufpel.edu.br\/projetos\/id\/u7034\">Os imagin\u00e1rios po\u00e9tico-pedag\u00f3gicos da doc\u00eancia em arte<\/a><\/strong><br \/><\/span><\/span><\/p>\n<hr \/>\n<p style=\"text-align: left;\"><span style=\"font-family: georgia, palatino, serif; font-size: 12pt;\"><span style=\"font-family: 'trebuchet ms', geneva, sans-serif;\"><strong>GRUPOS DE PESQUISAS<\/strong><\/span><\/span><\/p>\n<p style=\"padding-left: 40px; text-align: left;\"><span style=\"font-family: georgia, palatino, serif; font-size: 12pt;\"><span style=\"font-family: 'trebuchet ms', geneva, sans-serif; font-size: 10pt;\"><strong>\ud83d\uddc2\ufe0f <a href=\"http:\/\/dgp.cnpq.br\/dgp\/espelhogrupo\/190768\" target=\"_blank\" rel=\"noopener\">ARTEVERSA &#8211; Grupo de estudo e pesquisa em arte e doc\u00eancia<\/a><br \/><\/strong><\/span><\/span><span style=\"font-family: 'trebuchet ms', geneva, sans-serif; font-size: 10pt;\">L\u00edder(es) do grupo: Luciana Gruppelli Loponte, Daniel Bruno Momoli<\/span><\/p>\n<hr \/>\n<p style=\"text-align: left;\"><span style=\"font-family: georgia, palatino, serif; font-size: 12pt;\"><span style=\"font-family: 'trebuchet ms', geneva, sans-serif;\"><strong>PESQUISAS ORIENTADAS<\/strong><\/span><\/span><\/p>\n<div class=\"ms-editor-squiggler\" style=\"color: initial; font: initial; background: initial; background-blend-mode: initial; border: initial; border-radius: initial; border-collapse: initial; caption-side: initial; clear: initial; columns: initial; column-fill: initial; column-rule: initial; column-span: initial; cursor: initial; flex: initial; flex-flow: initial; float: initial; height: 0px; letter-spacing: initial; margin: initial; max-height: initial; max-width: initial; min-height: initial; min-width: initial; overflow: initial; padding: initial; text-align: left; text-decoration: initial; text-indent: initial; text-transform: initial; vertical-align: initial; border-spacing: initial; width: initial;\">\u00a0<\/div>\n<div class=\"ms-editor-squiggler\" style=\"color: initial; font: initial; background: initial; background-blend-mode: initial; border: initial; border-radius: initial; border-collapse: initial; caption-side: initial; clear: initial; columns: initial; column-fill: initial; column-rule: initial; column-span: initial; cursor: initial; flex: initial; flex-flow: initial; float: initial; height: 0px; letter-spacing: initial; margin: initial; max-height: initial; max-width: initial; min-height: initial; min-width: initial; overflow: initial; padding: initial; text-align: left; text-decoration: initial; text-indent: initial; text-transform: initial; vertical-align: initial; border-spacing: initial; width: initial;\">\u00a0<\/div>","protected":false},"excerpt":{"rendered":"<p>Daniel Bruno Momoli \/\u00a0Curr\u00edculum LattesLinha de Pesquisa: Educa\u00e7\u00e3o em Artes e Processos de Forma\u00e7\u00e3o Est\u00e9ticaVincula\u00e7\u00e3o institucional: Professor Associado na Universidade Federal de Pelotas Forma\u00e7\u00e3o acad\u00eamicaDoutor e Mestre em Educa\u00e7\u00e3o pela Universidade Federal do Rio Grande do Sul, Especialista em Educa\u00e7\u00e3o Interdisciplinar pelo Instituto de Desenvolvimento do Alto Uruguai, Licenciado em Artes pela Universidade do Oeste [&hellip;]<\/p>\n","protected":false},"author":1258,"featured_media":0,"parent":0,"menu_order":0,"comment_status":"closed","ping_status":"closed","template":"","meta":{"footnotes":""},"class_list":["post-11004","page","type-page","status-publish","hentry"],"_links":{"self":[{"href":"https:\/\/wp.ufpel.edu.br\/ppgartes\/wp-json\/wp\/v2\/pages\/11004","targetHints":{"allow":["GET"]}}],"collection":[{"href":"https:\/\/wp.ufpel.edu.br\/ppgartes\/wp-json\/wp\/v2\/pages"}],"about":[{"href":"https:\/\/wp.ufpel.edu.br\/ppgartes\/wp-json\/wp\/v2\/types\/page"}],"author":[{"embeddable":true,"href":"https:\/\/wp.ufpel.edu.br\/ppgartes\/wp-json\/wp\/v2\/users\/1258"}],"replies":[{"embeddable":true,"href":"https:\/\/wp.ufpel.edu.br\/ppgartes\/wp-json\/wp\/v2\/comments?post=11004"}],"version-history":[{"count":3,"href":"https:\/\/wp.ufpel.edu.br\/ppgartes\/wp-json\/wp\/v2\/pages\/11004\/revisions"}],"predecessor-version":[{"id":11143,"href":"https:\/\/wp.ufpel.edu.br\/ppgartes\/wp-json\/wp\/v2\/pages\/11004\/revisions\/11143"}],"wp:attachment":[{"href":"https:\/\/wp.ufpel.edu.br\/ppgartes\/wp-json\/wp\/v2\/media?parent=11004"}],"curies":[{"name":"wp","href":"https:\/\/api.w.org\/{rel}","templated":true}]}}