{"id":10005,"date":"2023-08-05T11:29:29","date_gmt":"2023-08-05T14:29:29","guid":{"rendered":"https:\/\/wp.ufpel.edu.br\/ppgartes\/?page_id=10005"},"modified":"2023-09-01T14:19:03","modified_gmt":"2023-09-01T17:19:03","slug":"perguntas-frequentes-dos-docentes","status":"publish","type":"page","link":"https:\/\/wp.ufpel.edu.br\/ppgartes\/perguntas-frequentes-dos-docentes\/","title":{"rendered":"Perguntas Frequentes dos Docentes"},"content":{"rendered":"\n<p><strong>Como encaminhar Bancas de Defesa Final e Qualifica\u00e7\u00e3o?<\/strong><\/p>\n\n\n\n<p>Com 40 dias de anteced\u00eancia da realiza\u00e7\u00e3o da banca, o orientador dever\u00e1 proceder no SEI:<\/p>\n\n\n\n<p>1) O orientador dever\u00e1 abrir um processo no SEI do tipo \u201cP\u00f3s-Gradua\u00e7\u00e3o: Bancas Examinadoras \u2013 Indica\u00e7\u00e3o e Atua\u00e7\u00e3o \u2013 Stricto Sensu\u201d.<br>Preencher a Especifica\u00e7\u00e3o: \u201cEncaminhamento Defesa de Tese \u2013 aluno X\u201d, \u201cEncaminhamento Defesa de Disserta\u00e7\u00e3o \u2013 aluno X\u201d ou \u201cEncaminhamento de Exame de Qualifica\u00e7\u00e3o \u2013 aluno X\u201d.<\/p>\n\n\n\n<p>2) Incluir o formul\u00e1rio: \u201cPRPPG Formul\u00e1rio 4 \u2013 Encaminhamento de Defesa\u201d.<br>Preencher e assinar.<\/p>\n\n\n\n<p>3) Enviar o processo para o PPGAVI (PPGArtes).<\/p>\n\n\n\n<p>O processo ser\u00e1 recebido na secretaria e encaminhado para aprova\u00e7\u00e3o da banca em reuni\u00e3o.<\/p>\n\n\n\n<p><strong>Como marcar salas para as defesas finais e qualifica\u00e7\u00e3o?<\/strong><\/p>\n\n\n\n<p> MARCA\u00c7\u00c3O DE SALA: Se presencial, encaminhar um e-mail para o PPGArtes para marca\u00e7\u00e3o da SALA 313.<br>A ocupa\u00e7\u00e3o da SALA 313 pode ser consultada aqui:&nbsp;<a rel=\"noreferrer noopener\" href=\"https:\/\/wp.ufpel.edu.br\/ppgartes\/agenda-ppgav\/salas-do-ppgav\/\" target=\"_blank\">https:\/\/wp.ufpel.edu.br\/ppgartes\/agenda-ppgav\/salas-do-ppgav\/<\/a><\/p>\n\n\n\n<p><strong>Como contar com o apoio dos t\u00e9cnicos respons\u00e1veis pelos equipamentos de webconfer\u00eancia para bancas de defesa?<\/strong><\/p>\n\n\n\n<p>O docente dever\u00e1 entrar em contato com o LIG \u2013 Laborat\u00f3rio de Inform\u00e1tica da Gradua\u00e7\u00e3o. O LIG oferece acesso a computadores conectados \u00e0 internet para docentes, discentes e t\u00e9cnicos administrativos do Centro de Artes.<\/p>\n\n\n\n<p>Tipos de demandas:<\/p>\n\n\n\n<ul class=\"wp-block-list\">\n<li>Consultas na internet<\/li>\n\n\n\n<li>Trabalhos de ilustra\u00e7\u00e3o<\/li>\n\n\n\n<li>Edi\u00e7\u00f5es de v\u00eddeo<\/li>\n\n\n\n<li>Oficinas para pequenos grupos (somente por agendamento)<\/li>\n\n\n\n<li>Web-conferencias<\/li>\n<\/ul>\n\n\n\n<p><a href=\"https:\/\/wp.ufpel.edu.br\/ligca\/\">https:\/\/wp.ufpel.edu.br\/ligca\/<\/a><br><a href=\"https:\/\/wp.ufpel.edu.br\/ligca\/contato\/\">https:\/\/wp.ufpel.edu.br\/ligca\/contato\/<\/a><\/p>\n\n\n\n<p><\/p>\n\n\n\n<p><strong>Como gerar ATAS DE DEFESA FINAL DE DISSERTA\u00c7\u00c3O?<\/strong><\/p>\n\n\n\n<p>Seguir os procedimentos do \u201cTutorial para confec\u00e7\u00e3o das ATAS de defesa final\u201d, que passar\u00e1 a ser realizada pelo Professor(a) Orientador(a), assim que ocorrer a defesa.<\/p>\n\n\n\n<p><object data=\"https:\/\/wp.ufpel.edu.br\/ppgartes\/files\/2023\/08\/Tutorial-para-confeccao-das-ATAS-de-defesa-final.pdf\" type=\"application\/pdf\"><\/object><a href=\"https:\/\/wp.ufpel.edu.br\/ppgartes\/files\/2023\/08\/Tutorial-para-confeccao-das-ATAS-de-defesa-final.pdf\">Tutorial-para-confeccao-das-ATAS-de-defesa-final<\/a><a href=\"https:\/\/wp.ufpel.edu.br\/ppgartes\/files\/2023\/08\/Tutorial-para-confeccao-das-ATAS-de-defesa-final.pdf\">Baixar<\/a><\/p>\n\n\n\n<p>GERAR a ata em pdf, adicionar ao processo de encaminhamento de defesa, e encaminhar ao colegiado para registro e aprova\u00e7\u00e3o em reuni\u00e3o (homologa\u00e7\u00e3o).<\/p>\n\n\n\n<p><strong>Como gerar ATAS DE QUALIFICA\u00c7\u00c3O?<\/strong><\/p>\n\n\n\n<p>Preencher o modelo abaixo, assinar pelo GOV.BR e enviar para a secretaria.<\/p>\n\n\n\n<div class=\"wp-block-file\"><a id=\"wp-block-file--media-6cdb8d09-40e2-4f08-b2a8-61cc2a4de5ac\" href=\"https:\/\/wp.ufpel.edu.br\/ppgartes\/files\/2023\/08\/MODELO-de-Ata-de-Exame-de-Qualificacao.docx\">MODELO de Ata de Exame de Qualifica\u00e7\u00e3o<\/a><a href=\"https:\/\/wp.ufpel.edu.br\/ppgartes\/files\/2023\/08\/MODELO-de-Ata-de-Exame-de-Qualificacao.docx\" class=\"wp-block-file__button wp-element-button\" download aria-describedby=\"wp-block-file--media-6cdb8d09-40e2-4f08-b2a8-61cc2a4de5ac\">Baixar<\/a><\/div>\n\n\n\n<p><strong>Como Encaminhar Disserta\u00e7\u00f5es?<\/strong><\/p>\n\n\n\n<ol class=\"wp-block-list\">\n<li>O orientador dever\u00e1 abrir um processo no SEI do tipo &#8220;P\u00f3s-Gradua\u00e7\u00e3o: Disserta\u00e7\u00e3o e Tese &#8211; Stricto Sensu&#8221;.<\/li>\n\n\n\n<li>Preencher a Especifica\u00e7\u00e3o: \u201cEncaminhamento Arquivo Final da Disserta\u00e7\u00e3o \u2013 aluno X\u201d.<\/li>\n\n\n\n<li> Incluir o arquivo em pdf da disserta\u00e7\u00e3o (tamanho m\u00e1ximo 10 Mb).<\/li>\n\n\n\n<li>Incluir o arquivo <a href=\"https:\/\/wp.ufpel.edu.br\/ppgartes\/files\/2021\/05\/Termo-de-autorizacao-para-inserir-teses-e-dissertacoes-1.docx\">Termo de autoriza\u00e7\u00e3o para inserir teses e disserta\u00e7\u00f5es<\/a>&nbsp;assinado e digitalizado.<\/li>\n\n\n\n<li>Incluir um despacho com o seguinte texto e assinar pelo SEI: &#8220;Eu, XXXXXX, orientador(a) da Disserta\u00e7\u00e3o do discente XXXXXXXXXXXXX intitulada XXXXXX, li e autorizo a entrega do texto final \u00e0 secretaria do PPGArtes para as provid\u00eancias cab\u00edveis.&#8221; ou adicionar o arquivo <a rel=\"noreferrer noopener\" href=\"https:\/\/wp.ufpel.edu.br\/ppgartes\/files\/2020\/11\/Termo-de-Entrega-da-Versao-Final-da-Dissertacao-PPGAVI.doc\" target=\"_blank\">Termo de entrega da vers\u00e3o final da disserta\u00e7\u00e3o<\/a>&nbsp;assinado e digitalizado<\/li>\n\n\n\n<li>Enviar o processo para o PPGArtes.<\/li>\n<\/ol>\n\n\n\n<p><strong>Como cadastrar uma NOVA Disciplina?<\/strong><\/p>\n\n\n\n<p>Com anteced\u00eancia de a\u00b4proximadamente 3 meses, tendo em vista aprova\u00e7\u00e3o no Colegiado, Conselho do CA,  COCEPE e cadastro na PRPPG:<\/p>\n\n\n\n<p>1) Abrir um processo no SEI do tipo \u201cP\u00f3s-Gradua\u00e7\u00e3o: Programa Anal\u00edtico e ementa de Disciplina\u201d<br>2) Incluir o documento \u201cPRPPG Programa Anal\u00edtico de Disciplinas\u201d, preencher com os dados da disciplina e assinar.<br>3) Enviar o processo para o PPGAVI (PPGArtes).<\/p>\n\n\n\n<p><\/p>\n\n\n\n<p><strong>Como solicito DI\u00c1RIAS E PASSAGENS?<\/strong><\/p>\n\n\n\n<p><strong>Para CONVIDADOS COM SIAPE<\/strong><\/p>\n\n\n\n<p>Solicita\u00e7\u00f5es de di\u00e1rias e passagens para&nbsp;<strong>CONVIDADOS COM SIAPE&nbsp;<\/strong>devem ser encaminhadas para aprova\u00e7\u00e3o em reuni\u00e3o, com anteced\u00eancia m\u00ednima de 50 dias para passagens a\u00e9reas nacionais e 30 dias para outras situa\u00e7\u00f5es. Em anexo &#8220;Formul\u00e1rio para CONVIDADOS &#8211; 2023&#8221; a ser preenchido com os dados do convidado.<\/p>\n\n\n\n<div class=\"wp-block-file\"><a id=\"wp-block-file--media-7a005d28-07d1-43a8-99cf-82659d552315\" href=\"https:\/\/wp.ufpel.edu.br\/ppgartes\/files\/2023\/08\/Formulario-para-CONVIDADOS-2023.docx\">Formul\u00e1rio para CONVIDADOS &#8211; 2023<\/a><a href=\"https:\/\/wp.ufpel.edu.br\/ppgartes\/files\/2023\/08\/Formulario-para-CONVIDADOS-2023.docx\" class=\"wp-block-file__button wp-element-button\" download aria-describedby=\"wp-block-file--media-7a005d28-07d1-43a8-99cf-82659d552315\">Baixar<\/a><\/div>\n\n\n\n<p><\/p>\n\n\n\n<p>Para <strong>CONVIDADOS SEM SIAPE<\/strong> s\u00e3o necess\u00e1rios, al\u00e9m do &#8220;Formul\u00e1rio para CONVIDADOS &#8211; 2023&#8221;:<\/p>\n\n\n\n<p>&#8211; c\u00f3pia de Carteira de Identidade e CPF em pdf;<\/p>\n\n\n\n<p>&#8211; Curr\u00edculo Lattes em PDF;<\/p>\n\n\n\n<p>&#8211; reda\u00e7\u00e3o de texto para NOTA T\u00c9CNICA, explicando a necessidade e import\u00e2ncia da vinda do convidado sem SIAPE.<\/p>\n\n\n\n<div class=\"wp-block-file\"><a id=\"wp-block-file--media-d097af78-29fd-4910-bbba-6b318abbeef2\" href=\"https:\/\/wp.ufpel.edu.br\/ppgartes\/files\/2023\/08\/MODELO-PARA-NOTA-TECNICA-DE-CONVIDADOS-SEM-SIAPE.docx\">MODELO PARA NOTA TECNICA DE CONVIDADOS SEM SIAPE<\/a><a href=\"https:\/\/wp.ufpel.edu.br\/ppgartes\/files\/2023\/08\/MODELO-PARA-NOTA-TECNICA-DE-CONVIDADOS-SEM-SIAPE.docx\" class=\"wp-block-file__button wp-element-button\" download aria-describedby=\"wp-block-file--media-d097af78-29fd-4910-bbba-6b318abbeef2\">Baixar<\/a><\/div>\n\n\n\n<p><strong>Como proceder para meu afastamento \u00e0 servi\u00e7o no pa\u00eds?<\/strong><br>Orienta\u00e7\u00e3o de preenchimento em:<br><a href=\"https:\/\/wp.ufpel.edu.br\/ca\/area-do-servidor\/\">https:\/\/wp.ufpel.edu.br\/ca\/area-do-servidor\/<\/a><\/p>\n\n\n\n<p><strong>Como proceder para meu afastamento \u00e0 servi\u00e7o no Exterior?<\/strong><br><a href=\"https:\/\/wp.ufpel.edu.br\/ca\/area-do-servidor\/\">https:\/\/wp.ufpel.edu.br\/ca\/area-do-servidor\/<\/a><\/p>\n\n\n\n<p><\/p>\n\n\n\n<p><strong>Como fa\u00e7o minha ASSINATURA COM CERTIFICA\u00c7\u00c3O DIGITAL pelo Gov.BR?<\/strong><\/p>\n\n\n\n<p>A assinatura eletr\u00f4nica permite que voc\u00ea assine um documento em meio digital a partir da sua conta gov.br. O documento com a assinatura digital tem a mesma validade de um documento com assinatura f\u00edsica e \u00e9 regulamentado pelo <a href=\"http:\/\/www.planalto.gov.br\/ccivil_03\/_Ato2019-2022\/2020\/Decreto\/D10543.htm\">Decreto N\u00ba 10.543, de 13\/11\/2020<\/a>.<\/p>\n\n\n\n<p>Quem pode usar o servi\u00e7o:<\/p>\n\n\n\n<p>Para utilizar o servi\u00e7o da assinatura digital do gov.br, voc\u00ea precisa ter uma conta validada por:<\/p>\n\n\n\n<p><mark>Reconhecimento facial realizada pelo aplicativo gov.br. (<a href=\"https:\/\/www.gov.br\/governodigital\/pt-br\/assinatura-eletronica\/baixar-app-govbr\/\">Baixar aqui)<\/a><br>Bancos credenciados;<br>Certificado digital;<\/mark><\/p>\n\n\n\n<p><br><a href=\"https:\/\/confiabilidades.acesso.gov.br\/\">Verifique aqui&nbsp;<\/a>se sua conta no gov.br est\u00e1 validada para utilizar a assinatura digital.<\/p>\n\n\n\n<p>Tamb\u00e9m pode acessar o passo a passo para assinatura aqui:<\/p>\n\n\n\n<div data-wp-interactive=\"core\/file\" class=\"wp-block-file\"><object data-wp-bind--hidden=\"!state.hasPdfPreview\" hidden class=\"wp-block-file__embed\" data=\"https:\/\/wp.ufpel.edu.br\/ppgartes\/files\/2023\/08\/TUTORIAL-para-ASSINATURA-DIGITAL.pdf\" type=\"application\/pdf\" style=\"width:100%;height:600px\" aria-label=\"Incorporado de TUTORIAL-para-ASSINATURA-DIGITAL.\"><\/object><a id=\"wp-block-file--media-e4c7227d-4c92-4331-b4c2-dc109b4fdb89\" href=\"https:\/\/wp.ufpel.edu.br\/ppgartes\/files\/2023\/08\/TUTORIAL-para-ASSINATURA-DIGITAL.pdf\">TUTORIAL-para-ASSINATURA-DIGITAL<\/a><a href=\"https:\/\/wp.ufpel.edu.br\/ppgartes\/files\/2023\/08\/TUTORIAL-para-ASSINATURA-DIGITAL.pdf\" class=\"wp-block-file__button wp-element-button\" download aria-describedby=\"wp-block-file--media-e4c7227d-4c92-4331-b4c2-dc109b4fdb89\">Baixar<\/a><\/div>\n","protected":false},"excerpt":{"rendered":"<p>Como encaminhar Bancas de Defesa Final e Qualifica\u00e7\u00e3o? Com 40 dias de anteced\u00eancia da realiza\u00e7\u00e3o da banca, o orientador dever\u00e1 proceder no SEI: 1) O orientador dever\u00e1 abrir um processo no SEI do tipo \u201cP\u00f3s-Gradua\u00e7\u00e3o: Bancas Examinadoras \u2013 Indica\u00e7\u00e3o e Atua\u00e7\u00e3o \u2013 Stricto Sensu\u201d.Preencher a Especifica\u00e7\u00e3o: \u201cEncaminhamento Defesa de Tese \u2013 aluno X\u201d, \u201cEncaminhamento Defesa [&hellip;]<\/p>\n","protected":false},"author":1258,"featured_media":0,"parent":0,"menu_order":0,"comment_status":"closed","ping_status":"closed","template":"","meta":{"footnotes":""},"class_list":["post-10005","page","type-page","status-publish","hentry"],"_links":{"self":[{"href":"https:\/\/wp.ufpel.edu.br\/ppgartes\/wp-json\/wp\/v2\/pages\/10005","targetHints":{"allow":["GET"]}}],"collection":[{"href":"https:\/\/wp.ufpel.edu.br\/ppgartes\/wp-json\/wp\/v2\/pages"}],"about":[{"href":"https:\/\/wp.ufpel.edu.br\/ppgartes\/wp-json\/wp\/v2\/types\/page"}],"author":[{"embeddable":true,"href":"https:\/\/wp.ufpel.edu.br\/ppgartes\/wp-json\/wp\/v2\/users\/1258"}],"replies":[{"embeddable":true,"href":"https:\/\/wp.ufpel.edu.br\/ppgartes\/wp-json\/wp\/v2\/comments?post=10005"}],"version-history":[{"count":23,"href":"https:\/\/wp.ufpel.edu.br\/ppgartes\/wp-json\/wp\/v2\/pages\/10005\/revisions"}],"predecessor-version":[{"id":10175,"href":"https:\/\/wp.ufpel.edu.br\/ppgartes\/wp-json\/wp\/v2\/pages\/10005\/revisions\/10175"}],"wp:attachment":[{"href":"https:\/\/wp.ufpel.edu.br\/ppgartes\/wp-json\/wp\/v2\/media?parent=10005"}],"curies":[{"name":"wp","href":"https:\/\/api.w.org\/{rel}","templated":true}]}}