{"id":822,"date":"2019-05-24T10:55:10","date_gmt":"2019-05-24T13:55:10","guid":{"rendered":"https:\/\/wp.ufpel.edu.br\/ppgant\/?page_id=822"},"modified":"2026-04-09T15:42:05","modified_gmt":"2026-04-09T18:42:05","slug":"documentos","status":"publish","type":"page","link":"https:\/\/wp.ufpel.edu.br\/ppgant\/documentos\/","title":{"rendered":"Documentos"},"content":{"rendered":"<p><span id=\"regimento\" style=\"color: black; width: 700px; text-align: left;\"><strong>1) Regimentos e Normativas<\/strong><\/span><\/p>\n<ol id=\"mostrar1\">\n<li><a href=\"https:\/\/wp.ufpel.edu.br\/ppgant\/files\/2019\/07\/Regimento-Strictu-Sensu.doc\">Regimento Geral dos Cursos de P\u00f3s-Gradua\u00e7\u00e3o Strictu Sensu<\/a><\/li>\n<li><a href=\"https:\/\/wp.ufpel.edu.br\/ppgant\/files\/2019\/07\/Regimento-Geral-da-PRPPGI.doc\">Regimento Geral da PRPPGI<\/a><\/li>\n<li><a href=\"https:\/\/wp.ufpel.edu.br\/ppgant\/files\/2025\/09\/SEI_3231025_Parecer_Normativo_COCEPE_116.pdf\">Regimento Interno PPGAnt\u00a0<\/a><\/li>\n<li><a href=\"https:\/\/wp.ufpel.edu.br\/ppgant\/files\/2025\/05\/Cartilha-Pos-graduacao-PPGANT-1.pdf\">Cartilha Discente para Discente<\/a><\/li>\n<\/ol>\n<p><span id=\"formulario1\" style=\"color: black; width: 700px; text-align: left;\"><strong>2) + Formul\u00e1rios de Sele\u00e7\u00e3o &#8211; Mestrado e Doutorado e demais anexos de sele\u00e7\u00e3o<\/strong><\/span><\/p>\n<ol id=\"mostrar2\">\n<li><a href=\"https:\/\/wp.ufpel.edu.br\/ppgant\/files\/2023\/10\/Formulario-de-Inscricao-Mestrado-Novo.docx\">Formul\u00e1rio de Inscri\u00e7\u00e3o &#8211; Mestrado<\/a><\/li>\n<li><a href=\"https:\/\/wp.ufpel.edu.br\/ppgant\/files\/2023\/10\/Formulario-Inscricao-Doutorado-Novo.docx\">Formul\u00e1rio Inscri\u00e7\u00e3o &#8211; Doutorado<\/a><\/li>\n<li><a href=\"https:\/\/wp.ufpel.edu.br\/ppgant\/files\/2019\/07\/Formul\u00e1rio-de-Requerimento-Aluno-Regular-Mestrado-e-Doutorado.doc\">Formul\u00e1rio de Requerimento &#8211; Aluno Regular &#8211; Mestrado e Doutorado<\/a><\/li>\n<li><a href=\"https:\/\/wp.ufpel.edu.br\/ppgant\/files\/2024\/01\/AUTODECLARACAO-ETNICO-RACIAL-NOVO.docx\">Formul\u00e1rio de Declara\u00e7\u00e3o de Etnia<\/a><\/li>\n<li><a href=\"https:\/\/wp.ufpel.edu.br\/ppgant\/files\/2023\/10\/Autodeclaracao-de-Identidade-de-Genero.pdf\">Formul\u00e1rio de Autodeclara\u00e7\u00e3o de identidade de g\u00eanero<\/a><\/li>\n<li><a href=\"https:\/\/wp.ufpel.edu.br\/ppgant\/files\/2024\/01\/AUTODECLARACAO-Quilombolas.docx\">Formul\u00e1rio de Autodeclara\u00e7\u00e3o de Quilombola<\/a><\/li>\n<li><a href=\"https:\/\/wp.ufpel.edu.br\/ppgant\/files\/2024\/01\/AUTODECLARACAO-Indigenas.docx\">Formul\u00e1rio de Autodeclara\u00e7\u00e3o de Ind\u00edgena<\/a><\/li>\n<li><a href=\"https:\/\/wp.ufpel.edu.br\/ppgant\/files\/2024\/01\/DECLARACAO-DE-PERTENCIMENTO-ETNICO-E-DE-RESIDENCIA-Quilombolas.docx\">Declara\u00e7\u00e3o de Pertencimento \u00c9tnico e de Resid\u00eancia Quilombolas<\/a><\/li>\n<li><a href=\"https:\/\/wp.ufpel.edu.br\/ppgant\/files\/2024\/01\/DECLARACAO-DE-PERTENCIMENTO-ETNICO-E-RESIDENCIA-Indigenas.docx\">Declara\u00e7\u00e3o de pertencimento \u00e9tnico e resid\u00eancia Ind\u00edgenas<\/a><\/li>\n<li><a href=\"https:\/\/wp.ufpel.edu.br\/ppgant\/files\/2024\/09\/ANEXO-I-Carta-Compromisso-1.docx\">Modelo de Carta de Compromisso de aplica\u00e7\u00e3o em outro PPG<\/a><\/li>\n<li><a href=\"https:\/\/wp.ufpel.edu.br\/prppg\/files\/2024\/04\/Autodeclaracao-Deficiencia.docx\">Autodeclara\u00e7\u00e3o de defici\u00eancia<\/a><\/li>\n<\/ol>\n<p><span id=\"formulario2\" style=\"color: black; width: 700px; text-align: left;\"><strong>3) + Formul\u00e1rios de Matr\u00edcula &#8211; Mestrado e Doutorado<\/strong><\/span><\/p>\n<ol id=\"mostrar3\">\n<li><a href=\"https:\/\/wp.ufpel.edu.br\/ppgant\/files\/2019\/07\/Formul%C3%A1rio-de-Matr%C3%ADcula.doc\">Formul\u00e1rio de Matr\u00edcula<\/a><\/li>\n<li><a href=\"https:\/\/wp.ufpel.edu.br\/ppgant\/files\/2019\/07\/Formul\u00e1rio-para-inscri\u00e7\u00e3o-de-aluno-em-Regime-Especial-\u2013-Mestrado-e-Doutorado.docx\">Requerimento para inscri\u00e7\u00e3o de aluno em Regime Especial &#8211; Mestrado e Doutorado<\/a><\/li>\n<\/ol>\n<p><span id=\"formulario3\" style=\"color: black; width: 700px; text-align: left;\"><strong>4) + Formul\u00e1rios de Disciplinas &#8211; Mestrado e Doutorado<\/strong><\/span><\/p>\n<ol id=\"mostrar4\">\n<li><a href=\"https:\/\/wp.ufpel.edu.br\/ppgant\/files\/2021\/04\/Formulario-de-Aproveitamento-de-Disciplina.docx\">Formul\u00e1rio de Aproveitamento de Disciplina\u00a0<\/a><\/li>\n<li><a style=\"color: black; width: 700px; text-align: left;\" href=\"https:\/\/wp.ufpel.edu.br\/ppgant\/files\/2019\/07\/Formul\u00e1rio-de-Cancelamento-de-Disciplina-Mestrado-e-Doutorado.doc\">Formul\u00e1rio de Cancelamento de Disciplina &#8211; Mestrado e Doutorado<\/a><\/li>\n<\/ol>\n<p><span id=\"formulario4\" style=\"color: black; width: 700px; text-align: left;\"><strong>5) + Formul\u00e1rios de Defesa e Exame de Qualifica\u00e7\u00e3o &#8211; Mestrado e Doutorado<\/strong><\/span><\/p>\n<ol id=\"mostrar5\">\n<li><a href=\"https:\/\/wp.ufpel.edu.br\/ppgant\/2025\/02\/03\/informacoes-sobre-defesa-de-dissertacao-tese\/\">Informa\u00e7\u00f5es sobre defesa de disserta\u00e7\u00e3o\/tese<\/a><\/li>\n<li><a href=\"https:\/\/wp.ufpel.edu.br\/ppgant\/2023\/08\/23\/documentos-necessarios-para-defesa-de-dissertacao-de-mestrado-tese-de-doutorado\/\">Documentos necess\u00e1rios para Defesa de Disserta\u00e7\u00e3o de Mestrado\/Tese de Doutorado;<\/a><\/li>\n<li><a href=\"https:\/\/wp.ufpel.edu.br\/ppgant\/2023\/08\/23\/documentos-necessarios-para-a-qualificacao-de-mestrado-doutorado\/\">Documentos necess\u00e1rios para a qualifica\u00e7\u00e3o de Mestrado\/Doutorado.<\/a><\/li>\n<\/ol>\n<p><span id=\"formulario5\" style=\"color: black; width: 700px; text-align: left;\"><strong>6) + Documentos para Entrega da Vers\u00e3o Final &#8211; Mestrado e Doutorado<\/strong><\/span><\/p>\n<ol id=\"mostrar6\">\n<li><a href=\"https:\/\/wp.ufpel.edu.br\/ppgant\/files\/2024\/06\/TUTORIAL-FICHAS-2023-1.pdf\">Gera\u00e7\u00e3o de Ficha Catalogr\u00e1fica<\/a><\/li>\n<li><a href=\"https:\/\/wp.ufpel.edu.br\/ppgant\/files\/2025\/07\/Termo-Dissertacoes-e-Teses-07-2025-1-1.pdf\">Termo de autoriza\u00e7\u00e3o teses e disserta\u00e7\u00f5es da biblioteca;<\/a><\/li>\n<li><a href=\"https:\/\/wp.ufpel.edu.br\/ppgant\/files\/2019\/07\/Termo-de-Entrega-da-Vers\u00e3o-Final.doc\">Termo de Entrega da Vers\u00e3o Final;<\/a><\/li>\n<li><a href=\"https:\/\/wp.ufpel.edu.br\/sisbi\/files\/2023\/11\/Manual-versao-final-novembro-1.pdf\">Manual de Teses e Disserta\u00e7\u00f5es atualizado (obrigat\u00f3rio a partir de mar\u00e7o de 2024) &#8211; SisBi UFPel &#8211; Estrutura da Tese ou Disserta\u00e7\u00e3o;<\/a><\/li>\n<\/ol>\n<p><span id=\"formulario6\" style=\"color: black; width: 700px; text-align: left;\"><strong>7) + Documentos para cadastro de bolsa &#8211; Mestrado e Doutorado<\/strong><\/span><\/p>\n<ol id=\"mostrar7\">\n<li><a href=\"https:\/\/wp.ufpel.edu.br\/ppgant\/files\/2019\/07\/Portaria-N\u00ba-76-de-14-de-abril-de-2010-e-Regulamento-da-Demanda-Social.pdf\">Portaria N\u00ba 76, de 14 de abril de 2010, Regulamento da Demanda Social<\/a><\/li>\n<li><a href=\"https:\/\/wp.ufpel.edu.br\/ppgant\/portaria-no-187-de-28-de-setembro-de-2023\/\">Portaria N\u00ba187, de 28 de setembro de 2023 que regulamenta ac\u00famulo de bolsas e atividades remuneradas.<\/a><\/li>\n<li><a href=\"https:\/\/wp.ufpel.edu.br\/ppgant\/sei_ufpel-2373244-resolucao-59-2023-1\/\">Resolu\u00e7\u00e3o N\u00ba59 do COCEPE, de 04 de outubro de 2023 que regulamenta a distribui\u00e7\u00e3o de bolsas na UFPEL<\/a><\/li>\n<li><a href=\"https:\/\/wp.ufpel.edu.br\/ppgant\/cnpq-doi-portaria_no-2-346_agosto_2025-acumulo-de-bolsas\/\">CNPq-DOI-Portaria_N\u00ba 2.346_AGOSTO_2025-acumulo de bolsas<\/a><\/li>\n<li><a href=\"https:\/\/wp.ufpel.edu.br\/ppgant\/lei_no-14-925-2024-prorrogacao-de-prazos-por-parto_nascimento_similar\/\">LEI_N\u00ba 14.925-2024-prorrogacao de prazos por parto_nascimento_similar<\/a><\/li>\n<li><a href=\"https:\/\/wp.ufpel.edu.br\/ppgant\/files\/2022\/02\/Formulario-de-Cadastramento-de-Bolsa-4.xlsx\">Formul\u00e1rio-de-Cadastramento-de-Bolsa<\/a><\/li>\n<li><a href=\"https:\/\/wp.ufpel.edu.br\/ppgant\/files\/2019\/07\/formul\u00e1rio-cancelamento-2.xls\">Formul\u00e1rio de Cancelamento<\/a><\/li>\n<li><a href=\"https:\/\/wp.ufpel.edu.br\/ppgant\/documentos\/termo-de-compromisso-1-3\/\">Termo de Compromisso <\/a><\/li>\n<li><a href=\"https:\/\/wp.ufpel.edu.br\/ppgant\/files\/2024\/11\/DeclaraodeAcmulos1.docx\">Declara\u00e7\u00e3o de Ac\u00famulos de atividades<\/a><\/li>\n<li><a href=\"https:\/\/wp.ufpel.edu.br\/ppgant\/formulario-de-prorrogacao-3\/\">Formul\u00e1rio de Prorroga\u00e7\u00e3o<\/a><\/li>\n<li><a href=\"https:\/\/wp.ufpel.edu.br\/ppgant\/formulario-para-solicitacao-de-interrupsusp-de-bolsa\/\">Formul\u00e1rio para Solicita\u00e7\u00e3o de InterrupSusp de Bolsa<\/a><\/li>\n<li><a href=\"https:\/\/wp.ufpel.edu.br\/ppgant\/formulario-para-reativacao-de-bolsa-2\/\">Formul\u00e1rio para Reativa\u00e7\u00e3o de Bolsa<\/a><\/li>\n<li><a href=\"https:\/\/wp.ufpel.edu.br\/ppgant\/regulamento-de-bolsas-2026\/\">CRIT\u00c9RIOS DE CONCESS\u00c3O, MANUTEN\u00c7\u00c3O E RENOVA\u00c7\u00c3O DE BOLSAS DE MESTRADO E DOUTORADO &#8211; REGULAMENTO 2026\/01<\/a><\/li>\n<\/ol>\n<p><span id=\"formulario7\" style=\"color: black; width: 700px; text-align: left;\"><strong>8) Documentos relacionados \u00e0 verba PROAP<\/strong><\/span><\/p>\n<ol>\n<li><a href=\"https:\/\/wp.ufpel.edu.br\/ppgant\/files\/2024\/01\/Relatorio-de-Viagem1.docx\">Discente &#8211; Relat\u00f3rio de viagem para presta\u00e7\u00e3o de contas para sa\u00edda de campo<\/a><\/li>\n<li><a href=\"https:\/\/wp.ufpel.edu.br\/ppgant\/files\/2025\/06\/Modelo-de-Orcamento-a-ser-fornecido-pelos-fornecedores-1.docx\">Modelo de or\u00e7amento a ser fornecido pelos fornecedores<\/a><\/li>\n<li><a href=\"https:\/\/wp.ufpel.edu.br\/ppgant\/files\/2025\/06\/Modelo-ETP.docx\">Modelo de ETP<\/a><\/li>\n<li><a href=\"https:\/\/wp.ufpel.edu.br\/ppgant\/files\/2025\/07\/Formulario-Auxilio-Aluno.pdf\">Formul\u00e1rio de aux\u00edlio Aluno<\/a><\/li>\n<\/ol>\n<p><span style=\"color: #000000;\"><strong>9) PROGRAMA INSTITUCIONAL DE DOUTORADO SANDU\u00cdCHE NO EXTERIOR (PDSE) \u2013 2025<\/strong><\/span><\/p>\n<p><a href=\"https:\/\/wp.ufpel.edu.br\/prppg\/pdse-capes\/pdse-%202025\/\">https:\/\/wp.ufpel.edu.br\/prppg\/pdse-capes\/pdse-%202025\/<\/a><\/p>\n<p>&nbsp;<\/p>\n","protected":false},"excerpt":{"rendered":"<p>1) Regimentos e Normativas Regimento Geral dos Cursos de P\u00f3s-Gradua\u00e7\u00e3o Strictu Sensu Regimento Geral da PRPPGI Regimento Interno PPGAnt\u00a0 Cartilha Discente para Discente 2) + Formul\u00e1rios de Sele\u00e7\u00e3o &#8211; Mestrado e Doutorado e demais anexos de sele\u00e7\u00e3o Formul\u00e1rio de Inscri\u00e7\u00e3o &#8211; Mestrado Formul\u00e1rio Inscri\u00e7\u00e3o &#8211; Doutorado Formul\u00e1rio de Requerimento &#8211; Aluno Regular &#8211; Mestrado e [&hellip;]<\/p>\n","protected":false},"author":453,"featured_media":0,"parent":0,"menu_order":0,"comment_status":"closed","ping_status":"closed","template":"","meta":{"footnotes":""},"class_list":["post-822","page","type-page","status-publish","hentry"],"jetpack_sharing_enabled":true,"_links":{"self":[{"href":"https:\/\/wp.ufpel.edu.br\/ppgant\/wp-json\/wp\/v2\/pages\/822","targetHints":{"allow":["GET"]}}],"collection":[{"href":"https:\/\/wp.ufpel.edu.br\/ppgant\/wp-json\/wp\/v2\/pages"}],"about":[{"href":"https:\/\/wp.ufpel.edu.br\/ppgant\/wp-json\/wp\/v2\/types\/page"}],"author":[{"embeddable":true,"href":"https:\/\/wp.ufpel.edu.br\/ppgant\/wp-json\/wp\/v2\/users\/453"}],"replies":[{"embeddable":true,"href":"https:\/\/wp.ufpel.edu.br\/ppgant\/wp-json\/wp\/v2\/comments?post=822"}],"version-history":[{"count":4,"href":"https:\/\/wp.ufpel.edu.br\/ppgant\/wp-json\/wp\/v2\/pages\/822\/revisions"}],"predecessor-version":[{"id":3682,"href":"https:\/\/wp.ufpel.edu.br\/ppgant\/wp-json\/wp\/v2\/pages\/822\/revisions\/3682"}],"wp:attachment":[{"href":"https:\/\/wp.ufpel.edu.br\/ppgant\/wp-json\/wp\/v2\/media?parent=822"}],"curies":[{"name":"wp","href":"https:\/\/api.w.org\/{rel}","templated":true}]}}