{"id":75,"date":"2016-09-27T11:08:20","date_gmt":"2016-09-27T14:08:20","guid":{"rendered":"https:\/\/wp.ufpel.edu.br\/ppgant\/?page_id=75"},"modified":"2020-10-05T19:25:06","modified_gmt":"2020-10-05T22:25:06","slug":"mestrado","status":"publish","type":"page","link":"https:\/\/wp.ufpel.edu.br\/ppgant\/mestrado\/","title":{"rendered":"Acad\u00eamico"},"content":{"rendered":"<p style=\"text-align: justify\"><strong>Mestrado<\/strong><\/p>\n<p style=\"text-align: justify\">A estrutura curricular do curso de Mestrado em Antropologia da UFPel comp\u00f5e-se de disciplinas obrigat\u00f3rias e eletivas, al\u00e9m do Semin\u00e1rio de Orienta\u00e7\u00e3o. Em fun\u00e7\u00e3o de suas duas \u00e1reas de concentra\u00e7\u00e3o, o curso prev\u00ea que o\/a aluno\/a que optar por integrar a \u00e1rea de concentra\u00e7\u00e3o em Antropologia dever\u00e1 cursar, como obrigat\u00f3rias, as seguintes disciplinas: Teoria Antropol\u00f3gica I, Teoria Antropol\u00f3gica II e Metodologia em Antropologia. O\/a aluno\/a que optar pela \u00e1rea de concentra\u00e7\u00e3o em Arqueologia dever\u00e1 cursar como obrigat\u00f3rias as seguintes disciplinas: Teoria Arqueol\u00f3gica I, Teoria Arqueol\u00f3gica II e Metodologia em Arqueologia. Em fun\u00e7\u00e3o da proposta interdisciplinar do curso, as disciplinas de Teoria Antropol\u00f3gica I e II e Teoria Arqueol\u00f3gica I e II poder\u00e3o ser cursadas como optativas para o\/a aluno\/a que n\u00e3o as tenha como obrigat\u00f3rias para sua \u00e1rea de concentra\u00e7\u00e3o. Essas disciplinas s\u00e3o de 4 cr\u00e9ditos e ser\u00e3o oferecidas pelo Colegiado do Curso.<\/p>\n<p class=\"texto\" style=\"text-align: justify\">As disciplinas eletivas s\u00e3o aquelas das Linhas de Pesquisa, s\u00e3o de 4 cr\u00e9ditos, oferecidas pelos\/as professores\/as permanentes e colaboradores\/as do curso e os Semin\u00e1rios Especiais I, II e III, de 2 cr\u00e9ditos, oferecidos preferencialmente por professores\/as visitantes.<br \/>\nO\/a aluno\/a dever\u00e1 integralizar obrigatoriamente 12 cr\u00e9ditos de disciplinas obrigat\u00f3rias, 12 cr\u00e9ditos entre disciplinas eletivas e semin\u00e1rios (sendo que pelo menos uma das disciplinas optativas dever\u00e1 ser cursada na Linha de Pesquisa a que o\/a aluno\/a faz parte), 4 cr\u00e9ditos do Semin\u00e1rio de Orienta\u00e7\u00e3o e 2 cr\u00e9ditos de Defesa de Disserta\u00e7\u00e3o, totalizando 30 cr\u00e9ditos no Curso.<br \/>\nComo a UFPel possui outros Mestrados na \u00e1rea das Humanidades (Ci\u00eancias Sociais, Mem\u00f3ria Social e Patrim\u00f4nio Cultural, Economia, Educa\u00e7\u00e3o, Hist\u00f3ria, Letras, entre outros), \u00e9 poss\u00edvel o\/a aluno\/a cursar outras disciplinas ou semin\u00e1rios nesses programas, ampliando seus cr\u00e9ditos optativos.<\/p>\n<p style=\"text-align: justify\"><strong>Doutorado<\/strong><\/p>\n<p class=\"p1\" style=\"text-align: justify\"><span class=\"s1\">A estrutura curricular do curso de doutorado do Programa de P\u00f3s-Gradua\u00e7\u00e3o em Antropologia da UFPel comp\u00f5em-se de disciplinas obrigat\u00f3rias e optativas, al\u00e9m do Semin\u00e1rio de Orienta\u00e7\u00e3o. Em fun\u00e7\u00e3o\u00a0<\/span><span class=\"s1\">de suas duas \u00e1reas de concentra\u00e7\u00e3o, o curso prev\u00ea que o discente que optar por integrar a \u00e1rea de concentra\u00e7\u00e3o em Antropologia Social e Cultural dever\u00e1 cursar, como obrigat\u00f3rias, as seguintes\u00a0<\/span><span class=\"s1\">disciplinas: Teoria Antropol\u00f3gica I, Teoria Antropol\u00f3gica II e Metodologia em Antropologia. O discente que optar pela \u00e1rea de concentra\u00e7\u00e3o em Arqueologia, por sua vez, dever\u00e1 cursar como obrigat\u00f3rias\u00a0<\/span><span class=\"s1\">as seguintes disciplinas: Teoria Arqueol\u00f3gica I, Teoria Arqueol\u00f3gica II e Metodologia em Arqueologia. Em fun\u00e7\u00e3o da proposta interdisciplinar do curso, as disciplinas de Teoria Antropol\u00f3gica I e II e Teoria\u00a0<\/span><span class=\"s1\">Arqueol\u00f3gica I e II poder\u00e3o ser cursadas como optativas para o discente que n\u00e3o as tenha como obrigat\u00f3rias na \u00e1rea de concentra\u00e7\u00e3o em que estiver matriculado. Essas disciplinas s\u00e3o de 4 cr\u00e9ditos e\u00a0<\/span><span class=\"s1\">ser\u00e3o oferecidas pelo PPGAnt.<\/span><\/p>\n<p class=\"p1\" style=\"text-align: justify\"><span class=\"s1\">As disciplinas optativas possuem 02 ou 04 cr\u00e9ditos e est\u00e3o vinculadas a uma ou mais linhas de pesquisa, geralmente oferecidas por docentes permanentes e colaboradores do PPGAnt. As disciplinas de\u00a0<\/span><span class=\"s1\">Semin\u00e1rios Especiais I, II, III e IV, todas com 02 cr\u00e9ditos, s\u00e3o oferecidas preferencialmente por docentes de outras institui\u00e7\u00f5es ou de outros programas de p\u00f3s-gradua\u00e7\u00e3o da UFPel.<\/span><\/p>\n<p class=\"p1\" style=\"text-align: justify\"><span class=\"s1\">O discente matriculado no curso de doutorado dever\u00e1 integralizar, no m\u00ednimo, 12 cr\u00e9ditos de disciplinas obrigat\u00f3rias, 24 de cr\u00e9ditos de disciplinas optativas, 08 cr\u00e9ditos de Semin\u00e1rio de orienta\u00e7\u00e3o e 04\u00a0<\/span><span class=\"s1\">cr\u00e9ditos relativos \u00e0 Defesa da Tese de Doutorado, totalizando 48 cr\u00e9ditos. Desse total, ao menos 24 cr\u00e9ditos poder\u00e3o ser aproveitados do mestrado, caso tenha feito o curso na \u00e1rea de concentra\u00e7\u00e3o em\u00a0<\/span><span class=\"s1\">que estiver matriculado no PPGAnt.<\/span><\/p>\n<p class=\"p1\" style=\"text-align: justify\"><span class=\"s1\">Como a UFPel possui v\u00e1rios programas de p\u00f3s-gradua\u00e7\u00e3o na grande \u00e1rea das Humanidades (Ci\u00eancias Sociais, Mem\u00f3ria Social e Patrim\u00f4nio Cultural, Educa\u00e7\u00e3o, Hist\u00f3ria etc.), o PPGAnt estimula que o\u00a0<\/span><span class=\"s1\">discente sinta-se \u00e0 vontade para cursar disciplinas em outros cursos, em aten\u00e7\u00e3o aos interesses de sua pesquisa, ampliando assim os cr\u00e9ditos em optativas.<\/span><\/p>\n<p class=\"p1\" style=\"text-align: justify\"><span class=\"s1\">O PPGAnt seguir\u00e1 com a ado\u00e7\u00e3o de a\u00e7\u00f5es afirmativas para o curso de doutorado, como j\u00e1 ocorre no de mestrado. Neste sentido, em princ\u00edpio ser\u00e3o destinadas at\u00e9 2 (duas) vagas para candidatos\u00a0<\/span><span class=\"s1\">ind\u00edgenas, negros e membros de comunidades tradicionais (quilombolas, ribeirinhas, pomeranos etc.).<\/span><\/p>\n","protected":false},"excerpt":{"rendered":"<p>Mestrado A estrutura curricular do curso de Mestrado em Antropologia da UFPel comp\u00f5e-se de disciplinas obrigat\u00f3rias e eletivas, al\u00e9m do Semin\u00e1rio de Orienta\u00e7\u00e3o. Em fun\u00e7\u00e3o de suas duas \u00e1reas de concentra\u00e7\u00e3o, o curso prev\u00ea que o\/a aluno\/a que optar por integrar a \u00e1rea de concentra\u00e7\u00e3o em Antropologia dever\u00e1 cursar, como obrigat\u00f3rias, as seguintes disciplinas: Teoria [&hellip;]<\/p>\n","protected":false},"author":453,"featured_media":0,"parent":0,"menu_order":2,"comment_status":"closed","ping_status":"closed","template":"","meta":{"footnotes":""},"class_list":["post-75","page","type-page","status-publish","hentry"],"jetpack_sharing_enabled":true,"_links":{"self":[{"href":"https:\/\/wp.ufpel.edu.br\/ppgant\/wp-json\/wp\/v2\/pages\/75","targetHints":{"allow":["GET"]}}],"collection":[{"href":"https:\/\/wp.ufpel.edu.br\/ppgant\/wp-json\/wp\/v2\/pages"}],"about":[{"href":"https:\/\/wp.ufpel.edu.br\/ppgant\/wp-json\/wp\/v2\/types\/page"}],"author":[{"embeddable":true,"href":"https:\/\/wp.ufpel.edu.br\/ppgant\/wp-json\/wp\/v2\/users\/453"}],"replies":[{"embeddable":true,"href":"https:\/\/wp.ufpel.edu.br\/ppgant\/wp-json\/wp\/v2\/comments?post=75"}],"version-history":[{"count":8,"href":"https:\/\/wp.ufpel.edu.br\/ppgant\/wp-json\/wp\/v2\/pages\/75\/revisions"}],"predecessor-version":[{"id":1368,"href":"https:\/\/wp.ufpel.edu.br\/ppgant\/wp-json\/wp\/v2\/pages\/75\/revisions\/1368"}],"wp:attachment":[{"href":"https:\/\/wp.ufpel.edu.br\/ppgant\/wp-json\/wp\/v2\/media?parent=75"}],"curies":[{"name":"wp","href":"https:\/\/api.w.org\/{rel}","templated":true}]}}