{"id":34,"date":"2016-09-27T10:33:52","date_gmt":"2016-09-27T13:33:52","guid":{"rendered":"https:\/\/wp.ufpel.edu.br\/ppgant\/?page_id=34"},"modified":"2025-11-06T10:40:20","modified_gmt":"2025-11-06T13:40:20","slug":"docentes","status":"publish","type":"page","link":"https:\/\/wp.ufpel.edu.br\/ppgant\/mestrado\/docentes\/","title":{"rendered":"Docentes"},"content":{"rendered":"<p><span class=\"Titulo2\"><a href=\"https:\/\/wp.ufpel.edu.br\/ppgant\/files\/2020\/11\/adriana-01.png\"><img class=\"alignnone wp-image-1575 alignleft\" src=\"https:\/\/wp.ufpel.edu.br\/ppgant\/files\/2020\/11\/adriana-01-400x350.png\" alt=\"\" width=\"120\" height=\"105\" srcset=\"https:\/\/wp.ufpel.edu.br\/ppgant\/files\/2020\/11\/adriana-01-400x350.png 400w, https:\/\/wp.ufpel.edu.br\/ppgant\/files\/2020\/11\/adriana-01.png 438w\" sizes=\"(max-width: 120px) 100vw, 120px\" \/><\/a><\/span><\/p>\n<p>&nbsp;<\/p>\n<p><span class=\"Titulo2\"><a href=\"http:\/\/lattes.cnpq.br\/2660699486514936\">Adriana Schmidt Dias<\/a><\/span><br \/>\nadrianasd96@gmail.com<\/p>\n<p>&nbsp;<\/p>\n<p><a href=\"https:\/\/wp.ufpel.edu.br\/ppgant\/files\/2020\/11\/adriane-01.png\"><img class=\"alignleft wp-image-1541\" src=\"https:\/\/wp.ufpel.edu.br\/ppgant\/files\/2020\/11\/adriane-01-400x350.png\" alt=\"\" width=\"120\" height=\"105\" srcset=\"https:\/\/wp.ufpel.edu.br\/ppgant\/files\/2020\/11\/adriane-01-400x350.png 400w, https:\/\/wp.ufpel.edu.br\/ppgant\/files\/2020\/11\/adriane-01.png 438w\" sizes=\"(max-width: 120px) 100vw, 120px\" \/><\/a><\/p>\n<p>&nbsp;<\/p>\n<p><a href=\"http:\/\/lattes.cnpq.br\/8870369958030574\"><span class=\"Titulo2\">Adriane Luisa Rodolpho<\/span><\/a><br \/>\nadrirodolpho@cpovo.net<\/p>\n<p>&nbsp;<\/p>\n<p><a href=\"https:\/\/wp.ufpel.edu.br\/ppgant\/files\/2020\/11\/caroline-01.png\"><img class=\"alignleft wp-image-1542\" src=\"https:\/\/wp.ufpel.edu.br\/ppgant\/files\/2020\/11\/caroline-01-400x350.png\" alt=\"\" width=\"120\" height=\"105\" srcset=\"https:\/\/wp.ufpel.edu.br\/ppgant\/files\/2020\/11\/caroline-01-400x350.png 400w, https:\/\/wp.ufpel.edu.br\/ppgant\/files\/2020\/11\/caroline-01.png 438w\" sizes=\"(max-width: 120px) 100vw, 120px\" \/><\/a><\/p>\n<p>&nbsp;<\/p>\n<p><a href=\"http:\/\/lattes.cnpq.br\/5680555123049443\">Caroline Borges<\/a><br \/>\narqueocarol@gmail.com<\/p>\n<p>&nbsp;<\/p>\n<p><a href=\"https:\/\/wp.ufpel.edu.br\/ppgant\/files\/2025\/09\/WhatsApp-Image-2025-09-15-at-12.21.12.jpeg\"><br \/>\n<img class=\"alignnone wp-image-1544 alignleft\" style=\"border-radius: 50%;\" src=\"https:\/\/wp.ufpel.edu.br\/ppgant\/files\/2025\/09\/WhatsApp-Image-2025-09-15-at-12.21.12.jpeg\" alt=\"\" width=\"120\" height=\"105\" \/><br \/>\n<\/a><\/p>\n<p>&nbsp;<\/p>\n<p><a href=\"http:\/\/lattes.cnpq.br\/8774264386533161\"><span class=\"Titulo2\">Cl\u00e1udia Turra Magni<\/span><\/a> (<span class=\"Titulo2\"><span class=\"Noticias\">Coordenadora<\/span><\/span>)<br \/>\nclauturra@yahoo.com.br<\/p>\n<p>&nbsp;<\/p>\n<p><a href=\"https:\/\/wp.ufpel.edu.br\/ppgant\/files\/2020\/11\/claudio-01.png\"> <img class=\"alignnone wp-image-1544 alignleft\" src=\"https:\/\/wp.ufpel.edu.br\/ppgant\/files\/2020\/11\/claudio-01.png\" alt=\"\" width=\"120\" height=\"105\" srcset=\"https:\/\/wp.ufpel.edu.br\/ppgant\/files\/2020\/11\/claudio-01.png 438w, https:\/\/wp.ufpel.edu.br\/ppgant\/files\/2020\/11\/claudio-01-400x350.png 400w\" sizes=\"(max-width: 120px) 100vw, 120px\" \/> <\/a><\/p>\n<p>&nbsp;<\/p>\n<p><a href=\"http:\/\/lattes.cnpq.br\/1797843594100024\"><span class=\"Titulo2\">Cl\u00e1udio Baptista Carle<\/span><\/a><br \/>\ncbcarle@yahoo.com.br<\/p>\n<p>&nbsp;<\/p>\n<p><a href=\"https:\/\/wp.ufpel.edu.br\/ppgant\/files\/2025\/02\/daniele.jpeg\"><img class=\"alignnone wp-image-1544 alignleft\" style=\"border-radius: 50%;\" src=\"https:\/\/wp.ufpel.edu.br\/ppgant\/files\/2025\/02\/daniele.jpeg\" alt=\"\" width=\"120\" height=\"105\" \/><\/a><\/p>\n<p>&nbsp;<\/p>\n<p><a href=\"http:\/\/lattes.cnpq.br\/0831071373455034\"><span class=\"Titulo2\">Daniele Borges Bezerra<\/span><\/a><br \/>\nborgesfotografia@gmail.com<\/p>\n<p>&nbsp;<\/p>\n<p><a href=\"https:\/\/wp.ufpel.edu.br\/ppgant\/files\/2020\/11\/Danilo2.jpg-01.png\"><img class=\"alignnone wp-image-1540 alignleft\" src=\"https:\/\/wp.ufpel.edu.br\/ppgant\/files\/2020\/11\/Danilo2.jpg-01-400x350.png\" alt=\"\" width=\"120\" height=\"105\" srcset=\"https:\/\/wp.ufpel.edu.br\/ppgant\/files\/2020\/11\/Danilo2.jpg-01-400x350.png 400w, https:\/\/wp.ufpel.edu.br\/ppgant\/files\/2020\/11\/Danilo2.jpg-01.png 438w\" sizes=\"(max-width: 120px) 100vw, 120px\" \/><\/a><\/p>\n<p>&nbsp;<\/p>\n<p><a href=\"http:\/\/lattes.cnpq.br\/6865729607115924\">Danilo Vicensotto Bernardo<\/a><br \/>\ndanilovber@gmail.com<\/p>\n<p>&nbsp;<\/p>\n<p style=\"text-align: left;\"><a href=\"https:\/\/wp.ufpel.edu.br\/ppgant\/files\/2025\/11\/fernanda.png\"><br \/>\n<img class=\"alignnone wp-image-1544 alignleft\" style=\"border-radius: 50%;\" src=\"https:\/\/wp.ufpel.edu.br\/ppgant\/files\/2025\/11\/fernanda.png\" alt=\"\" width=\"120\" height=\"80\" \/><br \/>\n<\/a><\/p>\n<p><a href=\"http:\/\/lattes.cnpq.br\/4787773002683297\">Fernanda Cruz Rifiotis<\/a><br \/>\nfrifiotis@gmail.com<\/p>\n<p>&nbsp;<\/p>\n<p style=\"text-align: left;\"><a href=\"https:\/\/wp.ufpel.edu.br\/ppgant\/files\/2020\/11\/flavia-01.png\"><img class=\"wp-image-1545 alignleft\" src=\"https:\/\/wp.ufpel.edu.br\/ppgant\/files\/2020\/11\/flavia-01-400x350.png\" alt=\"\" width=\"120\" height=\"105\" srcset=\"https:\/\/wp.ufpel.edu.br\/ppgant\/files\/2020\/11\/flavia-01-400x350.png 400w, https:\/\/wp.ufpel.edu.br\/ppgant\/files\/2020\/11\/flavia-01.png 438w\" sizes=\"(max-width: 120px) 100vw, 120px\" \/><\/a><\/p>\n<p>&nbsp;<\/p>\n<p style=\"text-align: left;\"><a href=\"http:\/\/lattes.cnpq.br\/6927792597690091\"><span class=\"Titulo2\">Fl\u00e1via Maria Silva Rieth<\/span><\/a><br \/>\nriethuf@uol.com.br<\/p>\n<p>&nbsp;<\/p>\n<p><span class=\"Titulo2\"><a href=\"https:\/\/wp.ufpel.edu.br\/ppgant\/files\/2020\/11\/guilhermo-01.png\"><img class=\"wp-image-1557 alignleft\" src=\"https:\/\/wp.ufpel.edu.br\/ppgant\/files\/2020\/11\/guilhermo-01-400x350.png\" alt=\"\" width=\"120\" height=\"105\" srcset=\"https:\/\/wp.ufpel.edu.br\/ppgant\/files\/2020\/11\/guilhermo-01-400x350.png 400w, https:\/\/wp.ufpel.edu.br\/ppgant\/files\/2020\/11\/guilhermo-01.png 438w\" sizes=\"(max-width: 120px) 100vw, 120px\" \/><\/a><\/span><\/p>\n<p>&nbsp;<\/p>\n<p><span class=\"Titulo2\"><a href=\"http:\/\/lattes.cnpq.br\/1930095497711385\">Guilhermo Andr\u00e9 Aderaldo<\/a> <\/span><span class=\"Noticias\"><br \/>\n<\/span>guiade@ymail.com<\/p>\n<p>&nbsp;<\/p>\n<p><a href=\"https:\/\/wp.ufpel.edu.br\/ppgant\/files\/2020\/11\/gustavo-01.png\"><img class=\"wp-image-1558 alignleft\" src=\"https:\/\/wp.ufpel.edu.br\/ppgant\/files\/2020\/11\/gustavo-01-400x350.png\" alt=\"\" width=\"120\" height=\"105\" srcset=\"https:\/\/wp.ufpel.edu.br\/ppgant\/files\/2020\/11\/gustavo-01-400x350.png 400w, https:\/\/wp.ufpel.edu.br\/ppgant\/files\/2020\/11\/gustavo-01.png 438w\" sizes=\"(max-width: 120px) 100vw, 120px\" \/><\/a><\/p>\n<p>&nbsp;<\/p>\n<p><a href=\"http:\/\/lattes.cnpq.br\/5694178763698852\">Gustavo Peretti Wagner<\/a><br \/>\ngustavo.wagner@ufpel.edu.br<\/p>\n<p>&nbsp;<\/p>\n<p><a href=\"https:\/\/wp.ufpel.edu.br\/ppgant\/files\/2025\/06\/WhatsApp-Image-2025-06-23-at-10.32.24.jpeg\"><img class=\"wp-image-1546 alignleft\" style=\"border-radius: 50%; padding-left: 13px;\" src=\"https:\/\/wp.ufpel.edu.br\/ppgant\/files\/2025\/06\/WhatsApp-Image-2025-06-23-at-10.32.24.jpeg\" alt=\"\" width=\"90\" height=\"50\" \/><\/a><\/p>\n<p>&nbsp;<\/p>\n<p><a href=\"http:\/\/lattes.cnpq.br\/6707055287046591\">Jo\u00e3o Daniel Dorneles Ramos<\/a><br \/>\njodorneles@gmail.com<\/p>\n<p>&nbsp;<\/p>\n<p><a href=\"https:\/\/wp.ufpel.edu.br\/ppgant\/files\/2025\/02\/jose-scaled.jpeg\"><img class=\"wp-image-1546 alignleft\" style=\"border-radius: 50%; padding-left: 13px;\" src=\"https:\/\/wp.ufpel.edu.br\/ppgant\/files\/2025\/02\/jose-scaled.jpeg\" alt=\"\" width=\"90\" height=\"50\" \/><\/a><\/p>\n<p>&nbsp;<\/p>\n<p><a href=\"http:\/\/lattes.cnpq.br\/2132831693109488\">Jos\u00e9 Lu\u00eds Abalos J\u00fanior (p\u00f3s-doutorando)<\/a><br \/>\nabalosjunior@gmail.com<\/p>\n<p>&nbsp;<\/p>\n<p><a href=\"https:\/\/wp.ufpel.edu.br\/ppgant\/files\/2020\/11\/loredana-01.png\"><img class=\"wp-image-1546 alignleft\" src=\"https:\/\/wp.ufpel.edu.br\/ppgant\/files\/2020\/11\/loredana-01-400x350.png\" alt=\"\" width=\"90\" height=\"105\" \/><\/a><\/p>\n<p>&nbsp;<\/p>\n<p><a href=\"http:\/\/lattes.cnpq.br\/9808273617730203\"><span class=\"Titulo2\">Loredana Ribeiro<\/span><\/a><br \/>\nloredana.ribeiro@gmail.com<\/p>\n<p>&nbsp;<\/p>\n<p><a href=\"https:\/\/wp.ufpel.edu.br\/ppgant\/files\/2020\/11\/lori-01.png\"><img class=\"wp-image-1547 alignleft\" src=\"https:\/\/wp.ufpel.edu.br\/ppgant\/files\/2020\/11\/lori-01-400x350.png\" alt=\"\" width=\"120\" height=\"105\" srcset=\"https:\/\/wp.ufpel.edu.br\/ppgant\/files\/2020\/11\/lori-01-400x350.png 400w, https:\/\/wp.ufpel.edu.br\/ppgant\/files\/2020\/11\/lori-01.png 438w\" sizes=\"(max-width: 120px) 100vw, 120px\" \/><\/a><\/p>\n<p>&nbsp;<\/p>\n<p><a href=\"http:\/\/lattes.cnpq.br\/0654279167900002\"><span class=\"Titulo2\">Lori Altmann<\/span><\/a><br \/>\nlori.altmann@yahoo.com<\/p>\n<p>&nbsp;<\/p>\n<p><a href=\"https:\/\/wp.ufpel.edu.br\/ppgant\/files\/2020\/11\/louise-01.png\"><img class=\"wp-image-1548 alignleft\" src=\"https:\/\/wp.ufpel.edu.br\/ppgant\/files\/2020\/11\/louise-01-400x350.png\" alt=\"\" width=\"120\" height=\"105\" srcset=\"https:\/\/wp.ufpel.edu.br\/ppgant\/files\/2020\/11\/louise-01-400x350.png 400w, https:\/\/wp.ufpel.edu.br\/ppgant\/files\/2020\/11\/louise-01.png 438w\" sizes=\"(max-width: 120px) 100vw, 120px\" \/><\/a><\/p>\n<p>&nbsp;<\/p>\n<p><a href=\"http:\/\/lattes.cnpq.br\/8982373580780800\"><span class=\"Titulo2\">Louise Prado Alfonso<\/span><\/a><br \/>\nlouiseturismo@yahoo.com.br<\/p>\n<p>&nbsp;<\/p>\n<p><a href=\"https:\/\/wp.ufpel.edu.br\/ppgant\/files\/2020\/11\/pedro-01.png\"><img class=\"wp-image-1549 alignleft\" src=\"https:\/\/wp.ufpel.edu.br\/ppgant\/files\/2020\/11\/pedro-01-400x350.png\" alt=\"\" width=\"120\" height=\"105\" srcset=\"https:\/\/wp.ufpel.edu.br\/ppgant\/files\/2020\/11\/pedro-01-400x350.png 400w, https:\/\/wp.ufpel.edu.br\/ppgant\/files\/2020\/11\/pedro-01.png 438w\" sizes=\"(max-width: 120px) 100vw, 120px\" \/><\/a><\/p>\n<p>&nbsp;<\/p>\n<p><a href=\"http:\/\/lattes.cnpq.br\/7165514821360748\"><span class=\"Titulo2\">Pedro Luis Machado Sanches<\/span><\/a><br \/>\npedrolmsanches@gmail.com<\/p>\n<p>&nbsp;<\/p>\n<p><a href=\"https:\/\/wp.ufpel.edu.br\/ppgant\/files\/2020\/11\/rafael-corteletti-01.png\"><img class=\"wp-image-1550 alignleft\" src=\"https:\/\/wp.ufpel.edu.br\/ppgant\/files\/2020\/11\/rafael-corteletti-01-400x350.png\" alt=\"\" width=\"120\" height=\"105\" srcset=\"https:\/\/wp.ufpel.edu.br\/ppgant\/files\/2020\/11\/rafael-corteletti-01-400x350.png 400w, https:\/\/wp.ufpel.edu.br\/ppgant\/files\/2020\/11\/rafael-corteletti-01.png 438w\" sizes=\"(max-width: 120px) 100vw, 120px\" \/><\/a><\/p>\n<p>&nbsp;<\/p>\n<p><a href=\"http:\/\/lattes.cnpq.br\/2787572576761365\"><span class=\"Titulo2\">Rafael Corteletti<\/span><\/a><br \/>\nrafacorteletti@hotmail.com<\/p>\n<p>&nbsp;<\/p>\n<p><a href=\"https:\/\/wp.ufpel.edu.br\/ppgant\/files\/2020\/11\/Rafael-Noleto.jpg-01.png\"><img class=\"wp-image-1552 alignleft\" src=\"https:\/\/wp.ufpel.edu.br\/ppgant\/files\/2020\/11\/Rafael-Noleto.jpg-01-400x350.png\" alt=\"\" width=\"120\" height=\"105\" srcset=\"https:\/\/wp.ufpel.edu.br\/ppgant\/files\/2020\/11\/Rafael-Noleto.jpg-01-400x350.png 400w, https:\/\/wp.ufpel.edu.br\/ppgant\/files\/2020\/11\/Rafael-Noleto.jpg-01.png 438w\" sizes=\"(max-width: 120px) 100vw, 120px\" \/><\/a><\/p>\n<p>&nbsp;<\/p>\n<p><a href=\"http:\/\/lattes.cnpq.br\/2145625844719060\">Rafael da Silva Noleto<\/a><br \/>\nrafaeldasilvanoleto@gmail.com<\/p>\n<p>&nbsp;<\/p>\n<p><span class=\"Titulo2\"><a href=\"https:\/\/wp.ufpel.edu.br\/ppgant\/files\/2020\/11\/Rafael-Milheira-01.png\"><img class=\"wp-image-1551 alignleft\" src=\"https:\/\/wp.ufpel.edu.br\/ppgant\/files\/2020\/11\/Rafael-Milheira-01-400x350.png\" alt=\"\" width=\"120\" height=\"105\" srcset=\"https:\/\/wp.ufpel.edu.br\/ppgant\/files\/2020\/11\/Rafael-Milheira-01-400x350.png 400w, https:\/\/wp.ufpel.edu.br\/ppgant\/files\/2020\/11\/Rafael-Milheira-01.png 438w\" sizes=\"(max-width: 120px) 100vw, 120px\" \/><\/a><\/span><\/p>\n<p>&nbsp;<\/p>\n<p><span class=\"Titulo2\"><a href=\"http:\/\/lattes.cnpq.br\/2765334557326646\">Rafael Guedes Milheira<\/a> <span class=\"Noticias\">(Coordenador adjunto)<\/span><\/span><br \/>\nmilheirarafael@gmail.com<\/p>\n<p>&nbsp;<\/p>\n<p><a href=\"https:\/\/wp.ufpel.edu.br\/ppgant\/files\/2020\/11\/Renata-Menasche-01.png\"><img class=\"wp-image-1553 alignleft\" src=\"https:\/\/wp.ufpel.edu.br\/ppgant\/files\/2020\/11\/Renata-Menasche-01-400x350.png\" alt=\"\" width=\"120\" height=\"105\" srcset=\"https:\/\/wp.ufpel.edu.br\/ppgant\/files\/2020\/11\/Renata-Menasche-01-400x350.png 400w, https:\/\/wp.ufpel.edu.br\/ppgant\/files\/2020\/11\/Renata-Menasche-01.png 438w\" sizes=\"(max-width: 120px) 100vw, 120px\" \/><\/a><\/p>\n<p>&nbsp;<\/p>\n<p><a href=\"http:\/\/lattes.cnpq.br\/2945823100984166\"><span class=\"Titulo2\">Renata Menasche <\/span><\/a><br \/>\nrenata.menasche@gmail.com<\/p>\n<p>&nbsp;<\/p>\n<p><a href=\"https:\/\/wp.ufpel.edu.br\/ppgant\/files\/2025\/04\/WhatsApp-Image-2025-04-04-at-09.42.12.jpeg\"><img class=\"wp-image-1554 alignleft\" style=\"border-radius: 50%; padding-left: 13px;\" src=\"https:\/\/wp.ufpel.edu.br\/ppgant\/files\/2025\/04\/WhatsApp-Image-2025-04-04-at-09.42.12.jpeg\" alt=\"\" width=\"90\" height=\"50\" \/><\/a><\/p>\n<p>&nbsp;<\/p>\n<p><span class=\"Titulo2\"><a href=\"http:\/\/lattes.cnpq.br\/3492897890555011\">Rog\u00e9rio Reus Gon\u00e7alves da Rosa<\/a><\/span><br \/>\nrosa.rogeriogoncalves@uol.com.br<\/p>\n<p>&nbsp;<\/p>\n<p><a href=\"https:\/\/wp.ufpel.edu.br\/ppgant\/files\/2020\/11\/Rosane-Rubert-01.png\"><img class=\"wp-image-1555 alignleft\" src=\"https:\/\/wp.ufpel.edu.br\/ppgant\/files\/2020\/11\/Rosane-Rubert-01-400x350.png\" alt=\"\" width=\"120\" height=\"105\" srcset=\"https:\/\/wp.ufpel.edu.br\/ppgant\/files\/2020\/11\/Rosane-Rubert-01-400x350.png 400w, https:\/\/wp.ufpel.edu.br\/ppgant\/files\/2020\/11\/Rosane-Rubert-01.png 438w\" sizes=\"(max-width: 120px) 100vw, 120px\" \/><\/a><\/p>\n<p>&nbsp;<\/p>\n<p><a href=\"http:\/\/lattes.cnpq.br\/4603470422404677\"><span class=\"Titulo2\">Rosane Aparecida Rubert<\/span><\/a><br \/>\nrosru@uol.com.br<\/p>\n<p>&nbsp;<\/p>\n","protected":false},"excerpt":{"rendered":"<p>&nbsp; Adriana Schmidt Dias adrianasd96@gmail.com &nbsp; &nbsp; Adriane Luisa Rodolpho adrirodolpho@cpovo.net &nbsp; &nbsp; Caroline Borges arqueocarol@gmail.com &nbsp; &nbsp; Cl\u00e1udia Turra Magni (Coordenadora) clauturra@yahoo.com.br &nbsp; &nbsp; Cl\u00e1udio Baptista Carle cbcarle@yahoo.com.br &nbsp; &nbsp; Daniele Borges Bezerra borgesfotografia@gmail.com &nbsp; &nbsp; Danilo Vicensotto Bernardo danilovber@gmail.com &nbsp; Fernanda Cruz Rifiotis frifiotis@gmail.com &nbsp; &nbsp; Fl\u00e1via Maria Silva Rieth riethuf@uol.com.br &nbsp; &nbsp; [&hellip;]<\/p>\n","protected":false},"author":453,"featured_media":0,"parent":75,"menu_order":1,"comment_status":"closed","ping_status":"closed","template":"","meta":{"footnotes":""},"class_list":["post-34","page","type-page","status-publish","hentry"],"jetpack_sharing_enabled":true,"_links":{"self":[{"href":"https:\/\/wp.ufpel.edu.br\/ppgant\/wp-json\/wp\/v2\/pages\/34","targetHints":{"allow":["GET"]}}],"collection":[{"href":"https:\/\/wp.ufpel.edu.br\/ppgant\/wp-json\/wp\/v2\/pages"}],"about":[{"href":"https:\/\/wp.ufpel.edu.br\/ppgant\/wp-json\/wp\/v2\/types\/page"}],"author":[{"embeddable":true,"href":"https:\/\/wp.ufpel.edu.br\/ppgant\/wp-json\/wp\/v2\/users\/453"}],"replies":[{"embeddable":true,"href":"https:\/\/wp.ufpel.edu.br\/ppgant\/wp-json\/wp\/v2\/comments?post=34"}],"version-history":[{"count":4,"href":"https:\/\/wp.ufpel.edu.br\/ppgant\/wp-json\/wp\/v2\/pages\/34\/revisions"}],"predecessor-version":[{"id":3575,"href":"https:\/\/wp.ufpel.edu.br\/ppgant\/wp-json\/wp\/v2\/pages\/34\/revisions\/3575"}],"up":[{"embeddable":true,"href":"https:\/\/wp.ufpel.edu.br\/ppgant\/wp-json\/wp\/v2\/pages\/75"}],"wp:attachment":[{"href":"https:\/\/wp.ufpel.edu.br\/ppgant\/wp-json\/wp\/v2\/media?parent=34"}],"curies":[{"name":"wp","href":"https:\/\/api.w.org\/{rel}","templated":true}]}}