{"id":2247,"date":"2022-10-07T15:13:17","date_gmt":"2022-10-07T18:13:17","guid":{"rendered":"https:\/\/wp.ufpel.edu.br\/ppgant\/?page_id=2247"},"modified":"2022-10-07T15:17:43","modified_gmt":"2022-10-07T18:17:43","slug":"avaliacao-quadrienal-capes","status":"publish","type":"page","link":"https:\/\/wp.ufpel.edu.br\/ppgant\/avaliacao-quadrienal-capes\/","title":{"rendered":"Avalia\u00e7\u00e3o Quadrienal &#8211; CAPES"},"content":{"rendered":"<p>Com muita satisfa\u00e7\u00e3o, o Programa de P\u00f3s-Gradua\u00e7\u00e3o em Antropologia (PPGAnt) comunica que o resultado da \u00faltima Avalia\u00e7\u00e3o Quadrienal da CAPES elevou a nota do Programa para cinco.<\/p>\n<p><img src=\"https:\/\/wp.ufpel.edu.br\/ppgant\/files\/2022\/10\/Nota5.jpeg\" alt=\"Avalia\u00e7\u00e3o Quadrienal - CAPES\" \/><\/p>\n<p>&nbsp;<\/p>\n<p><a href=\"https:\/\/wp.ufpel.edu.br\/ppgant\/sobre-a-pos-graduacao\/\">Clique para voltar ao site<\/a><\/p>\n","protected":false},"excerpt":{"rendered":"<p>Com muita satisfa\u00e7\u00e3o, o Programa de P\u00f3s-Gradua\u00e7\u00e3o em Antropologia (PPGAnt) comunica que o resultado da \u00faltima Avalia\u00e7\u00e3o Quadrienal da CAPES elevou a nota do Programa para cinco. &nbsp; Clique para voltar ao site<\/p>\n","protected":false},"author":453,"featured_media":0,"parent":0,"menu_order":0,"comment_status":"closed","ping_status":"closed","template":"","meta":{"footnotes":""},"class_list":["post-2247","page","type-page","status-publish","hentry"],"jetpack_sharing_enabled":true,"_links":{"self":[{"href":"https:\/\/wp.ufpel.edu.br\/ppgant\/wp-json\/wp\/v2\/pages\/2247","targetHints":{"allow":["GET"]}}],"collection":[{"href":"https:\/\/wp.ufpel.edu.br\/ppgant\/wp-json\/wp\/v2\/pages"}],"about":[{"href":"https:\/\/wp.ufpel.edu.br\/ppgant\/wp-json\/wp\/v2\/types\/page"}],"author":[{"embeddable":true,"href":"https:\/\/wp.ufpel.edu.br\/ppgant\/wp-json\/wp\/v2\/users\/453"}],"replies":[{"embeddable":true,"href":"https:\/\/wp.ufpel.edu.br\/ppgant\/wp-json\/wp\/v2\/comments?post=2247"}],"version-history":[{"count":3,"href":"https:\/\/wp.ufpel.edu.br\/ppgant\/wp-json\/wp\/v2\/pages\/2247\/revisions"}],"predecessor-version":[{"id":2252,"href":"https:\/\/wp.ufpel.edu.br\/ppgant\/wp-json\/wp\/v2\/pages\/2247\/revisions\/2252"}],"wp:attachment":[{"href":"https:\/\/wp.ufpel.edu.br\/ppgant\/wp-json\/wp\/v2\/media?parent=2247"}],"curies":[{"name":"wp","href":"https:\/\/api.w.org\/{rel}","templated":true}]}}