{"id":2131,"date":"2022-06-30T10:02:19","date_gmt":"2022-06-30T13:02:19","guid":{"rendered":"https:\/\/wp.ufpel.edu.br\/ppgant\/?page_id=2131"},"modified":"2022-06-30T10:10:41","modified_gmt":"2022-06-30T13:10:41","slug":"manifestacao-de-preocupacao-e-desapreco-frente-a-violencia-extrema-contra-a-comunidade-guarani-kaiowa-situada-em-amambai-mato-grosso-do-sul","status":"publish","type":"page","link":"https:\/\/wp.ufpel.edu.br\/ppgant\/manifestacao-de-preocupacao-e-desapreco-frente-a-violencia-extrema-contra-a-comunidade-guarani-kaiowa-situada-em-amambai-mato-grosso-do-sul\/","title":{"rendered":"Manifesta\u00e7\u00e3o de preocupa\u00e7\u00e3o e desapre\u00e7o frente \u00e0 viol\u00eancia extrema contra a comunidade Guarani Kaiow\u00e1 situada em Amambai, Mato Grosso do Sul"},"content":{"rendered":"<p style=\"text-align: right;\">Pelotas, 29 de junho de 2022.<\/p>\n<p>&nbsp;<\/p>\n<p style=\"text-align: justify;\"><span dir=\"ltr\" role=\"presentation\">\u00a0\u00a0 O Colegiado do Programa de P\u00f3s-Gradua\u00e7\u00e3o em Antropologia da Universidade <\/span><span dir=\"ltr\" role=\"presentation\">Federal de Pelotas vem a p\u00fablico, e se dirige especialmente \u00e0s autoridades respons\u00e1veis, <\/span><span dir=\"ltr\" role=\"presentation\">para<\/span> <span dir=\"ltr\" role=\"presentation\">manifestar<\/span> <span dir=\"ltr\" role=\"presentation\">preocupa\u00e7\u00e3o com os muitos relatos que nos chegam acerca de uma <\/span><span dir=\"ltr\" role=\"presentation\">violenta<\/span> <span dir=\"ltr\" role=\"presentation\">a\u00e7\u00e3o<\/span> <span dir=\"ltr\" role=\"presentation\">de<\/span> <span dir=\"ltr\" role=\"presentation\">policiais<\/span> <span dir=\"ltr\" role=\"presentation\">e<\/span> <span dir=\"ltr\" role=\"presentation\">seguran\u00e7as<\/span> <span dir=\"ltr\" role=\"presentation\">privados<\/span> <span dir=\"ltr\" role=\"presentation\">contra<\/span> <span dir=\"ltr\" role=\"presentation\">comunidade<\/span> <span dir=\"ltr\" role=\"presentation\">da<\/span> <span dir=\"ltr\" role=\"presentation\">etnia <\/span><span dir=\"ltr\" role=\"presentation\">Guarani-Kaiow\u00e1, na madrugada do \u00faltimo dia 24 de junho de 2022, em Amambai, Mato <\/span><span dir=\"ltr\" role=\"presentation\">Grosso do Sul.<\/span><br role=\"presentation\" \/><span dir=\"ltr\" role=\"presentation\">\u00a0\u00a0 N\u00f3s,<\/span> <span dir=\"ltr\" role=\"presentation\">profissionais<\/span> <span dir=\"ltr\" role=\"presentation\">das<\/span> <span dir=\"ltr\" role=\"presentation\">\u00e1reas<\/span> <span dir=\"ltr\" role=\"presentation\">de<\/span> <span dir=\"ltr\" role=\"presentation\">Antropologia<\/span> <span dir=\"ltr\" role=\"presentation\">e<\/span> <span dir=\"ltr\" role=\"presentation\">Arqueologia,<\/span> <span dir=\"ltr\" role=\"presentation\">recebemos<\/span> <span dir=\"ltr\" role=\"presentation\">com <\/span><span dir=\"ltr\" role=\"presentation\">perplexidade e indigna\u00e7\u00e3o os acontecimentos relatados por lideran\u00e7as ind\u00edgenas locais, e <\/span><span dir=\"ltr\" role=\"presentation\">organiza\u00e7\u00f5es de defesa dos direitos ind\u00edgenas atuantes na regi\u00e3o. Havendo muitos feridos <\/span><span dir=\"ltr\" role=\"presentation\">por arma de fogo, um ou mais mortos, e desaparecidos, \u00e9 imprescind\u00edvel que se providencie <\/span><span dir=\"ltr\" role=\"presentation\">adequada seguran\u00e7a e o necess\u00e1rio acompanhamento da comunidade Guarani-Kaiow\u00e1 de <\/span><span dir=\"ltr\" role=\"presentation\">Amambai.<\/span><br role=\"presentation\" \/><span dir=\"ltr\" role=\"presentation\">\u00a0\u00a0 Sendo a terra em quest\u00e3o um territ\u00f3rio ancestral, objeto de processo espec\u00edfico de <\/span><span dir=\"ltr\" role=\"presentation\">demarca\u00e7\u00e3o, torna-se fundamental o envolvimento da FUNAI na media\u00e7\u00e3o do conflito em <\/span><span dir=\"ltr\" role=\"presentation\">curso, e tamb\u00e9m do MPF, na apura\u00e7\u00e3o de viola\u00e7\u00f5es contra os direitos mais fundamentais <\/span><span dir=\"ltr\" role=\"presentation\">dos Guarani-Kaiow\u00e1 de Amambai.<\/span><br role=\"presentation\" \/><span dir=\"ltr\" role=\"presentation\">\u00a0\u00a0 Entendemos<\/span> <span dir=\"ltr\" role=\"presentation\">que<\/span> <span dir=\"ltr\" role=\"presentation\">a<\/span> <span dir=\"ltr\" role=\"presentation\">grav\u00edssima<\/span> <span dir=\"ltr\" role=\"presentation\">a\u00e7\u00e3o<\/span> <span dir=\"ltr\" role=\"presentation\">relatada<\/span> <span dir=\"ltr\" role=\"presentation\">pode<\/span> <span dir=\"ltr\" role=\"presentation\">ser<\/span> <span dir=\"ltr\" role=\"presentation\">apenas<\/span> <span dir=\"ltr\" role=\"presentation\">uma,<\/span> <span dir=\"ltr\" role=\"presentation\">dentre <\/span><span dir=\"ltr\" role=\"presentation\">sistem\u00e1ticas agress\u00f5es a povos ind\u00edgenas e seus defensores, ocorridas com acelerada <\/span><span dir=\"ltr\" role=\"presentation\">frequ\u00eancia<\/span> <span dir=\"ltr\" role=\"presentation\">nos<\/span> <span dir=\"ltr\" role=\"presentation\">\u00faltimos<\/span> <span dir=\"ltr\" role=\"presentation\">anos.<\/span> <span dir=\"ltr\" role=\"presentation\">Dentre<\/span> <span dir=\"ltr\" role=\"presentation\">suas<\/span> <span dir=\"ltr\" role=\"presentation\">principais<\/span> <span dir=\"ltr\" role=\"presentation\">motiva\u00e7\u00f5es<\/span> <span dir=\"ltr\" role=\"presentation\">est\u00e3o,<\/span> <span dir=\"ltr\" role=\"presentation\">certamente,<\/span> <span dir=\"ltr\" role=\"presentation\">a <\/span><span dir=\"ltr\" role=\"presentation\">invulgar lentid\u00e3o na tramita\u00e7\u00e3o dos processos de demarca\u00e7\u00e3o, bem como a indefini\u00e7\u00e3o <\/span><span dir=\"ltr\" role=\"presentation\">acerca do julgamento da tese do Marco Temporal no Supremo Tribunal Federal, o que <\/span><span dir=\"ltr\" role=\"presentation\">contribui diretamente para a fragiliza\u00e7\u00e3o da prote\u00e7\u00e3o dos territ\u00f3rios ind\u00edgenas em todo o <\/span><span dir=\"ltr\" role=\"presentation\">Brasil,<\/span> <span dir=\"ltr\" role=\"presentation\">impossibilitando muitas vezes o acesso e o usufruto dos mesmos pelos povos <\/span><span dir=\"ltr\" role=\"presentation\">origin\u00e1rios.<\/span><br role=\"presentation\" \/><span dir=\"ltr\" role=\"presentation\">\u00a0\u00a0 Os povos ind\u00edgenas n\u00e3o chegaram ao Brasil em 1988, e muitos foram obrigados a <\/span><span dir=\"ltr\" role=\"presentation\">deixar seus territ\u00f3rios ancestrais pela for\u00e7a de agentes colonizadores, no decorrer dos <\/span><span dir=\"ltr\" role=\"presentation\">\u00faltimos cinco s\u00e9culos.<\/span><br role=\"presentation\" \/><span dir=\"ltr\" role=\"presentation\">\u00a0\u00a0 Exigimos,<\/span> <span dir=\"ltr\" role=\"presentation\">portanto,<\/span> <span dir=\"ltr\" role=\"presentation\">provid\u00eancias<\/span> <span dir=\"ltr\" role=\"presentation\">imediatas<\/span> <span dir=\"ltr\" role=\"presentation\">no<\/span> <span dir=\"ltr\" role=\"presentation\">sentido<\/span> <span dir=\"ltr\" role=\"presentation\">de<\/span> <span dir=\"ltr\" role=\"presentation\">restituir<\/span> <span dir=\"ltr\" role=\"presentation\">aos <\/span><span dir=\"ltr\" role=\"presentation\">Guarani-Kaiow\u00e1 e aos demais povos ind\u00edgenas o que lhe \u00e9 de direito, segundo versa a <\/span><span dir=\"ltr\" role=\"presentation\">constitui\u00e7\u00e3o brasileira.<\/span><\/p>\n<p style=\"text-align: right;\"><br role=\"presentation\" \/><span dir=\"ltr\" role=\"presentation\">Coordena\u00e7\u00e3o do Colegiado do Programa de P\u00f3s-Gradua\u00e7\u00e3o em Antropologia da <\/span><span dir=\"ltr\" role=\"presentation\">Universidade Federal de Pelotas, Rio Grande do Sul, Brasil.<\/span><\/p>\n","protected":false},"excerpt":{"rendered":"<p>Pelotas, 29 de junho de 2022. &nbsp; \u00a0\u00a0 O Colegiado do Programa de P\u00f3s-Gradua\u00e7\u00e3o em Antropologia da Universidade Federal de Pelotas vem a p\u00fablico, e se dirige especialmente \u00e0s autoridades respons\u00e1veis, para manifestar preocupa\u00e7\u00e3o com os muitos relatos que nos chegam acerca de uma violenta a\u00e7\u00e3o de policiais e seguran\u00e7as privados contra comunidade da etnia [&hellip;]<\/p>\n","protected":false},"author":453,"featured_media":0,"parent":0,"menu_order":0,"comment_status":"closed","ping_status":"closed","template":"","meta":{"footnotes":""},"class_list":["post-2131","page","type-page","status-publish","hentry"],"jetpack_sharing_enabled":true,"_links":{"self":[{"href":"https:\/\/wp.ufpel.edu.br\/ppgant\/wp-json\/wp\/v2\/pages\/2131","targetHints":{"allow":["GET"]}}],"collection":[{"href":"https:\/\/wp.ufpel.edu.br\/ppgant\/wp-json\/wp\/v2\/pages"}],"about":[{"href":"https:\/\/wp.ufpel.edu.br\/ppgant\/wp-json\/wp\/v2\/types\/page"}],"author":[{"embeddable":true,"href":"https:\/\/wp.ufpel.edu.br\/ppgant\/wp-json\/wp\/v2\/users\/453"}],"replies":[{"embeddable":true,"href":"https:\/\/wp.ufpel.edu.br\/ppgant\/wp-json\/wp\/v2\/comments?post=2131"}],"version-history":[{"count":3,"href":"https:\/\/wp.ufpel.edu.br\/ppgant\/wp-json\/wp\/v2\/pages\/2131\/revisions"}],"predecessor-version":[{"id":2134,"href":"https:\/\/wp.ufpel.edu.br\/ppgant\/wp-json\/wp\/v2\/pages\/2131\/revisions\/2134"}],"wp:attachment":[{"href":"https:\/\/wp.ufpel.edu.br\/ppgant\/wp-json\/wp\/v2\/media?parent=2131"}],"curies":[{"name":"wp","href":"https:\/\/api.w.org\/{rel}","templated":true}]}}