{"id":17,"date":"2016-09-27T09:23:53","date_gmt":"2016-09-27T12:23:53","guid":{"rendered":"https:\/\/wp.ufpel.edu.br\/ppgant\/?page_id=17"},"modified":"2024-03-14T10:26:30","modified_gmt":"2024-03-14T13:26:30","slug":"sobre-a-pos-graduacao","status":"publish","type":"page","link":"https:\/\/wp.ufpel.edu.br\/ppgant\/sobre-a-pos-graduacao\/","title":{"rendered":"PPGANT"},"content":{"rendered":"<p style=\"text-align: justify;\">O Programa de P\u00f3s-Gradua\u00e7\u00e3o em Antropologia (PPGANT) oferece os cursos de Mestrado e Doutorado em Antropologia, com \u00e1reas de concentra\u00e7\u00e3o em Antropologia e em Arqueologia. O Programa segue as propostas desenvolvidas tanto no Bacharelado em Antropologia como no Bacharelado em Arqueologia da UFPel.<\/p>\n<p style=\"text-align: justify;\"><img class=\"alignright wp-image-19\" src=\"https:\/\/wp.ufpel.edu.br\/ppgant\/files\/2016\/09\/cestos.jpg\" alt=\"cestos\" width=\"290\" height=\"259\" \/><\/p>\n<p style=\"text-align: justify;\">O PPGAnt prop\u00f5e o fortalecimento das rela\u00e7\u00f5es entre Antropologia e Arqueologia, incentivando abordagens que enfatizem tanto os aspectos sincr\u00f4nicos, quanto diacr\u00f4nicos no estudo da cultura. Comungando o interesse pelos conceitos de etnografia e interculturalidade, as \u00e1reas de concentra\u00e7\u00e3o buscam fomentar estudos sobre realidades fronteiri\u00e7as, estimulados pela pr\u00f3pria localiza\u00e7\u00e3o geogr\u00e1fica da UFPel, nos limites sul do Brasil. No PPGAnt, a etnografia \u00e9 vista como a possibilidade de uma composi\u00e7\u00e3o entre o reconhecimento da natureza simb\u00f3lica da cultura e uma metodologia capaz de produzir caminhos para reconhecer essa realidade nas suas variadas dimens\u00f5es, agregando seus elementos antropol\u00f3gicos, arqueol\u00f3gicos e \u00e1reas afins.<\/p>\n<p style=\"text-align: justify;\">O Mestrado do PPGAnt foi aprovado pela CAPES em dezembro de 2011 e o in\u00edcio das atividades se deu em abril de 2012, com ingresso anual em suas linhas de pesquisa.<\/p>\n<p style=\"text-align: justify;\">O Doutorado do PPGAnt foi aprovado pela CAPES em dezembro de 2015 e o in\u00edcio das atividades se deu em mar\u00e7o de 2016.<\/p>\n<p style=\"text-align: justify;\">O PPGAnt estrutura-se a partir de quatro Linhas de Pesquisa, nomeadas a seguir, as quais foram atualizadas no ano de 2016, quando da abertura do n\u00edvel de doutorado e s\u00e3o, portanto, bastante atualizadas, adequadas e recentes.<\/p>\n<p style=\"text-align: justify;\">1) Antropologia e Arqueologia dos Objetos<\/p>\n<p style=\"text-align: justify;\">Esta linha de pesquisa transversal agrega estudos sobre processos relacionados \u00e0 forma\u00e7\u00e3o de fronteiras e comunidades, considerando as rela\u00e7\u00f5es entre grupos humanos e objetos, bem como as cole\u00e7\u00f5es particulares e museol\u00f3gicas e as investiga\u00e7\u00f5es referentes \u00e0 ativa\u00e7\u00e3o e representa\u00e7\u00e3o relativas ao patrim\u00f4nio cultural. Incluem-se, ainda, pesquisas a respeito de processos de territorializa\u00e7\u00e3o, etnicidade e identidades culturais, atentando-se para as formas pelas quais as comunidades constroem suas vidas sociais e simb\u00f3licas no tempo e espa\u00e7o, por meio dos objetos e contatos inter\u00e9tnicos e diasp\u00f3ricos.<\/p>\n<p style=\"text-align: justify;\">2) Arqueologia e Etnologia de Povos e Comunidades Tradicionais<\/p>\n<p style=\"text-align: justify;\">Esta linha de pesquisa transversal abrange estudos sobre povos e comunidades tradicionais pret\u00e9ritos e contempor\u00e2neos, tais como popula\u00e7\u00f5es ind\u00edgenas, quilombolas e ribeirinhas, as quais constituem tem\u00e1ticas cl\u00e1ssicas para a Antropologia e a Arqueologia no Brasil e em outros pa\u00edses do continente americano. At\u00e9m-se a uma gama consider\u00e1vel de assuntos, tais como: cultura material, organiza\u00e7\u00e3o social, cosmologia, religi\u00e3o, rela\u00e7\u00f5es inter\u00e9tnicas, hist\u00f3ria, indigenismo, educa\u00e7\u00e3o escolar, etnicidade, colonialismo, urbaniza\u00e7\u00e3o, territ\u00f3rios e processos de territorializa\u00e7\u00e3o.<\/p>\n<p style=\"text-align: justify;\">3) Comunidade, Rede e Performance<\/p>\n<p style=\"text-align: justify;\">Dedica-se ao estudo das rela\u00e7\u00f5es entre os corpos humanos, os objetos, os espa\u00e7os, as oralidades e os discursos sistematizados no campo social,na produ\u00e7\u00e3o de imagens ou pelas ci\u00eancias. Analisa e interpreta as intera\u00e7\u00f5es entre estes e considera os modos segundo os quais se d\u00e3o suas intera\u00e7\u00f5es. Comunidades, redes, performances s\u00e3o compostas por conex\u00f5es, fluxos, limites que se apresentam e\/ou s\u00e3o constitu\u00eddas na sociedade e na cultura, e que precisam ser entendidas a partir da din\u00e2mica entre sentido e realidade, com seus elementos significativos sendo apreendidos na perspectiva tanto diacr\u00f4nica quanto sincr\u00f4nica.<\/p>\n<p style=\"text-align: justify;\">4) Sociedade, Ambiente e Territorializa\u00e7\u00e3o<\/p>\n<p style=\"text-align: justify;\">Estudo da rela\u00e7\u00e3o sociedade-cultura-natureza com enfoque nas representa\u00e7\u00f5es e pr\u00e1ticas coletivas, envolvendo processos de (des\/re) territorializa\u00e7\u00e3o no \u00e2mbito de contextos pol\u00edticos,hist\u00f3ricos e sociais singulares. An\u00e1lise e interpreta\u00e7\u00e3o das express\u00f5es culturais dos diferentes grupos que produzem sociabilidades articuladas \u00e0 apropria\u00e7\u00e3o\/subjetiva\u00e7\u00e3o do espa\u00e7o e aos ritmos e tempos da dura\u00e7\u00e3o em situa\u00e7\u00f5es de conflito socioambiental.<\/p>\n<p style=\"text-align: justify;\">Enfim, todas as linhas de pesquisa s\u00e3o transversais e refletem a forma de trabalho coletivo de muitos docentes do Programa, que buscam articula\u00e7\u00f5es entre si em seus projetos, bem como na forma\u00e7\u00e3o dos n\u00facleos, laborat\u00f3rios e grupos de pesquisa, ensino e extens\u00e3o.<\/p>\n<p style=\"text-align: justify;\">O PPGAnt oferece infra-estrutura de pesquisa com seus diversos n\u00facleos e laborat\u00f3rios de pesquisa. Conta tamb\u00e9m com um ve\u00edculo de publica\u00e7\u00f5es cient\u00edficas, o peri\u00f3dico Tessituras \u2013 Revista de Antropologia e Arqueologia al\u00e9m de diversos projetos de ensino, pesquisa e extens\u00e3o que conectam a Universidade com o p\u00fablico externo. Atualmente, o Programa conta com 22 professores\/as e orientadores\/as conceituados nas suas \u00e1reas e com ampla experi\u00eancia em ensino e pesquisa.<\/p>\n<p style=\"text-align: justify;\">O PPGANT \u00e9 um espa\u00e7o tamb\u00e9m para realiza\u00e7\u00e3o de P\u00f3s-doutoramento com bolsa e volunt\u00e1rio. Estimula-se a vincula\u00e7\u00e3o de pesquisadores\/as junto aos n\u00facleos, laborat\u00f3rios e projetos desenvolvidos pelos professores e professoras do Programa.<\/p>\n","protected":false},"excerpt":{"rendered":"<p>O Programa de P\u00f3s-Gradua\u00e7\u00e3o em Antropologia (PPGANT) oferece os cursos de Mestrado e Doutorado em Antropologia, com \u00e1reas de concentra\u00e7\u00e3o em Antropologia e em Arqueologia. O Programa segue as propostas desenvolvidas tanto no Bacharelado em Antropologia como no Bacharelado em Arqueologia da UFPel. O PPGAnt prop\u00f5e o fortalecimento das rela\u00e7\u00f5es entre Antropologia e Arqueologia, incentivando [&hellip;]<\/p>\n","protected":false},"author":453,"featured_media":0,"parent":0,"menu_order":1,"comment_status":"closed","ping_status":"closed","template":"","meta":{"footnotes":""},"class_list":["post-17","page","type-page","status-publish","hentry"],"jetpack_sharing_enabled":true,"_links":{"self":[{"href":"https:\/\/wp.ufpel.edu.br\/ppgant\/wp-json\/wp\/v2\/pages\/17","targetHints":{"allow":["GET"]}}],"collection":[{"href":"https:\/\/wp.ufpel.edu.br\/ppgant\/wp-json\/wp\/v2\/pages"}],"about":[{"href":"https:\/\/wp.ufpel.edu.br\/ppgant\/wp-json\/wp\/v2\/types\/page"}],"author":[{"embeddable":true,"href":"https:\/\/wp.ufpel.edu.br\/ppgant\/wp-json\/wp\/v2\/users\/453"}],"replies":[{"embeddable":true,"href":"https:\/\/wp.ufpel.edu.br\/ppgant\/wp-json\/wp\/v2\/comments?post=17"}],"version-history":[{"count":19,"href":"https:\/\/wp.ufpel.edu.br\/ppgant\/wp-json\/wp\/v2\/pages\/17\/revisions"}],"predecessor-version":[{"id":3003,"href":"https:\/\/wp.ufpel.edu.br\/ppgant\/wp-json\/wp\/v2\/pages\/17\/revisions\/3003"}],"wp:attachment":[{"href":"https:\/\/wp.ufpel.edu.br\/ppgant\/wp-json\/wp\/v2\/media?parent=17"}],"curies":[{"name":"wp","href":"https:\/\/api.w.org\/{rel}","templated":true}]}}