{"id":1601,"date":"2020-11-23T14:21:57","date_gmt":"2020-11-23T17:21:57","guid":{"rendered":"https:\/\/wp.ufpel.edu.br\/ppgant\/?page_id=1601"},"modified":"2020-11-23T14:21:57","modified_gmt":"2020-11-23T17:21:57","slug":"convenios","status":"publish","type":"page","link":"https:\/\/wp.ufpel.edu.br\/ppgant\/investigacion-e-impacto\/convenios\/","title":{"rendered":"Convenios"},"content":{"rendered":"<p><span style=\"font-weight: 400;font-size: 14pt\">Convenio internacional entre la Universidad Federal de Pelotas (UFPEL) y la Universitat Aut\u00f2noma de Barcelona (UAB).<\/span><\/p>\n<p><span style=\"font-weight: 400\"><strong>Coordinaci\u00f3n<\/strong><br \/>\n<\/span><span style=\"font-weight: 400\">Prof. Rafael Guedes Milheira y el Prof. Andr\u00e9 Carlo Colonese.<\/span><\/p>\n<p style=\"text-align: justify\"><span style=\"font-weight: 400\"><strong>Objetivos<\/strong><br \/>\n<\/span><span style=\"font-weight: 400\">Movilidad acad\u00e9mica de profesores y estudiantes \/ asociaci\u00f3n de investigaci\u00f3n para el desarrollo de proyectos para estudiantes de pregrado y posgrado. Publicaci\u00f3n de art\u00edculos y trabajos acad\u00e9micos. Eventos como simposios y GTs. Financiamiento de promoci\u00f3n.<\/span><\/p>\n<p style=\"text-align: justify\"><span style=\"font-weight: 400\"><strong>Resumen<\/strong><br \/>\n<\/span><span style=\"font-weight: 400\">En 2020, el Programa de Posgrado en Antropolog\u00eda de la Universidad Federal de Pelotas firm\u00f3 un convenio internacional con la Universitat Aut\u00f3noma de Barcelona, \u200b\u200bEspa\u00f1a, bajo la coordinaci\u00f3n del Prof. Rafael Guedes Milheira (UFPel) y el Prof. Andre Carlo Colonese (UAB). El convenio ser\u00e1 la base para estudios en el \u00e1rea de arqueolog\u00eda e historia de largo plazo de las poblaciones pesqueras de la costa sur de Brasil, promoviendo la movilidad de estudiantes y docentes entre ambas Universidades, la b\u00fasqueda de recursos para la investigaci\u00f3n arqueol\u00f3gica regional y la extraversi\u00f3n del conocimiento en Gran escala. El convenio es parte de los proyectos desarrollados por el Laboratorio de Docencia e Investigaci\u00f3n en Antropolog\u00eda y Arqueolog\u00eda (LEPAARQ-UFPEL) y el Proyecto ERC (Adaptaci\u00f3n costera a largo plazo, seguridad alimentaria y alivio de la pobreza en Am\u00e9rica Latina), que investiga la ecolog\u00eda hist\u00f3rica. La pesca de subsistencia en todo el Bosque Atl\u00e1ntico, poniendo a prueba la hip\u00f3tesis de que la pesca jug\u00f3 un papel significativo durante la expansi\u00f3n agr\u00edcola en la \u00e9poca precolonial, durante la colonizaci\u00f3n hist\u00f3rica y urbanizaci\u00f3n de esta regi\u00f3n, y que este largo proceso hist\u00f3rico a\u00fan resuena en el pesquer\u00edas artesanales actuales.<\/span><\/p>\n<p>Conozca m\u00e1s sobre los proyectos involucrados en el acuerdo a trav\u00e9s de los siguientes sitios web:<\/p>\n<p><a href=\"https:\/\/wp.ufpel.edu.br\/lepaarq\/\">LEPAARQ<\/a><\/p>\n<p>ERC<\/p>\n","protected":false},"excerpt":{"rendered":"<p>Convenio internacional entre la Universidad Federal de Pelotas (UFPEL) y la Universitat Aut\u00f2noma de Barcelona (UAB). Coordinaci\u00f3n Prof. Rafael Guedes Milheira y el Prof. Andr\u00e9 Carlo Colonese. Objetivos Movilidad acad\u00e9mica de profesores y estudiantes \/ asociaci\u00f3n de investigaci\u00f3n para el desarrollo de proyectos para estudiantes de pregrado y posgrado. Publicaci\u00f3n de art\u00edculos y trabajos acad\u00e9micos. [&hellip;]<\/p>\n","protected":false},"author":453,"featured_media":0,"parent":1364,"menu_order":0,"comment_status":"closed","ping_status":"closed","template":"","meta":{"footnotes":""},"class_list":["post-1601","page","type-page","status-publish","hentry"],"jetpack_sharing_enabled":true,"_links":{"self":[{"href":"https:\/\/wp.ufpel.edu.br\/ppgant\/wp-json\/wp\/v2\/pages\/1601","targetHints":{"allow":["GET"]}}],"collection":[{"href":"https:\/\/wp.ufpel.edu.br\/ppgant\/wp-json\/wp\/v2\/pages"}],"about":[{"href":"https:\/\/wp.ufpel.edu.br\/ppgant\/wp-json\/wp\/v2\/types\/page"}],"author":[{"embeddable":true,"href":"https:\/\/wp.ufpel.edu.br\/ppgant\/wp-json\/wp\/v2\/users\/453"}],"replies":[{"embeddable":true,"href":"https:\/\/wp.ufpel.edu.br\/ppgant\/wp-json\/wp\/v2\/comments?post=1601"}],"version-history":[{"count":1,"href":"https:\/\/wp.ufpel.edu.br\/ppgant\/wp-json\/wp\/v2\/pages\/1601\/revisions"}],"predecessor-version":[{"id":1602,"href":"https:\/\/wp.ufpel.edu.br\/ppgant\/wp-json\/wp\/v2\/pages\/1601\/revisions\/1602"}],"up":[{"embeddable":true,"href":"https:\/\/wp.ufpel.edu.br\/ppgant\/wp-json\/wp\/v2\/pages\/1364"}],"wp:attachment":[{"href":"https:\/\/wp.ufpel.edu.br\/ppgant\/wp-json\/wp\/v2\/media?parent=1601"}],"curies":[{"name":"wp","href":"https:\/\/api.w.org\/{rel}","templated":true}]}}