{"id":1597,"date":"2020-11-23T14:16:36","date_gmt":"2020-11-23T17:16:36","guid":{"rendered":"https:\/\/wp.ufpel.edu.br\/ppgant\/?page_id=1597"},"modified":"2020-11-23T14:16:36","modified_gmt":"2020-11-23T17:16:36","slug":"convenios","status":"publish","type":"page","link":"https:\/\/wp.ufpel.edu.br\/ppgant\/linhas-e-projetos\/convenios\/","title":{"rendered":"Conv\u00eanios"},"content":{"rendered":"<p style=\"text-align: justify\"><span style=\"font-weight: 400;font-size: 14pt\">Conv\u00eanio Internacional entre a Universidade Federal de Pelotas (UFPEL) e a Universitat Aut\u00f2noma de Barcelona (UAB).<\/span><\/p>\n<p style=\"text-align: justify\"><span style=\"font-weight: 400\"><strong>Coordena\u00e7\u00e3o<\/strong><br \/>\nProf. Rafael Guedes Milheira e Prof. Andre Carlo Colonese.<\/span><\/p>\n<p style=\"text-align: justify\"><span style=\"font-weight: 400\"><strong>Objetivos<\/strong><br \/>\nMobilidade acad\u00eamica de professores e alunos\/parceria de pesquisa para desenvolvimento de projetos de alunos de Gradua\u00e7\u00e3o e P\u00f3s-Gradua\u00e7\u00e3o. Publica\u00e7\u00e3o de artigos e trabalhos acad\u00eamicos. Realiza\u00e7\u00e3o de eventos como simp\u00f3sios e GTs. Capta\u00e7\u00e3o de fomento.<\/span><\/p>\n<p style=\"text-align: justify\"><span style=\"font-weight: 400\"><strong>Resumo<\/strong><br \/>\n<\/span><span style=\"font-weight: 400\">No ano de 2020, o Programa de P\u00f3s-Gradua\u00e7\u00e3o em Antropologia da Universidade Federal de Pelotas firmou conv\u00eanio internacional com a Universitat Aut\u00f3noma de Barcelona, Espanha, sob coordena\u00e7\u00e3o do Prof. Rafael Guedes Milheira (UFPel) e do Prof. Andre Carlo Colonese (UAB). O conv\u00eanio ser\u00e1 base para estudos na \u00e1rea de arqueologia e hist\u00f3ria de longa dura\u00e7\u00e3o das popula\u00e7\u00f5es pescadoras do litoral sul do Brasil, fomentando a mobilidade de alunos e professores entre ambas as Universidades, a busca por recursos para pesquisas arqueol\u00f3gicas regionais e a extrovers\u00e3o do conhecimento em larga escala. O conv\u00eanio se insere no \u00e2mbito dos projetos desenvolvidos pelo Laborat\u00f3rio de Ensino e Pesquisa em Antropologia e Arqueologia (LEPAARQ-UFPEL) e pelo Projeto ERC (<\/span><span style=\"font-weight: 400\">Long-term coastal adaptation, food security and poverty alleviation in Latin America), que <\/span><span style=\"font-weight: 400\">investiga a\u00a0ecologia hist\u00f3rica\u00a0da pesca de subsist\u00eancia ao longo da\u00a0Mata Atl\u00e2ntica, testando a hip\u00f3tese de que a pesca teve um papel significativo durante a expans\u00e3o agr\u00edcola nos tempos pr\u00e9-coloniais, durante a coloniza\u00e7\u00e3o hist\u00f3rica e a urbaniza\u00e7\u00e3o dessa regi\u00e3o, e que este longo processo hist\u00f3rico ainda ecoa nas pescarias artesanais atuais.<\/span><\/p>\n<p><span style=\"font-weight: 400\">Saiba mais sobre os projetos envolvidos no conv\u00eanio pelos seguintes sites:<\/span><\/p>\n<p><a href=\"https:\/\/wp.ufpel.edu.br\/lepaarq\/\"><span style=\"font-weight: 400\">LEPAARQ<\/span><\/a><\/p>\n<p><a href=\"http:\/\/erc-tradition.eu\/pt-br\/\"><span style=\"font-weight: 400\">ERC<\/span><\/a><\/p>\n","protected":false},"excerpt":{"rendered":"<p>Conv\u00eanio Internacional entre a Universidade Federal de Pelotas (UFPEL) e a Universitat Aut\u00f2noma de Barcelona (UAB). Coordena\u00e7\u00e3o Prof. Rafael Guedes Milheira e Prof. Andre Carlo Colonese. Objetivos Mobilidade acad\u00eamica de professores e alunos\/parceria de pesquisa para desenvolvimento de projetos de alunos de Gradua\u00e7\u00e3o e P\u00f3s-Gradua\u00e7\u00e3o. Publica\u00e7\u00e3o de artigos e trabalhos acad\u00eamicos. Realiza\u00e7\u00e3o de eventos como [&hellip;]<\/p>\n","protected":false},"author":453,"featured_media":0,"parent":120,"menu_order":0,"comment_status":"closed","ping_status":"closed","template":"","meta":{"footnotes":""},"class_list":["post-1597","page","type-page","status-publish","hentry"],"jetpack_sharing_enabled":true,"_links":{"self":[{"href":"https:\/\/wp.ufpel.edu.br\/ppgant\/wp-json\/wp\/v2\/pages\/1597","targetHints":{"allow":["GET"]}}],"collection":[{"href":"https:\/\/wp.ufpel.edu.br\/ppgant\/wp-json\/wp\/v2\/pages"}],"about":[{"href":"https:\/\/wp.ufpel.edu.br\/ppgant\/wp-json\/wp\/v2\/types\/page"}],"author":[{"embeddable":true,"href":"https:\/\/wp.ufpel.edu.br\/ppgant\/wp-json\/wp\/v2\/users\/453"}],"replies":[{"embeddable":true,"href":"https:\/\/wp.ufpel.edu.br\/ppgant\/wp-json\/wp\/v2\/comments?post=1597"}],"version-history":[{"count":1,"href":"https:\/\/wp.ufpel.edu.br\/ppgant\/wp-json\/wp\/v2\/pages\/1597\/revisions"}],"predecessor-version":[{"id":1598,"href":"https:\/\/wp.ufpel.edu.br\/ppgant\/wp-json\/wp\/v2\/pages\/1597\/revisions\/1598"}],"up":[{"embeddable":true,"href":"https:\/\/wp.ufpel.edu.br\/ppgant\/wp-json\/wp\/v2\/pages\/120"}],"wp:attachment":[{"href":"https:\/\/wp.ufpel.edu.br\/ppgant\/wp-json\/wp\/v2\/media?parent=1597"}],"curies":[{"name":"wp","href":"https:\/\/api.w.org\/{rel}","templated":true}]}}