{"id":154,"date":"2016-09-28T14:37:18","date_gmt":"2016-09-28T17:37:18","guid":{"rendered":"https:\/\/wp.ufpel.edu.br\/ppgant\/?page_id=154"},"modified":"2022-03-10T11:18:46","modified_gmt":"2022-03-10T14:18:46","slug":"processo-seletivo","status":"publish","type":"page","link":"https:\/\/wp.ufpel.edu.br\/ppgant\/processo-seletivo\/","title":{"rendered":"Processo Seletivo Mestrado"},"content":{"rendered":"<p><span style=\"color: #993300\"><strong>PROCESSO SELETIVO <span style=\"font-size: 14pt\">2022<\/span><\/strong><\/span><\/p>\n<p>Orienta\u00e7\u00f5es para matricula dos aprovados em: https:\/\/wp.ufpel.edu.br\/ppgant\/2022\/03\/07\/matricula-ingressantes-2022\/<\/p>\n<p><a href=\"https:\/\/wp.ufpel.edu.br\/ppgant\/files\/2022\/03\/Edital173-2021_Mestrado2022_Lista11_ResultadoFinal_B.pdf\">Resultado Final &#8211; Classifica\u00e7\u00e3o<\/a><\/p>\n<p><a href=\"https:\/\/wp.ufpel.edu.br\/ppgant\/files\/2022\/03\/Edital173-2021_Mestrado2022_Lista10_ResultadoFinal_B.pdf\">Resultado Final &#8211; Notas<\/a><\/p>\n<p><a href=\"https:\/\/wp.ufpel.edu.br\/ppgant\/files\/2022\/03\/Edital173-2021_Mestrado2022_Lista08_Etapa3_Preliminar.pdf\">Resultado Etapa 3 &#8211; Preliminar<\/a><\/p>\n<p><a href=\"https:\/\/wp.ufpel.edu.br\/ppgant\/files\/2022\/03\/Edital173-2021_Mestrado2022_Lista07_ResultadoFinal_Etapa02.pdf\">Resultado Final &#8211; Etapa 02<\/a><\/p>\n<p><a href=\"https:\/\/wp.ufpel.edu.br\/ppgant\/files\/2022\/02\/Edital173-2021_Mestrado2022_Lista06_Etapa2_Preliminar.pdf\">Resultado etapa 2 &#8211; Preliminar<\/a><\/p>\n<p><a href=\"https:\/\/wp.ufpel.edu.br\/ppgant\/files\/2022\/02\/Edital173-2021_Mestrado2022_Lista05_Cronograma_de_Arguicoes.pdf\">Cronograma_de_Argui\u00e7\u00f5es<\/a><\/p>\n<p><a href=\"https:\/\/wp.ufpel.edu.br\/ppgant\/files\/2022\/02\/Edital173-2021_Mestrado2022_Lista03_Etapa1_Preliminar.pdf\">Resultado etapa 1-Preliminar<\/a><\/p>\n<p><a href=\"https:\/\/wp.ufpel.edu.br\/ppgant\/files\/2022\/02\/Edital173-2021_Mestrado2022_Lista02_InscricoesHomologadas_Final-1.pdf\">Inscri\u00e7\u00f5es Homologadas &#8211; P\u00f3s recursos <\/a><\/p>\n<p><a href=\"https:\/\/wp.ufpel.edu.br\/ppgant\/files\/2022\/02\/Edital173-2021_Mestrado2022_Lista01_InscricoesHomologadas.pdf\">Inscri\u00e7\u00f5es Homologadas <\/a><\/p>\n<p><a href=\"https:\/\/wp.ufpel.edu.br\/ppgant\/files\/2021\/12\/Edital-de-selecao-PPGAnt-Mestrsado-2022.pdf\">Edital de sele\u00e7\u00e3o PPGAnt Mestrado-2022<\/a><\/p>\n<p><a href=\"https:\/\/wp.ufpel.edu.br\/ppgant\/files\/2021\/12\/Edital-de-Retificacao-33.pdf\">Edital de Retifica\u00e7\u00e3o<\/a><\/p>\n<p><a href=\"https:\/\/wp.ufpel.edu.br\/ppgant\/files\/2021\/12\/1.2.1-Formulario-Inscricao-Mestrado.docx\">1.2.1 Formul\u00e1rio Inscri\u00e7\u00e3o Mestrado<\/a><\/p>\n<p><a href=\"https:\/\/wp.ufpel.edu.br\/ppgant\/files\/2021\/12\/1.2.3.1-Formulario-Declaracao-Etnia.doc\">1.2.3.1 Formul\u00e1rio Declara\u00e7\u00e3o Etnia<\/a><\/p>\n<p><a href=\"https:\/\/wp.ufpel.edu.br\/ppgant\/files\/2021\/12\/1.2.3.2-Autodeclaracao-Identidade-Genero.pdf\">1.2.3.2 Autodeclaracao Identidade G\u00eanero<\/a><\/p>\n<p><a href=\"https:\/\/wp.ufpel.edu.br\/ppgant\/files\/2021\/12\/1.2.6-Formulario-Quadro-Pontuacao-CV.docx\">1.2.6 Formul\u00e1rio Quadro Pontua\u00e7\u00e3o CV<\/a><\/p>\n","protected":false},"excerpt":{"rendered":"<p>PROCESSO SELETIVO 2022 Orienta\u00e7\u00f5es para matricula dos aprovados em: https:\/\/wp.ufpel.edu.br\/ppgant\/2022\/03\/07\/matricula-ingressantes-2022\/ Resultado Final &#8211; Classifica\u00e7\u00e3o Resultado Final &#8211; Notas Resultado Etapa 3 &#8211; Preliminar Resultado Final &#8211; Etapa 02 Resultado etapa 2 &#8211; Preliminar Cronograma_de_Argui\u00e7\u00f5es Resultado etapa 1-Preliminar Inscri\u00e7\u00f5es Homologadas &#8211; P\u00f3s recursos Inscri\u00e7\u00f5es Homologadas Edital de sele\u00e7\u00e3o PPGAnt Mestrado-2022 Edital de Retifica\u00e7\u00e3o 1.2.1 Formul\u00e1rio Inscri\u00e7\u00e3o [&hellip;]<\/p>\n","protected":false},"author":453,"featured_media":0,"parent":0,"menu_order":1,"comment_status":"closed","ping_status":"closed","template":"","meta":{"footnotes":""},"class_list":["post-154","page","type-page","status-publish","hentry"],"jetpack_sharing_enabled":true,"_links":{"self":[{"href":"https:\/\/wp.ufpel.edu.br\/ppgant\/wp-json\/wp\/v2\/pages\/154","targetHints":{"allow":["GET"]}}],"collection":[{"href":"https:\/\/wp.ufpel.edu.br\/ppgant\/wp-json\/wp\/v2\/pages"}],"about":[{"href":"https:\/\/wp.ufpel.edu.br\/ppgant\/wp-json\/wp\/v2\/types\/page"}],"author":[{"embeddable":true,"href":"https:\/\/wp.ufpel.edu.br\/ppgant\/wp-json\/wp\/v2\/users\/453"}],"replies":[{"embeddable":true,"href":"https:\/\/wp.ufpel.edu.br\/ppgant\/wp-json\/wp\/v2\/comments?post=154"}],"version-history":[{"count":89,"href":"https:\/\/wp.ufpel.edu.br\/ppgant\/wp-json\/wp\/v2\/pages\/154\/revisions"}],"predecessor-version":[{"id":2036,"href":"https:\/\/wp.ufpel.edu.br\/ppgant\/wp-json\/wp\/v2\/pages\/154\/revisions\/2036"}],"wp:attachment":[{"href":"https:\/\/wp.ufpel.edu.br\/ppgant\/wp-json\/wp\/v2\/media?parent=154"}],"curies":[{"name":"wp","href":"https:\/\/api.w.org\/{rel}","templated":true}]}}