{"id":1528,"date":"2020-11-16T21:35:49","date_gmt":"2020-11-17T00:35:49","guid":{"rendered":"https:\/\/wp.ufpel.edu.br\/ppgant\/?page_id=1528"},"modified":"2020-12-01T09:09:18","modified_gmt":"2020-12-01T12:09:18","slug":"grupos-de-investigacion-2","status":"publish","type":"page","link":"https:\/\/wp.ufpel.edu.br\/ppgant\/investigacion-e-impacto\/grupos-de-investigacion-2\/","title":{"rendered":"Grupos de Investigacion"},"content":{"rendered":"<p><a href=\"https:\/\/wp.ufpel.edu.br\/gpcie\/\">GPCIE &#8211; Grupo de Pesquisa Cultura, Imagin\u00e1rio e Educa\u00e7\u00e3o<\/a><br \/>\n(Grupo de Investigaci\u00f3n Cultura, Imaginario y Educaci\u00f3n)<br \/>\nInicio de actividades: 2016<br \/>\nL<span lang=\"es\" style=\"font-family: georgia, palatino, serif\">a propuesta es que sea amplia los estudios de las manifestaciones culturales en el pasado y en el presente, en su proceso de difusi\u00f3n a trav\u00e9s de la educaci\u00f3n, y teniendo como foco te\u00f3rico los estudios del imaginario, en su mayor amplitud, que incluye el pensamiento humano como resultado de construcciones. valores culturales de cada grupo.<\/span><\/p>\n<p style=\"text-align: justify\"><a href=\"https:\/\/www.ufrgs.br\/gepac\/\">GEPAC &#8211; Grupo de Estudos e Pesquisas em Alimenta\u00e7\u00e3o, Consumo e Cultura<\/a><br \/>\n(Grupo de Estudio e Investigaci\u00f3n en Alimentaci\u00f3n, Consumo y Cultura)<br \/>\nInicio de actividades: 2006<br \/>\n<span style=\"font-weight: 400\">El grupo viene desarrollando sus actividades desde 2006, aunque reci\u00e9n en 2013 se registr\u00f3 en el Directorio de Grupos de Investigaci\u00f3n del CNPq. La agenda de investigaci\u00f3n de GEPAC est\u00e1 permeada por un conjunto de tem\u00e1ticas, que toman la alimentaci\u00f3n y el consumo: 1. como expresiones de un imaginario sobre lo rural, constituido especialmente por los habitantes de los centros urbanos en sus pr\u00e1cticas; 2. como reveladoras diluciones y redefiniciones de los l\u00edmites entre lo rural y lo urbano, como lo demuestran las ambig\u00fcedades presentes en las pr\u00e1cticas productivas y de consumo de varios segmentos de agricultores; 3. como signos diacr\u00edticos de identidades que aglutinan lo rural como atributo; 4. participar en el debate sobre la din\u00e1mica del desarrollo rural y los correspondientes procesos y pr\u00e1cticas de producci\u00f3n de alimentos; 5. como agregadores de significados, posiciones pol\u00edticas y procesos constitutivos de nuevas redes.<\/span><\/p>\n<p style=\"text-align: justify\"><a href=\"https:\/\/www.facebook.com\/geeurbano\/\">GEEUR \u2013 Grupo de Estudos Etnogr\u00e1ficos Urbanos<\/a><br \/>\n(Grupo de estudio etnogr\u00e1fico urbano)<br \/>\nInicio de actividades: 2011<br \/>\nEl trabajo desarrollado por el grupo ayuda a la formaci\u00f3n de los estudiantes del Programa de Posgrado en Antropolog\u00eda y la Licenciatura en Antropolog\u00eda de la UFPel, y apoya la investigaci\u00f3n y extensi\u00f3n de los proyectos liderados por sus participantes. Adem\u00e1s, promueve la interacci\u00f3n con otros grupos de investigaci\u00f3n de la UFPel.<\/p>\n","protected":false},"excerpt":{"rendered":"<p>GPCIE &#8211; Grupo de Pesquisa Cultura, Imagin\u00e1rio e Educa\u00e7\u00e3o (Grupo de Investigaci\u00f3n Cultura, Imaginario y Educaci\u00f3n) Inicio de actividades: 2016 La propuesta es que sea amplia los estudios de las manifestaciones culturales en el pasado y en el presente, en su proceso de difusi\u00f3n a trav\u00e9s de la educaci\u00f3n, y teniendo como foco te\u00f3rico los [&hellip;]<\/p>\n","protected":false},"author":453,"featured_media":0,"parent":1364,"menu_order":0,"comment_status":"closed","ping_status":"closed","template":"","meta":{"footnotes":""},"class_list":["post-1528","page","type-page","status-publish","hentry"],"jetpack_sharing_enabled":true,"_links":{"self":[{"href":"https:\/\/wp.ufpel.edu.br\/ppgant\/wp-json\/wp\/v2\/pages\/1528","targetHints":{"allow":["GET"]}}],"collection":[{"href":"https:\/\/wp.ufpel.edu.br\/ppgant\/wp-json\/wp\/v2\/pages"}],"about":[{"href":"https:\/\/wp.ufpel.edu.br\/ppgant\/wp-json\/wp\/v2\/types\/page"}],"author":[{"embeddable":true,"href":"https:\/\/wp.ufpel.edu.br\/ppgant\/wp-json\/wp\/v2\/users\/453"}],"replies":[{"embeddable":true,"href":"https:\/\/wp.ufpel.edu.br\/ppgant\/wp-json\/wp\/v2\/comments?post=1528"}],"version-history":[{"count":5,"href":"https:\/\/wp.ufpel.edu.br\/ppgant\/wp-json\/wp\/v2\/pages\/1528\/revisions"}],"predecessor-version":[{"id":1655,"href":"https:\/\/wp.ufpel.edu.br\/ppgant\/wp-json\/wp\/v2\/pages\/1528\/revisions\/1655"}],"up":[{"embeddable":true,"href":"https:\/\/wp.ufpel.edu.br\/ppgant\/wp-json\/wp\/v2\/pages\/1364"}],"wp:attachment":[{"href":"https:\/\/wp.ufpel.edu.br\/ppgant\/wp-json\/wp\/v2\/media?parent=1528"}],"curies":[{"name":"wp","href":"https:\/\/api.w.org\/{rel}","templated":true}]}}