{"id":1447,"date":"2020-10-15T16:49:12","date_gmt":"2020-10-15T19:49:12","guid":{"rendered":"https:\/\/wp.ufpel.edu.br\/ppgant\/?page_id=1447"},"modified":"2020-11-19T19:07:17","modified_gmt":"2020-11-19T22:07:17","slug":"grupos-de-pesquisa","status":"publish","type":"page","link":"https:\/\/wp.ufpel.edu.br\/ppgant\/linhas-e-projetos\/grupos-de-pesquisa\/","title":{"rendered":"Projetos de Pesquisa"},"content":{"rendered":"<p><a href=\"https:\/\/sucupira.capes.gov.br\/sucupira\/public\/consultas\/coleta\/projetoPesquisa\/viewProjetoPesquisa.jsf?popup=true&amp;idProjeto=460534\"><span style=\"font-weight: 400\">An\u00e1lise de fit\u00f3litos e gr\u00e3os de amido recuperados em contextos funer\u00e1rios e dom\u00e9sticos escavados no projeto J\u00ea Landscapes of Southern Brazil<\/span><\/a><\/p>\n<p><a href=\"https:\/\/sucupira.capes.gov.br\/sucupira\/public\/consultas\/coleta\/projetoPesquisa\/viewProjetoPesquisa.jsf?popup=true&amp;idProjeto=400107\"><span style=\"font-weight: 400\">A cole\u00e7\u00e3o de fonogramas de 78 RPM do acervo da Discoteca L. C.Vinholes, do Centro de Artes da Universidade Federal de Pelotas<\/span><\/a><\/p>\n<p><a href=\"https:\/\/sucupira.capes.gov.br\/sucupira\/public\/consultas\/coleta\/projetoPesquisa\/viewProjetoPesquisa.jsf?popup=true&amp;idProjeto=409589\"><span style=\"font-weight: 400\">Acervo Multim\u00eddia de Arqueologia e Antropologia &#8211; AMAA<\/span><\/a><\/p>\n<p><a href=\"https:\/\/sucupira.capes.gov.br\/sucupira\/public\/consultas\/coleta\/projetoPesquisa\/viewProjetoPesquisa.jsf?popup=true&amp;idProjeto=501964\"><span style=\"font-weight: 400\">Antropo\u00e9ticas: coletivo de pesquisa em a\u00e7\u00e3o<\/span><\/a><\/p>\n<p><a href=\"https:\/\/sucupira.capes.gov.br\/sucupira\/public\/consultas\/coleta\/projetoPesquisa\/viewProjetoPesquisa.xhtml?popup=true&amp;idProjeto=607005\">Arqueologia da Costa Atl\u00e2ntica: geoarqueologia, hali\u00eautica e cultura material na longa dura\u00e7\u00e3o<\/a><\/p>\n<p><a href=\"https:\/\/sucupira.capes.gov.br\/sucupira\/public\/consultas\/coleta\/projetoPesquisa\/viewProjetoPesquisa.jsf?popup=true&amp;idProjeto=503193\"><span style=\"font-weight: 400\">Arqueologia dos Cerritos na Bacia Hidrogr\u00e1fica da Laguna dos Patos, Pelotas &#8211; RS: paisagens em movimento e ambiente constru\u00eddo<\/span><\/a><\/p>\n<p><a href=\"https:\/\/sucupira.capes.gov.br\/sucupira\/public\/consultas\/coleta\/projetoPesquisa\/viewProjetoPesquisa.jsf?popup=true&amp;idProjeto=221425\"><span style=\"font-weight: 400\">Arqueologia e hist\u00f3ria ind\u00edgena do pampa: estudo das popula\u00e7\u00f5es pr\u00e9-coloniais na Bacia Hidrogr\u00e1fica da Laguna dos Patos e Lagoa Mirim<\/span><\/a><\/p>\n<p><a href=\"https:\/\/sucupira.capes.gov.br\/sucupira\/public\/consultas\/coleta\/projetoPesquisa\/viewProjetoPesquisa.jsf?popup=true&amp;idProjeto=240870\"><span style=\"font-weight: 400\">Arqueologia, Educa\u00e7\u00e3o Patrimonial e Hist\u00f3ria Ind\u00edgena em Pelotas<\/span><\/a><\/p>\n<p><a href=\"https:\/\/sucupira.capes.gov.br\/sucupira\/public\/consultas\/coleta\/projetoPesquisa\/viewProjetoPesquisa.jsf?popup=true&amp;idProjeto=553186\"><span style=\"font-weight: 400\">Arqueologia na Tr\u00edplice Fronteira: o povoamento original do Sul do Brasil<\/span><\/a><\/p>\n<p><a href=\"https:\/\/sucupira.capes.gov.br\/sucupira\/public\/consultas\/coleta\/projetoPesquisa\/viewProjetoPesquisa.jsf?popup=true&amp;idProjeto=549895\"><span style=\"font-weight: 400\">Caf\u00e9 Arqueol\u00f3gico<\/span><\/a><\/p>\n<p><a href=\"https:\/\/sucupira.capes.gov.br\/sucupira\/public\/consultas\/coleta\/projetoPesquisa\/viewProjetoPesquisa.jsf?popup=true&amp;idProjeto=558752\"><span style=\"font-weight: 400\">Clube Fica Ahi: valoriza\u00e7\u00e3o e reconhecimento do associativismo negro pelotense<\/span><\/a><\/p>\n<p><a href=\"https:\/\/sucupira.capes.gov.br\/sucupira\/public\/consultas\/coleta\/projetoPesquisa\/viewProjetoPesquisa.jsf?popup=true&amp;idProjeto=400083\">Cultura e cidade: dimens\u00f5es culturais e de poder na constitui\u00e7\u00e3o do espa\u00e7o urbano<\/a><\/p>\n<p><a href=\"https:\/\/sucupira.capes.gov.br\/sucupira\/public\/consultas\/coleta\/projetoPesquisa\/viewProjetoPesquisa.jsf?popup=true&amp;idProjeto=503066\">Diferen\u00e7a colonial e cr\u00edtica feminista na teoria e pr\u00e1tica da ci\u00eancia<\/a><\/p>\n<p><a href=\"https:\/\/sucupira.capes.gov.br\/sucupira\/public\/consultas\/coleta\/projetoPesquisa\/viewProjetoPesquisa.jsf?popup=true&amp;idProjeto=410395\">Etnodesenvolvimento e direitos culturais em comunidades quilombolas e ind\u00edgenas<\/a><\/p>\n<p><a href=\"https:\/\/sucupira.capes.gov.br\/sucupira\/public\/consultas\/coleta\/projetoPesquisa\/viewProjetoPesquisa.jsf?popup=true&amp;idProjeto=462052\">Etnologia Amer\u00edndia e Mitologia: uma an\u00e1lise sobre a diversidade religiosa, as rela\u00e7\u00f5es inter\u00e9tnicas e as pol\u00edticas p\u00fablicas do ponto de vista dos povos aut\u00f3ctones na Am\u00e9rica Latina, na Am\u00e9rica e noutras partes do mundo<\/a><\/p>\n<p><a href=\"https:\/\/sucupira.capes.gov.br\/sucupira\/public\/consultas\/coleta\/projetoPesquisa\/viewProjetoPesquisa.jsf?popup=true&amp;idProjeto=534687\">Evolu\u00e7\u00e3o Biocultural Homin\u00ednia: uma abordagem fen\u00e9tico-comparativa<\/a><\/p>\n<p><a href=\"https:\/\/sucupira.capes.gov.br\/sucupira\/public\/consultas\/coleta\/projetoPesquisa\/viewProjetoPesquisa.jsf?popup=true&amp;idProjeto=482102\">Explorando a diversidade de rela\u00e7\u00f5es entre comunidades humanas, animais e o meio ambiente no Sul e Sudeste do Brasil durante o per\u00edodo pr\u00e9-colonial, com foco nas cole\u00e7\u00f5es faun\u00edsticas da UFPel<\/a><\/p>\n<p><a href=\"https:\/\/sucupira.capes.gov.br\/sucupira\/public\/consultas\/coleta\/projetoPesquisa\/viewProjetoPesquisa.jsf?popup=true&amp;idProjeto=549896\">Fluxos entre campo e cidade: tend\u00eancias da alimenta\u00e7\u00e3o contempor\u00e2nea<\/a><\/p>\n<p><a href=\"https:\/\/sucupira.capes.gov.br\/sucupira\/public\/consultas\/coleta\/projetoPesquisa\/viewProjetoPesquisa.jsf?popup=true&amp;idProjeto=240363\">Implanta\u00e7\u00e3o do Museu de Antropologia e Arqueologia de Pelotas<\/a><\/p>\n<p><a href=\"https:\/\/sucupira.capes.gov.br\/sucupira\/public\/consultas\/coleta\/projetoPesquisa\/viewProjetoPesquisa.jsf?popup=true&amp;idProjeto=502941\">INRC \u2013 Lida Campeira nos Campos Dobrados do Alto Camaqu\u00e3<\/a><\/p>\n<p><a href=\"https:\/\/sucupira.capes.gov.br\/sucupira\/public\/consultas\/coleta\/projetoPesquisa\/viewProjetoPesquisa.jsf?popup=true&amp;idProjeto=503028\">Inter-rela\u00e7\u00e3o entre sa\u00fade mental, dieta e adiposidade em adultos jovens<\/a><\/p>\n<p><a href=\"https:\/\/sucupira.capes.gov.br\/sucupira\/public\/consultas\/coleta\/projetoPesquisa\/viewProjetoPesquisa.jsf?popup=true&amp;idProjeto=460507\">J\u00ea Landscapes of Southern Brazil: ecology, history and power in a transitional landscape during the late holocene<\/a><\/p>\n<p><a href=\"https:\/\/sucupira.capes.gov.br\/sucupira\/public\/consultas\/coleta\/projetoPesquisa\/viewProjetoPesquisa.jsf?popup=true&amp;idProjeto=240347\">LEPPAIS &#8211; Laborat\u00f3rio de Ensino, Pesquisa e Produ\u00e7\u00e3o em Antropologia da Imagem e do Som<\/a><\/p>\n<p><a href=\"https:\/\/sucupira.capes.gov.br\/sucupira\/public\/consultas\/coleta\/projetoPesquisa\/viewProjetoPesquisa.jsf?popup=true&amp;idProjeto=221426\">Mapeamento arqueol\u00f3gico e cultural dos objetos, lugares, manifesta\u00e7\u00f5es e pessoas de refer\u00eancia \u00e0s sociedades tradicionais ind\u00edgenas e afro-brasileiras na regi\u00e3o sul do estado do Rio Grande do Sul<\/a><\/p>\n<p><a href=\"https:\/\/sucupira.capes.gov.br\/sucupira\/public\/consultas\/coleta\/projetoPesquisa\/viewProjetoPesquisa.jsf?popup=true&amp;idProjeto=549881\">Mapeamento de s\u00edtios arqueol\u00f3gicos na ReBio do Mato Grande, Arroio Grande, RS<\/a><\/p>\n<p><a href=\"https:\/\/sucupira.capes.gov.br\/sucupira\/public\/consultas\/coleta\/projetoPesquisa\/viewProjetoPesquisa.jsf?popup=true&amp;idProjeto=409623\">Mapeando a noite: o universo travesti<\/a><\/p>\n<p><a href=\"https:\/\/sucupira.capes.gov.br\/sucupira\/public\/consultas\/coleta\/projetoPesquisa\/viewProjetoPesquisa.jsf?popup=true&amp;idProjeto=460418\">Margens: grupos em processos de exclus\u00e3o e suas formas de habitar Pelotas<\/a><\/p>\n<p><a href=\"https:\/\/sucupira.capes.gov.br\/sucupira\/public\/consultas\/coleta\/projetoPesquisa\/viewProjetoPesquisa.jsf?popup=true&amp;idProjeto=534688\">Microevolu\u00e7\u00e3o da diversidade craniana humana e suas implica\u00e7\u00f5es para os modelos de povoamento do Novo Mundo<\/a><\/p>\n<p><a href=\"https:\/\/sucupira.capes.gov.br\/sucupira\/public\/consultas\/coleta\/projetoPesquisa\/viewProjetoPesquisa.jsf?popup=true&amp;idProjeto=306104\">Miss\u00f5es Jesu\u00edticas Guarani: pol\u00edticas semi\u00f3ticas e sentidos patrimoniais<\/a><\/p>\n<p><a href=\"https:\/\/sucupira.capes.gov.br\/sucupira\/public\/consultas\/coleta\/projetoPesquisa\/viewProjetoPesquisa.jsf?popup=true&amp;idProjeto=534689\">M\u00fasica, diversidade e produ\u00e7\u00e3o do conhecimento<\/a><\/p>\n<p><a href=\"https:\/\/sucupira.capes.gov.br\/sucupira\/public\/consultas\/coleta\/projetoPesquisa\/viewProjetoPesquisa.jsf?popup=true&amp;idProjeto=598353\">Narrativas do Passo dos Negros: exerc\u00edcio de etnografia coletiva para antrop\u00f3logos\/as em forma\u00e7\u00e3o<\/a><\/p>\n<p><a href=\"https:\/\/sucupira.capes.gov.br\/sucupira\/public\/consultas\/coleta\/projetoPesquisa\/viewProjetoPesquisa.jsf?popup=true&amp;idProjeto=460402\">N\u00f3s Nosotros: antropofonias e charlas<\/a><\/p>\n<p><a href=\"https:\/\/sucupira.capes.gov.br\/sucupira\/public\/consultas\/coleta\/projetoPesquisa\/viewProjetoPesquisa.jsf?popup=true&amp;idProjeto=239623\">O Passo dos Negros: arqueologia da Di\u00e1spora Africana nas Charqueadas de Pelotas (RS)<\/a><\/p>\n<p><a href=\"https:\/\/sucupira.capes.gov.br\/sucupira\/public\/consultas\/coleta\/projetoPesquisa\/viewProjetoPesquisa.jsf?popup=true&amp;idProjeto=503025\">Preval\u00eancia de eventos estressores e fatores associados em universit\u00e1rios de uma institui\u00e7\u00e3o p\u00fablica de Pelotas-RS<\/a><\/p>\n<p><a href=\"https:\/\/sucupira.capes.gov.br\/sucupira\/public\/consultas\/coleta\/projetoPesquisa\/viewProjetoPesquisa.jsf?popup=true&amp;idProjeto=549888\">Projeto Arqueol\u00f3gico Alto Canoas &#8211; PARACA: um estudo da presen\u00e7a J\u00ea no Planalto Catarinense<\/a><\/p>\n<p><a href=\"https:\/\/sucupira.capes.gov.br\/sucupira\/public\/consultas\/coleta\/projetoPesquisa\/viewProjetoPesquisa.jsf?popup=true&amp;idProjeto=306150\">Projeto Arqueol\u00f3gico da Triplice Fronteira: ca\u00e7adores coletores da transi\u00e7\u00e3o Pleistoceno Holoceno no Oeste do RS<\/a><\/p>\n<p><a href=\"https:\/\/sucupira.capes.gov.br\/sucupira\/public\/consultas\/coleta\/projetoPesquisa\/viewProjetoPesquisa.jsf?popup=true&amp;idProjeto=598352\">Terra de Santo: patrimonializa\u00e7\u00e3o de terreiro em Pelotas<\/a><\/p>\n<p><a href=\"https:\/\/sucupira.capes.gov.br\/sucupira\/public\/consultas\/coleta\/projetoPesquisa\/viewProjetoPesquisa.jsf?popup=true&amp;idProjeto=221430\">Territ\u00f3rios negros na Regi\u00e3o Central e na regi\u00e3o das antigas charqueadas do RS: fluxos de mem\u00f3rias e fronteiras \u00e9tnicas em uma perspectiva comparativa<\/a><\/p>\n","protected":false},"excerpt":{"rendered":"<p>An\u00e1lise de fit\u00f3litos e gr\u00e3os de amido recuperados em contextos funer\u00e1rios e dom\u00e9sticos escavados no projeto J\u00ea Landscapes of Southern Brazil A cole\u00e7\u00e3o de fonogramas de 78 RPM do acervo da Discoteca L. C.Vinholes, do Centro de Artes da Universidade Federal de Pelotas Acervo Multim\u00eddia de Arqueologia e Antropologia &#8211; AMAA Antropo\u00e9ticas: coletivo de pesquisa [&hellip;]<\/p>\n","protected":false},"author":453,"featured_media":0,"parent":120,"menu_order":0,"comment_status":"closed","ping_status":"closed","template":"","meta":{"footnotes":""},"class_list":["post-1447","page","type-page","status-publish","hentry"],"jetpack_sharing_enabled":true,"_links":{"self":[{"href":"https:\/\/wp.ufpel.edu.br\/ppgant\/wp-json\/wp\/v2\/pages\/1447","targetHints":{"allow":["GET"]}}],"collection":[{"href":"https:\/\/wp.ufpel.edu.br\/ppgant\/wp-json\/wp\/v2\/pages"}],"about":[{"href":"https:\/\/wp.ufpel.edu.br\/ppgant\/wp-json\/wp\/v2\/types\/page"}],"author":[{"embeddable":true,"href":"https:\/\/wp.ufpel.edu.br\/ppgant\/wp-json\/wp\/v2\/users\/453"}],"replies":[{"embeddable":true,"href":"https:\/\/wp.ufpel.edu.br\/ppgant\/wp-json\/wp\/v2\/comments?post=1447"}],"version-history":[{"count":4,"href":"https:\/\/wp.ufpel.edu.br\/ppgant\/wp-json\/wp\/v2\/pages\/1447\/revisions"}],"predecessor-version":[{"id":1584,"href":"https:\/\/wp.ufpel.edu.br\/ppgant\/wp-json\/wp\/v2\/pages\/1447\/revisions\/1584"}],"up":[{"embeddable":true,"href":"https:\/\/wp.ufpel.edu.br\/ppgant\/wp-json\/wp\/v2\/pages\/120"}],"wp:attachment":[{"href":"https:\/\/wp.ufpel.edu.br\/ppgant\/wp-json\/wp\/v2\/media?parent=1447"}],"curies":[{"name":"wp","href":"https:\/\/api.w.org\/{rel}","templated":true}]}}