{"id":1364,"date":"2020-10-05T19:21:09","date_gmt":"2020-10-05T22:21:09","guid":{"rendered":"https:\/\/wp.ufpel.edu.br\/ppgant\/?page_id=1364"},"modified":"2020-10-05T19:21:09","modified_gmt":"2020-10-05T22:21:09","slug":"investigacion-e-impacto","status":"publish","type":"page","link":"https:\/\/wp.ufpel.edu.br\/ppgant\/investigacion-e-impacto\/","title":{"rendered":"INVESTIGACI\u00d3N E IMPACTO"},"content":{"rendered":"<p style=\"text-align: justify\"><b>AREAS DE CONCENTRACION<\/b><\/p>\n<p style=\"text-align: justify\"><span style=\"font-weight: 400\">El \u00c1rea de Concentraci\u00f3n en Antropolog\u00eda Social y Cultural es denominada por Etnograf\u00eda, entendida como metodolog\u00eda y epistemolog\u00eda, es decir, como un proceso y producto inherente a la pr\u00e1ctica y producci\u00f3n del conocimiento en el campo antropol\u00f3gico. Constituye la propuesta de composici\u00f3n entre el reconocimiento del car\u00e1cter simb\u00f3lico de la cultura y una metodolog\u00eda capaz de producir caminos para la comprensi\u00f3n de la complejidad, las fronteras y la diversidad en las variadas dimensiones de la vida en sociedad. Abarca investigaciones sobre organizaci\u00f3n social, g\u00e9nero, familia, corporeidad, alimentaci\u00f3n, imagen, medio ambiente, Estado, religi\u00f3n, etnia, territorios, procesos de territorializaci\u00f3n, ciencia y patrimonio cultural, ya sea en contextos urbanos o rurales. Tambi\u00e9n est\u00e1 vinculado a estudios sobre pueblos y comunidades tradicionales (ind\u00edgenas, quilombolas, campesinos, pescadores, pomeranos, etc.), que abarcan cosmolog\u00edas y procesos sociohist\u00f3ricos y culturales.<\/span><\/p>\n<p style=\"text-align: justify\"><span style=\"font-weight: 400\">El \u00c1rea de Concentraci\u00f3n en Arqueolog\u00eda est\u00e1 referenciada por el estudio de la cultura material y la interculturalidad que caracterizan las relaciones sociales en el tiempo y el espacio, adem\u00e1s de caracterizar la complejidad, las fronteras y la diversidad en las variadas dimensiones de la vida en sociedad. Se trata de una propuesta para romper con el dualismo sujeto-objeto y fomentar investigaciones encaminadas a comprender las sociedades humanas en diferentes per\u00edodos, desde la \u00e9poca precolonial hasta la actualidad, a partir del estudio de la cultura material y el registro arqueol\u00f3gico. Abarca investigaciones sobre organizaci\u00f3n social, g\u00e9nero, alimentaci\u00f3n, educaci\u00f3n, esclavitud, religi\u00f3n, tecnolog\u00edas, etnicidad, territorios, procesos de territorializaci\u00f3n, colonialismo, ciencia y patrimonio cultural. Tambi\u00e9n se vincula a estudios sobre pueblos y comunidades tradicionales (ind\u00edgenas, quilombolas, campesinos, pescadores, pomeranos, etc.) y fomenta la aplicaci\u00f3n del m\u00e9todo etnogr\u00e1fico para la realizaci\u00f3n de investigaciones participativas y colaborativas orientadas a los intereses de estos colectivos.<\/span><\/p>\n<p style=\"text-align: justify\">\n<p style=\"text-align: justify\"><b>L\u00cdNEAS DE INVESTIGACI\u00d3N<\/b><\/p>\n<p style=\"text-align: justify\"><b>Arqueolog\u00eda y etnolog\u00eda de pueblos y comunidades tradicionales<br \/>\n<\/b><span style=\"font-weight: 400\">Esta l\u00ednea de investigaci\u00f3n transversal incluye estudios sobre pueblos y comunidades tradicionales pasadas y contempor\u00e1neas, como las poblaciones ind\u00edgenas, quilombolas y ribere\u00f1as, que son temas cl\u00e1sicos de la Antropolog\u00eda y Arqueolog\u00eda en Brasil y otros pa\u00edses del continente americano. Abarca una gama considerable de materias, tales como: cultura material, organizaci\u00f3n social, cosmolog\u00eda, religi\u00f3n, relaciones inter\u00e9tnicas, historia, indigenismo, educaci\u00f3n escolar, etnicidad, colonialismo, urbanizaci\u00f3n, territorios y procesos de territorializaci\u00f3n.<\/span><\/p>\n<p style=\"text-align: justify\"><b>Comunidad, red y rendimiento<br \/>\n<\/b><span style=\"font-weight: 400\">Esta l\u00ednea de investigaci\u00f3n transversal se dedica a los estudios sobre las relaciones entre cuerpos humanos, objetos, espacios, oralidades y discursos sistematizados en el campo social, en la producci\u00f3n de im\u00e1genes y por las ciencias. Abarca temas relacionados con comunidades, redes y performances compuestas por conexiones, flujos y l\u00edmites constituidos en la sociedad, que deben entenderse desde la din\u00e1mica entre sentido y realidad, aprehendidos en la perspectiva diacr\u00f3nica y sincr\u00f3nica.<\/span><\/p>\n<p style=\"text-align: justify\"><b>Antropolog\u00eda y arqueolog\u00eda de objetos<br \/>\n<\/b><span style=\"font-weight: 400\">Esta l\u00ednea de investigaci\u00f3n transversal agrega estudios sobre procesos relacionados con la formaci\u00f3n de fronteras y comunidades, considerando las relaciones entre grupos humanos y objetos, as\u00ed como colecciones e investigaciones privadas y museol\u00f3gicas relacionadas con la activaci\u00f3n y representaci\u00f3n relacionada con el patrimonio cultural. Tambi\u00e9n se incluyen investigaciones sobre procesos de territorializaci\u00f3n, etnicidad e identidades culturales, prestando atenci\u00f3n a las formas en que las comunidades construyen su vida social y simb\u00f3lica en el tiempo y el espacio, a trav\u00e9s de objetos y contactos inter\u00e9tnicos y diasp\u00f3ricos.<\/span><\/p>\n<p style=\"text-align: justify\"><b>Sociedad, Medio Ambiente y Territorializaci\u00f3n<br \/>\n<\/b><span style=\"font-weight: 400\">Esta l\u00ednea de investigaci\u00f3n se centra en estudios sobre las relaciones entre sociedad, cultura y naturaleza, centr\u00e1ndose en representaciones y pr\u00e1cticas colectivas relacionadas con procesos de territorializaci\u00f3n de contextos socio-hist\u00f3ricos singulares. Busca analizar e interpretar las expresiones culturales de los diferentes grupos que producen sociabilidad ligada a la apropiaci\u00f3n y subjetivaci\u00f3n del espacio y a los ritmos y tiempos de duraci\u00f3n en situaciones de conflicto socioambiental.<\/span><\/p>\n","protected":false},"excerpt":{"rendered":"<p>AREAS DE CONCENTRACION El \u00c1rea de Concentraci\u00f3n en Antropolog\u00eda Social y Cultural es denominada por Etnograf\u00eda, entendida como metodolog\u00eda y epistemolog\u00eda, es decir, como un proceso y producto inherente a la pr\u00e1ctica y producci\u00f3n del conocimiento en el campo antropol\u00f3gico. Constituye la propuesta de composici\u00f3n entre el reconocimiento del car\u00e1cter simb\u00f3lico de la cultura y [&hellip;]<\/p>\n","protected":false},"author":453,"featured_media":0,"parent":0,"menu_order":4,"comment_status":"closed","ping_status":"closed","template":"","meta":{"footnotes":""},"class_list":["post-1364","page","type-page","status-publish","hentry"],"jetpack_sharing_enabled":true,"_links":{"self":[{"href":"https:\/\/wp.ufpel.edu.br\/ppgant\/wp-json\/wp\/v2\/pages\/1364","targetHints":{"allow":["GET"]}}],"collection":[{"href":"https:\/\/wp.ufpel.edu.br\/ppgant\/wp-json\/wp\/v2\/pages"}],"about":[{"href":"https:\/\/wp.ufpel.edu.br\/ppgant\/wp-json\/wp\/v2\/types\/page"}],"author":[{"embeddable":true,"href":"https:\/\/wp.ufpel.edu.br\/ppgant\/wp-json\/wp\/v2\/users\/453"}],"replies":[{"embeddable":true,"href":"https:\/\/wp.ufpel.edu.br\/ppgant\/wp-json\/wp\/v2\/comments?post=1364"}],"version-history":[{"count":1,"href":"https:\/\/wp.ufpel.edu.br\/ppgant\/wp-json\/wp\/v2\/pages\/1364\/revisions"}],"predecessor-version":[{"id":1365,"href":"https:\/\/wp.ufpel.edu.br\/ppgant\/wp-json\/wp\/v2\/pages\/1364\/revisions\/1365"}],"wp:attachment":[{"href":"https:\/\/wp.ufpel.edu.br\/ppgant\/wp-json\/wp\/v2\/media?parent=1364"}],"curies":[{"name":"wp","href":"https:\/\/api.w.org\/{rel}","templated":true}]}}