{"id":1355,"date":"2020-10-05T18:46:54","date_gmt":"2020-10-05T21:46:54","guid":{"rendered":"https:\/\/wp.ufpel.edu.br\/ppgant\/?page_id=1355"},"modified":"2020-11-19T18:27:12","modified_gmt":"2020-11-19T21:27:12","slug":"programa-de-posgrado-en-antropologia-ppgant","status":"publish","type":"page","link":"https:\/\/wp.ufpel.edu.br\/ppgant\/programa-de-posgrado-en-antropologia-ppgant\/","title":{"rendered":"Programa de Posgrado en Antropolog\u00eda (PPGAnt)"},"content":{"rendered":"<p style=\"text-align: justify\"><span style=\"font-weight: 400\">El Programa de Posgrado en Antropolog\u00eda (PPGAnt) de la UFPel vinculado al Departamento de Antropolog\u00eda y Arqueolog\u00eda, ofrece cursos de Maestr\u00eda y Doctorado en Antropolog\u00eda con \u00e1reas de concentraci\u00f3n en Antropolog\u00eda y Arqueolog\u00eda. <\/span><span lang=\"es\" style=\"font-family: georgia, palatino, serif\">El programa sigue las propuestas desarrolladas en los grados de Antropolog\u00eda y Arqueolog\u00eda de la UFPel.<\/span><span style=\"font-weight: 400\"><br \/>\n<a href=\"https:\/\/wp.ufpel.edu.br\/ppgant\/files\/2020\/10\/cestos-1.jpg\"><img class=\"size-full wp-image-1356 alignright\" src=\"https:\/\/wp.ufpel.edu.br\/ppgant\/files\/2020\/10\/cestos-1.jpg\" alt=\"\" width=\"350\" height=\"300\" \/><\/a><\/span><span style=\"font-weight: 400\">El Programa propone fortalecer la relaci\u00f3n entre Antropolog\u00eda y Arqueolog\u00eda, fomentando enfoques que enfaticen aspectos tanto sincr\u00f3nicos como diacr\u00f3nicos en el estudio de la cultura. Compartiendo el inter\u00e9s por los conceptos de etnograf\u00eda e interculturalidad, las \u00e1reas de concentraci\u00f3n buscan impulsar estudios sobre realidades fronterizas, estimuladas por la propia ubicaci\u00f3n geogr\u00e1fica de la UFPel, en los l\u00edmites del sur de Brasil. En PPGAnt, la etnograf\u00eda es vista como la posibilidad de una composici\u00f3n entre el reconocimiento del car\u00e1cter simb\u00f3lico de la cultura y una metodolog\u00eda capaz de producir formas de reconocer esta realidad en sus variadas dimensiones, agregando sus elementos antropol\u00f3gicos, arqueol\u00f3gicos e hist\u00f3ricos. Centramos nuestros esfuerzos reflexivos en problematizar la discontinuidad y la interconexi\u00f3n, la din\u00e1mica entre l\u00edmite y flujo, la agregaci\u00f3n de diferencias entre los lados de la frontera. Ya sea en el pasado de las poblaciones amerindias o en el presente de estos y otros grupos colonizados, las fronteras sociales o pol\u00edticas no marcan fronteras insuperables entre culturas, grupos sociales y formas de pensar, sino que marcan lugares de encuentro, conflicto y negociaci\u00f3n.<\/span><\/p>\n<p><span style=\"font-weight: 400\">El Programa de Maestr\u00eda fue aprobado por CAPES en diciembre de 2011 y las actividades se iniciaron en abril de 2012, con una entrada anual en dos l\u00edneas de investigaci\u00f3n.<\/span><\/p>\n<p style=\"text-align: justify\"><span style=\"font-weight: 400\">El Programa de Doctorado fue aprobado por CAPES en diciembre de 2015 y las actividades se iniciaron en marzo de 2016.<\/span><\/p>\n<p style=\"text-align: justify\"><span style=\"font-weight: 400\">PPGANT es tambi\u00e9n un espacio para la realizaci\u00f3n de estudios posdoctorales con becas y voluntarios. Se anima a vincular a los investigadores con los centros, laboratorios y proyectos desarrollados por los docentes del Programa.<\/span><\/p>\n<p style=\"text-align: justify\"><span style=\"font-weight: 400\">PPGAnt \/ UFPel ofrece infraestructura de investigaci\u00f3n con sus diversos centros y laboratorios de investigaci\u00f3n. Tambi\u00e9n cuenta con un veh\u00edculo para publicaciones cient\u00edficas, la revista <a href=\"https:\/\/periodicos.ufpel.edu.br\/ojs2\/index.php\/tessituras\">Tessitura &#8211; Revista de Antropologia e Arqueologia<\/a>, as\u00ed como varios proyectos de docencia, investigaci\u00f3n y extensi\u00f3n que conectan a la Universidad con el p\u00fablico externo. Actualmente, el Programa cuenta con 22 profesores y supervisores reconocidos en sus campos y con amplia experiencia en la docencia e investigaci\u00f3n.\u00a0 <\/span><\/p>\n","protected":false},"excerpt":{"rendered":"<p>El Programa de Posgrado en Antropolog\u00eda (PPGAnt) de la UFPel vinculado al Departamento de Antropolog\u00eda y Arqueolog\u00eda, ofrece cursos de Maestr\u00eda y Doctorado en Antropolog\u00eda con \u00e1reas de concentraci\u00f3n en Antropolog\u00eda y Arqueolog\u00eda. El programa sigue las propuestas desarrolladas en los grados de Antropolog\u00eda y Arqueolog\u00eda de la UFPel. El Programa propone fortalecer la relaci\u00f3n [&hellip;]<\/p>\n","protected":false},"author":453,"featured_media":0,"parent":0,"menu_order":1,"comment_status":"closed","ping_status":"closed","template":"","meta":{"footnotes":""},"class_list":["post-1355","page","type-page","status-publish","hentry"],"jetpack_sharing_enabled":true,"_links":{"self":[{"href":"https:\/\/wp.ufpel.edu.br\/ppgant\/wp-json\/wp\/v2\/pages\/1355","targetHints":{"allow":["GET"]}}],"collection":[{"href":"https:\/\/wp.ufpel.edu.br\/ppgant\/wp-json\/wp\/v2\/pages"}],"about":[{"href":"https:\/\/wp.ufpel.edu.br\/ppgant\/wp-json\/wp\/v2\/types\/page"}],"author":[{"embeddable":true,"href":"https:\/\/wp.ufpel.edu.br\/ppgant\/wp-json\/wp\/v2\/users\/453"}],"replies":[{"embeddable":true,"href":"https:\/\/wp.ufpel.edu.br\/ppgant\/wp-json\/wp\/v2\/comments?post=1355"}],"version-history":[{"count":5,"href":"https:\/\/wp.ufpel.edu.br\/ppgant\/wp-json\/wp\/v2\/pages\/1355\/revisions"}],"predecessor-version":[{"id":1574,"href":"https:\/\/wp.ufpel.edu.br\/ppgant\/wp-json\/wp\/v2\/pages\/1355\/revisions\/1574"}],"wp:attachment":[{"href":"https:\/\/wp.ufpel.edu.br\/ppgant\/wp-json\/wp\/v2\/media?parent=1355"}],"curies":[{"name":"wp","href":"https:\/\/api.w.org\/{rel}","templated":true}]}}