{"id":1346,"date":"2020-10-05T17:32:27","date_gmt":"2020-10-05T20:32:27","guid":{"rendered":"https:\/\/wp.ufpel.edu.br\/ppgant\/?page_id=1346"},"modified":"2020-10-05T19:35:22","modified_gmt":"2020-10-05T22:35:22","slug":"admissiones","status":"publish","type":"page","link":"https:\/\/wp.ufpel.edu.br\/ppgant\/admissiones\/","title":{"rendered":"ADMISSIONES"},"content":{"rendered":"<p><strong>AVISOS ABIERTOS<\/strong><\/p>\n<p>&nbsp;<\/p>\n<p>&nbsp;<\/p>\n<p><strong>AVISOS CERRADOS<\/strong><\/p>\n<p>EDITAL ALUNO ESPECIAL 2020\/2<\/p>\n<p><a href=\"https:\/\/wp.ufpel.edu.br\/ppgant\/files\/2020\/09\/SEI_UFPel-1040785-Edital-de-selecao-PRPPGI.pdf\">SEI_UFPel &#8211; 1040785 &#8211; Edital de sele\u00e7\u00e3o PRPPGI<\/a><\/p>\n<p>EDITAL ALUNO ESPECIAL 2020\/1<\/p>\n<p><a href=\"https:\/\/wp.ufpel.edu.br\/ppgant\/files\/2020\/02\/Edital-de-sele\u00e7\u00e3o-PPGAnt-Aluno-Especial-2020.pdf\">Edital de sele\u00e7\u00e3o PPGAnt &#8211; Aluno Especial-2020<\/a><\/p>\n<p>EDITAL ALUNO ESPECIAL 2019\/2<\/p>\n<p><a href=\"https:\/\/wp.ufpel.edu.br\/ppgant\/files\/2019\/08\/Edital-de-sele\u00e7\u00e3o-113-PPG-Antropologia-Aluno-Especial.pdf\">Edital-de-sele\u00e7\u00e3o-113-PPG-Antropologia-Aluno-Especial<\/a><\/p>\n<p>EDITAL DE DOUTORADO 2020<\/p>\n<p><a href=\"https:\/\/wp.ufpel.edu.br\/ppgant\/files\/2019\/08\/Edital-de-sele\u00e7\u00e3o-94-PPG-Antropologia-Aluno-Regular-D.pdf\">Edital-de-sele\u00e7\u00e3o-94-PPG-Antropologia-Aluno-Regular D<\/a><\/p>\n<p><a href=\"https:\/\/wp.ufpel.edu.br\/ppgant\/files\/2019\/08\/Edital-de-retifica\u00e7\u00e3o-115-PPG-Antropologia-D.pdf\">Edital-de-retifica\u00e7\u00e3o-115-PPG-Antropologia D<\/a><\/p>\n<p>EDITAL DE MESTRADO 2020<\/p>\n<p><a href=\"https:\/\/wp.ufpel.edu.br\/ppgant\/files\/2019\/08\/Edital-de-sele\u00e7\u00e3o-93-PPG-Antropologia-Aluno-Regular-M.pdf\">Edital-de-sele\u00e7\u00e3o-93-PPG-Antropologia-Aluno-Regular-M<\/a><\/p>\n<p><a href=\"https:\/\/wp.ufpel.edu.br\/ppgant\/files\/2019\/08\/Edital-de-Retifica\u00e7\u00e3o-27-PPG-Antropologia-M.pdf\">Edital-de-Retifica\u00e7\u00e3o-27-PPG-Antropologia M<\/a><\/p>\n<p>EDITAL DE SELE\u00c7\u00c3O DE BOLSISTA PNPD 2019:<\/p>\n<p style=\"text-align: justify\">O Programa de P\u00f3s-Gradua\u00e7\u00e3o em Antropologia (PPGAnt) da Universidade Federal de Pelotas (UFPel) est\u00e1 recebendo candidaturas para selecionar 1 (um\/a) doutor\/a para o Programa Nacional de P\u00f3s-Doutorado \u2013 PNPD\/CAPES.<\/p>\n<p><a href=\"https:\/\/wp.ufpel.edu.br\/ppgant\/files\/2019\/05\/EDITAL-PNPD-PPGAnt-UFPel-2019.pdf\">EDITAL-PNPD-PPGAnt-UFPel-2019<\/a><\/p>\n","protected":false},"excerpt":{"rendered":"<p>AVISOS ABIERTOS &nbsp; &nbsp; AVISOS CERRADOS EDITAL ALUNO ESPECIAL 2020\/2 SEI_UFPel &#8211; 1040785 &#8211; Edital de sele\u00e7\u00e3o PRPPGI EDITAL ALUNO ESPECIAL 2020\/1 Edital de sele\u00e7\u00e3o PPGAnt &#8211; Aluno Especial-2020 EDITAL ALUNO ESPECIAL 2019\/2 Edital-de-sele\u00e7\u00e3o-113-PPG-Antropologia-Aluno-Especial EDITAL DE DOUTORADO 2020 Edital-de-sele\u00e7\u00e3o-94-PPG-Antropologia-Aluno-Regular D Edital-de-retifica\u00e7\u00e3o-115-PPG-Antropologia D EDITAL DE MESTRADO 2020 Edital-de-sele\u00e7\u00e3o-93-PPG-Antropologia-Aluno-Regular-M Edital-de-Retifica\u00e7\u00e3o-27-PPG-Antropologia M EDITAL DE SELE\u00c7\u00c3O DE BOLSISTA PNPD [&hellip;]<\/p>\n","protected":false},"author":453,"featured_media":0,"parent":0,"menu_order":0,"comment_status":"closed","ping_status":"closed","template":"","meta":{"footnotes":""},"class_list":["post-1346","page","type-page","status-publish","hentry"],"jetpack_sharing_enabled":true,"_links":{"self":[{"href":"https:\/\/wp.ufpel.edu.br\/ppgant\/wp-json\/wp\/v2\/pages\/1346","targetHints":{"allow":["GET"]}}],"collection":[{"href":"https:\/\/wp.ufpel.edu.br\/ppgant\/wp-json\/wp\/v2\/pages"}],"about":[{"href":"https:\/\/wp.ufpel.edu.br\/ppgant\/wp-json\/wp\/v2\/types\/page"}],"author":[{"embeddable":true,"href":"https:\/\/wp.ufpel.edu.br\/ppgant\/wp-json\/wp\/v2\/users\/453"}],"replies":[{"embeddable":true,"href":"https:\/\/wp.ufpel.edu.br\/ppgant\/wp-json\/wp\/v2\/comments?post=1346"}],"version-history":[{"count":2,"href":"https:\/\/wp.ufpel.edu.br\/ppgant\/wp-json\/wp\/v2\/pages\/1346\/revisions"}],"predecessor-version":[{"id":1377,"href":"https:\/\/wp.ufpel.edu.br\/ppgant\/wp-json\/wp\/v2\/pages\/1346\/revisions\/1377"}],"wp:attachment":[{"href":"https:\/\/wp.ufpel.edu.br\/ppgant\/wp-json\/wp\/v2\/media?parent=1346"}],"curies":[{"name":"wp","href":"https:\/\/api.w.org\/{rel}","templated":true}]}}