{"id":1335,"date":"2020-10-05T16:47:50","date_gmt":"2020-10-05T19:47:50","guid":{"rendered":"https:\/\/wp.ufpel.edu.br\/ppgant\/?page_id=1335"},"modified":"2020-10-15T19:48:31","modified_gmt":"2020-10-15T22:48:31","slug":"tesis-de-doctorado","status":"publish","type":"page","link":"https:\/\/wp.ufpel.edu.br\/ppgant\/tesis-de-doctorado\/","title":{"rendered":"Tesis de Doctorado"},"content":{"rendered":"<p>1 &#8211; BARETTA, Jocyane Ricelly<br \/>\n<a href=\"http:\/\/guaiaca.ufpel.edu.br\/bitstream\/prefix\/6481\/1\/Tese_JOCYANE_RICELLY_BARETTA.pdf\">Uma arqueologia do inferno. Misoginia e feminiza\u00e7\u00e3o atrav\u00e9s do aparato material da Ditadura em Porto Alegre\/RS (1964\/1985)<\/a><br \/>\nOrientadora: Prof\u00aa Dr\u00aa. Loredana Marise Ricardo Ribeiro<br \/>\nDefesa em: 11\/05\/2020<\/p>\n","protected":false},"excerpt":{"rendered":"<p>1 &#8211; BARETTA, Jocyane Ricelly Uma arqueologia do inferno. Misoginia e feminiza\u00e7\u00e3o atrav\u00e9s do aparato material da Ditadura em Porto Alegre\/RS (1964\/1985) Orientadora: Prof\u00aa Dr\u00aa. Loredana Marise Ricardo Ribeiro Defesa em: 11\/05\/2020<\/p>\n","protected":false},"author":453,"featured_media":0,"parent":0,"menu_order":4,"comment_status":"closed","ping_status":"closed","template":"","meta":{"footnotes":""},"class_list":["post-1335","page","type-page","status-publish","hentry"],"jetpack_sharing_enabled":true,"_links":{"self":[{"href":"https:\/\/wp.ufpel.edu.br\/ppgant\/wp-json\/wp\/v2\/pages\/1335","targetHints":{"allow":["GET"]}}],"collection":[{"href":"https:\/\/wp.ufpel.edu.br\/ppgant\/wp-json\/wp\/v2\/pages"}],"about":[{"href":"https:\/\/wp.ufpel.edu.br\/ppgant\/wp-json\/wp\/v2\/types\/page"}],"author":[{"embeddable":true,"href":"https:\/\/wp.ufpel.edu.br\/ppgant\/wp-json\/wp\/v2\/users\/453"}],"replies":[{"embeddable":true,"href":"https:\/\/wp.ufpel.edu.br\/ppgant\/wp-json\/wp\/v2\/comments?post=1335"}],"version-history":[{"count":2,"href":"https:\/\/wp.ufpel.edu.br\/ppgant\/wp-json\/wp\/v2\/pages\/1335\/revisions"}],"predecessor-version":[{"id":1487,"href":"https:\/\/wp.ufpel.edu.br\/ppgant\/wp-json\/wp\/v2\/pages\/1335\/revisions\/1487"}],"wp:attachment":[{"href":"https:\/\/wp.ufpel.edu.br\/ppgant\/wp-json\/wp\/v2\/media?parent=1335"}],"curies":[{"name":"wp","href":"https:\/\/api.w.org\/{rel}","templated":true}]}}