{"id":1324,"date":"2020-10-05T15:06:00","date_gmt":"2020-10-05T18:06:00","guid":{"rendered":"https:\/\/wp.ufpel.edu.br\/ppgant\/?page_id=1324"},"modified":"2020-11-19T19:05:42","modified_gmt":"2020-11-19T22:05:42","slug":"labs-and-cores","status":"publish","type":"page","link":"https:\/\/wp.ufpel.edu.br\/ppgant\/research-and-impact\/labs-and-cores\/","title":{"rendered":"Labs and Centers"},"content":{"rendered":"<p><strong>Lab\/Center<\/strong><\/p>\n<p><a href=\"https:\/\/www.facebook.com\/geeurbano\/\">GEEUR \u2013 Grupo de Estudos Etnogr\u00e1ficos Urbanos<\/a><br \/>\n(<span style=\"font-weight: 400\">Urban Ethnographic Study Group)<\/span><\/p>\n<p><a href=\"https:\/\/wp.ufpel.edu.br\/estuques\/\">GEPE \u2013 Grupo de Estudos e Pesquisas em Estuques<\/a><br \/>\n(<span style=\"font-weight: 400\">Stucco Study and Research Group)<\/span><\/p>\n<p><a href=\"https:\/\/wp.UFPEL.edu.br\/lamina\/\">L\u00c2MINA \u2013 Laborat\u00f3rio Multidisciplinar de Investiga\u00e7\u00e3o Arqueol\u00f3gica<\/a><br \/>\n<span style=\"font-weight: 400\">facebook<br \/>\n(Multidisciplinary Archaeological Research Laboratory)<br \/>\n<\/span><\/p>\n<p><a href=\"https:\/\/wp.ufpel.edu.br\/leaa\/\">LEAA \u2013 Laborat\u00f3rio de Estudos Agr\u00e1rios e Ambientais<\/a><br \/>\n(<span style=\"font-weight: 400\">Agricultural and Environmental Studies Laboratories)<\/span><\/p>\n<p><a href=\"http:\/\/www.ufrgs.br\/pgdr\/gepac\/\">GEPAC \u2013 Grupo de Estudos e Pesquisas em Alimenta\u00e7\u00e3o, Consumo e Cultura<\/a><br \/>\n(<span style=\"font-weight: 400\">Food, Consumption and Culture Study and Research Group<\/span><span style=\"font-weight: 400\">)<\/span><\/p>\n<p><a href=\"https:\/\/wp.ufpel.edu.br\/lepaarq\/\">LEPAARQ \u2013 Laborat\u00f3rio de Ensino e Pesquisa em Antropologia e Arqueologia<\/a><br \/>\n<span style=\"font-weight: 400\"><a href=\"https:\/\/www.facebook.com\/lepaarqUFPEL\/\">facebook<\/a><br \/>\n(Laboratory of Teaching and Research in Anthropology and Archeology)<br \/>\n<\/span><\/p>\n<p><a href=\"https:\/\/wp.ufpel.edu.br\/leppais\/\">LEPPAIS \u2013 Laborat\u00f3rio de Ensino, Pesquisa e Produ\u00e7\u00e3o em Antropologia da Imagem e do Som<\/a><br \/>\n(<span style=\"font-weight: 400\">Teaching, Research and Production Laboratory in Anthropology of Image<\/span><span style=\"font-weight: 400\"> and Sound)<\/span><\/p>\n<p><a href=\"https:\/\/wp.ufpel.edu.br\/muaran\/\">MUARAN \u2013 Museu de Arqueologia e Antropologia da UFPEL<\/a><br \/>\n(<span style=\"font-weight: 400\">UFPEL Archeology and Anthropology Museum)<\/span><\/p>\n<p><a href=\"http:\/\/neta.ufpel.edu.br\/\">NETA \u2013 N\u00facleo de Etnologia Amer\u00edndia<\/a><br \/>\n(<span style=\"font-weight: 400\">Amerindian Ethnology Center)<\/span><\/p>\n<p><a href=\"https:\/\/www.facebook.com\/leab.furg\">LEAB &#8211; <span style=\"font-weight: 400\">Laborat\u00f3rio de Estudos em Antropologia Biol\u00f3gica, Bioarqueologia e Evolu\u00e7\u00e3o Humana<\/span><\/a><br \/>\n<a href=\"https:\/\/twitter.com\/leab_furg\">twitter<\/a><span style=\"font-weight: 400\"><br \/>\n(Laboratory of Studies in Biological Anthropology, Bioarcheology and Human Evolution)<\/span><\/p>\n<p><a href=\"https:\/\/wp.ufpel.edu.br\/discoteca\/\">CIMUS &#8211; <\/a><span style=\"font-weight: 400\">Grupo de Pesquisa em Ci\u00eancias Musicais desenvolvidas no \u00e2mbito da Discoteca Luiz Carlos Vinholes<\/span><span style=\"font-weight: 400\"><br \/>\n<\/span><span style=\"font-weight: 400\">(Music Science Research Group developed in Luiz Carlos Vinholes Disco)<\/span><\/p>\n","protected":false},"excerpt":{"rendered":"<p>Lab\/Center GEEUR \u2013 Grupo de Estudos Etnogr\u00e1ficos Urbanos (Urban Ethnographic Study Group) GEPE \u2013 Grupo de Estudos e Pesquisas em Estuques (Stucco Study and Research Group) L\u00c2MINA \u2013 Laborat\u00f3rio Multidisciplinar de Investiga\u00e7\u00e3o Arqueol\u00f3gica facebook (Multidisciplinary Archaeological Research Laboratory) LEAA \u2013 Laborat\u00f3rio de Estudos Agr\u00e1rios e Ambientais (Agricultural and Environmental Studies Laboratories) GEPAC \u2013 Grupo de [&hellip;]<\/p>\n","protected":false},"author":453,"featured_media":0,"parent":1321,"menu_order":5,"comment_status":"closed","ping_status":"closed","template":"","meta":{"footnotes":""},"class_list":["post-1324","page","type-page","status-publish","hentry"],"jetpack_sharing_enabled":true,"_links":{"self":[{"href":"https:\/\/wp.ufpel.edu.br\/ppgant\/wp-json\/wp\/v2\/pages\/1324","targetHints":{"allow":["GET"]}}],"collection":[{"href":"https:\/\/wp.ufpel.edu.br\/ppgant\/wp-json\/wp\/v2\/pages"}],"about":[{"href":"https:\/\/wp.ufpel.edu.br\/ppgant\/wp-json\/wp\/v2\/types\/page"}],"author":[{"embeddable":true,"href":"https:\/\/wp.ufpel.edu.br\/ppgant\/wp-json\/wp\/v2\/users\/453"}],"replies":[{"embeddable":true,"href":"https:\/\/wp.ufpel.edu.br\/ppgant\/wp-json\/wp\/v2\/comments?post=1324"}],"version-history":[{"count":7,"href":"https:\/\/wp.ufpel.edu.br\/ppgant\/wp-json\/wp\/v2\/pages\/1324\/revisions"}],"predecessor-version":[{"id":1583,"href":"https:\/\/wp.ufpel.edu.br\/ppgant\/wp-json\/wp\/v2\/pages\/1324\/revisions\/1583"}],"up":[{"embeddable":true,"href":"https:\/\/wp.ufpel.edu.br\/ppgant\/wp-json\/wp\/v2\/pages\/1321"}],"wp:attachment":[{"href":"https:\/\/wp.ufpel.edu.br\/ppgant\/wp-json\/wp\/v2\/media?parent=1324"}],"curies":[{"name":"wp","href":"https:\/\/api.w.org\/{rel}","templated":true}]}}