{"id":1319,"date":"2020-10-05T14:56:39","date_gmt":"2020-10-05T17:56:39","guid":{"rendered":"https:\/\/wp.ufpel.edu.br\/ppgant\/?page_id=1319"},"modified":"2020-10-15T17:13:31","modified_gmt":"2020-10-15T20:13:31","slug":"documents","status":"publish","type":"page","link":"https:\/\/wp.ufpel.edu.br\/ppgant\/documents\/","title":{"rendered":"DOCUMENTS"},"content":{"rendered":"<p><span style=\"background-color: #ffffff;color: #993300\"><b>COURSE RULES AND REGULATIONS\u00a0<\/b><\/span><\/p>\n<ol>\n<li><a href=\"https:\/\/wp.ufpel.edu.br\/ppgant\/files\/2019\/07\/Regimento-Strictu-Sensu.doc\">Regimento Strictu Sensu<\/a><\/li>\n<li><a href=\"https:\/\/wp.ufpel.edu.br\/ppgant\/files\/2019\/07\/Regimento-Geral-da-PRPPGI.doc\">Regimento Geral da PRPPGI<\/a><\/li>\n<li><a href=\"https:\/\/wp.ufpel.edu.br\/ppgant\/files\/2019\/07\/regime-do-curso.pdf\">Regimento do Programa de P\u00f3s-Gradua\u00e7\u00e3o em Antropologia<\/a><\/li>\n<\/ol>\n<p><strong><span style=\"color: #993300\">FORMS<\/span><\/strong><\/p>\n<p><span style=\"color: #993300\"><strong>Admission Forms &#8211; Master&#8217;s and Doctorate\u00a0<\/strong><\/span><\/p>\n<ol>\n<li><a href=\"https:\/\/wp.ufpel.edu.br\/ppgant\/files\/2019\/07\/Formul\u00e1rio-de-Inscri\u00e7\u00e3o-Mestrado.docx\">Formul\u00e1rio de Inscri\u00e7\u00e3o &#8211; Mestrado<\/a><\/li>\n<li><a href=\"https:\/\/wp.ufpel.edu.br\/ppgant\/files\/2019\/07\/Formulario-Inscri\u00e7\u00e3o-Doutorado.docx\">Formul\u00e1rio de Inscri\u00e7\u00e3o &#8211; Doutorado<\/a><\/li>\n<li><a href=\"https:\/\/wp.ufpel.edu.br\/ppgant\/files\/2019\/07\/Formul\u00e1rio-de-Requerimento-Aluno-Regular-Mestrado-e-Doutorado.doc\">Formul\u00e1rio de Requerimento &#8211; Aluno Regular &#8211; Mestrado e Doutorado<\/a><\/li>\n<li><a href=\"https:\/\/wp.ufpel.edu.br\/ppgant\/files\/2019\/07\/Formul\u00e1rio-de-Declara\u00e7\u00e3o-de-Etnia.doc\">Formul\u00e1rio de Declara\u00e7\u00e3o de Etnia<\/a><\/li>\n<\/ol>\n<p><span style=\"color: #993300\"><strong>Registration Forms &#8211; Master&#8217;s and Doctorate\u00a0<\/strong><\/span><\/p>\n<ol>\n<li><a href=\"https:\/\/wp.ufpel.edu.br\/ppgant\/files\/2019\/07\/Formul\u00e1rio-de-Matr\u00edcula-1.doc\">Formul\u00e1rio de Matr\u00edcula<\/a><\/li>\n<li><a href=\"https:\/\/wp.ufpel.edu.br\/ppgant\/files\/2019\/07\/Formul\u00e1rio-para-inscri\u00e7\u00e3o-de-aluno-em-Regime-Especial-\u2013-Mestrado-e-Doutorado.docx\">Formul\u00e1rio para inscri\u00e7\u00e3o de aluno em Regime Especial &#8211; Mestrado e Doutorado<\/a><\/li>\n<\/ol>\n<p><span style=\"color: #993300\"><strong>Courses Forms &#8211; Master&#8217;s and Doctorate\u00a0<\/strong><\/span><\/p>\n<ol>\n<li><a href=\"https:\/\/wp.ufpel.edu.br\/ppgant\/files\/2019\/07\/Formul\u00e1rio-de-APROVEITAMENTO-DE-DISCIPLINAS-Mestrado-e-Doutorado-1.doc\">Formul\u00e1rio de APROVEITAMENTO DE DISCIPLINAS &#8211; Mestrado e Doutorado<\/a><\/li>\n<li><a href=\"https:\/\/wp.ufpel.edu.br\/ppgant\/files\/2019\/07\/Formul\u00e1rio-de-Cancelamento-de-Disciplina-Mestrado-e-Doutorado.doc\">Formul\u00e1rio de Cancelamento de Disciplina &#8211; Mestrado e Doutorado<\/a><\/li>\n<li><a href=\"https:\/\/wp.ufpel.edu.br\/ppgant\/files\/2019\/07\/Certificado-para-valida\u00e7\u00e3o-de-cr\u00e9ditos.doc\">Certificado para valida\u00e7\u00e3o de cr\u00e9ditos<\/a>\u00a0 (EXCLUSIVE FOR COORDINATION)<\/li>\n<li><a href=\"https:\/\/wp.ufpel.edu.br\/ppgant\/files\/2019\/07\/Formul\u00e1rio-de-Cria\u00e7\u00e3o-ou-Inser\u00e7\u00e3o-de-Disciplina.xls\">Formul\u00e1rio de Cria\u00e7\u00e3o ou Inser\u00e7\u00e3o de Disciplina<\/a> (EXCLUSIVE FOR COORDINATION)<\/li>\n<\/ol>\n<p><span style=\"color: #993300\"><strong>Forms for Qualifying Examination and Final Examination &#8211; Master&#8217;s and Doctorate\u00a0<\/strong><\/span><\/p>\n<ol>\n<li><a href=\"https:\/\/wp.ufpel.edu.br\/ppgant\/files\/2019\/07\/Formul\u00e1rio-de-Encaminhamento-Exame-de-Qualifica\u00e7\u00e3o.doc\">Formul\u00e1rio de Encaminhamento Exame de Qualifica\u00e7\u00e3o<\/a><\/li>\n<li><a href=\"https:\/\/wp.ufpel.edu.br\/ppgant\/files\/2020\/01\/Relatorio-atividades-Qualifica\u00e7\u00e3o-PPGAnt-1.docx\">Relat\u00f3rio atividades &#8211; Qualifica\u00e7\u00e3o<\/a><\/li>\n<li><a href=\"https:\/\/wp.ufpel.edu.br\/ppgant\/files\/2019\/07\/Formul\u00e1rio-de-Exame-de-Qualifica\u00e7\u00e3o.doc\">Formul\u00e1rio de Exame de Qualifica\u00e7\u00e3o<\/a><\/li>\n<li><a href=\"https:\/\/wp.ufpel.edu.br\/ppgant\/files\/2019\/07\/Formul\u00e1rio-de-Encaminhamento-de-Defesa.doc\">Formul\u00e1rio de Encaminhamento de Defesa<\/a><\/li>\n<li><a href=\"https:\/\/wp.ufpel.edu.br\/ppgant\/files\/2019\/07\/9-Formul\u00e1rio-de-Prorroga\u00e7\u00e3o-de-Prazo-para-Qualifica\u00e7\u00e3o-e-Defesa-\u2013-Mestrado-e-Doutorado.rtf\">Formul\u00e1rio de Prorroga\u00e7\u00e3o de Prazo para Qualifica\u00e7\u00e3o e Defesa &#8211; Mestrado e Doutorado<\/a><\/li>\n<li><a href=\"https:\/\/wp.ufpel.edu.br\/ppgant\/files\/2019\/07\/Formul\u00e1rio-Membro-Externo.docx\">Formul\u00e1rio Membro Externo<\/a> (EXCLUSIVE FOR THE STUDENT)<\/li>\n<li><a href=\"https:\/\/wp.ufpel.edu.br\/ppgant\/files\/2019\/07\/14-Termo-de-compromisso-PL\u00c1GIO.pdf\">Termo de compromisso &#8211; PL\u00c1GIO<\/a><\/li>\n<li><a href=\"https:\/\/wp.ufpel.edu.br\/ppgant\/files\/2020\/03\/convite-para-defesa.docx\">Convite para Defesa &#8211; Mestrado e Doutorado\u00a0<\/a><\/li>\n<li><a href=\"https:\/\/wp.ufpel.edu.br\/ppgant\/files\/2020\/10\/Modelo-de-convite-para-bancas-2.docx\">Convite para Bancas<\/a><\/li>\n<\/ol>\n<p><strong><span style=\"background-color: #ffffff;color: #993300\">Documents for Thesis and Dissertation Final Version \u2013 <span style=\"color: #993300\">Master&#8217;s and Doctorate\u00a0<\/span><\/span><\/strong><\/p>\n<ol>\n<li><a href=\"https:\/\/wp.ufpel.edu.br\/ppgant\/files\/2019\/07\/Termo-de-autoriza\u00e7\u00e3o-Biblioteca-UFPel.pdf\">Termo de autoriza\u00e7\u00e3o &#8211; Biblioteca UFPel<\/a><\/li>\n<li><a href=\"https:\/\/wp.ufpel.edu.br\/ppgant\/files\/2019\/07\/CAPA-PARA-CD-ROOM.doc\">Capa para CD-ROOM<\/a><\/li>\n<li><a href=\"https:\/\/wp.ufpel.edu.br\/ppgant\/files\/2019\/07\/Manual-de-Teses-e-Disserta\u00e7\u00f5es-SisBi-UFPel.pdf\">Manual de Teses e Disserta\u00e7\u00f5es &#8211; SisBi UFPel<\/a><\/li>\n<li><a href=\"https:\/\/wp.ufpel.edu.br\/ppgant\/files\/2019\/07\/14-Termo-de-compromisso-PL\u00c1GIO-1.pdf\">Termo de compromisso &#8211; PL\u00c1GIO<\/a><\/li>\n<li><a href=\"https:\/\/wp.ufpel.edu.br\/ppgant\/files\/2019\/07\/Termo-de-Entrega-da-Vers\u00e3o-Final.doc\">Termo de Entrega da Vers\u00e3o Final\u00a0 <span style=\"color: #000000\">(EXCLUSIVE FOR ADVISORS)<\/span><\/a><\/li>\n<\/ol>\n<p><span style=\"color: #993300\"><strong>Documents for Scholarship<\/strong><\/span><\/p>\n<ol>\n<li><a href=\"https:\/\/wp.ufpel.edu.br\/ppgant\/files\/2019\/07\/Portaria-N\u00ba-76-de-14-de-abril-de-2010-e-Regulamento-da-Demanda-Social.pdf\">Portaria N\u00ba 76, de 14 de abril de 2010, e Regulamento da Demanda Social<\/a><\/li>\n<li><a href=\"https:\/\/wp.ufpel.edu.br\/ppgant\/files\/2019\/07\/2017-01-resolucao-criterios-concessao-e-renovacao-bolsas.pdf\">2017 01 Resolu\u00e7\u00e3o &#8211; Crit\u00e9rios concess\u00e3o e renova\u00e7\u00e3o bolsas<\/a><\/li>\n<li><a href=\"https:\/\/wp.ufpel.edu.br\/ppgant\/files\/2019\/07\/Formul\u00e1rio-de-Cadastramento-de-Bolsa.xlsx\">Formul\u00e1rio de Cadastramento de Bolsa<\/a><\/li>\n<li><a href=\"https:\/\/wp.ufpel.edu.br\/ppgant\/files\/2019\/07\/formul\u00e1rio-cancelamento-2.xls\">Formul\u00e1rio de Cancelamento<\/a><\/li>\n<li><a href=\"https:\/\/wp.ufpel.edu.br\/ppgant\/files\/2019\/07\/Termo-Compromisso-DS-ATUALIZADO.doc\">Termo de Compromisso DS-ATUALIZADO<\/a><\/li>\n<\/ol>\n","protected":false},"excerpt":{"rendered":"<p>COURSE RULES AND REGULATIONS\u00a0 Regimento Strictu Sensu Regimento Geral da PRPPGI Regimento do Programa de P\u00f3s-Gradua\u00e7\u00e3o em Antropologia FORMS Admission Forms &#8211; Master&#8217;s and Doctorate\u00a0 Formul\u00e1rio de Inscri\u00e7\u00e3o &#8211; Mestrado Formul\u00e1rio de Inscri\u00e7\u00e3o &#8211; Doutorado Formul\u00e1rio de Requerimento &#8211; Aluno Regular &#8211; Mestrado e Doutorado Formul\u00e1rio de Declara\u00e7\u00e3o de Etnia Registration Forms &#8211; Master&#8217;s and [&hellip;]<\/p>\n","protected":false},"author":453,"featured_media":0,"parent":0,"menu_order":0,"comment_status":"closed","ping_status":"closed","template":"","meta":{"footnotes":""},"class_list":["post-1319","page","type-page","status-publish","hentry"],"jetpack_sharing_enabled":true,"_links":{"self":[{"href":"https:\/\/wp.ufpel.edu.br\/ppgant\/wp-json\/wp\/v2\/pages\/1319","targetHints":{"allow":["GET"]}}],"collection":[{"href":"https:\/\/wp.ufpel.edu.br\/ppgant\/wp-json\/wp\/v2\/pages"}],"about":[{"href":"https:\/\/wp.ufpel.edu.br\/ppgant\/wp-json\/wp\/v2\/types\/page"}],"author":[{"embeddable":true,"href":"https:\/\/wp.ufpel.edu.br\/ppgant\/wp-json\/wp\/v2\/users\/453"}],"replies":[{"embeddable":true,"href":"https:\/\/wp.ufpel.edu.br\/ppgant\/wp-json\/wp\/v2\/comments?post=1319"}],"version-history":[{"count":7,"href":"https:\/\/wp.ufpel.edu.br\/ppgant\/wp-json\/wp\/v2\/pages\/1319\/revisions"}],"predecessor-version":[{"id":1464,"href":"https:\/\/wp.ufpel.edu.br\/ppgant\/wp-json\/wp\/v2\/pages\/1319\/revisions\/1464"}],"wp:attachment":[{"href":"https:\/\/wp.ufpel.edu.br\/ppgant\/wp-json\/wp\/v2\/media?parent=1319"}],"curies":[{"name":"wp","href":"https:\/\/api.w.org\/{rel}","templated":true}]}}