{"id":1274,"date":"2020-09-28T19:58:01","date_gmt":"2020-09-28T22:58:01","guid":{"rendered":"https:\/\/wp.ufpel.edu.br\/ppgant\/?page_id=1274"},"modified":"2025-09-23T14:31:33","modified_gmt":"2025-09-23T17:31:33","slug":"teses","status":"publish","type":"page","link":"https:\/\/wp.ufpel.edu.br\/ppgant\/mestrado\/teses\/","title":{"rendered":"Teses"},"content":{"rendered":"<p>Queir\u00f3s, Jaqueline Santana Nascimento<br \/>\n&#8220;<a href=\"http:\/\/guaiaca.ufpel.edu.br\/xmlui\/handle\/prefix\/16464\">ARQUEOLOGIA EM TERRIT\u00d3RIOS QUILOMBOLAS: \u201cLITERATECA\u201d COMO PROPOSTA METODOL\u00d3GICA INTERDISCIPLINAR PARA A EDUCA\u00c7\u00c3O PATRIMONIAL<\/a>&#8221;<br \/>\nOrientador: Prof\u00aa Dr\u00aa. Louise Prado Alfonso<br \/>\nDefesa em: 09\/08\/2024<\/p>\n<p>Ribeiro, Sabrina Escobar Freitas<br \/>\n&#8220;<a href=\"http:\/\/guaiaca.ufpel.edu.br\/xmlui\/handle\/prefix\/16461\">Arqueologia do Conflito no Pontal da Barra, sul do Brasil<\/a>&#8221;<br \/>\nOrientador: Prof.\u00a0Dr. Rafael Guedes Milheira<br \/>\nDefesa em: 30\/08\/2024<\/p>\n<p>Santos, Tereza Cristina Barbosa Duarte dos<br \/>\n&#8220;<a href=\"https:\/\/guaiaca.ufpel.edu.br\/bitstream\/handle\/prefix\/13757\/Tereza_Santos_Tese.pdf?sequence=1&amp;isAllowed=y\">Educa\u00e7\u00e3o como estrat\u00e9gia de subvers\u00e3o de presen\u00e7as (in)visibilizadas: uma etnografia do entrelugar como (re)exist\u00eancia da negritude<\/a>&#8221;<br \/>\nOrientadora: Prof\u00aa Dr\u00aa. Louise Prado Alfonso<br \/>\nDefesa em: 17\/08\/2023<\/p>\n<p>Garcia, Tanize Machado<br \/>\n&#8220;<a href=\"https:\/\/guaiaca.ufpel.edu.br\/bitstream\/handle\/prefix\/13756\/Tanize_Garcia_Tese.PDF?sequence=1&amp;isAllowed=y\">Etnografia desenhada sobre o autonhecimento nas pr\u00e1ticas terap\u00eauticas na nova era no circuito pelotense<\/a>&#8221;<br \/>\nOrientadora: Prof\u00aa Dr\u00aa. Cl\u00e1udia Turra Magni<br \/>\nDefesa em: 15\/09\/2023<\/p>\n<p>Ulrich, Josiane Abrunhosa da Silva<br \/>\n<a href=\"https:\/\/guaiaca.ufpel.edu.br\/bitstream\/handle\/prefix\/8827\/Josiane_Abrunhosa_Ulrich_Tese.pdf?sequence=1&amp;isAllowed=y\">Percursos no Mawa Yuxyn: conex\u00f5es e reflex\u00f5es sobre o xamanismo feminino Yawanawa<\/a><br \/>\nOrientador: Prof. Dr. Rog\u00e9rio Reus Gon\u00e7alves da Rosa<br \/>\nDefesa em: 31\/03\/2022<\/p>\n<p>Medeiros, Marielda Barcellos<br \/>\n<a href=\"https:\/\/guaiaca.ufpel.edu.br\/bitstream\/handle\/prefix\/9349\/Marielda_Medeiros_Tese.pdf?sequence=1&amp;isAllowed=y\">Pelotas pequena \u00c1frica: territorialidade negra a partir das Festas Black<\/a><br \/>\nOrientador: Prof. Dr. Cl\u00e1udio Baptista Carle<br \/>\nDefesa em: 09\/09\/2022<\/p>\n<p>Oliveira, C\u00edcero Ney Pereira de<br \/>\n<a href=\"https:\/\/guaiaca.ufpel.edu.br\/bitstream\/handle\/prefix\/9348\/Cicero_Ney_oliveira_Tese.pdf\">&#8220;Uma arqueologia zumb\u00e9rica: sem ci\u00eancia negra n\u00e3o h\u00e1 consci\u00eancia.&#8221;<\/a><br \/>\nOrientador: Prof. Dr. Cl\u00e1udio Baptista Carle<br \/>\nDefesa em: 28\/10\/2022<\/p>\n<p>Carmo Junior, Sady Pereira do<br \/>\n<a href=\"https:\/\/guaiaca.ufpel.edu.br\/bitstream\/handle\/prefix\/13771\/Sady_Carmo_Junior_Tese.pdf\">&#8220;O acervo etnogr\u00e1fico Xet\u00e1 do M\u00e3e-UFPR : tecnologia e fluxo de viv\u00eancia dos artefatos&#8221;<\/a><br \/>\nOrientadora: Prof\u00aa Dr\u00aa. Adriana Dias<br \/>\nDefesa em: 30\/11\/2022<\/p>\n<p>Santos, Leandro Barbosa dos<br \/>\n&#8220;<a href=\"https:\/\/guaiaca.ufpel.edu.br\/bitstream\/handle\/prefix\/9359\/Leandro_Barbosa_dos_Santos_Tese.pdf?sequence=1&amp;isAllowed=y\">O Orix\u00e1 que dan\u00e7a \u00e9 um corpo negro em movimento: uma etnografia sobre exist\u00eancias e resist\u00eancias negras ga\u00fachas<\/a>&#8221;<br \/>\nOrientador: Prof. Dr. Francisco Luiz Pereira da Silva Neto<br \/>\nDefesa em: 23\/12\/2022<\/p>\n<p>Barreto, Eric Silveira Batista<br \/>\n&#8220;<a href=\"https:\/\/guaiaca.ufpel.edu.br\/bitstream\/handle\/prefix\/8464\/Eric_Barreto_Tese.pdf?sequence=1&amp;isAllowed=y\">Cascos no asfalto: etnografia das intera\u00e7\u00f5es urbanas entre cavalos, humanos e outros bichos<\/a>.&#8221;<br \/>\nOrientadora: Prof\u00aa Dr\u00aa. Cl\u00e1udia Turra Magni<br \/>\nDefesa em: 30\/03\/2021<\/p>\n<p>Moura, Lisandro Lucas de Lima<br \/>\n<a href=\"https:\/\/guaiaca.ufpel.edu.br\/bitstream\/handle\/prefix\/8005\/TESE_Lisandro_Lucas_de_Lima_Moura.pdf\">Aprender com tambores: o candombe afro-uruguaio como pr\u00e1tica de educa\u00e7\u00e3o.<\/a><br \/>\nOrientadora: Prof\u00aa Dr\u00aa. Cl\u00e1udia Turra Magni<br \/>\nDefesa em: 30\/03\/2021<\/p>\n<p>Mega, Orestes Jayme<br \/>\n<a href=\"https:\/\/guaiaca.ufpel.edu.br\/bitstream\/handle\/prefix\/8156\/Tese_Orestes%20Jayme%20Mega.pdf?sequence=1&amp;isAllowed=y\">A Sexta Extin\u00e7\u00e3o em Massa e a Catastr\u00f3fica Ecologia do Antropoceno: Tecnodiversidade e Metanarrativa de uma \u201cNova \u00c9poca\u201d.<\/a><br \/>\nOrientador: Prof. Dr. Cl\u00e1udio Baptista Carle<br \/>\nDefesa em: 07\/10\/2021<\/p>\n<p>Campos, Isabel Soares<br \/>\n<a href=\"https:\/\/guaiaca.ufpel.edu.br\/bitstream\/handle\/prefix\/8465\/Isabel_Soares_Campos_Tese.pdf?sequence=1&amp;isAllowed=y\">As marchas religiosas tomando as ruas de Pelotas (RS) : por vezes Orix\u00e1s, por vezes Jesus<\/a><br \/>\nOrientador: Prof. Dr. Francisco Luiz Pereira da Silva Neto<br \/>\nDefesa em: 29\/11\/2021<\/p>\n<p>Baretta, Jocyane Ricelly<br \/>\n<a href=\"http:\/\/guaiaca.ufpel.edu.br\/bitstream\/prefix\/6481\/1\/Tese_JOCYANE_RICELLY_BARETTA.pdf\">Uma arqueologia do inferno. Misoginia e feminiza\u00e7\u00e3o atrav\u00e9s do aparato material da Ditadura em Porto Alegre\/RS (1964\/1985)<\/a><br \/>\nOrientadora: Prof\u00aa Dr\u00aa. Loredana Marise Ricardo Ribeiro<br \/>\nDefesa em: 11\/05\/2020<\/p>\n<p>Severo, Diego Fernandes Dias<br \/>\n<a href=\"https:\/\/wp.ufpel.edu.br\/ppgant\/files\/2021\/01\/Diego-Severo_Tese-1.pdf\">Chefia, parentesco e alteridade: Um estudo etnol\u00f3gico do sistema dualista e do poder pol\u00edtico Kanhg\u00e1g<\/a><br \/>\nOrientador: Prof. Dr. Rog\u00e9rio Reus Gon\u00e7alves da Rosa<br \/>\nDefesa em: 08\/10\/2020<\/p>\n<p>Lima, Daniel Vaz<br \/>\n<a href=\"https:\/\/guaiaca.ufpel.edu.br\/bitstream\/handle\/prefix\/7426\/Tese_Daniel_Vaz_Lima.pdf?sequence=6&amp;isAllowed=y\">Pelos (des)caminhos de gentes, bichos e coisas: uma etnografia a p\u00e9 na pampa brasileira<\/a><br \/>\nOrientadora: Prof\u00aa Dr\u00aa. Fl\u00e1via Rieth<br \/>\nDefesa em: 30\/11\/2020<\/p>\n","protected":false},"excerpt":{"rendered":"<p>Queir\u00f3s, Jaqueline Santana Nascimento &#8220;ARQUEOLOGIA EM TERRIT\u00d3RIOS QUILOMBOLAS: \u201cLITERATECA\u201d COMO PROPOSTA METODOL\u00d3GICA INTERDISCIPLINAR PARA A EDUCA\u00c7\u00c3O PATRIMONIAL&#8221; Orientador: Prof\u00aa Dr\u00aa. Louise Prado Alfonso Defesa em: 09\/08\/2024 Ribeiro, Sabrina Escobar Freitas &#8220;Arqueologia do Conflito no Pontal da Barra, sul do Brasil&#8221; Orientador: Prof.\u00a0Dr. Rafael Guedes Milheira Defesa em: 30\/08\/2024 Santos, Tereza Cristina Barbosa Duarte dos &#8220;Educa\u00e7\u00e3o [&hellip;]<\/p>\n","protected":false},"author":453,"featured_media":0,"parent":75,"menu_order":4,"comment_status":"closed","ping_status":"closed","template":"","meta":{"footnotes":""},"class_list":["post-1274","page","type-page","status-publish","hentry"],"jetpack_sharing_enabled":true,"_links":{"self":[{"href":"https:\/\/wp.ufpel.edu.br\/ppgant\/wp-json\/wp\/v2\/pages\/1274","targetHints":{"allow":["GET"]}}],"collection":[{"href":"https:\/\/wp.ufpel.edu.br\/ppgant\/wp-json\/wp\/v2\/pages"}],"about":[{"href":"https:\/\/wp.ufpel.edu.br\/ppgant\/wp-json\/wp\/v2\/types\/page"}],"author":[{"embeddable":true,"href":"https:\/\/wp.ufpel.edu.br\/ppgant\/wp-json\/wp\/v2\/users\/453"}],"replies":[{"embeddable":true,"href":"https:\/\/wp.ufpel.edu.br\/ppgant\/wp-json\/wp\/v2\/comments?post=1274"}],"version-history":[{"count":3,"href":"https:\/\/wp.ufpel.edu.br\/ppgant\/wp-json\/wp\/v2\/pages\/1274\/revisions"}],"predecessor-version":[{"id":3525,"href":"https:\/\/wp.ufpel.edu.br\/ppgant\/wp-json\/wp\/v2\/pages\/1274\/revisions\/3525"}],"up":[{"embeddable":true,"href":"https:\/\/wp.ufpel.edu.br\/ppgant\/wp-json\/wp\/v2\/pages\/75"}],"wp:attachment":[{"href":"https:\/\/wp.ufpel.edu.br\/ppgant\/wp-json\/wp\/v2\/media?parent=1274"}],"curies":[{"name":"wp","href":"https:\/\/api.w.org\/{rel}","templated":true}]}}