{"id":1264,"date":"2020-09-28T18:28:37","date_gmt":"2020-09-28T21:28:37","guid":{"rendered":"https:\/\/wp.ufpel.edu.br\/ppgant\/?page_id=1264"},"modified":"2025-09-18T08:25:08","modified_gmt":"2025-09-18T11:25:08","slug":"coordenacao-secretaria","status":"publish","type":"page","link":"https:\/\/wp.ufpel.edu.br\/ppgant\/sobre-a-pos-graduacao\/coordenacao-secretaria\/","title":{"rendered":"Coordena\u00e7\u00e3o \/ Secretaria"},"content":{"rendered":"<p><strong>Coordenadora:<\/strong><\/p>\n<p><a href=\"http:\/\/lattes.cnpq.br\/8774264386533161\">Cl\u00e1udia Turra Magni<\/a><\/p>\n<p><span style=\"color: #333333;\">contato: clauturra@yahoo.com.br<br \/>\n<\/span><\/p>\n<p><strong>Coordenador adjunto:<\/strong><\/p>\n<p><a href=\"http:\/\/lattes.cnpq.br\/2765334557326646\">Rafael Guedes Milheira<\/a><\/p>\n<p><span style=\"color: #333333;\">contato: milheirarafael@gmail.com<\/span><\/p>\n<p>&nbsp;<\/p>\n<p><span style=\"color: #333333;\"><strong>Assistente Administrativa<\/strong><\/span><\/p>\n<p><span style=\"color: #333333;\">Gisele Dutra Quevedo<\/span><\/p>\n<p>&nbsp;<\/p>\n<p><strong>Atendimento presencial:<\/strong><strong><br \/>\n<\/strong><\/p>\n<p>Segunda e quarta: 8h &#8211; 12h e 13h30min &#8211; 17h30min<\/p>\n<p>Ter\u00e7a: 13h30min &#8211; 17h30min<\/p>\n<p>&nbsp;<\/p>\n<p><strong>Endere\u00e7o<br \/>\n<\/strong><span style=\"font-weight: 400;\">Instituto de Ci\u00eancias Humanas<br \/>\n<\/span><span style=\"font-weight: 400;\">Rua Alberto Rosa, 154 &#8211; Sala 121<br \/>\n<\/span><span style=\"font-weight: 400;\">Pelotas &#8211; RS, Brasil (96010-770)<\/span><\/p>\n<p><strong>Contato<br \/>\n<\/strong>Fone: (53) <span style=\"font-weight: 400;\">3284-5525<br \/>\nWhatsApp: (53) 9112-8181<br \/>\n<\/span>Email: <span style=\"font-weight: 400;\">ppgant.ufpeloficial@gmail.com<\/span><\/p>\n<p>&nbsp;<\/p>\n","protected":false},"excerpt":{"rendered":"<p>Coordenadora: Cl\u00e1udia Turra Magni contato: clauturra@yahoo.com.br Coordenador adjunto: Rafael Guedes Milheira contato: milheirarafael@gmail.com &nbsp; Assistente Administrativa Gisele Dutra Quevedo &nbsp; Atendimento presencial: Segunda e quarta: 8h &#8211; 12h e 13h30min &#8211; 17h30min Ter\u00e7a: 13h30min &#8211; 17h30min &nbsp; Endere\u00e7o Instituto de Ci\u00eancias Humanas Rua Alberto Rosa, 154 &#8211; Sala 121 Pelotas &#8211; RS, Brasil (96010-770) Contato [&hellip;]<\/p>\n","protected":false},"author":453,"featured_media":0,"parent":17,"menu_order":2,"comment_status":"closed","ping_status":"closed","template":"","meta":{"footnotes":""},"class_list":["post-1264","page","type-page","status-publish","hentry"],"jetpack_sharing_enabled":true,"_links":{"self":[{"href":"https:\/\/wp.ufpel.edu.br\/ppgant\/wp-json\/wp\/v2\/pages\/1264","targetHints":{"allow":["GET"]}}],"collection":[{"href":"https:\/\/wp.ufpel.edu.br\/ppgant\/wp-json\/wp\/v2\/pages"}],"about":[{"href":"https:\/\/wp.ufpel.edu.br\/ppgant\/wp-json\/wp\/v2\/types\/page"}],"author":[{"embeddable":true,"href":"https:\/\/wp.ufpel.edu.br\/ppgant\/wp-json\/wp\/v2\/users\/453"}],"replies":[{"embeddable":true,"href":"https:\/\/wp.ufpel.edu.br\/ppgant\/wp-json\/wp\/v2\/comments?post=1264"}],"version-history":[{"count":4,"href":"https:\/\/wp.ufpel.edu.br\/ppgant\/wp-json\/wp\/v2\/pages\/1264\/revisions"}],"predecessor-version":[{"id":3519,"href":"https:\/\/wp.ufpel.edu.br\/ppgant\/wp-json\/wp\/v2\/pages\/1264\/revisions\/3519"}],"up":[{"embeddable":true,"href":"https:\/\/wp.ufpel.edu.br\/ppgant\/wp-json\/wp\/v2\/pages\/17"}],"wp:attachment":[{"href":"https:\/\/wp.ufpel.edu.br\/ppgant\/wp-json\/wp\/v2\/media?parent=1264"}],"curies":[{"name":"wp","href":"https:\/\/api.w.org\/{rel}","templated":true}]}}