{"id":1255,"date":"2020-09-28T16:54:58","date_gmt":"2020-09-28T19:54:58","guid":{"rendered":"https:\/\/wp.ufpel.edu.br\/ppgant\/?page_id=1255"},"modified":"2023-11-01T11:53:31","modified_gmt":"2023-11-01T14:53:31","slug":"egressos","status":"publish","type":"page","link":"https:\/\/wp.ufpel.edu.br\/ppgant\/sobre-a-pos-graduacao\/egressos\/","title":{"rendered":"Egressos"},"content":{"rendered":"<p><button id=\"doutorado2020\" style=\"cursor: pointer; color: black; width: 700px; text-align: left;\"><strong>Doutorado &#8211; 2020<\/strong><\/button><\/p>\n<p><button id=\"mestrado2020\" style=\"cursor: pointer; color: black; width: 700px; text-align: left;\"><strong>Mestrado &#8211; 2020<\/strong><\/button><\/p>\n<div id='mostrarMestrado2020' style=\"display: none; padding-left: 2.5%;\">\n<a href=\"http:\/\/lattes.cnpq.br\/0006386153928038\" target=\"_blank\" rel=\"noopener\">Fabiane Rodrigues Moraes<\/a><br \/>\n<a href=\"http:\/\/lattes.cnpq.br\/8658904765691053\" target=\"_blank\" rel=\"noopener\">Heloisa Helena da Silva Freitas<\/a><br \/>\n<a href=\"http:\/\/lattes.cnpq.br\/5260142596643935\" target=\"_blank\" rel=\"noopener\">Nat\u00e1lia de Oliveira Tavares<\/a><br \/>\n<a href=\"http:\/\/lattes.cnpq.br\/6201463520563445\" target=\"_blank\" rel=\"noopener\">Luiza Morais Marques<\/a><br \/>\n<a href=\"http:\/\/lattes.cnpq.br\/0698103764780436\" target=\"_blank\" rel=\"noopener\">Manuela Tuerlinckx Costa Valle<\/a><br \/>\n<a href=\"http:\/\/lattes.cnpq.br\/4989705245021471\" target=\"_blank\" rel=\"noopener\">Felipe Pinto dos Santos<\/a><br \/>\n<a href=\"http:\/\/lattes.cnpq.br\/5642789812971801\" target=\"_blank\" rel=\"noopener\">Lino Jos\u00e9 Zabala Ruiz<\/a><br \/>\n<a href=\"http:\/\/lattes.cnpq.br\/9271503623350853\" target=\"_blank\" rel=\"noopener\">Matheus Ribeiro da Silva<\/a><br \/>\n<a href=\"http:\/\/lattes.cnpq.br\/0933413705208135\" target=\"_blank\" rel=\"noopener\">Leopoldine Radtke Bergmann<\/a><br \/>\n<a href=\"http:\/\/lattes.cnpq.br\/7923695978656451\" target=\"_blank\" rel=\"noopener\">Helora Ataydes Dilelio \u00c1vila<\/a><br \/>\n<a href=\"http:\/\/lattes.cnpq.br\/4025020018431112\" target=\"_blank\" rel=\"noopener\">Iara Laura de Arag\u00e3o Fernandes<\/a>\n<\/div>\n<p><button id=\"doutorado2019\" style=\"cursor: pointer; color: black; width: 700px; text-align: left;\"><strong>Doutorado &#8211; 2019<\/strong><\/button><\/p>\n<p><button id=\"mestrado2019\" style=\"cursor: pointer; color: black; width: 700px; text-align: left;\"><strong>Mestrado &#8211; 2019<\/strong><\/button><\/p>\n<div id='mostrarMestrado2019' style=\"display: none; padding-left: 2.5%;\">\n <a href='http:\/\/lattes.cnpq.br\/8835347756692030' target=\"_blank\" rel=\"noopener\">Rosilene Oliveira Silva<\/a><br \/>\n <a href='' target=\"_blank\" rel=\"noopener\">Ediane Barbosa Oliveira<\/a><br \/>\n <a href='' target=\"_blank\" rel=\"noopener\">Maria Luiza Rossano Garcia<\/a><br \/>\n <a href='' target=\"_blank\" rel=\"noopener\">Pierre Donires dos Santos Chagas<\/a><br \/>\n <a href='' target=\"_blank\" rel=\"noopener\">Yasmin Acosta da Silva<\/a><br \/>\n <a href='' target=\"_blank\" rel=\"noopener\">Tamires Carolina Campos<\/a><br \/>\n <a href='' target=\"_blank\" rel=\"noopener\">Juliana dos Santos Nunes<\/a><br \/>\n <a href='' target=\"_blank\" rel=\"noopener\">Lucas Braunstein da Cunha<\/a><br \/>\n <a href='' target=\"_blank\" rel=\"noopener\">Alef Franco Caldeira<\/a><br \/>\n <a href='' target=\"_blank\" rel=\"noopener\">Catiane Pinheiro Morales<\/a><br \/>\n <a href='' target=\"_blank\" rel=\"noopener\">Adara Guimar\u00e3es de Souza<\/a>\n<\/div>\n<p><button id=\"doutorado2018\" style=\"cursor: pointer; color: black; width: 700px; text-align: left;\"><strong>Doutorado &#8211; 2018<\/strong><\/button><\/p>\n<div id='mostrarDoutorado2018' style=\"display: none; padding-left: 2.5%;\">\n<a href='http:\/\/lattes.cnpq.br\/3816791522915883' target=\"_blank\" rel=\"noopener\">Marielda Barcellos Medeiros<\/a><br \/>\n<a href='http:\/\/lattes.cnpq.br\/8239085203279947' target=\"_blank\" rel=\"noopener\">C\u00edcero Ney Pereira de Oliveira<\/a><br \/>\n<a href='http:\/\/lattes.cnpq.br\/7419628324692362' target=\"_blank\" rel=\"noopener\">Leandro Barbosa dos Santos<\/a>\n<\/div>\n<p><button id=\"mestrado2018\" style=\"cursor: pointer; color: black; width: 700px; text-align: left;\"><strong>Mestrado &#8211; 2018<\/strong><\/button><\/p>\n<div id='mostrarMestrado2018' style=\"display: none; padding-left: 2.5%;\">\n<a href=\"http:\/\/lattes.cnpq.br\/8184523976807277\" target=\"_blank\" rel=\"noopener\">Ot\u00e1vio Amaral da Silva Corr\u00eaa<\/a><br \/>\n<a href=\"http:\/\/lattes.cnpq.br\/3007951715165642\" target=\"_blank\" rel=\"noopener\">Vanessa Avila Costa<\/a><br \/>\n<a href=\"http:\/\/lattes.cnpq.br\/7107239070329822\" target=\"_blank\" rel=\"noopener\">Everton da Cunha Maciel<\/a><br \/>\n<a href=\"http:\/\/lattes.cnpq.br\/8275305255000149\" target=\"_blank\" rel=\"noopener\">Miriel Bilhalva Herrmann<\/a><br \/>\n<a href=\"http:\/\/lattes.cnpq.br\/9717925323513340\" target=\"_blank\" rel=\"noopener\">Leandra Ribeiro Fonseca<\/a><br \/>\n<a href=\"http:\/\/lattes.cnpq.br\/1531939251091159\" target=\"_blank\" rel=\"noopener\">Yuri Zivago Yung Grillo<\/a><br \/>\n<a href=\"http:\/\/lattes.cnpq.br\/3426352895237623\" target=\"_blank\" rel=\"noopener\">Luciene Mourige Barbosa<\/a><br \/>\n<a href=\"http:\/\/lattes.cnpq.br\/7441385778468361\" target=\"_blank\" rel=\"noopener\">Luiz Phellipe Silva de Lima<\/a><br \/>\n<a href=\"http:\/\/lattes.cnpq.br\/6865273196009602\" target=\"_blank\" rel=\"noopener\">Danusa Vieira Freire da Silva<\/a><br \/>\n<a href=\"http:\/\/lattes.cnpq.br\/7751549524831470\" target=\"_blank\" rel=\"noopener\">La\u00edsa Arlene Sales Ribeiro<\/a><br \/>\n<a href=\"http:\/\/lattes.cnpq.br\/7787057088256554\" target=\"_blank\" rel=\"noopener\">Simone Fernandes Mathias<\/a><br \/>\n<a href=\"\" target=\"_blank\" rel=\"noopener\">Carla Alexandra Bica M\u00e9ndez<\/a><br \/>\n<a href=\"http:\/\/lattes.cnpq.br\/4913007589951443\" target=\"_blank\" rel=\"noopener\">Guilherme Rodrigues de Rodrigues<\/a><br \/>\n<a href=\"http:\/\/lattes.cnpq.br\/1071894958049809\" target=\"_blank\" rel=\"noopener\">Ana Laura da Silveira Gir\u00e3o<\/a><br \/>\n<a href=\"http:\/\/lattes.cnpq.br\/5550071336240946\" target=\"_blank\" rel=\"noopener\">Bin\u00f4 Mauir\u00e1 Zwetsch<\/a><\/p>\n<\/div>\n<p><button id=\"doutorado2017\" style=\"cursor: pointer; color: black; width: 700px; text-align: left;\"><strong>Doutorado &#8211; 2017<\/strong><\/button><\/p>\n<div id='mostrarDoutorado2017' style=\"display: none; padding-left: 2.5%;\">\n<a href=\"http:\/\/lattes.cnpq.br\/5900778041707870\" target=\"_blank\" rel=\"noopener\">Eric Silveira Batista Barreto<\/a><br \/>\n<a href=\"http:\/\/lattes.cnpq.br\/8661484735808826\" target=\"_blank\" rel=\"noopener\">Vanderlise Machado Bar\u00e3o<\/a><br \/>\n<a href=\"http:\/\/lattes.cnpq.br\/2595628476614780\" target=\"_blank\" rel=\"noopener\">Nicole Weber Benemann<\/a><br \/>\n<a href=\"http:\/\/lattes.cnpq.br\/5849754615993917\" target=\"_blank\" rel=\"noopener\">Isabel Soares Campos<\/a><br \/>\n<a href=\"http:\/\/lattes.cnpq.br\/1444513575271432\" target=\"_blank\" rel=\"noopener\">Orestes Jayme Mega<\/a><br \/>\n<a href=\"http:\/\/lattes.cnpq.br\/3553835360820092\" target=\"_blank\" rel=\"noopener\">Josiane Abrunhosa da Silva Ulrich<\/a>\n<\/div>\n<p><button id=\"mestrado2017\" style=\"cursor: pointer; color: black; width: 700px; text-align: left;\"><strong>Mestrado &#8211; 2017<\/strong><\/button><\/p>\n<div id='mostrarMestrado2017' style=\"display: none; padding-left: 2.5%;\">\n<a href=\"http:\/\/lattes.cnpq.br\/8892383349953763\" target=\"_blank\" rel=\"noopener\">Andr\u00e9 Gomes de Almeida<\/a><br \/>\n<a href=\"http:\/\/lattes.cnpq.br\/9003316594364153\" target=\"_blank\" rel=\"noopener\">Diego Dias Pavei<\/a><br \/>\n<a href=\"http:\/\/lattes.cnpq.br\/9658796805284816\" target=\"_blank\" rel=\"noopener\">Estefania Jaekel da Rosa<\/a><br \/>\n<a href=\"http:\/\/lattes.cnpq.br\/5159253431364580\" target=\"_blank\" rel=\"noopener\">Eva Maria Dutra Pinheiro<\/a><br \/>\n<a href=\"http:\/\/lattes.cnpq.br\/2269930048147458\" target=\"_blank\" rel=\"noopener\">Fladiane Nunes Teixeira<\/a><br \/>\n<a href=\"http:\/\/lattes.cnpq.br\/1475768199208184\" target=\"_blank\" rel=\"noopener\">Guilherme Gaudo Ruchaud<\/a><br \/>\n<a href=\"http:\/\/lattes.cnpq.br\/8795835137524191\" target=\"_blank\" rel=\"noopener\">Icaro Vasques Inchauspe<\/a><br \/>\n<a href=\"http:\/\/lattes.cnpq.br\/9424121508610115\" target=\"_blank\" rel=\"noopener\">Ingrid Adrielle de Souza Freitas Santana<\/a><br \/>\n<a href=\"http:\/\/lattes.cnpq.br\/0345201107628436\" target=\"_blank\" rel=\"noopener\">Paulo Roberto Brum de Freitas<\/a>\n<\/div>\n<p><button id=\"doutorado2016\" style=\"cursor: pointer; color: black; width: 700px; text-align: left;\"><strong>Doutorado &#8211; 2016<\/strong><\/button><\/p>\n<div id='mostrarDoutorado2016' style=\"display: none; padding-left: 2.5%;\">\n<a href=\"http:\/\/lattes.cnpq.br\/3540267956109391\" target=\"_blank\" rel=\"noopener\">Jocyane Ricelly Baretta<\/a><br \/>\n<a href=\"http:\/\/lattes.cnpq.br\/3957323315633818\" target=\"_blank\" rel=\"noopener\">Diego Fernandes Dias Severo<\/a><br \/>\n<a href=\"http:\/\/lattes.cnpq.br\/2740595316158903\" target=\"_blank\" rel=\"noopener\">Lisandro Lucas de Lima Moura<\/a><br \/>\n<a href=\"http:\/\/lattes.cnpq.br\/5576903023329673\" target=\"_blank\" rel=\"noopener\">Elis Esther Meza Pe\u00f1a<\/a><br \/>\n<a href=\"http:\/\/lattes.cnpq.br\/9898772098330665\" target=\"_blank\" rel=\"noopener\">Daniel Vaz Lima<\/a><br \/>\n<a href=\"http:\/\/lattes.cnpq.br\/6812505028039999\" target=\"_blank\" rel=\"noopener\">Beatriz Ramos da Costa<\/a>\n<\/div>\n<p><button id=\"mestrado2016\" style=\"cursor: pointer; color: black; width: 700px; text-align: left;\"><strong>Mestrado &#8211; 2016<\/strong><\/button><\/p>\n<div id='mostrarMestrado2016' style=\"display: none; padding-left: 2.5%;\">\n<a href=\"http:\/\/lattes.cnpq.br\/4845925339438450\" target=\"_blank\" rel=\"noopener\">Clara Maduell Gomez<\/a><br \/>\n<a href=\"http:\/\/lattes.cnpq.br\/3082951793368318\" target=\"_blank\" rel=\"noopener\">Fabricio Barreto Fuchs<\/a><br \/>\n<a href=\"http:\/\/lattes.cnpq.br\/6099623424975875\" target=\"_blank\" rel=\"noopener\">Ismael da Silva Negreiros<\/a><br \/>\n<a href=\"http:\/\/lattes.cnpq.br\/1411430602260967\" target=\"_blank\" rel=\"noopener\">Lidiane da Silva Hirdes<\/a><br \/>\n<a href=\"http:\/\/lattes.cnpq.br\/4580001101461928\" target=\"_blank\" rel=\"noopener\">Maria de F\u00e1tima Nascimento Urruth<\/a><br \/>\n<a href=\"http:\/\/lattes.cnpq.br\/0376525172820312\" target=\"_blank\" rel=\"noopener\">Sarah Kelly Silva Schmidt<\/a><br \/>\n<a href=\"http:\/\/lattes.cnpq.br\/9786125401904606\" target=\"_blank\" rel=\"noopener\">Simone Assis Alves Roberto<\/a><br \/>\n<a href=\"http:\/\/lattes.cnpq.br\/3020063540350719\" target=\"_blank\" rel=\"noopener\">Tais Rodrigues de Aguiar<\/a><br \/>\n<a href=\"http:\/\/lattes.cnpq.br\/9194198601397672\" target=\"_blank\" rel=\"noopener\">Tanize Machado Garcia<\/a><br \/>\n<a href=\"http:\/\/lattes.cnpq.br\/3478882507888064\" target=\"_blank\" rel=\"noopener\">Thaissa de Castro Almeida Caino<\/a><br \/>\n<a href=\"http:\/\/lattes.cnpq.br\/9335849121507434\" target=\"_blank\" rel=\"noopener\">Vagner Barreto Rodrigues<\/a>\n<\/div>\n<p><button id=\"mestrado2015\" style=\"cursor: pointer; color: black; width: 700px; text-align: left;\"><strong>Mestrado &#8211; 2015<\/strong><\/button><\/p>\n<div id='mostrarMestrado2015' style=\"display: none; padding-left: 2.5%;\">\n<a href=\"http:\/\/lattes.cnpq.br\/0203657091644467\" target=\"_blank\" rel=\"noopener\">Admilson Robalo de Brito Xavier Pinto<\/a><br \/>\n<a href=\"http:\/\/lattes.cnpq.br\/7397798750716976\" target=\"_blank\" rel=\"noopener\">Andressa Porto Pereira<\/a><br \/>\n<a href=\"http:\/\/lattes.cnpq.br\/4705523870646599\" target=\"_blank\" rel=\"noopener\">Bruna Gato da Silva<\/a><br \/>\n<a href=\"http:\/\/lattes.cnpq.br\/0826479320498703\" target=\"_blank\" rel=\"noopener\">Carolina Amorim da Silva Bittencourt<\/a><br \/>\n<a href=\"http:\/\/lattes.cnpq.br\/5672799321451535\" target=\"_blank\" rel=\"noopener\">Claudia Cardoso Goularte<\/a><br \/>\n<a href=\"http:\/\/lattes.cnpq.br\/9063675104051931\" target=\"_blank\" rel=\"noopener\">Diogo Raul Zanini<\/a><br \/>\n<a href=\"http:\/\/lattes.cnpq.br\/9230945806951052\" target=\"_blank\" rel=\"noopener\">Isadora de Leon Torres<\/a><br \/>\n<a href=\"http:\/\/lattes.cnpq.br\/8320294562908301\" target=\"_blank\" rel=\"noopener\">Leticia Nornberg Maciel<\/a><br \/>\n<a href=\"http:\/\/lattes.cnpq.br\/5247623802404216\" target=\"_blank\" rel=\"noopener\">Lidiane Aparecida da Silva<\/a><br \/>\n<a href=\"http:\/\/lattes.cnpq.br\/1485087720798442\" target=\"_blank\" rel=\"noopener\">Luisa Nunes D&#8217;Avila<\/a><br \/>\n<a href=\"http:\/\/lattes.cnpq.br\/5514256655327525\" target=\"_blank\" rel=\"noopener\">Marcelo da Silva Sanhudo<\/a><br \/>\n<a href=\"http:\/\/lattes.cnpq.br\/2595628476614780\" target=\"_blank\" rel=\"noopener\">Nicole Weber Benemann<\/a><br \/>\n<a href=\"http:\/\/lattes.cnpq.br\/7368323806146179\" target=\"_blank\" rel=\"noopener\">Rosi Marrero Duarte<\/a><br \/>\n<a href=\"http:\/\/lattes.cnpq.br\/0038740048996004\" target=\"_blank\" rel=\"noopener\">Taciane Silveira Souza<\/a><br \/>\n<a href=\"http:\/\/lattes.cnpq.br\/3037890548885062\" target=\"_blank\" rel=\"noopener\">Thaise S\u00e1 Freire Rocha<\/a><br \/>\n<a href=\"http:\/\/lattes.cnpq.br\/6502162003441282\" target=\"_blank\" rel=\"noopener\">Thiago Schellin de Mattos<\/a>\n<\/div>\n<p><button id=\"mestrado2014\" style=\"cursor: pointer; color: black; width: 700px; text-align: left;\"><strong>Mestrado &#8211; 2014<\/strong><\/button><\/p>\n<div id='mostrarMestrado2014' style=\"display: none; padding-left: 2.5%;\">\n<a href=\"http:\/\/lattes.cnpq.br\/1362488337913325\" target=\"_blank\" rel=\"noopener\">Alexandre Pinto Coelho de Almeida<\/a><br \/>\n<a href=\"http:\/\/lattes.cnpq.br\/3229623160007401\" target=\"_blank\" rel=\"noopener\">Aline Cunha da Fonseca<\/a><br \/>\n<a href=\"http:\/\/lattes.cnpq.br\/0313105351013639\" target=\"_blank\" rel=\"noopener\">Atila Perillo Filho<\/a><br \/>\n<a href=\"http:\/\/lattes.cnpq.br\/0751484712329531\" target=\"_blank\" rel=\"noopener\">Carolina Hoffmann Fernandes Braga<\/a><br \/>\n<a href=\"http:\/\/lattes.cnpq.br\/9565251828381351\" target=\"_blank\" rel=\"noopener\">Cristiano Lemes da Silva<\/a><br \/>\n<a href=\"http:\/\/lattes.cnpq.br\/6221518715605326\" target=\"_blank\" rel=\"noopener\">Estelamaris Dezordi<\/a><br \/>\n<a href=\"http:\/\/lattes.cnpq.br\/2921129447860669\" target=\"_blank\" rel=\"noopener\">Josiel dos Santos<\/a><br \/>\n<a href=\"http:\/\/lattes.cnpq.br\/8062919589503719\" target=\"_blank\" rel=\"noopener\">Joyce Souza Lopes<\/a><br \/>\n<a href=\"http:\/\/lattes.cnpq.br\/3198730881831633\" target=\"_blank\" rel=\"noopener\">Juliana Bizarro Cascais<\/a><br \/>\n<a href=\"http:\/\/lattes.cnpq.br\/7419628324692362\" target=\"_blank\" rel=\"noopener\">Leandro Barbosa dos Santos<\/a><br \/>\n<a href=\"http:\/\/lattes.cnpq.br\/1270436729059656\" target=\"_blank\" rel=\"noopener\">Luiza Spinelli Pinto Wolff<\/a><br \/>\n<a href=\"http:\/\/lattes.cnpq.br\/9446336637229035\" target=\"_blank\" rel=\"noopener\">Maria Heloisa Martins da Rosa<\/a><br \/>\n<a href=\"http:\/\/lattes.cnpq.br\/4243054373998168\" target=\"_blank\" rel=\"noopener\">Milena Dugacsek Soares<\/a><br \/>\n<a href=\"http:\/\/lattes.cnpq.br\/1444513575271432\" target=\"_blank\" rel=\"noopener\">Orestes Jayme Mega<\/a><br \/>\n<a href=\"http:\/\/lattes.cnpq.br\/1597818651836729\" target=\"_blank\" rel=\"noopener\">Sabrina Marques Manzke<\/a><br \/>\n<a href=\"http:\/\/lattes.cnpq.br\/0676780597100242\" target=\"_blank\" rel=\"noopener\">Sandra Samira Tavares Miranda<\/a><br \/>\n<a href=\"http:\/\/lattes.cnpq.br\/5157206555273223\" target=\"_blank\" rel=\"noopener\">Susana dos Santos Dode<\/a><br \/>\n<a href=\"http:\/\/lattes.cnpq.br\/7015068014950712\" target=\"_blank\" rel=\"noopener\">Tatiani M\u00fcller Kohls<\/a><br \/>\n<a href=\"http:\/\/lattes.cnpq.br\/7884214683021242\" target=\"_blank\" rel=\"noopener\">Victor Gomes Monteiro<\/a><br \/>\nVinicius Silveira Kusma\n<\/div>\n<p><button id=\"mestrado2013\" style=\"cursor: pointer; color: black; width: 700px; text-align: left;\"><strong>Mestrado &#8211; 2013<\/strong><\/button><\/p>\n<div id=\"mostrarMestrado2013\" style=\"display: none; padding-left: 2.5%\">\n<a href=\"http:\/\/lattes.cnpq.br\/8934223750385270\" target=\"_blank\" rel=\"noopener\">Alessandro Barbosa Lopes<\/a><br \/>\n<a href=\"http:\/\/lattes.cnpq.br\/1004477962157487\" target=\"_blank\" rel=\"noopener\">Bruna Donato de Oliveira<\/a><br \/>\n<a href=\"http:\/\/lattes.cnpq.br\/9567370472366359\" target=\"_blank\" rel=\"noopener\">Cristiane Tavares Feij\u00f3<\/a><br \/>\n<a href=\"http:\/\/lattes.cnpq.br\/9898772098330665\" target=\"_blank\" rel=\"noopener\">Daniel Vaz Lima<\/a><br \/>\n<a href=\"http:\/\/lattes.cnpq.br\/5900778041707870\" target=\"_blank\" rel=\"noopener\">Eric Silveira Batista Barreto<\/a><br \/>\n<a href=\"http:\/\/lattes.cnpq.br\/0382382300722525\" target=\"_blank\" rel=\"noopener\">Filippe da Silva Guimar\u00e3es<\/a><br \/>\n<a href=\"http:\/\/lattes.cnpq.br\/8534288437689137\" target=\"_blank\" rel=\"noopener\">Gil Passos de Mattos<\/a><br \/>\n<a href=\"http:\/\/lattes.cnpq.br\/5849754615993917\" target=\"_blank\" rel=\"noopener\">Isabel Soares Campos<\/a><br \/>\n<a href=\"http:\/\/lattes.cnpq.br\/7414118544544725\" target=\"_blank\" rel=\"noopener\">Juliana Pozzo Tatsch<\/a><br \/>\n<a href=\"http:\/\/lattes.cnpq.br\/4012791452572377\" target=\"_blank\" rel=\"noopener\">Marta Bonow Rodrigues<\/a><br \/>\nMauricio Dias Schneider<br \/>\n<a href=\"http:\/\/lattes.cnpq.br\/2795755906145090\" target=\"_blank\" rel=\"noopener\">Patricia Postali Cruz<\/a><br \/>\n<a href=\"http:\/\/lattes.cnpq.br\/7875152480583131\" target=\"_blank\" rel=\"noopener\">Paula Castro Almeida<\/a><br \/>\n<a href=\"http:\/\/lattes.cnpq.br\/4428355138067662\" target=\"_blank\" rel=\"noopener\">Tiago Graule Machado<\/a><br \/>\n<a href=\"http:\/\/lattes.cnpq.br\/0745961448634416\" target=\"_blank\" rel=\"noopener\">Vinicius Schwochow Paiva<\/a>\n<\/div>\n<p><button id='mestrado2012' style=\"cursor: pointer; color: black; width: 700px; text-align: left;\"><strong>Mestrado &#8211; 2012<\/strong><\/button><\/p>\n<div id=\"mostrarMestrado2012\" style=\"display: none; padding-left: 2.5%\">\n<a href=\"http:\/\/lattes.cnpq.br\/8901656663719481\" target=\"_blank\" rel=\"noopener\">Ana Paula da Rosa Leal<\/a><br \/>\n<a href=\"http:\/\/lattes.cnpq.br\/3808284825807722\" target=\"_blank\" rel=\"noopener\">Cristian Costa das Neves<\/a><br \/>\n<a href=\"http:\/\/lattes.cnpq.br\/4686128571165842\" target=\"_blank\" rel=\"noopener\">Daniel Luis Moura Vergara<\/a><br \/>\n<a href=\"http:\/\/lattes.cnpq.br\/5889328754197291\" target=\"_blank\" rel=\"noopener\">Daniel Minossi Nunes<\/a><br \/>\n<a href=\"http:\/\/lattes.cnpq.br\/1047405430051079\" target=\"_blank\" rel=\"noopener\">Evander Eloi Kroner<\/a><br \/>\n<a href=\"http:\/\/lattes.cnpq.br\/4841967812488235\" target=\"_blank\" rel=\"noopener\">Liza Bilhalva Martins da Silva<\/a><br \/>\n<a href=\"http:\/\/lattes.cnpq.br\/0189775493303209\" target=\"_blank\" rel=\"noopener\">Mateus Guedes Pe\u00e7anha<\/a><br \/>\n<a href=\"http:\/\/lattes.cnpq.br\/9088055156084047\" target=\"_blank\" rel=\"noopener\">Paulo David Porto Fabres Teixeira<\/a><br \/>\n<a href=\"http:\/\/lattes.cnpq.br\/8236441582053319\" target=\"_blank\" rel=\"noopener\">Roberta de Souza Cadaval<\/a><br \/>\n<a href=\"http:\/\/lattes.cnpq.br\/9627676025492430\" target=\"_blank\" rel=\"noopener\">Santa Julia da Silva<\/a>\n<\/div>\n<p><script>jQuery(document).ready(function($){$('#mestrado2012').on('click',function(){if($('#mostrarMestrado2012').css('display') == 'none'){$('#mostrarMestrado2012').show();}else{$('#mostrarMestrado2012').hide();}});})<\/script><\/p>\n<p><script>jQuery(document).ready(function($){$('#mestrado2013').on('click',function(){if($('#mostrarMestrado2013').css('display') == 'none'){$('#mostrarMestrado2013').show();}else{$('#mostrarMestrado2013').hide();}});})<\/script><\/p>\n<p><script>jQuery(document).ready(function($){$('#mestrado2014').on('click',function(){if($('#mostrarMestrado2014').css('display') == 'none'){$('#mostrarMestrado2014').show();}else{$('#mostrarMestrado2014').hide();}});})<\/script><\/p>\n<p><script>jQuery(document).ready(function($){$('#mestrado2015').on('click',function(){if($('#mostrarMestrado2015').css('display') == 'none'){$('#mostrarMestrado2015').show();}else{$('#mostrarMestrado2015').hide();}});})<\/script><\/p>\n<p><script>jQuery(document).ready(function($){$('#mestrado2016').on('click',function(){if($('#mostrarMestrado2016').css('display') == 'none'){$('#mostrarMestrado2016').show();}else{$('#mostrarMestrado2016').hide();}});})<\/script><\/p>\n<p><script>jQuery(document).ready(function($){$('#mestrado2017').on('click',function(){if($('#mostrarMestrado2017').css('display') == 'none'){$('#mostrarMestrado2017').show();}else{$('#mostrarMestrado2017').hide();}});})<\/script><\/p>\n<p><script>jQuery(document).ready(function($){$('#mestrado2018').on('click',function(){if($('#mostrarMestrado2018').css('display') == 'none'){$('#mostrarMestrado2018').show();}else{$('#mostrarMestrado2018').hide();}});})<\/script><\/p>\n<p><script>jQuery(document).ready(function($){$('#doutorado2016').on('click',function(){if($('#mostrarDoutorado2016').css('display') == 'none'){$('#mostrarDoutorado2016').show();}else{$('#mostrarDoutorado2016').hide();}});})<\/script><\/p>\n<p><script>jQuery(document).ready(function($){$('#mestrado2020').on('click',function(){if($('#mostrarMestrado2020').css('display') == 'none'){$('#mostrarMestrado2020').show();}else{$('#mostrarMestrado2020').hide();}});})<\/script><\/p>\n<p><script>jQuery(document).ready(function($){$('#doutorado2017').on('click',function(){if($('#mostrarDoutorado2017').css('display') == 'none'){$('#mostrarDoutorado2017').show();}else{$('#mostrarDoutorado2017').hide();}});})<\/script><\/p>\n<p><script>jQuery(document).ready(function($){$('#doutorado2018').on('click',function(){if($('#mostrarDoutorado2018').css('display') == 'none'){$('#mostrarDoutorado2018').show();}else{$('#mostrarDoutorado2018').hide();}});})<\/script><\/p>\n<p><script>jQuery(document).ready(function($){$('#mestrado2019').on('click',function(){if($('#mostrarMestrado2019').css('display') == 'none'){$('#mostrarMestrado2019').show();}else{$('#mostrarMestrado2019').hide();}});})<\/script><\/p>\n","protected":false},"excerpt":{"rendered":"<p>Doutorado &#8211; 2020 Mestrado &#8211; 2020 Fabiane Rodrigues Moraes Heloisa Helena da Silva Freitas Nat\u00e1lia de Oliveira Tavares Luiza Morais Marques Manuela Tuerlinckx Costa Valle Felipe Pinto dos Santos Lino Jos\u00e9 Zabala Ruiz Matheus Ribeiro da Silva Leopoldine Radtke Bergmann Helora Ataydes Dilelio \u00c1vila Iara Laura de Arag\u00e3o Fernandes Doutorado &#8211; 2019 Mestrado &#8211; 2019 [&hellip;]<\/p>\n","protected":false},"author":453,"featured_media":0,"parent":17,"menu_order":3,"comment_status":"closed","ping_status":"closed","template":"","meta":{"footnotes":""},"class_list":["post-1255","page","type-page","status-publish","hentry"],"jetpack_sharing_enabled":true,"_links":{"self":[{"href":"https:\/\/wp.ufpel.edu.br\/ppgant\/wp-json\/wp\/v2\/pages\/1255","targetHints":{"allow":["GET"]}}],"collection":[{"href":"https:\/\/wp.ufpel.edu.br\/ppgant\/wp-json\/wp\/v2\/pages"}],"about":[{"href":"https:\/\/wp.ufpel.edu.br\/ppgant\/wp-json\/wp\/v2\/types\/page"}],"author":[{"embeddable":true,"href":"https:\/\/wp.ufpel.edu.br\/ppgant\/wp-json\/wp\/v2\/users\/453"}],"replies":[{"embeddable":true,"href":"https:\/\/wp.ufpel.edu.br\/ppgant\/wp-json\/wp\/v2\/comments?post=1255"}],"version-history":[{"count":89,"href":"https:\/\/wp.ufpel.edu.br\/ppgant\/wp-json\/wp\/v2\/pages\/1255\/revisions"}],"predecessor-version":[{"id":2826,"href":"https:\/\/wp.ufpel.edu.br\/ppgant\/wp-json\/wp\/v2\/pages\/1255\/revisions\/2826"}],"up":[{"embeddable":true,"href":"https:\/\/wp.ufpel.edu.br\/ppgant\/wp-json\/wp\/v2\/pages\/17"}],"wp:attachment":[{"href":"https:\/\/wp.ufpel.edu.br\/ppgant\/wp-json\/wp\/v2\/media?parent=1255"}],"curies":[{"name":"wp","href":"https:\/\/api.w.org\/{rel}","templated":true}]}}