{"id":120,"date":"2016-09-28T11:17:14","date_gmt":"2016-09-28T14:17:14","guid":{"rendered":"https:\/\/wp.ufpel.edu.br\/ppgant\/?page_id=120"},"modified":"2020-09-28T19:33:35","modified_gmt":"2020-09-28T22:33:35","slug":"linhas-e-projetos","status":"publish","type":"page","link":"https:\/\/wp.ufpel.edu.br\/ppgant\/linhas-e-projetos\/","title":{"rendered":"Pesquisa e Impacto"},"content":{"rendered":"<p><strong>\u00c1REAS DE CONCENTRA\u00c7\u00c3O<\/strong><\/p>\n<p>A \u00c1rea de Concentra\u00e7\u00e3o em Antropologia Social e Cultural est\u00e1 referenciada pela Etnografia, entendida como metodologia e epistemologia, isto \u00e9,\u00a0como processo e produto inerentes \u00e0 pr\u00e1tica e \u00e0 produ\u00e7\u00e3o de conhecimentos no campo antropol\u00f3gico. Constitui-se na proposta de composi\u00e7\u00e3o entre o\u00a0reconhecimento da natureza simb\u00f3lica da cultura e uma metodologia capaz de produzir caminhos para a compreens\u00e3o da complexidade, das fronteiras\u00a0e da diversidade nas variadas dimens\u00f5es da vida em sociedade. Abrange pesquisas sobre organiza\u00e7\u00e3o social, g\u00eanero, fam\u00edlia, corporalidade,<br \/>\nalimenta\u00e7\u00e3o, imagem, meio ambiente, Estado, religi\u00e3o, etnicidade,territ\u00f3rios, processos de territorializa\u00e7\u00e3o, ci\u00eancia e patrim\u00f4nio cultural, sejam em\u00a0contextos urbanos, sejam em contextos rurais. Tamb\u00e9m est\u00e1 vinculada a estudos sobre povos e comunidades tradicionais (ind\u00edgenas, quilombolas,\u00a0camponeses, pescadores, pomeranos etc.), abrangendo cosmologias e processos s\u00f3cio-hist\u00f3ricos e culturais.<\/p>\n<p>A \u00c1rea de Concentra\u00e7\u00e3o em Arqueologia est\u00e1 referenciada pelo estudo da cultura material e da interculturalidade que marcam as rela\u00e7\u00f5es sociais no\u00a0tempo e espa\u00e7o, bem como caracterizam a complexidade, as fronteiras e a diversidade nas variadas dimens\u00f5es da vida em sociedade. Constitui-se na\u00a0proposta de romper com o dualismo sujeito-objeto e incentivar a realiza\u00e7\u00e3o de pesquisas voltadas para a compreens\u00e3o das sociedades humanas em\u00a0diferentes temporalidades, desde tempos pr\u00e9-coloniais at\u00e9 o tempo presente, a partir do estudo da cultura material e do registro arqueol\u00f3gico. Abrange<br \/>\npesquisas sobre organiza\u00e7\u00e3o social, g\u00eanero, alimenta\u00e7\u00e3o, educa\u00e7\u00e3o, escravid\u00e3o, religi\u00e3o, tecnologias, etnicidade, territ\u00f3rios, processos de\u00a0territorializa\u00e7\u00e3o, colonialismo, ci\u00eancia e patrim\u00f4nio cultural. Tamb\u00e9m est\u00e1 vinculada a estudos sobre povos e comunidades tradicionais (ind\u00edgenas,\u00a0quilombolas, camponeses, pescadores, pomeranos etc.) e estimula a aplica\u00e7\u00e3o do m\u00e9todo etnogr\u00e1fico para a realiza\u00e7\u00e3o de pesquisas participantes e\u00a0colaborativas voltadas aos interesses destes coletivos.<\/p>\n<p><strong>LINHAS DE PESQUISA<\/strong><\/p>\n<p><strong>Arqueologia e Etnologia de Povos e\u00a0Comunidades Tradicionais<\/strong><br \/>\nEsta linha de pesquisa transversal abrange estudos sobre povos e comunidades tradicionais\u00a0pret\u00e9ritos e contempor\u00e2neos, tais como popula\u00e7\u00f5es ind\u00edgenas, quilombolas e ribeirinhas, as quais\u00a0constituem tem\u00e1ticas cl\u00e1ssicas para a Antropologia e a Arqueologia no Brasil e em outros pa\u00edses do\u00a0continente americano. Atem-se a uma gama consider\u00e1vel de assuntos, tais como: cultura material,\u00a0organiza\u00e7\u00e3o social, cosmologia, religi\u00e3o, rela\u00e7\u00f5es inter\u00e9tnicas, hist\u00f3ria, indigenismo, educa\u00e7\u00e3o\u00a0escolar, etnicidade, colonialismo, urbaniza\u00e7\u00e3o, territ\u00f3rios e processos de territorializa\u00e7\u00e3o.<\/p>\n<p><strong>Comunidade, Rede e Performance<\/strong><br \/>\nEsta linha de pesquisa transversal dedica-se aos estudos sobre rela\u00e7\u00f5es entre corpos humanos,\u00a0objetos, espa\u00e7os, oralidades e discursos sistematizados no campo social, na produ\u00e7\u00e3o de imagens e\u00a0pelas ci\u00eancias. Abrange temas relacionados a comunidades, redes e performances compostas por\u00a0conex\u00f5es, fluxos e limites constitu\u00eddos na sociedade, os quais precisam ser entendidos a partir da\u00a0din\u00e2mica entre sentido e realidade, apreendida na perspectiva diacr\u00f4nica e sincr\u00f4nica.<\/p>\n<p><strong>Antropologia e Arqueologia dos Objetos<\/strong><br \/>\nEsta linha de pesquisa transversal agrega estudos sobre processos relacionados \u00e0 forma\u00e7\u00e3o de\u00a0fronteiras e comunidades, considerando as rela\u00e7\u00f5es entre grupos humanos e objetos, bem como as\u00a0cole\u00e7\u00f5es particulares e museol\u00f3gicas e as investiga\u00e7\u00f5es referentes \u00e0 ativa\u00e7\u00e3o e representa\u00e7\u00e3o\u00a0relativas ao patrim\u00f4nio cultural. Incluem-se, ainda, pesquisas a respeito de processos de\u00a0territorializa\u00e7\u00e3o, etnicidade e identidades culturais, atentando-se para as formas pelas quais as\u00a0comunidades constroem suas vidas sociais e simb\u00f3licas no tempo e espa\u00e7o, por meio dos objetos e\u00a0contatos inter\u00e9tnicos e diasp\u00f3ricos.<\/p>\n<p><strong>Sociedade, Ambiente e Territorializa\u00e7\u00e3o<\/strong><br \/>\nEsta linha de pesquisa est\u00e1 voltada para os estudos a respeito das rela\u00e7\u00f5es entre sociedade, cultura\u00a0e natureza, com enfoque nas representa\u00e7\u00f5es e pr\u00e1ticas coletivas relacionadas a processos de\u00a0territorializa\u00e7\u00e3o no \u00e2mbito de contextos s\u00f3cio-hist\u00f3ricos singulares. Busca analisar e interpretar as\u00a0express\u00f5es culturais dos diferentes grupos que produzem sociabilidades articuladas \u00e0 apropria\u00e7\u00e3o e\u00a0subjetiva\u00e7\u00e3o do espa\u00e7o e aos ritmos e tempos da dura\u00e7\u00e3o em situa\u00e7\u00f5es de conflito socioambiental.<\/p>\n<div><\/div>\n","protected":false},"excerpt":{"rendered":"<p>\u00c1REAS DE CONCENTRA\u00c7\u00c3O A \u00c1rea de Concentra\u00e7\u00e3o em Antropologia Social e Cultural est\u00e1 referenciada pela Etnografia, entendida como metodologia e epistemologia, isto \u00e9,\u00a0como processo e produto inerentes \u00e0 pr\u00e1tica e \u00e0 produ\u00e7\u00e3o de conhecimentos no campo antropol\u00f3gico. Constitui-se na proposta de composi\u00e7\u00e3o entre o\u00a0reconhecimento da natureza simb\u00f3lica da cultura e uma metodologia capaz de produzir [&hellip;]<\/p>\n","protected":false},"author":453,"featured_media":0,"parent":0,"menu_order":4,"comment_status":"closed","ping_status":"closed","template":"","meta":{"footnotes":""},"class_list":["post-120","page","type-page","status-publish","hentry"],"jetpack_sharing_enabled":true,"_links":{"self":[{"href":"https:\/\/wp.ufpel.edu.br\/ppgant\/wp-json\/wp\/v2\/pages\/120","targetHints":{"allow":["GET"]}}],"collection":[{"href":"https:\/\/wp.ufpel.edu.br\/ppgant\/wp-json\/wp\/v2\/pages"}],"about":[{"href":"https:\/\/wp.ufpel.edu.br\/ppgant\/wp-json\/wp\/v2\/types\/page"}],"author":[{"embeddable":true,"href":"https:\/\/wp.ufpel.edu.br\/ppgant\/wp-json\/wp\/v2\/users\/453"}],"replies":[{"embeddable":true,"href":"https:\/\/wp.ufpel.edu.br\/ppgant\/wp-json\/wp\/v2\/comments?post=120"}],"version-history":[{"count":4,"href":"https:\/\/wp.ufpel.edu.br\/ppgant\/wp-json\/wp\/v2\/pages\/120\/revisions"}],"predecessor-version":[{"id":1269,"href":"https:\/\/wp.ufpel.edu.br\/ppgant\/wp-json\/wp\/v2\/pages\/120\/revisions\/1269"}],"wp:attachment":[{"href":"https:\/\/wp.ufpel.edu.br\/ppgant\/wp-json\/wp\/v2\/media?parent=120"}],"curies":[{"name":"wp","href":"https:\/\/api.w.org\/{rel}","templated":true}]}}