{"id":635,"date":"2017-08-07T15:57:23","date_gmt":"2017-08-07T18:57:23","guid":{"rendered":"https:\/\/wp.ufpel.edu.br\/ppga\/?page_id=635"},"modified":"2017-08-16T09:07:15","modified_gmt":"2017-08-16T12:07:15","slug":"imagens-do-ppga","status":"publish","type":"page","link":"https:\/\/wp.ufpel.edu.br\/ppga\/?page_id=635","title":{"rendered":"Imagens do PPGA"},"content":{"rendered":"<p><span style=\"color: #0000ff\"><strong>Equipe &#8211; Fitomelhoramento<\/strong><\/span><\/p>\n<p class=\"jetpack-slideshow-noscript robots-nocontent\">Este slideshow necessita de JavaScript.<\/p><div id=\"gallery-635-1-slideshow\" class=\"jetpack-slideshow-window jetpack-slideshow jetpack-slideshow-black\" data-trans=\"fade\" data-autostart=\"1\" data-gallery=\"[{&quot;src&quot;:&quot;https:\\\/\\\/wp.ufpel.edu.br\\\/ppga\\\/files\\\/2017\\\/08\\\/DSC0400.jpg&quot;,&quot;id&quot;:&quot;645&quot;,&quot;title&quot;:&quot;_DSC0400&quot;,&quot;alt&quot;:&quot;&quot;,&quot;caption&quot;:&quot;Reuni\\u00e3o da aveia-2016&quot;,&quot;itemprop&quot;:&quot;image&quot;},{&quot;src&quot;:&quot;https:\\\/\\\/wp.ufpel.edu.br\\\/ppga\\\/files\\\/2017\\\/08\\\/IMG-20170804-WA0003-1.jpg&quot;,&quot;id&quot;:&quot;658&quot;,&quot;title&quot;:&quot;IMG-20170804-WA0003&quot;,&quot;alt&quot;:&quot;&quot;,&quot;caption&quot;:&quot;Confraterniza\\u00e7\\u00e3o anivers\\u00e1rio Prof. Luciano-2017&quot;,&quot;itemprop&quot;:&quot;image&quot;},{&quot;src&quot;:&quot;https:\\\/\\\/wp.ufpel.edu.br\\\/ppga\\\/files\\\/2017\\\/08\\\/IMG_20170427_120922066.jpg&quot;,&quot;id&quot;:&quot;677&quot;,&quot;title&quot;:&quot;IMG_20170427_120922066&quot;,&quot;alt&quot;:&quot;&quot;,&quot;caption&quot;:&quot;Confraterniza\\u00e7\\u00e3o anivers\\u00e1rio Prof. Antonio-2017&quot;,&quot;itemprop&quot;:&quot;image&quot;}]\" itemscope itemtype=\"https:\/\/schema.org\/ImageGallery\"><\/div>\n<p><span style=\"color: #0000ff\"><strong>Pesquisas desenvolvidas no campo &#8211; Fitomelhoramento<\/strong><\/span><\/p>\n<p class=\"jetpack-slideshow-noscript robots-nocontent\">Este slideshow necessita de JavaScript.<\/p><div id=\"gallery-635-2-slideshow\" class=\"jetpack-slideshow-window jetpack-slideshow jetpack-slideshow-black\" data-trans=\"fade\" data-autostart=\"1\" data-gallery=\"[{&quot;src&quot;:&quot;https:\\\/\\\/wp.ufpel.edu.br\\\/ppga\\\/files\\\/2017\\\/08\\\/DSC05919.jpg&quot;,&quot;id&quot;:&quot;649&quot;,&quot;title&quot;:&quot;DSC05919&quot;,&quot;alt&quot;:&quot;&quot;,&quot;caption&quot;:&quot;Linhagens de arroz&quot;,&quot;itemprop&quot;:&quot;image&quot;},{&quot;src&quot;:&quot;https:\\\/\\\/wp.ufpel.edu.br\\\/ppga\\\/files\\\/2017\\\/08\\\/DSC05783.jpg&quot;,&quot;id&quot;:&quot;648&quot;,&quot;title&quot;:&quot;DSC05783&quot;,&quot;alt&quot;:&quot;&quot;,&quot;caption&quot;:&quot;Popula\\u00e7\\u00f5es segregante de arroz&quot;,&quot;itemprop&quot;:&quot;image&quot;},{&quot;src&quot;:&quot;https:\\\/\\\/wp.ufpel.edu.br\\\/ppga\\\/files\\\/2017\\\/08\\\/DSC05701.jpg&quot;,&quot;id&quot;:&quot;647&quot;,&quot;title&quot;:&quot;DSC05701&quot;,&quot;alt&quot;:&quot;&quot;,&quot;caption&quot;:&quot;Linhagens e popula\\u00e7\\u00f5es de milho&quot;,&quot;itemprop&quot;:&quot;image&quot;},{&quot;src&quot;:&quot;https:\\\/\\\/wp.ufpel.edu.br\\\/ppga\\\/files\\\/2017\\\/08\\\/DSC05651.jpg&quot;,&quot;id&quot;:&quot;646&quot;,&quot;title&quot;:&quot;DSC05651&quot;,&quot;alt&quot;:&quot;&quot;,&quot;caption&quot;:&quot;Linhagens e popula\\u00e7\\u00f5es de milho&quot;,&quot;itemprop&quot;:&quot;image&quot;},{&quot;src&quot;:&quot;https:\\\/\\\/wp.ufpel.edu.br\\\/ppga\\\/files\\\/2017\\\/08\\\/DSCN1848.jpg&quot;,&quot;id&quot;:&quot;659&quot;,&quot;title&quot;:&quot;DSCN1848&quot;,&quot;alt&quot;:&quot;&quot;,&quot;caption&quot;:&quot;Blocos de cruzamentos em trigo&quot;,&quot;itemprop&quot;:&quot;image&quot;},{&quot;src&quot;:&quot;https:\\\/\\\/wp.ufpel.edu.br\\\/ppga\\\/files\\\/2017\\\/08\\\/DSCN1991-e1502211184131.jpg&quot;,&quot;id&quot;:&quot;660&quot;,&quot;title&quot;:&quot;DSCN1991&quot;,&quot;alt&quot;:&quot;&quot;,&quot;caption&quot;:&quot;Emascula\\u00e7\\u00e3o em trigo&quot;,&quot;itemprop&quot;:&quot;image&quot;},{&quot;src&quot;:&quot;https:\\\/\\\/wp.ufpel.edu.br\\\/ppga\\\/files\\\/2017\\\/08\\\/IMG_20161010_162416915.jpg&quot;,&quot;id&quot;:&quot;661&quot;,&quot;title&quot;:&quot;IMG_20161010_162416915&quot;,&quot;alt&quot;:&quot;&quot;,&quot;caption&quot;:&quot;Ensaio de linhagens de aveia&quot;,&quot;itemprop&quot;:&quot;image&quot;},{&quot;src&quot;:&quot;https:\\\/\\\/wp.ufpel.edu.br\\\/ppga\\\/files\\\/2017\\\/08\\\/IMG_20161011_150840995.jpg&quot;,&quot;id&quot;:&quot;662&quot;,&quot;title&quot;:&quot;IMG_20161011_150840995&quot;,&quot;alt&quot;:&quot;&quot;,&quot;caption&quot;:&quot;Ensaio de linhagens de aveia&quot;,&quot;itemprop&quot;:&quot;image&quot;},{&quot;src&quot;:&quot;https:\\\/\\\/wp.ufpel.edu.br\\\/ppga\\\/files\\\/2017\\\/08\\\/IMG_20161021_165227383.jpg&quot;,&quot;id&quot;:&quot;663&quot;,&quot;title&quot;:&quot;IMG_20161021_165227383&quot;,&quot;alt&quot;:&quot;&quot;,&quot;caption&quot;:&quot;Linhagens de aveia&quot;,&quot;itemprop&quot;:&quot;image&quot;},{&quot;src&quot;:&quot;https:\\\/\\\/wp.ufpel.edu.br\\\/ppga\\\/files\\\/2017\\\/08\\\/IMG_20161121_104158521_HDR.jpg&quot;,&quot;id&quot;:&quot;664&quot;,&quot;title&quot;:&quot;IMG_20161121_104158521_HDR&quot;,&quot;alt&quot;:&quot;&quot;,&quot;caption&quot;:&quot;Linhagens de trigo&quot;,&quot;itemprop&quot;:&quot;image&quot;},{&quot;src&quot;:&quot;https:\\\/\\\/wp.ufpel.edu.br\\\/ppga\\\/files\\\/2017\\\/08\\\/IMG_20161125_113215255.jpg&quot;,&quot;id&quot;:&quot;665&quot;,&quot;title&quot;:&quot;IMG_20161125_113215255&quot;,&quot;alt&quot;:&quot;&quot;,&quot;caption&quot;:&quot;Colheita de trigo&quot;,&quot;itemprop&quot;:&quot;image&quot;}]\" itemscope itemtype=\"https:\/\/schema.org\/ImageGallery\"><\/div>\n<p><span style=\"color: #0000ff\"><strong>Pesquisas desenvolvidas no laborat\u00f3rio &#8211; Fitomelhoramento<\/strong><\/span><\/p>\n<p class=\"jetpack-slideshow-noscript robots-nocontent\">Este slideshow necessita de JavaScript.<\/p><div id=\"gallery-635-3-slideshow\" class=\"jetpack-slideshow-window jetpack-slideshow jetpack-slideshow-black\" data-trans=\"fade\" data-autostart=\"1\" data-gallery=\"[{&quot;src&quot;:&quot;https:\\\/\\\/wp.ufpel.edu.br\\\/ppga\\\/files\\\/2017\\\/08\\\/DSC0015.jpg&quot;,&quot;id&quot;:&quot;666&quot;,&quot;title&quot;:&quot;_DSC0015&quot;,&quot;alt&quot;:&quot;&quot;,&quot;caption&quot;:&quot;Estudos de transforma\\u00e7\\u00e3o gen\\u00e9tica em plantas&quot;,&quot;itemprop&quot;:&quot;image&quot;},{&quot;src&quot;:&quot;https:\\\/\\\/wp.ufpel.edu.br\\\/ppga\\\/files\\\/2017\\\/08\\\/DSC0019.jpg&quot;,&quot;id&quot;:&quot;667&quot;,&quot;title&quot;:&quot;_DSC0019&quot;,&quot;alt&quot;:&quot;&quot;,&quot;caption&quot;:&quot;Estudos de transforma\\u00e7\\u00e3o gen\\u00e9tica em plantas&quot;,&quot;itemprop&quot;:&quot;image&quot;},{&quot;src&quot;:&quot;https:\\\/\\\/wp.ufpel.edu.br\\\/ppga\\\/files\\\/2017\\\/08\\\/DSC0021-e1502211870133.jpg&quot;,&quot;id&quot;:&quot;668&quot;,&quot;title&quot;:&quot;_DSC0021&quot;,&quot;alt&quot;:&quot;&quot;,&quot;caption&quot;:&quot;Estudos de transforma\\u00e7\\u00e3o gen\\u00e9tica em plantas&quot;,&quot;itemprop&quot;:&quot;image&quot;},{&quot;src&quot;:&quot;https:\\\/\\\/wp.ufpel.edu.br\\\/ppga\\\/files\\\/2017\\\/08\\\/DSC0026.jpg&quot;,&quot;id&quot;:&quot;669&quot;,&quot;title&quot;:&quot;_DSC0026&quot;,&quot;alt&quot;:&quot;&quot;,&quot;caption&quot;:&quot;&quot;,&quot;itemprop&quot;:&quot;image&quot;},{&quot;src&quot;:&quot;https:\\\/\\\/wp.ufpel.edu.br\\\/ppga\\\/files\\\/2017\\\/08\\\/DSC0029.jpg&quot;,&quot;id&quot;:&quot;670&quot;,&quot;title&quot;:&quot;_DSC0029&quot;,&quot;alt&quot;:&quot;&quot;,&quot;caption&quot;:&quot;Equipamento utilizado para transforma\\u00e7\\u00e3o gen\\u00e9tica&quot;,&quot;itemprop&quot;:&quot;image&quot;},{&quot;src&quot;:&quot;https:\\\/\\\/wp.ufpel.edu.br\\\/ppga\\\/files\\\/2017\\\/08\\\/DSC00077.jpg&quot;,&quot;id&quot;:&quot;671&quot;,&quot;title&quot;:&quot;_DSC00077&quot;,&quot;alt&quot;:&quot;&quot;,&quot;caption&quot;:&quot;Express\\u00e3o g\\u00eanica em tempo real&quot;,&quot;itemprop&quot;:&quot;image&quot;},{&quot;src&quot;:&quot;https:\\\/\\\/wp.ufpel.edu.br\\\/ppga\\\/files\\\/2017\\\/08\\\/DSC06076-1.jpg&quot;,&quot;id&quot;:&quot;672&quot;,&quot;title&quot;:&quot;DSC06076&quot;,&quot;alt&quot;:&quot;&quot;,&quot;caption&quot;:&quot;Gel de DNA&quot;,&quot;itemprop&quot;:&quot;image&quot;},{&quot;src&quot;:&quot;https:\\\/\\\/wp.ufpel.edu.br\\\/ppga\\\/files\\\/2017\\\/08\\\/IMG_20170803_092520679-1.jpg&quot;,&quot;id&quot;:&quot;673&quot;,&quot;title&quot;:&quot;IMG_20170803_092520679&quot;,&quot;alt&quot;:&quot;&quot;,&quot;caption&quot;:&quot;Visita internacional&quot;,&quot;itemprop&quot;:&quot;image&quot;},{&quot;src&quot;:&quot;https:\\\/\\\/wp.ufpel.edu.br\\\/ppga\\\/files\\\/2017\\\/08\\\/IMG_20170803_092602267-1.jpg&quot;,&quot;id&quot;:&quot;674&quot;,&quot;title&quot;:&quot;IMG_20170803_092602267&quot;,&quot;alt&quot;:&quot;&quot;,&quot;caption&quot;:&quot;Trabalho de rotina&quot;,&quot;itemprop&quot;:&quot;image&quot;}]\" itemscope itemtype=\"https:\/\/schema.org\/ImageGallery\"><\/div>\n<p><strong><span style=\"color: #339966\"><span style=\"color: #0000ff\">Equipe &#8211; Fruticultura<\/span><br \/>\n<\/span><\/strong><\/p>\n<p class=\"jetpack-slideshow-noscript robots-nocontent\">Este slideshow necessita de JavaScript.<\/p><div id=\"gallery-635-4-slideshow\" class=\"jetpack-slideshow-window jetpack-slideshow jetpack-slideshow-black\" data-trans=\"fade\" data-autostart=\"1\" data-gallery=\"[{&quot;src&quot;:&quot;https:\\\/\\\/wp.ufpel.edu.br\\\/ppga\\\/files\\\/2017\\\/08\\\/Equipe.png&quot;,&quot;id&quot;:&quot;764&quot;,&quot;title&quot;:&quot;Equipe&quot;,&quot;alt&quot;:&quot;&quot;,&quot;caption&quot;:&quot;Equipe Fruticultura&quot;,&quot;itemprop&quot;:&quot;image&quot;}]\" itemscope itemtype=\"https:\/\/schema.org\/ImageGallery\"><\/div>\n<p><strong><span style=\"color: #339966\"><span style=\"color: #0000ff\">LabAgro- Fruticultura<\/span><br \/>\n<\/span><\/strong><\/p>\n<p class=\"jetpack-slideshow-noscript robots-nocontent\">Este slideshow necessita de JavaScript.<\/p><div id=\"gallery-635-5-slideshow\" class=\"jetpack-slideshow-window jetpack-slideshow jetpack-slideshow-black\" data-trans=\"fade\" data-autostart=\"1\" data-gallery=\"[{&quot;src&quot;:&quot;https:\\\/\\\/wp.ufpel.edu.br\\\/ppga\\\/files\\\/2017\\\/08\\\/LabAgro.png&quot;,&quot;id&quot;:&quot;782&quot;,&quot;title&quot;:&quot;LabAgro&quot;,&quot;alt&quot;:&quot;&quot;,&quot;caption&quot;:&quot;LabAgro&quot;,&quot;itemprop&quot;:&quot;image&quot;}]\" itemscope itemtype=\"https:\/\/schema.org\/ImageGallery\"><\/div>\n<p><strong><span style=\"color: #0000ff\">Pesquisas desenvolvidas no campo &#8211; Fruticultura<\/span><br \/>\n<\/strong><\/p>\n<p class=\"jetpack-slideshow-noscript robots-nocontent\">Este slideshow necessita de JavaScript.<\/p><div id=\"gallery-635-6-slideshow\" class=\"jetpack-slideshow-window jetpack-slideshow jetpack-slideshow-black\" data-trans=\"fade\" data-autostart=\"1\" data-gallery=\"[{&quot;src&quot;:&quot;https:\\\/\\\/wp.ufpel.edu.br\\\/ppga\\\/files\\\/2017\\\/08\\\/Avalia\\u00e7\\u00f5es-no-pomar.png&quot;,&quot;id&quot;:&quot;766&quot;,&quot;title&quot;:&quot;Avalia\\u00e7\\u00f5es no pomar&quot;,&quot;alt&quot;:&quot;&quot;,&quot;caption&quot;:&quot;Avalia\\u00e7\\u00f5es no pomar&quot;,&quot;itemprop&quot;:&quot;image&quot;},{&quot;src&quot;:&quot;https:\\\/\\\/wp.ufpel.edu.br\\\/ppga\\\/files\\\/2017\\\/08\\\/Centro-Agropecu\\u00e1rio-da-Palma.png&quot;,&quot;id&quot;:&quot;767&quot;,&quot;title&quot;:&quot;Centro Agropecu\\u00e1rio da Palma&quot;,&quot;alt&quot;:&quot;&quot;,&quot;caption&quot;:&quot;Centro Agropecu\\u00e1rio da Palma&quot;,&quot;itemprop&quot;:&quot;image&quot;},{&quot;src&quot;:&quot;https:\\\/\\\/wp.ufpel.edu.br\\\/ppga\\\/files\\\/2017\\\/08\\\/Pomar-de-pessegueiro.png&quot;,&quot;id&quot;:&quot;768&quot;,&quot;title&quot;:&quot;Pomar de pessegueiro&quot;,&quot;alt&quot;:&quot;&quot;,&quot;caption&quot;:&quot;Pomar de pessegueiro&quot;,&quot;itemprop&quot;:&quot;image&quot;}]\" itemscope itemtype=\"https:\/\/schema.org\/ImageGallery\"><\/div>\n<p><span style=\"color: #339966\"><strong><span style=\"color: #0000ff\">Pesquisas desenvolvidas em casa de vegeta\u00e7\u00e3o &#8211; Fruticultura<\/span><br \/>\n<\/strong><\/span><\/p>\n<p class=\"jetpack-slideshow-noscript robots-nocontent\">Este slideshow necessita de JavaScript.<\/p><div id=\"gallery-635-7-slideshow\" class=\"jetpack-slideshow-window jetpack-slideshow jetpack-slideshow-black\" data-trans=\"fade\" data-autostart=\"1\" data-gallery=\"[{&quot;src&quot;:&quot;https:\\\/\\\/wp.ufpel.edu.br\\\/ppga\\\/files\\\/2017\\\/08\\\/Cultivo-Sem-solo.png&quot;,&quot;id&quot;:&quot;769&quot;,&quot;title&quot;:&quot;Cultivo Sem solo&quot;,&quot;alt&quot;:&quot;&quot;,&quot;caption&quot;:&quot;Cultivo sem solo&quot;,&quot;itemprop&quot;:&quot;image&quot;},{&quot;src&quot;:&quot;https:\\\/\\\/wp.ufpel.edu.br\\\/ppga\\\/files\\\/2017\\\/08\\\/Enxertia.png&quot;,&quot;id&quot;:&quot;770&quot;,&quot;title&quot;:&quot;Enxertia&quot;,&quot;alt&quot;:&quot;&quot;,&quot;caption&quot;:&quot;Enxertia&quot;,&quot;itemprop&quot;:&quot;image&quot;},{&quot;src&quot;:&quot;https:\\\/\\\/wp.ufpel.edu.br\\\/ppga\\\/files\\\/2017\\\/08\\\/Jardim-clonal.png&quot;,&quot;id&quot;:&quot;771&quot;,&quot;title&quot;:&quot;Jardim clonal&quot;,&quot;alt&quot;:&quot;&quot;,&quot;caption&quot;:&quot;Jardim clonal&quot;,&quot;itemprop&quot;:&quot;image&quot;},{&quot;src&quot;:&quot;https:\\\/\\\/wp.ufpel.edu.br\\\/ppga\\\/files\\\/2017\\\/08\\\/Matrizeiro.png&quot;,&quot;id&quot;:&quot;772&quot;,&quot;title&quot;:&quot;Matrizeiro&quot;,&quot;alt&quot;:&quot;&quot;,&quot;caption&quot;:&quot;Matrizeiro&quot;,&quot;itemprop&quot;:&quot;image&quot;},{&quot;src&quot;:&quot;https:\\\/\\\/wp.ufpel.edu.br\\\/ppga\\\/files\\\/2017\\\/08\\\/Miniestacas.png&quot;,&quot;id&quot;:&quot;773&quot;,&quot;title&quot;:&quot;Miniestacas&quot;,&quot;alt&quot;:&quot;&quot;,&quot;caption&quot;:&quot;Miniestacas&quot;,&quot;itemprop&quot;:&quot;image&quot;}]\" itemscope itemtype=\"https:\/\/schema.org\/ImageGallery\"><\/div>\n<p><strong><span style=\"color: #339966\"><span style=\"color: #0000ff\">Pesquisas desenvolvidas no laborat\u00f3rio &#8211; Fruticultura<\/span><br \/>\n<\/span><\/strong><\/p>\n<p class=\"jetpack-slideshow-noscript robots-nocontent\">Este slideshow necessita de JavaScript.<\/p><div id=\"gallery-635-8-slideshow\" class=\"jetpack-slideshow-window jetpack-slideshow jetpack-slideshow-black\" data-trans=\"fade\" data-autostart=\"1\" data-gallery=\"[{&quot;src&quot;:&quot;https:\\\/\\\/wp.ufpel.edu.br\\\/ppga\\\/files\\\/2017\\\/08\\\/Avalia\\u00e7\\u00e3o-de-cor-P\\u00f3s-colheita.png&quot;,&quot;id&quot;:&quot;774&quot;,&quot;title&quot;:&quot;Avalia\\u00e7\\u00e3o de cor P\\u00f3s-colheita&quot;,&quot;alt&quot;:&quot;&quot;,&quot;caption&quot;:&quot;Avalia\\u00e7\\u00e3o de cor P\\u00f3s-colheita&quot;,&quot;itemprop&quot;:&quot;image&quot;},{&quot;src&quot;:&quot;https:\\\/\\\/wp.ufpel.edu.br\\\/ppga\\\/files\\\/2017\\\/08\\\/Avalia\\u00e7\\u00e3o-P\\u00f3s-colheita.png&quot;,&quot;id&quot;:&quot;775&quot;,&quot;title&quot;:&quot;Avalia\\u00e7\\u00e3o P\\u00f3s-colheita&quot;,&quot;alt&quot;:&quot;&quot;,&quot;caption&quot;:&quot;Avalia\\u00e7\\u00e3o P\\u00f3s-colheita&quot;,&quot;itemprop&quot;:&quot;image&quot;},{&quot;src&quot;:&quot;https:\\\/\\\/wp.ufpel.edu.br\\\/ppga\\\/files\\\/2017\\\/08\\\/Cultivo-In-vitro.png&quot;,&quot;id&quot;:&quot;776&quot;,&quot;title&quot;:&quot;Cultivo In vitro&quot;,&quot;alt&quot;:&quot;&quot;,&quot;caption&quot;:&quot;Cultivo In vitro&quot;,&quot;itemprop&quot;:&quot;image&quot;},{&quot;src&quot;:&quot;https:\\\/\\\/wp.ufpel.edu.br\\\/ppga\\\/files\\\/2017\\\/08\\\/Enraizamento.png&quot;,&quot;id&quot;:&quot;777&quot;,&quot;title&quot;:&quot;Enraizamento&quot;,&quot;alt&quot;:&quot;&quot;,&quot;caption&quot;:&quot;Enraizamento&quot;,&quot;itemprop&quot;:&quot;image&quot;},{&quot;src&quot;:&quot;https:\\\/\\\/wp.ufpel.edu.br\\\/ppga\\\/files\\\/2017\\\/08\\\/Estabelecidos.png&quot;,&quot;id&quot;:&quot;778&quot;,&quot;title&quot;:&quot;Estabelecidos&quot;,&quot;alt&quot;:&quot;&quot;,&quot;caption&quot;:&quot;Estabelecidos&quot;,&quot;itemprop&quot;:&quot;image&quot;},{&quot;src&quot;:&quot;https:\\\/\\\/wp.ufpel.edu.br\\\/ppga\\\/files\\\/2017\\\/08\\\/Estabelecimento-1.png&quot;,&quot;id&quot;:&quot;779&quot;,&quot;title&quot;:&quot;Estabelecimento 1&quot;,&quot;alt&quot;:&quot;&quot;,&quot;caption&quot;:&quot;Estabelecimento&quot;,&quot;itemprop&quot;:&quot;image&quot;},{&quot;src&quot;:&quot;https:\\\/\\\/wp.ufpel.edu.br\\\/ppga\\\/files\\\/2017\\\/08\\\/Estabelecimento.png&quot;,&quot;id&quot;:&quot;780&quot;,&quot;title&quot;:&quot;Estabelecimento&quot;,&quot;alt&quot;:&quot;&quot;,&quot;caption&quot;:&quot;Estabelecimento&quot;,&quot;itemprop&quot;:&quot;image&quot;},{&quot;src&quot;:&quot;https:\\\/\\\/wp.ufpel.edu.br\\\/ppga\\\/files\\\/2017\\\/08\\\/Explantes.png&quot;,&quot;id&quot;:&quot;781&quot;,&quot;title&quot;:&quot;Explantes&quot;,&quot;alt&quot;:&quot;&quot;,&quot;caption&quot;:&quot;Explantes&quot;,&quot;itemprop&quot;:&quot;image&quot;}]\" itemscope itemtype=\"https:\/\/schema.org\/ImageGallery\"><\/div>\n<p><strong><span style=\"color: #339966\"><br \/>\n<\/span><br \/>\n<\/strong><\/p>\n","protected":false},"excerpt":{"rendered":"<p>Equipe &#8211; Fitomelhoramento Pesquisas desenvolvidas no campo &#8211; Fitomelhoramento Pesquisas desenvolvidas no laborat\u00f3rio &#8211; Fitomelhoramento Equipe &#8211; Fruticultura LabAgro- Fruticultura Pesquisas desenvolvidas no campo &#8211; Fruticultura Pesquisas desenvolvidas em casa de vegeta\u00e7\u00e3o &#8211; Fruticultura Pesquisas desenvolvidas no laborat\u00f3rio &#8211; Fruticultura<\/p>\n","protected":false},"author":255,"featured_media":0,"parent":0,"menu_order":0,"comment_status":"closed","ping_status":"closed","template":"","meta":{"jetpack_post_was_ever_published":false,"footnotes":""},"class_list":["post-635","page","type-page","status-publish","hentry"],"jetpack_sharing_enabled":true,"jetpack_shortlink":"https:\/\/wp.me\/P6SliF-af","_links":{"self":[{"href":"https:\/\/wp.ufpel.edu.br\/ppga\/index.php?rest_route=\/wp\/v2\/pages\/635","targetHints":{"allow":["GET"]}}],"collection":[{"href":"https:\/\/wp.ufpel.edu.br\/ppga\/index.php?rest_route=\/wp\/v2\/pages"}],"about":[{"href":"https:\/\/wp.ufpel.edu.br\/ppga\/index.php?rest_route=\/wp\/v2\/types\/page"}],"author":[{"embeddable":true,"href":"https:\/\/wp.ufpel.edu.br\/ppga\/index.php?rest_route=\/wp\/v2\/users\/255"}],"replies":[{"embeddable":true,"href":"https:\/\/wp.ufpel.edu.br\/ppga\/index.php?rest_route=%2Fwp%2Fv2%2Fcomments&post=635"}],"version-history":[{"count":14,"href":"https:\/\/wp.ufpel.edu.br\/ppga\/index.php?rest_route=\/wp\/v2\/pages\/635\/revisions"}],"predecessor-version":[{"id":765,"href":"https:\/\/wp.ufpel.edu.br\/ppga\/index.php?rest_route=\/wp\/v2\/pages\/635\/revisions\/765"}],"wp:attachment":[{"href":"https:\/\/wp.ufpel.edu.br\/ppga\/index.php?rest_route=%2Fwp%2Fv2%2Fmedia&parent=635"}],"curies":[{"name":"wp","href":"https:\/\/api.w.org\/{rel}","templated":true}]}}