{"id":28,"date":"2013-07-04T06:01:57","date_gmt":"2013-07-04T09:01:57","guid":{"rendered":"https:\/\/wp.ufpel.edu.br\/ppga\/?page_id=28"},"modified":"2024-08-29T10:40:45","modified_gmt":"2024-08-29T13:40:45","slug":"contato","status":"publish","type":"page","link":"https:\/\/wp.ufpel.edu.br\/ppga\/?page_id=28","title":{"rendered":"Contato"},"content":{"rendered":"<p><span style=\"color: #0000ff; font-family: trebuchet ms,geneva,sans-serif; font-size: 12pt;\"><b>Endere\u00e7o para postagem<\/b><\/span><\/p>\n<p><span style=\"font-family: trebuchet ms,geneva,sans-serif; font-size: 12pt;\">Universidade Federal de Pelotas<\/span><br \/>\n<span style=\"font-family: trebuchet ms,geneva,sans-serif; font-size: 12pt;\">Faculdade de Agronomia Eliseu Maciel<\/span><br \/>\n<span style=\"font-family: trebuchet ms,geneva,sans-serif; font-size: 12pt;\">Programa de P\u00f3s-Gradua\u00e7\u00e3o em Agronomia<\/span><br \/>\n<span style=\"font-family: trebuchet ms,geneva,sans-serif; font-size: 12pt;\">Caixa Postal 354<\/span><br \/>\n<span style=\"font-family: trebuchet ms,geneva,sans-serif; font-size: 12pt;\">Pelotas\/RS<\/span><br \/>\n<span style=\"font-family: trebuchet ms,geneva,sans-serif; font-size: 12pt;\">96010-900<\/span><\/p>\n<p><span style=\"font-family: trebuchet ms,geneva,sans-serif; font-size: 12pt;\"><b><span style=\"color: #0000ff;\">Contato<\/span><br \/>\n<\/b><strong>PPGA:<\/strong>\u00a0posagro@ufpel.edu.br<\/span><br \/>\n<span style=\"font-family: trebuchet ms,geneva,sans-serif; font-size: 12pt;\">Telefone\/Fax: (53) \u00a03275 7158\u00a0<\/span><\/p>\n<p><span style=\"font-family: trebuchet ms,geneva,sans-serif; font-size: 12pt;\"><strong>Coordenador:<\/strong> Prof. Marcelo Barbosa Malgarim<\/span><br \/>\n<span style=\"font-family: trebuchet ms,geneva,sans-serif; font-size: 12pt;\">malgarim@yahoo.com<\/span><br \/>\n<span style=\"font-family: trebuchet ms,geneva,sans-serif; font-size: 12pt;\">Telefone: (53) \u00a03275 7653<\/span><\/p>\n<p><span style=\"font-family: trebuchet ms,geneva,sans-serif; font-size: 12pt;\"><strong>Coordenador adjunto:<\/strong> Prof. Vagner Brasil Costa<\/span><\/p>\n<p>&nbsp;<\/p>\n","protected":false},"excerpt":{"rendered":"<p>Endere\u00e7o para postagem Universidade Federal de Pelotas Faculdade de Agronomia Eliseu Maciel Programa de P\u00f3s-Gradua\u00e7\u00e3o em Agronomia Caixa Postal 354 Pelotas\/RS 96010-900 Contato PPGA:\u00a0posagro@ufpel.edu.br Telefone\/Fax: (53) \u00a03275 7158\u00a0 Coordenador: Prof. Marcelo Barbosa Malgarim malgarim@yahoo.com Telefone: (53) \u00a03275 7653 Coordenador adjunto: Prof. Vagner Brasil Costa &nbsp;<\/p>\n","protected":false},"author":255,"featured_media":0,"parent":0,"menu_order":6,"comment_status":"closed","ping_status":"closed","template":"","meta":{"jetpack_post_was_ever_published":false,"footnotes":""},"class_list":["post-28","page","type-page","status-publish","hentry"],"jetpack_sharing_enabled":true,"jetpack_shortlink":"https:\/\/wp.me\/P6SliF-s","_links":{"self":[{"href":"https:\/\/wp.ufpel.edu.br\/ppga\/index.php?rest_route=\/wp\/v2\/pages\/28","targetHints":{"allow":["GET"]}}],"collection":[{"href":"https:\/\/wp.ufpel.edu.br\/ppga\/index.php?rest_route=\/wp\/v2\/pages"}],"about":[{"href":"https:\/\/wp.ufpel.edu.br\/ppga\/index.php?rest_route=\/wp\/v2\/types\/page"}],"author":[{"embeddable":true,"href":"https:\/\/wp.ufpel.edu.br\/ppga\/index.php?rest_route=\/wp\/v2\/users\/255"}],"replies":[{"embeddable":true,"href":"https:\/\/wp.ufpel.edu.br\/ppga\/index.php?rest_route=%2Fwp%2Fv2%2Fcomments&post=28"}],"version-history":[{"count":15,"href":"https:\/\/wp.ufpel.edu.br\/ppga\/index.php?rest_route=\/wp\/v2\/pages\/28\/revisions"}],"predecessor-version":[{"id":632,"href":"https:\/\/wp.ufpel.edu.br\/ppga\/index.php?rest_route=\/wp\/v2\/pages\/28\/revisions\/632"}],"wp:attachment":[{"href":"https:\/\/wp.ufpel.edu.br\/ppga\/index.php?rest_route=%2Fwp%2Fv2%2Fmedia&parent=28"}],"curies":[{"name":"wp","href":"https:\/\/api.w.org\/{rel}","templated":true}]}}