{"id":26,"date":"2013-07-04T06:01:41","date_gmt":"2013-07-04T09:01:41","guid":{"rendered":"https:\/\/wp.ufpel.edu.br\/ppga\/?page_id=26"},"modified":"2025-06-11T12:02:42","modified_gmt":"2025-06-11T15:02:42","slug":"arquivos","status":"publish","type":"page","link":"https:\/\/wp.ufpel.edu.br\/ppga\/?page_id=26","title":{"rendered":"Arquivos"},"content":{"rendered":"<p><a href=\"https:\/\/wp.ufpel.edu.br\/ppga\/files\/2023\/03\/Planejamento-Estrategico-e-Autoavaliacao.docx\">Planejamento Estrat\u00e9gico e Autoavalia\u00e7\u00e3o<\/a><\/p>\n<p><a href=\"https:\/\/wp.ufpel.edu.br\/ppga\/files\/2023\/12\/Normas-do-PPGA-.pdf\">Normas do PPGA<\/a><\/p>\n<p><a href=\"https:\/\/wp.ufpel.edu.br\/ppga\/files\/2021\/05\/TERMO-DE-COMPROMISSO-DADOS-BRUTOS.docx\">TERMO DE COMPROMISSO &#8211; DADOS BRUTOS<\/a><\/p>\n<p><a href=\"https:\/\/wp.ufpel.edu.br\/ppga\/files\/2022\/06\/Formulario_1-Inscricao.doc\">Formul\u00e1rio_1-Inscri\u00e7\u00e3o<\/a><\/p>\n<p><a href=\"https:\/\/wp.ufpel.edu.br\/ppga\/files\/2018\/12\/Formul\u00e1rio_1A-Plano-de-Trabalho.docx\">Formul\u00e1rio_1A-Plano-de-Trabalho<\/a><\/p>\n<p><a href=\"https:\/\/wp.ufpel.edu.br\/ppga\/files\/2018\/12\/Formul\u00e1rio_2-Matr\u00edcula.docx\">Formul\u00e1rio_2-Matr\u00edcula<\/a> (apenas 1 via)<\/p>\n<p><a href=\"https:\/\/wp.ufpel.edu.br\/ppga\/files\/2018\/12\/Formul\u00e1rio_3-Plano-de-estudo.docx\">Formul\u00e1rio_3-Plano-de-estudo<\/a> (apenas 1 via)<\/p>\n<p><a href=\"https:\/\/wp.ufpel.edu.br\/ppga\/files\/2018\/12\/Formul\u00e1rio_4-Encaminhamento-de-Defesa.docx\">Formul\u00e1rio_4-Encaminhamento-de-Defesa<\/a><\/p>\n<p><a href=\"https:\/\/wp.ufpel.edu.br\/ppga\/files\/2018\/12\/Formul\u00e1rio_4A-Nomea\u00e7\u00e3o-da-Banca.docx\">Formul\u00e1rio_4A-Nomea\u00e7\u00e3o-da-Banca<\/a> (apenas 1 via)<\/p>\n<p><a href=\"https:\/\/wp.ufpel.edu.br\/ppga\/files\/2018\/12\/Formul\u00e1rio_5-Defesa-de-Disserta\u00e7\u00e3o-ou-Tese.docx\">Formul\u00e1rio_5-Defesa-de-Disserta\u00e7\u00e3o-ou-Tese<\/a><\/p>\n<p><a href=\"https:\/\/wp.ufpel.edu.br\/ppga\/files\/2018\/12\/Formul\u00e1rio_5A-Ata-Corre\u00e7\u00f5es-Disserta\u00e7\u00e3o-ou-Tese.docx\">Formul\u00e1rio_5A-Ata-Corre\u00e7\u00f5es-Disserta\u00e7\u00e3o-ou-Tese<\/a><\/p>\n<p><a href=\"https:\/\/wp.ufpel.edu.br\/ppga\/files\/2018\/12\/Formul\u00e1rio_6-Aproveitamento-de-Cr\u00e9ditos.docx\">Formul\u00e1rio_6-Aproveitamento-de-Cr\u00e9ditos<\/a><\/p>\n<p><a href=\"https:\/\/wp.ufpel.edu.br\/ppga\/files\/2018\/12\/Formul\u00e1rio_7-Exame-de-Qualifica\u00e7\u00e3o.docx\">Formul\u00e1rio_7-Exame-de-Qualifica\u00e7\u00e3o<\/a><\/p>\n<p><a href=\"https:\/\/wp.ufpel.edu.br\/ppga\/files\/2018\/12\/Formul\u00e1rio_7A-Encaminhamento-de-Exame-Qualifica\u00e7\u00e3o.docx\">Formul\u00e1rio_7A-Encaminhamento-de-Exame-Qualifica\u00e7\u00e3o<\/a><\/p>\n<p><a href=\"https:\/\/wp.ufpel.edu.br\/ppga\/files\/2018\/12\/Formul\u00e1rio_8-Mudan\u00e7a-de-N\u00edvel.docx\">Formul\u00e1rio_8-Mudan\u00e7a-de-N\u00edvel<\/a><\/p>\n<p><a href=\"https:\/\/wp.ufpel.edu.br\/ppga\/files\/2018\/12\/Formul\u00e1rio_8A-Encaminhamento-de-Altera\u00e7\u00e3o-de-N\u00edvel.docx\">Formul\u00e1rio_8A-Encaminhamento-de-Altera\u00e7\u00e3o-de-N\u00edvel<\/a><\/p>\n<p><a href=\"https:\/\/wp.ufpel.edu.br\/ppga\/files\/2018\/12\/Formul\u00e1rio_9-Cancelamento-de-Disciplina.docx\">Formul\u00e1rio_9-Cancelamento-de-Disciplina<\/a><\/p>\n<p><a href=\"https:\/\/wp.ufpel.edu.br\/ppga\/files\/2018\/12\/Formul\u00e1rio_9A-Inclus\u00e3o-de-Disciplina.docx\">Formul\u00e1rio_9A-Inclus\u00e3o-de-Disciplina<\/a><\/p>\n<p><a href=\"https:\/\/wp.ufpel.edu.br\/ppga\/files\/2018\/12\/Formul\u00e1rio_10-Trancamento-de-Matr\u00edcula.docx\">Formul\u00e1rio_10-Trancamento-de-Matr\u00edcula<\/a><\/p>\n<p><a href=\"https:\/\/wp.ufpel.edu.br\/ppga\/files\/2025\/06\/Formulario_SEI_Solicitacao_Auxilio_Financeiro-1-1.docx\">Formul\u00e1rio_SEI_Solicitacao_Auxilio_Financeiro\u00a0<\/a><\/p>\n<p><a href=\"https:\/\/wp.ufpel.edu.br\/ppga\/files\/2018\/12\/TermoCompromissoDS_Obrigatorio.docx\">TermoCompromissoDS_Obrigatorio<\/a><\/p>\n<p><a href=\"https:\/\/wp.ufpel.edu.br\/ppga\/files\/2018\/12\/Requerimento-de-Alunos.docx\">Requerimento-de-Aluno<\/a><\/p>\n<p><a href=\"https:\/\/wp.ufpel.edu.br\/ppga\/files\/2024\/08\/Termo-Dissertacoes-e-Teses.pdf\">Formul\u00e1rio Termo-Dissertacoes-e-Teses<\/a><\/p>\n<p><a href=\"https:\/\/wp.ufpel.edu.br\/ppga\/files\/2023\/12\/Manual-de-normas-UFPel-para-trabalhos-academicos.pdf\">Manual de normas UFPel para trabalhos acad\u00eamicos<\/a><\/p>\n<p><a href=\"https:\/\/goo.gl\/forms\/n9Pcpkp4WsznMhin1\" target=\"_blank\" rel=\"noopener noreferrer\"><u>Formul\u00e1rio online para a entrega da disserta\u00e7\u00e3o\/tese<\/u><\/a><\/p>\n<p>Outros arquivos:<\/p>\n<p><a href=\"https:\/\/wp.ufpel.edu.br\/prppg\/documentos-2\/\">https:\/\/wp.ufpel.edu.br\/prppg\/documentos-2\/<\/a>.<\/p>\n<p>&nbsp;<\/p>\n<p>&nbsp;<\/p>\n","protected":false},"excerpt":{"rendered":"<p>Planejamento Estrat\u00e9gico e Autoavalia\u00e7\u00e3o Normas do PPGA TERMO DE COMPROMISSO &#8211; DADOS BRUTOS Formul\u00e1rio_1-Inscri\u00e7\u00e3o Formul\u00e1rio_1A-Plano-de-Trabalho Formul\u00e1rio_2-Matr\u00edcula (apenas 1 via) Formul\u00e1rio_3-Plano-de-estudo (apenas 1 via) Formul\u00e1rio_4-Encaminhamento-de-Defesa Formul\u00e1rio_4A-Nomea\u00e7\u00e3o-da-Banca (apenas 1 via) Formul\u00e1rio_5-Defesa-de-Disserta\u00e7\u00e3o-ou-Tese Formul\u00e1rio_5A-Ata-Corre\u00e7\u00f5es-Disserta\u00e7\u00e3o-ou-Tese Formul\u00e1rio_6-Aproveitamento-de-Cr\u00e9ditos Formul\u00e1rio_7-Exame-de-Qualifica\u00e7\u00e3o Formul\u00e1rio_7A-Encaminhamento-de-Exame-Qualifica\u00e7\u00e3o Formul\u00e1rio_8-Mudan\u00e7a-de-N\u00edvel Formul\u00e1rio_8A-Encaminhamento-de-Altera\u00e7\u00e3o-de-N\u00edvel Formul\u00e1rio_9-Cancelamento-de-Disciplina Formul\u00e1rio_9A-Inclus\u00e3o-de-Disciplina Formul\u00e1rio_10-Trancamento-de-Matr\u00edcula Formul\u00e1rio_SEI_Solicitacao_Auxilio_Financeiro\u00a0 TermoCompromissoDS_Obrigatorio Requerimento-de-Aluno Formul\u00e1rio Termo-Dissertacoes-e-Teses Manual de normas UFPel para trabalhos acad\u00eamicos Formul\u00e1rio online para a entrega [&hellip;]<\/p>\n","protected":false},"author":255,"featured_media":0,"parent":0,"menu_order":6,"comment_status":"closed","ping_status":"closed","template":"","meta":{"jetpack_post_was_ever_published":false,"footnotes":""},"class_list":["post-26","page","type-page","status-publish","hentry"],"jetpack_sharing_enabled":true,"jetpack_shortlink":"https:\/\/wp.me\/P6SliF-q","_links":{"self":[{"href":"https:\/\/wp.ufpel.edu.br\/ppga\/index.php?rest_route=\/wp\/v2\/pages\/26","targetHints":{"allow":["GET"]}}],"collection":[{"href":"https:\/\/wp.ufpel.edu.br\/ppga\/index.php?rest_route=\/wp\/v2\/pages"}],"about":[{"href":"https:\/\/wp.ufpel.edu.br\/ppga\/index.php?rest_route=\/wp\/v2\/types\/page"}],"author":[{"embeddable":true,"href":"https:\/\/wp.ufpel.edu.br\/ppga\/index.php?rest_route=\/wp\/v2\/users\/255"}],"replies":[{"embeddable":true,"href":"https:\/\/wp.ufpel.edu.br\/ppga\/index.php?rest_route=%2Fwp%2Fv2%2Fcomments&post=26"}],"version-history":[{"count":33,"href":"https:\/\/wp.ufpel.edu.br\/ppga\/index.php?rest_route=\/wp\/v2\/pages\/26\/revisions"}],"predecessor-version":[{"id":2441,"href":"https:\/\/wp.ufpel.edu.br\/ppga\/index.php?rest_route=\/wp\/v2\/pages\/26\/revisions\/2441"}],"wp:attachment":[{"href":"https:\/\/wp.ufpel.edu.br\/ppga\/index.php?rest_route=%2Fwp%2Fv2%2Fmedia&parent=26"}],"curies":[{"name":"wp","href":"https:\/\/api.w.org\/{rel}","templated":true}]}}