{"id":24,"date":"2013-07-04T06:01:19","date_gmt":"2013-07-04T09:01:19","guid":{"rendered":"https:\/\/wp.ufpel.edu.br\/ppga\/?page_id=24"},"modified":"2022-03-23T11:59:19","modified_gmt":"2022-03-23T14:59:19","slug":"disciplinas","status":"publish","type":"page","link":"https:\/\/wp.ufpel.edu.br\/ppga\/?page_id=24","title":{"rendered":"Disciplinas"},"content":{"rendered":"<p><span style=\"color: #0000ff;font-family: trebuchet ms,geneva,sans-serif;font-size: 12pt\"><strong>Disciplinas ofertadas pelo programa:<\/strong><\/span><\/p>\n<p>&nbsp;<\/p>\n<table style=\"height: 1094px\" width=\"744\">\n<tbody>\n<tr style=\"height: 24px\">\n<td style=\"height: 24px\" width=\"62\"><span style=\"color: #0000ff;font-family: trebuchet ms,geneva,sans-serif\">C\u00f3digo<\/span><\/td>\n<td style=\"height: 24px\" width=\"472\"><span style=\"color: #0000ff;font-family: trebuchet ms,geneva,sans-serif\">Nome<\/span><\/td>\n<td style=\"height: 24px\" width=\"80\"><span style=\"color: #0000ff;font-family: trebuchet ms,geneva,sans-serif\">\u00c1rea<\/span><\/td>\n<\/tr>\n<tr style=\"height: 24px\">\n<td style=\"height: 24px\" width=\"62\"><span style=\"font-family: trebuchet ms,geneva,sans-serif\">218146<\/span><\/td>\n<td style=\"height: 24px\" width=\"472\"><span style=\"font-family: trebuchet ms,geneva,sans-serif\"><a href=\"https:\/\/wp.ufpel.edu.br\/ppga\/files\/2019\/05\/PPGA-Atualidades-em-Gen\u00e9tica.pdf\" target=\"_blank\" rel=\"noopener noreferrer\">ATUALIDADES EM GEN\u00c9TICA<\/a><\/span><\/td>\n<td style=\"height: 24px\"><span style=\"font-family: trebuchet ms,geneva,sans-serif\">FITO<\/span><\/td>\n<\/tr>\n<tr style=\"height: 24px\">\n<td style=\"height: 24px\" width=\"62\"><span style=\"font-family: trebuchet ms,geneva,sans-serif\">218105<\/span><\/td>\n<td style=\"height: 24px\" width=\"472\"><span style=\"font-family: trebuchet ms,geneva,sans-serif\"><a href=\"https:\/\/wp.ufpel.edu.br\/ppga\/files\/2019\/05\/PPGA-Biotecnologia-Aplicada-ao-Melhoramento.pdf\" target=\"_blank\" rel=\"noopener noreferrer\">BIOTECNOLOGIA APLICADA AO MELHORAMENTO<\/a><\/span><\/td>\n<td style=\"height: 24px\"><span style=\"font-family: trebuchet ms,geneva,sans-serif\">FITO<\/span><\/td>\n<\/tr>\n<tr style=\"height: 24px\">\n<td style=\"height: 24px\" width=\"62\"><span style=\"font-family: trebuchet ms,geneva,sans-serif\">218137<\/span><\/td>\n<td style=\"height: 24px\" width=\"472\"><span style=\"font-family: trebuchet ms,geneva,sans-serif\"><a href=\"https:\/\/wp.ufpel.edu.br\/ppga\/files\/2019\/05\/PPGA-Est\u00e1gio-de-Doc\u00eancia-Orientada-em-Fitomelhoramento.pdf\" target=\"_blank\" rel=\"noopener noreferrer\">EST\u00c1GIO DE DOC\u00caNCIA ORIENTADA EM FITOMELHORAMENTO<\/a><\/span><\/td>\n<td style=\"height: 24px\"><span style=\"font-family: trebuchet ms,geneva,sans-serif\">FITO<\/span><\/td>\n<\/tr>\n<tr style=\"height: 24px\">\n<td style=\"height: 24px\" width=\"62\"><span style=\"font-family: trebuchet ms,geneva,sans-serif\">218164<\/span><\/td>\n<td style=\"height: 24px\" width=\"472\"><span style=\"font-family: trebuchet ms,geneva,sans-serif\">ESTAT\u00cdSTICA APLICADA AO MELHORAMENTO<\/span><\/td>\n<td style=\"height: 24px\"><span style=\"font-family: trebuchet ms,geneva,sans-serif\">FITO<\/span><\/td>\n<\/tr>\n<tr style=\"height: 24px\">\n<td style=\"height: 24px\" width=\"62\"><span style=\"font-family: trebuchet ms,geneva,sans-serif\">218106<\/span><\/td>\n<td style=\"height: 24px\" width=\"472\"><span style=\"font-family: trebuchet ms,geneva,sans-serif\"><a href=\"https:\/\/wp.ufpel.edu.br\/ppga\/files\/2019\/05\/PPGA-Evolu\u00e7\u00e3o-de-Plantas-Cultivadas.pdf\" target=\"_blank\" rel=\"noopener noreferrer\">EVOLU\u00c7\u00c3O DE PLANTAS CULTIVADAS<\/a><\/span><\/td>\n<td style=\"height: 24px\"><span style=\"font-family: trebuchet ms,geneva,sans-serif\">FITO<\/span><\/td>\n<\/tr>\n<tr style=\"height: 24px\">\n<td style=\"height: 24px\" width=\"62\"><span style=\"font-family: trebuchet ms,geneva,sans-serif\">210048<\/span><\/td>\n<td style=\"height: 24px\" width=\"472\"><span style=\"font-family: trebuchet ms,geneva,sans-serif\">INTRODU\u00c7\u00c3O \u00c0 BIOINFORM\u00c1TICA<\/span><\/td>\n<td style=\"height: 24px\"><span style=\"font-family: trebuchet ms,geneva,sans-serif\">FITO<\/span><\/td>\n<\/tr>\n<tr style=\"height: 24px\">\n<td style=\"height: 24px\" width=\"62\"><span style=\"font-family: trebuchet ms,geneva,sans-serif\">218050<\/span><\/td>\n<td style=\"height: 24px\" width=\"472\"><span style=\"font-family: trebuchet ms,geneva,sans-serif\"><a href=\"https:\/\/wp.ufpel.edu.br\/ppga\/files\/2019\/05\/PPGA-Melhoramento-Gen\u00e9tico-de-Plantas.pdf\" target=\"_blank\" rel=\"noopener noreferrer\">MELHORAMENTO GEN\u00c9TICO DE PLANTAS<\/a><\/span><\/td>\n<td style=\"height: 24px\"><span style=\"font-family: trebuchet ms,geneva,sans-serif\">FITO<\/span><\/td>\n<\/tr>\n<tr style=\"height: 24px\">\n<td style=\"height: 24px\" width=\"62\"><span style=\"font-family: trebuchet ms,geneva,sans-serif\">218158<\/span><\/td>\n<td style=\"height: 24px\" width=\"472\"><span style=\"font-family: trebuchet ms,geneva,sans-serif\"><a href=\"https:\/\/wp.ufpel.edu.br\/ppga\/files\/2019\/05\/PPGA-Pesquisa-Orientada-em-Fitomelhoramento.pdf\" target=\"_blank\" rel=\"noopener noreferrer\">PESQUISA ORIENTADA EM FITOMELHORAMENTO<\/a><\/span><\/td>\n<td style=\"height: 24px\"><span style=\"font-family: trebuchet ms,geneva,sans-serif\">FITO<\/span><\/td>\n<\/tr>\n<tr style=\"height: 24px\">\n<td style=\"height: 24px\" width=\"62\"><span style=\"font-family: trebuchet ms,geneva,sans-serif\">218051<\/span><\/td>\n<td style=\"height: 24px\" width=\"472\"><span style=\"font-family: trebuchet ms,geneva,sans-serif\"><a href=\"https:\/\/wp.ufpel.edu.br\/ppga\/files\/2019\/05\/PPGA-Recursos-Gen\u00e9ticos-Vegetais.pdf\" target=\"_blank\" rel=\"noopener noreferrer\">RECURSOS GEN\u00c9TICOS VEGETAIS<\/a><\/span><\/td>\n<td style=\"height: 24px\"><span style=\"font-family: trebuchet ms,geneva,sans-serif\">FITO<\/span><\/td>\n<\/tr>\n<tr style=\"height: 24px\">\n<td style=\"height: 24px\" width=\"62\"><span style=\"font-family: trebuchet ms,geneva,sans-serif\">218052<\/span><\/td>\n<td style=\"height: 24px\" width=\"472\"><span style=\"font-family: trebuchet ms,geneva,sans-serif\"><a href=\"https:\/\/wp.ufpel.edu.br\/ppga\/files\/2019\/05\/PPGA-T\u00e9cnicas-Aplicadas-ao-Melhoramento-de-Plantas.pdf\" target=\"_blank\" rel=\"noopener noreferrer\">T\u00c9CNICAS APLICADAS AO MELHORAMENTO DE PLANTAS<\/a><\/span><\/td>\n<td style=\"height: 24px\"><span style=\"font-family: trebuchet ms,geneva,sans-serif\">FITO<\/span><\/td>\n<\/tr>\n<tr style=\"height: 24px\">\n<td style=\"height: 24px\" width=\"62\"><span style=\"font-family: trebuchet ms,geneva,sans-serif\">218115<\/span><\/td>\n<td style=\"height: 24px\" width=\"472\"><span style=\"font-family: trebuchet ms,geneva,sans-serif\">TEORIA DA SELE\u00c7\u00c3O<\/span><\/td>\n<td style=\"height: 24px\"><span style=\"font-family: trebuchet ms,geneva,sans-serif\">FITO<\/span><\/td>\n<\/tr>\n<tr style=\"height: 24px\">\n<td style=\"height: 24px\" width=\"62\"><span style=\"font-family: trebuchet ms,geneva,sans-serif\">218066<\/span><\/td>\n<td style=\"height: 24px\" width=\"472\"><span style=\"font-family: trebuchet ms,geneva,sans-serif\"><a href=\"https:\/\/wp.ufpel.edu.br\/ppga\/files\/2019\/05\/PPGA-T\u00f3picos-Especiais-em-Gen\u00e9tica-e-Melhoramento.pdf\" target=\"_blank\" rel=\"noopener noreferrer\">T\u00d3PICOS ESPECIAIS EM GEN\u00c9TICA E MELHORAMENTO<\/a><\/span><\/td>\n<td style=\"height: 24px\"><span style=\"font-family: trebuchet ms,geneva,sans-serif\">FITO<\/span><\/td>\n<\/tr>\n<tr style=\"height: 24px\">\n<td style=\"height: 24px\"><span style=\"font-family: trebuchet ms,geneva,sans-serif\">210073<\/span><\/td>\n<td style=\"height: 24px\" width=\"472\"><span style=\"font-family: trebuchet ms,geneva,sans-serif\">GEN\u00c9TICA QUANTITATIVA I<\/span><\/td>\n<td style=\"height: 24px\"><span style=\"font-family: trebuchet ms,geneva,sans-serif\">FITO<\/span><\/td>\n<\/tr>\n<tr style=\"height: 24px\">\n<td style=\"height: 24px\"><span style=\"font-family: trebuchet ms,geneva,sans-serif\">210050<\/span><\/td>\n<td style=\"height: 24px\"><span style=\"font-family: trebuchet ms,geneva,sans-serif\"><a href=\"https:\/\/wp.ufpel.edu.br\/ppga\/files\/2019\/05\/PPGA-Gen\u00e9tica-Aplicada-ao-Melhoramento-de-Plantas.pdf\" target=\"_blank\" rel=\"noopener noreferrer\">GEN\u00c9TICA APLICADA AO MELHORAMENTO DE PLANTAS<\/a><\/span><\/td>\n<td style=\"height: 24px\"><span style=\"font-family: trebuchet ms,geneva,sans-serif\">FITO<\/span><\/td>\n<\/tr>\n<tr style=\"height: 24px\">\n<td style=\"height: 24px\" width=\"62\"><span style=\"font-family: trebuchet ms,geneva,sans-serif\">218131<\/span><\/td>\n<td style=\"height: 24px\" width=\"472\"><span style=\"font-family: trebuchet ms,geneva,sans-serif\">PESQUISA ORIENTADA EM FRUTICULTURA<\/span><\/td>\n<td style=\"height: 24px\"><span style=\"font-family: trebuchet ms,geneva,sans-serif\">FRUT<\/span><\/td>\n<\/tr>\n<tr style=\"height: 24px\">\n<td style=\"height: 24px\" width=\"62\"><span style=\"font-family: trebuchet ms,geneva,sans-serif\">18000<\/span><\/td>\n<td style=\"height: 24px\" width=\"472\"><span style=\"font-family: trebuchet ms,geneva,sans-serif\">ECOFISIOLOGIA DE PLANTAS FRUT\u00cdFERAS<\/span><\/td>\n<td style=\"height: 24px\"><span style=\"font-family: trebuchet ms,geneva,sans-serif\">FRUT<\/span><\/td>\n<\/tr>\n<tr style=\"height: 24px\">\n<td style=\"height: 24px\" width=\"62\"><span style=\"font-family: trebuchet ms,geneva,sans-serif\">218076<\/span><\/td>\n<td style=\"height: 24px\" width=\"472\"><span style=\"font-family: trebuchet ms,geneva,sans-serif\">VITIVINICULTURA<\/span><\/td>\n<td style=\"height: 24px\"><span style=\"font-family: trebuchet ms,geneva,sans-serif\">FRUT<\/span><\/td>\n<\/tr>\n<tr style=\"height: 24px\">\n<td style=\"height: 24px\" width=\"62\"><span style=\"font-family: trebuchet ms,geneva,sans-serif\">218138<\/span><\/td>\n<td style=\"height: 24px\" width=\"472\"><span style=\"font-family: trebuchet ms,geneva,sans-serif\">EST\u00c1GIO DE DOC\u00caNCIA ORIENTADA EM FRUTICULTURA<\/span><\/td>\n<td style=\"height: 24px\"><span style=\"font-family: trebuchet ms,geneva,sans-serif\">FRUT<\/span><\/td>\n<\/tr>\n<tr style=\"height: 24px\">\n<td style=\"height: 24px\" width=\"62\"><span style=\"font-family: trebuchet ms,geneva,sans-serif\">218077<\/span><\/td>\n<td style=\"height: 24px\" width=\"472\"><span style=\"font-family: trebuchet ms,geneva,sans-serif\">FISIOLOGIA APLICADA A FRUT\u00cdFERAS LENHOSAS<\/span><\/td>\n<td style=\"height: 24px\"><span style=\"font-family: trebuchet ms,geneva,sans-serif\">FRUT<\/span><\/td>\n<\/tr>\n<tr style=\"height: 56px\">\n<td style=\"height: 56px\"><span style=\"font-family: trebuchet ms,geneva,sans-serif\">1210054<br \/>\n<\/span><\/td>\n<td style=\"height: 56px\"><span style=\"font-family: trebuchet ms,geneva,sans-serif\">FRUT\u00cdFERAS DE CARO\u00c7O: P\u00caSSEGO, AMEIXA E NECTARINA<br \/>\n<\/span><\/td>\n<td style=\"height: 56px\"><span style=\"font-family: trebuchet ms,geneva,sans-serif\">FRUT<br \/>\n<\/span><\/td>\n<\/tr>\n<tr style=\"height: 24px\">\n<td style=\"height: 24px\" width=\"62\"><span style=\"font-family: trebuchet ms,geneva,sans-serif\">200034<\/span><\/td>\n<td style=\"height: 24px\" width=\"472\"><span style=\"font-family: trebuchet ms,geneva,sans-serif\">FRUTICULTURA ORNAMENTAL<\/span><\/td>\n<td style=\"height: 24px\"><span style=\"font-family: trebuchet ms,geneva,sans-serif\">FRUT<\/span><\/td>\n<\/tr>\n<tr>\n<td><span style=\"font-family: trebuchet ms,geneva,sans-serif\">218170<\/span><\/td>\n<td><span style=\"font-family: trebuchet ms,geneva,sans-serif\">FRUT\u00cdFERAS TROPICAIS E SUBTROPICAIS<\/span><\/td>\n<td><span style=\"font-family: trebuchet ms,geneva,sans-serif\">FRUT<\/span><\/td>\n<\/tr>\n<tr style=\"height: 24px\">\n<td style=\"height: 24px\" width=\"62\"><span style=\"font-family: trebuchet ms,geneva,sans-serif\">218168<\/span><\/td>\n<td style=\"height: 24px\" width=\"472\"><span style=\"font-family: trebuchet ms,geneva,sans-serif\">MARCADORES MOLECULARES EM FRUTICULTURA<\/span><\/td>\n<td style=\"height: 24px\"><span style=\"font-family: trebuchet ms,geneva,sans-serif\">FRUT<\/span><\/td>\n<\/tr>\n<tr style=\"height: 24px\">\n<td style=\"height: 24px\" width=\"62\"><span style=\"font-family: trebuchet ms,geneva,sans-serif\">218109<\/span><\/td>\n<td style=\"height: 24px\" width=\"472\"><span style=\"font-family: trebuchet ms,geneva,sans-serif\">MELHORAMENTO GEN\u00c9TICO DE PLANTAS FRUT\u00cdFERAS<\/span><\/td>\n<td style=\"height: 24px\"><span style=\"font-family: trebuchet ms,geneva,sans-serif\">FRUT<\/span><\/td>\n<\/tr>\n<tr style=\"height: 24px\">\n<td style=\"height: 24px\" width=\"62\"><span style=\"font-family: trebuchet ms,geneva,sans-serif\">218108<\/span><\/td>\n<td style=\"height: 24px\" width=\"472\"><span style=\"font-family: trebuchet ms,geneva,sans-serif\">MICROPROPAGA\u00c7\u00c3O DE PLANTAS FRUT\u00cdFERAS<\/span><\/td>\n<td style=\"height: 24px\"><span style=\"font-family: trebuchet ms,geneva,sans-serif\">FRUT<\/span><\/td>\n<\/tr>\n<tr style=\"height: 24px\">\n<td style=\"height: 24px\"><span style=\"font-family: trebuchet ms,geneva,sans-serif\">210092<\/span><\/td>\n<td style=\"height: 24px\"><span style=\"font-family: trebuchet ms,geneva,sans-serif\">OLIVICULTURA<\/span><\/td>\n<td style=\"height: 24px\"><span style=\"font-family: trebuchet ms,geneva,sans-serif\">FRUT<\/span><\/td>\n<\/tr>\n<tr style=\"height: 24px\">\n<td style=\"height: 24px\"><span style=\"font-family: trebuchet ms,geneva,sans-serif\">210051<\/span><\/td>\n<td style=\"height: 24px\"><span style=\"font-family: trebuchet ms,geneva,sans-serif\">PECANICULTURA<\/span><\/td>\n<td style=\"height: 24px\"><span style=\"font-family: trebuchet ms,geneva,sans-serif\">FRUT<\/span><\/td>\n<\/tr>\n<tr style=\"height: 24px\">\n<td style=\"height: 24px\" width=\"62\"><span style=\"font-family: trebuchet ms,geneva,sans-serif\">218125<\/span><\/td>\n<td style=\"height: 24px\" width=\"472\"><span style=\"font-family: trebuchet ms,geneva,sans-serif\">PESQUISA ORIENTADA EM FRUTICULTURA<\/span><\/td>\n<td style=\"height: 24px\"><span style=\"font-family: trebuchet ms,geneva,sans-serif\">FRUT<\/span><\/td>\n<\/tr>\n<tr style=\"height: 24px\">\n<td style=\"height: 24px\" width=\"62\"><span style=\"font-family: trebuchet ms,geneva,sans-serif\">218067<\/span><\/td>\n<td style=\"height: 24px\" width=\"472\"><span style=\"font-family: trebuchet ms,geneva,sans-serif\">PRODU\u00c7\u00c3O DE MUDAS FRUT\u00cdFERAS<\/span><\/td>\n<td style=\"height: 24px\"><span style=\"font-family: trebuchet ms,geneva,sans-serif\">FRUT<\/span><\/td>\n<\/tr>\n<tr style=\"height: 24px\">\n<td style=\"height: 24px\" width=\"62\"><span style=\"font-family: trebuchet ms,geneva,sans-serif\">218000<\/span><\/td>\n<td style=\"height: 24px\" width=\"472\"><span style=\"font-family: trebuchet ms,geneva,sans-serif\">PRODU\u00c7\u00c3O DE PEQUENAS FRUTAS<\/span><\/td>\n<td style=\"height: 24px\"><span style=\"font-family: trebuchet ms,geneva,sans-serif\">FRUT<\/span><\/td>\n<\/tr>\n<tr style=\"height: 24px\">\n<td style=\"height: 24px\" width=\"62\"><span style=\"font-family: trebuchet ms,geneva,sans-serif\">218062<\/span><\/td>\n<td style=\"height: 24px\" width=\"472\"><span style=\"font-family: trebuchet ms,geneva,sans-serif\">PRODU\u00c7\u00c3O FRUT\u00cdCOLA I<\/span><\/td>\n<td style=\"height: 24px\"><span style=\"font-family: trebuchet ms,geneva,sans-serif\">FRUT<\/span><\/td>\n<\/tr>\n<tr style=\"height: 24px\">\n<td style=\"height: 24px\" width=\"62\"><span style=\"font-family: trebuchet ms,geneva,sans-serif\">218063<\/span><\/td>\n<td style=\"height: 24px\" width=\"472\"><span style=\"font-family: trebuchet ms,geneva,sans-serif\">PRODU\u00c7\u00c3O FRUT\u00cdCOLA II<\/span><\/td>\n<td style=\"height: 24px\"><span style=\"font-family: trebuchet ms,geneva,sans-serif\">FRUT<\/span><\/td>\n<\/tr>\n<tr style=\"height: 24px\">\n<td style=\"height: 24px\" width=\"62\"><span style=\"font-family: trebuchet ms,geneva,sans-serif\">218064<\/span><\/td>\n<td style=\"height: 24px\" width=\"472\"><span style=\"font-family: trebuchet ms,geneva,sans-serif\">SEMIN\u00c1RIOS<\/span><\/td>\n<td style=\"height: 24px\">DC<\/td>\n<\/tr>\n<tr style=\"height: 24px\">\n<td style=\"height: 24px\" width=\"62\"><span style=\"font-family: trebuchet ms,geneva,sans-serif\">108011<\/span><\/td>\n<td style=\"height: 24px\" width=\"472\"><span style=\"font-family: trebuchet ms,geneva,sans-serif\">ESTAT\u00cdSTICA EXPERIMENTAL II<\/span><\/td>\n<td style=\"height: 24px\"><span style=\"font-family: trebuchet ms,geneva,sans-serif\">DC<\/span><\/td>\n<\/tr>\n<tr style=\"height: 24px\">\n<td style=\"height: 24px\" width=\"62\"><span style=\"font-family: trebuchet ms,geneva,sans-serif\">218135<\/span><\/td>\n<td style=\"height: 24px\" width=\"472\"><span style=\"font-family: trebuchet ms,geneva,sans-serif\">PROJETO DE PESQUISA PARA DISSERTA\u00c7\u00c3O E\/OU TESE EM AGRONOMIA<\/span><\/td>\n<td style=\"height: 24px\">DC<\/td>\n<\/tr>\n<\/tbody>\n<\/table>\n<p>&nbsp;<\/p>\n","protected":false},"excerpt":{"rendered":"<p>Disciplinas ofertadas pelo programa: &nbsp; C\u00f3digo Nome \u00c1rea 218146 ATUALIDADES EM GEN\u00c9TICA FITO 218105 BIOTECNOLOGIA APLICADA AO MELHORAMENTO FITO 218137 EST\u00c1GIO DE DOC\u00caNCIA ORIENTADA EM FITOMELHORAMENTO FITO 218164 ESTAT\u00cdSTICA APLICADA AO MELHORAMENTO FITO 218106 EVOLU\u00c7\u00c3O DE PLANTAS CULTIVADAS FITO 210048 INTRODU\u00c7\u00c3O \u00c0 BIOINFORM\u00c1TICA FITO 218050 MELHORAMENTO GEN\u00c9TICO DE PLANTAS FITO 218158 PESQUISA ORIENTADA EM FITOMELHORAMENTO [&hellip;]<\/p>\n","protected":false},"author":255,"featured_media":0,"parent":0,"menu_order":4,"comment_status":"closed","ping_status":"closed","template":"","meta":{"jetpack_post_was_ever_published":false,"footnotes":""},"class_list":["post-24","page","type-page","status-publish","hentry"],"jetpack_sharing_enabled":true,"jetpack_shortlink":"https:\/\/wp.me\/P6SliF-o","_links":{"self":[{"href":"https:\/\/wp.ufpel.edu.br\/ppga\/index.php?rest_route=\/wp\/v2\/pages\/24","targetHints":{"allow":["GET"]}}],"collection":[{"href":"https:\/\/wp.ufpel.edu.br\/ppga\/index.php?rest_route=\/wp\/v2\/pages"}],"about":[{"href":"https:\/\/wp.ufpel.edu.br\/ppga\/index.php?rest_route=\/wp\/v2\/types\/page"}],"author":[{"embeddable":true,"href":"https:\/\/wp.ufpel.edu.br\/ppga\/index.php?rest_route=\/wp\/v2\/users\/255"}],"replies":[{"embeddable":true,"href":"https:\/\/wp.ufpel.edu.br\/ppga\/index.php?rest_route=%2Fwp%2Fv2%2Fcomments&post=24"}],"version-history":[{"count":15,"href":"https:\/\/wp.ufpel.edu.br\/ppga\/index.php?rest_route=\/wp\/v2\/pages\/24\/revisions"}],"predecessor-version":[{"id":1813,"href":"https:\/\/wp.ufpel.edu.br\/ppga\/index.php?rest_route=\/wp\/v2\/pages\/24\/revisions\/1813"}],"wp:attachment":[{"href":"https:\/\/wp.ufpel.edu.br\/ppga\/index.php?rest_route=%2Fwp%2Fv2%2Fmedia&parent=24"}],"curies":[{"name":"wp","href":"https:\/\/api.w.org\/{rel}","templated":true}]}}