{"id":19,"date":"2013-07-04T05:58:21","date_gmt":"2013-07-04T08:58:21","guid":{"rendered":"https:\/\/wp.ufpel.edu.br\/ppga\/?page_id=19"},"modified":"2017-08-16T09:27:03","modified_gmt":"2017-08-16T12:27:03","slug":"linha-de-pesquisa","status":"publish","type":"page","link":"https:\/\/wp.ufpel.edu.br\/ppga\/?page_id=19","title":{"rendered":"Linha de Pesquisa"},"content":{"rendered":"<p><span style=\"font-size: 12pt;color: #0000ff\"><strong>FRUTICULTURA DE CLIMA TEMPERADO<\/strong><\/span><\/p>\n<p><span style=\"font-size: 12pt\">Ecofisiologia e Manejo da Produ\u00e7\u00e3o Frut\u00edcola<br \/>\n<\/span><span style=\"font-size: 12pt\">Melhoramento e Biotecnologia Aplicada a Plantas Frut\u00edferas<\/span><\/p>\n<p>&nbsp;<\/p>\n<p><span style=\"font-size: 12pt;color: #0000ff\"><strong>FITOMELHORAMENTO<\/strong><\/span><\/p>\n<p><span style=\"font-size: 12pt\">Melhoramento Gen\u00e9tico de Plantas<br \/>\n<\/span><span style=\"font-size: 12pt\">Recursos Gen\u00e9ticos, Genoma e Biotecnologia Vegetal<\/span><\/p>\n<p>&nbsp;<\/p>\n","protected":false},"excerpt":{"rendered":"<p>FRUTICULTURA DE CLIMA TEMPERADO Ecofisiologia e Manejo da Produ\u00e7\u00e3o Frut\u00edcola Melhoramento e Biotecnologia Aplicada a Plantas Frut\u00edferas &nbsp; FITOMELHORAMENTO Melhoramento Gen\u00e9tico de Plantas Recursos Gen\u00e9ticos, Genoma e Biotecnologia Vegetal &nbsp;<\/p>\n","protected":false},"author":255,"featured_media":0,"parent":0,"menu_order":2,"comment_status":"closed","ping_status":"closed","template":"","meta":{"jetpack_post_was_ever_published":false,"footnotes":""},"class_list":["post-19","page","type-page","status-publish","hentry"],"jetpack_sharing_enabled":true,"jetpack_shortlink":"https:\/\/wp.me\/P6SliF-j","_links":{"self":[{"href":"https:\/\/wp.ufpel.edu.br\/ppga\/index.php?rest_route=\/wp\/v2\/pages\/19","targetHints":{"allow":["GET"]}}],"collection":[{"href":"https:\/\/wp.ufpel.edu.br\/ppga\/index.php?rest_route=\/wp\/v2\/pages"}],"about":[{"href":"https:\/\/wp.ufpel.edu.br\/ppga\/index.php?rest_route=\/wp\/v2\/types\/page"}],"author":[{"embeddable":true,"href":"https:\/\/wp.ufpel.edu.br\/ppga\/index.php?rest_route=\/wp\/v2\/users\/255"}],"replies":[{"embeddable":true,"href":"https:\/\/wp.ufpel.edu.br\/ppga\/index.php?rest_route=%2Fwp%2Fv2%2Fcomments&post=19"}],"version-history":[{"count":5,"href":"https:\/\/wp.ufpel.edu.br\/ppga\/index.php?rest_route=\/wp\/v2\/pages\/19\/revisions"}],"predecessor-version":[{"id":788,"href":"https:\/\/wp.ufpel.edu.br\/ppga\/index.php?rest_route=\/wp\/v2\/pages\/19\/revisions\/788"}],"wp:attachment":[{"href":"https:\/\/wp.ufpel.edu.br\/ppga\/index.php?rest_route=%2Fwp%2Fv2%2Fmedia&parent=19"}],"curies":[{"name":"wp","href":"https:\/\/api.w.org\/{rel}","templated":true}]}}