{"id":72,"date":"2011-03-22T15:02:36","date_gmt":"2011-03-22T18:02:36","guid":{"rendered":"https:\/\/wp.ufpel.edu.br\/ppeintre\/"},"modified":"2011-03-22T15:14:29","modified_gmt":"2011-03-22T18:14:29","slug":"estrutura-curricular","status":"publish","type":"page","link":"https:\/\/wp.ufpel.edu.br\/ppeintre\/cursos\/estrutura-curricular\/","title":{"rendered":"Estrutura Curricular"},"content":{"rendered":"<p style=\"text-align: justify\">A estrutura curricular b\u00e1sicas do Curso de\u00a0 Mestrado em Engenharia e Inova\u00e7\u00e3o Tecnol\u00f3gica Regional \u00e9 composta por duas disciplinas obrigat\u00f3rias, tr\u00eas disciplinas regulares, um t\u00f3pico avan\u00e7ado e atividades extras (Semin\u00e1rios, Pesquisa Orientada e est\u00e1gio de doc\u00eancia) e completa os 30 cr\u00e9ditos do exigidos com a defesa da disserta\u00e7\u00e3o.<\/p>\n<p style=\"text-align: justify\">Clique para abrir a <a title=\"Grade da Estrutura Curricular\" href=\"https:\/\/wp.ufpel.edu.br\/ppeintre\/files\/2011\/03\/Proposta-de-grade-de-cr\u00e9ditos-do-Mestrado.pdf\" target=\"_blank\">Grade da estrutura curricular<\/a>.<\/p>\n<p style=\"text-align: justify\"><img decoding=\"async\" src=\"\/Users\/Vaio\/AppData\/Local\/Temp\/moz-screenshot-2.png\" alt=\"\" \/><\/p>\n","protected":false},"excerpt":{"rendered":"<p>A estrutura curricular b\u00e1sicas do Curso de\u00a0 Mestrado em Engenharia e Inova\u00e7\u00e3o Tecnol\u00f3gica Regional \u00e9 composta por duas disciplinas obrigat\u00f3rias, tr\u00eas disciplinas regulares, um t\u00f3pico avan\u00e7ado e atividades extras (Semin\u00e1rios, Pesquisa Orientada e est\u00e1gio de doc\u00eancia) e completa os 30 &hellip; <a href=\"https:\/\/wp.ufpel.edu.br\/ppeintre\/cursos\/estrutura-curricular\/\">Continue lendo <span class=\"meta-nav\">&rarr;<\/span><\/a><\/p>\n","protected":false},"author":100,"featured_media":0,"parent":14,"menu_order":2,"comment_status":"closed","ping_status":"open","template":"","meta":{"footnotes":""},"class_list":["post-72","page","type-page","status-publish","hentry"],"_links":{"self":[{"href":"https:\/\/wp.ufpel.edu.br\/ppeintre\/wp-json\/wp\/v2\/pages\/72","targetHints":{"allow":["GET"]}}],"collection":[{"href":"https:\/\/wp.ufpel.edu.br\/ppeintre\/wp-json\/wp\/v2\/pages"}],"about":[{"href":"https:\/\/wp.ufpel.edu.br\/ppeintre\/wp-json\/wp\/v2\/types\/page"}],"author":[{"embeddable":true,"href":"https:\/\/wp.ufpel.edu.br\/ppeintre\/wp-json\/wp\/v2\/users\/100"}],"replies":[{"embeddable":true,"href":"https:\/\/wp.ufpel.edu.br\/ppeintre\/wp-json\/wp\/v2\/comments?post=72"}],"version-history":[{"count":5,"href":"https:\/\/wp.ufpel.edu.br\/ppeintre\/wp-json\/wp\/v2\/pages\/72\/revisions"}],"predecessor-version":[{"id":80,"href":"https:\/\/wp.ufpel.edu.br\/ppeintre\/wp-json\/wp\/v2\/pages\/72\/revisions\/80"}],"up":[{"embeddable":true,"href":"https:\/\/wp.ufpel.edu.br\/ppeintre\/wp-json\/wp\/v2\/pages\/14"}],"wp:attachment":[{"href":"https:\/\/wp.ufpel.edu.br\/ppeintre\/wp-json\/wp\/v2\/media?parent=72"}],"curies":[{"name":"wp","href":"https:\/\/api.w.org\/{rel}","templated":true}]}}