{"id":59,"date":"2011-03-21T17:45:54","date_gmt":"2011-03-21T20:45:54","guid":{"rendered":"https:\/\/wp.ufpel.edu.br\/ppeintre\/"},"modified":"2011-03-21T17:45:54","modified_gmt":"2011-03-21T20:45:54","slug":"laboratorio-de-automacao-industrial","status":"publish","type":"page","link":"https:\/\/wp.ufpel.edu.br\/ppeintre\/laboratorios\/laboratorio-de-automacao-industrial\/","title":{"rendered":"Laborat\u00f3rio de Automa\u00e7\u00e3o Industrial"},"content":{"rendered":"<p>O LAI &#8211; Laborat\u00f3rio De Automa\u00e7\u00e3o Industrial atende o Centro de Engenharia nas disciplinas dos cursos de Gradua\u00e7\u00e3o e de P\u00f3s Gradua\u00e7\u00e3o. Permite tamb\u00e9m o desenvolvimento de pesquisas na \u00e1rea de Sistemas  Hidr\u00e1ulicos e Pnem\u00e1ticos, Hidr\u00e1ulica Prporcional, assim como, em  sistemas Eltro Hidr\u00e1ulicos e Eletro-Pneum\u00e1ticos.<\/p>\n<p>O LAI conta com duas Bancadas Did\u00e1ticas de Sistemas Hidr\u00e1ulicos e duas Bancada Did\u00e1ticas de Sistemas Pneum\u00e1ticos. Faz parte do Laborat\u00f3rio tamb\u00e9m um Kit de Hidr\u00e1ulica Prporcional e componentes de eletro-eletr\u00f4nicos, CLP e sistemas de Medi\u00e7\u00e3o de Temperatura, Vaz\u00e3o e Press\u00e3o.<\/p>\n<p><a href=\"https:\/\/wp.ufpel.edu.br\/ppeintre\/files\/2011\/03\/IMG020.jpg\"><img loading=\"lazy\" decoding=\"async\" class=\"alignnone size-medium wp-image-53\" src=\"https:\/\/wp.ufpel.edu.br\/ppeintre\/files\/2011\/03\/IMG020-300x225.jpg\" alt=\"\" width=\"300\" height=\"225\" srcset=\"https:\/\/wp.ufpel.edu.br\/ppeintre\/files\/2011\/03\/IMG020-300x225.jpg 300w, https:\/\/wp.ufpel.edu.br\/ppeintre\/files\/2011\/03\/IMG020-1024x768.jpg 1024w\" sizes=\"auto, (max-width: 300px) 100vw, 300px\" \/><\/a> <a href=\"https:\/\/wp.ufpel.edu.br\/ppeintre\/files\/2011\/03\/DSC06119.jpg\"><img loading=\"lazy\" decoding=\"async\" class=\"alignnone size-medium wp-image-54\" src=\"https:\/\/wp.ufpel.edu.br\/ppeintre\/files\/2011\/03\/DSC06119-300x225.jpg\" alt=\"\" width=\"300\" height=\"225\" srcset=\"https:\/\/wp.ufpel.edu.br\/ppeintre\/files\/2011\/03\/DSC06119-300x225.jpg 300w, https:\/\/wp.ufpel.edu.br\/ppeintre\/files\/2011\/03\/DSC06119-1024x768.jpg 1024w, https:\/\/wp.ufpel.edu.br\/ppeintre\/files\/2011\/03\/DSC06119.jpg 2048w\" sizes=\"auto, (max-width: 300px) 100vw, 300px\" \/><\/a> <a href=\"https:\/\/wp.ufpel.edu.br\/ppeintre\/files\/2011\/03\/DSC06130.jpg\"><img loading=\"lazy\" decoding=\"async\" class=\"alignnone size-medium wp-image-55\" src=\"https:\/\/wp.ufpel.edu.br\/ppeintre\/files\/2011\/03\/DSC06130-300x225.jpg\" alt=\"\" width=\"300\" height=\"225\" srcset=\"https:\/\/wp.ufpel.edu.br\/ppeintre\/files\/2011\/03\/DSC06130-300x225.jpg 300w, https:\/\/wp.ufpel.edu.br\/ppeintre\/files\/2011\/03\/DSC06130-1024x768.jpg 1024w, https:\/\/wp.ufpel.edu.br\/ppeintre\/files\/2011\/03\/DSC06130.jpg 2048w\" sizes=\"auto, (max-width: 300px) 100vw, 300px\" \/><\/a><\/p>\n","protected":false},"excerpt":{"rendered":"<p>O LAI &#8211; Laborat\u00f3rio De Automa\u00e7\u00e3o Industrial atende o Centro de Engenharia nas disciplinas dos cursos de Gradua\u00e7\u00e3o e de P\u00f3s Gradua\u00e7\u00e3o. Permite tamb\u00e9m o desenvolvimento de pesquisas na \u00e1rea de Sistemas Hidr\u00e1ulicos e Pnem\u00e1ticos, Hidr\u00e1ulica Prporcional, assim como, em &hellip; <a href=\"https:\/\/wp.ufpel.edu.br\/ppeintre\/laboratorios\/laboratorio-de-automacao-industrial\/\">Continue lendo <span class=\"meta-nav\">&rarr;<\/span><\/a><\/p>\n","protected":false},"author":100,"featured_media":0,"parent":28,"menu_order":0,"comment_status":"closed","ping_status":"open","template":"","meta":{"footnotes":""},"class_list":["post-59","page","type-page","status-publish","hentry"],"_links":{"self":[{"href":"https:\/\/wp.ufpel.edu.br\/ppeintre\/wp-json\/wp\/v2\/pages\/59","targetHints":{"allow":["GET"]}}],"collection":[{"href":"https:\/\/wp.ufpel.edu.br\/ppeintre\/wp-json\/wp\/v2\/pages"}],"about":[{"href":"https:\/\/wp.ufpel.edu.br\/ppeintre\/wp-json\/wp\/v2\/types\/page"}],"author":[{"embeddable":true,"href":"https:\/\/wp.ufpel.edu.br\/ppeintre\/wp-json\/wp\/v2\/users\/100"}],"replies":[{"embeddable":true,"href":"https:\/\/wp.ufpel.edu.br\/ppeintre\/wp-json\/wp\/v2\/comments?post=59"}],"version-history":[{"count":1,"href":"https:\/\/wp.ufpel.edu.br\/ppeintre\/wp-json\/wp\/v2\/pages\/59\/revisions"}],"predecessor-version":[{"id":60,"href":"https:\/\/wp.ufpel.edu.br\/ppeintre\/wp-json\/wp\/v2\/pages\/59\/revisions\/60"}],"up":[{"embeddable":true,"href":"https:\/\/wp.ufpel.edu.br\/ppeintre\/wp-json\/wp\/v2\/pages\/28"}],"wp:attachment":[{"href":"https:\/\/wp.ufpel.edu.br\/ppeintre\/wp-json\/wp\/v2\/media?parent=59"}],"curies":[{"name":"wp","href":"https:\/\/api.w.org\/{rel}","templated":true}]}}