{"id":39,"date":"2011-03-21T16:46:22","date_gmt":"2011-03-21T19:46:22","guid":{"rendered":"https:\/\/wp.ufpel.edu.br\/ppeintre\/"},"modified":"2011-03-21T17:03:30","modified_gmt":"2011-03-21T20:03:30","slug":"dados-do-curso-de-mestrado","status":"publish","type":"page","link":"https:\/\/wp.ufpel.edu.br\/ppeintre\/cursos\/dados-do-curso-de-mestrado\/","title":{"rendered":"Dados do Curso de Mestrado"},"content":{"rendered":"<table style=\"width: 674px;height: 453px\" border=\"2\" align=\"left\">\n<tbody>\n<tr>\n<td><!--[if gte mso 9]&gt;  Normal 0    21   false false false  PT-BR X-NONE X-NONE                           &lt;![endif]--><!--[if gte mso 9]&gt;                                                                                                                                            &lt;![endif]--><!--[if gte mso 10]&gt;--><span style=\"color: #3399ff\"><strong><span>Grande \u00e1rea<\/span><\/strong><\/span><\/td>\n<td><!--[if gte mso 9]&gt;  Normal 0    21   false false false  PT-BR X-NONE X-NONE                           &lt;![endif]--><!--[if gte mso 9]&gt;                                                                                                                                            &lt;![endif]--><!--[if gte mso 10]&gt;--><em><span>Multidisciplinar<\/span><\/em><\/td>\n<\/tr>\n<tr>\n<td><!--[if gte mso 9]&gt;  Normal 0    21   false false false  PT-BR X-NONE X-NONE                           &lt;![endif]--><!--[if gte mso 9]&gt;                                                                                                                                            &lt;![endif]--><!--[if gte mso 10]&gt;--> <span style=\"color: #3399ff\"><strong><span>\u00c1rea<\/span><\/strong><\/span><\/td>\n<td><!--[if gte mso 9]&gt;  Normal 0    21   false false false  PT-BR X-NONE X-NONE                           &lt;![endif]--><!--[if gte mso 9]&gt;                                                                                                                                            &lt;![endif]--><!--[if gte mso 10]&gt;--><em><span>Interdisciplinar<\/span><\/em><\/td>\n<\/tr>\n<tr>\n<td><!--[if gte mso 9]&gt;  Normal 0    21   false false false  PT-BR X-NONE X-NONE                           &lt;![endif]--><!--[if gte mso 9]&gt;                                                                                                                                            &lt;![endif]--><!--[if gte mso 10]&gt;--><span style=\"color: #3399ff\"><strong><span>Sub\u00e1rea<\/span><\/strong><\/span><\/td>\n<td><!--[if gte mso 9]&gt;  Normal 0    21   false false false  PT-BR X-NONE X-NONE                           &lt;![endif]--><!--[if gte mso 9]&gt;                                                                                                                                            &lt;![endif]--><!--[if gte mso 10]&gt;--><em><span>Engenharia \/Tecnologia e Gest\u00e3o<\/span><\/em><\/td>\n<\/tr>\n<tr>\n<td><!--[if gte mso 9]&gt;  Normal 0    21   false false false  PT-BR X-NONE X-NONE                           &lt;![endif]--><!--[if gte mso 9]&gt;                                                                                                                                            &lt;![endif]--><!--[if gte mso 10]&gt;--><span style=\"color: #3399ff\"><strong><span>Nome do Programa<\/span><\/strong><\/span><\/td>\n<td><!--[if gte mso 9]&gt;  Normal 0    21   false false false  PT-BR X-NONE X-NONE                           &lt;![endif]--><!--[if gte mso 9]&gt;                                                                                                                                            &lt;![endif]--><!--[if gte mso 10]&gt;--><em><span>Programa de P\u00f3s-gradua\u00e7\u00e3o em Engenharia e Inova\u00e7\u00e3o Tecnol\u00f3gica Regional<\/span><\/em><\/td>\n<\/tr>\n<tr>\n<td><!--[if gte mso 9]&gt;  Normal 0    21   false false false  PT-BR X-NONE X-NONE                           &lt;![endif]--><!--[if gte mso 9]&gt;                                                                                                                                            &lt;![endif]--><!--[if gte mso 10]&gt;--><span style=\"color: #3399ff\"><strong><span>Nome do Curso<\/span><\/strong><\/span><\/td>\n<td><!--[if gte mso 9]&gt;  Normal 0    21   false false false  PT-BR X-NONE X-NONE                           &lt;![endif]--><!--[if gte mso 9]&gt;                                                                                                                                            &lt;![endif]--><!--[if gte mso 10]&gt;--><em><span>Mestrado em Engenharia e Inova\u00e7\u00e3o Tecnol\u00f3gica Regional<\/span><\/em><\/td>\n<\/tr>\n<tr>\n<td><!--[if gte mso 9]&gt;  Normal 0    21   false false false  PT-BR X-NONE X-NONE                           &lt;![endif]--><!--[if gte mso 9]&gt;                                                                                                                                            &lt;![endif]--><!--[if gte mso 10]&gt;--><span style=\"color: #3399ff\"><strong><span>\u00c1rea de Concentra\u00e7\u00e3o<\/span><\/strong><\/span><\/td>\n<td><!--[if gte mso 9]&gt;  Normal 0    21   false false false  PT-BR X-NONE X-NONE                           &lt;![endif]--><!--[if gte mso 9]&gt;                                                                                                                                            &lt;![endif]--><!--[if gte mso 10]&gt;--><em><span>Engenharia e Inova\u00e7\u00e3o Tecnol\u00f3gica<\/span><\/em><\/td>\n<\/tr>\n<tr>\n<td><!--[if gte mso 9]&gt;  Normal 0    21   false false false  PT-BR X-NONE X-NONE                           &lt;![endif]--><!--[if gte mso 9]&gt;                                                                                                                                            &lt;![endif]--><!--[if gte mso 10]&gt;--><span style=\"color: #3399ff\"><strong><span>Linhas de Pesquisas<\/span><\/strong><\/span><\/td>\n<td><!--[if gte mso 9]&gt;  Normal 0    21   false false false  PT-BR X-NONE X-NONE                           &lt;![endif]--><!--[if gte mso 9]&gt;                                                                                                                                            &lt;![endif]--><!--[if gte mso 10]&gt;--><\/p>\n<h4 style=\"line-height: normal\"><em><span style=\"font-size: 14pt;color: black\">Produ\u00e7\u00e3o Industrial<\/span><\/em><\/h4>\n<h4 style=\"line-height: normal\"><em><span style=\"font-size: 14pt;color: black\">Inova\u00e7\u00e3o tecnol\u00f3gica<\/span><\/em><\/h4>\n<h4><em><span>Engenharia de Recursos Naturais<\/span><\/em><\/h4>\n<\/td>\n<\/tr>\n<\/tbody>\n<\/table>\n","protected":false},"excerpt":{"rendered":"<p>Grande \u00e1rea Multidisciplinar \u00c1rea Interdisciplinar Sub\u00e1rea Engenharia \/Tecnologia e Gest\u00e3o Nome do Programa Programa de P\u00f3s-gradua\u00e7\u00e3o em Engenharia e Inova\u00e7\u00e3o Tecnol\u00f3gica Regional Nome do Curso Mestrado em Engenharia e Inova\u00e7\u00e3o Tecnol\u00f3gica Regional \u00c1rea de Concentra\u00e7\u00e3o Engenharia e Inova\u00e7\u00e3o Tecnol\u00f3gica Linhas &hellip; <a href=\"https:\/\/wp.ufpel.edu.br\/ppeintre\/cursos\/dados-do-curso-de-mestrado\/\">Continue lendo <span class=\"meta-nav\">&rarr;<\/span><\/a><\/p>\n","protected":false},"author":100,"featured_media":0,"parent":14,"menu_order":1,"comment_status":"closed","ping_status":"open","template":"","meta":{"footnotes":""},"class_list":["post-39","page","type-page","status-publish","hentry"],"_links":{"self":[{"href":"https:\/\/wp.ufpel.edu.br\/ppeintre\/wp-json\/wp\/v2\/pages\/39","targetHints":{"allow":["GET"]}}],"collection":[{"href":"https:\/\/wp.ufpel.edu.br\/ppeintre\/wp-json\/wp\/v2\/pages"}],"about":[{"href":"https:\/\/wp.ufpel.edu.br\/ppeintre\/wp-json\/wp\/v2\/types\/page"}],"author":[{"embeddable":true,"href":"https:\/\/wp.ufpel.edu.br\/ppeintre\/wp-json\/wp\/v2\/users\/100"}],"replies":[{"embeddable":true,"href":"https:\/\/wp.ufpel.edu.br\/ppeintre\/wp-json\/wp\/v2\/comments?post=39"}],"version-history":[{"count":7,"href":"https:\/\/wp.ufpel.edu.br\/ppeintre\/wp-json\/wp\/v2\/pages\/39\/revisions"}],"predecessor-version":[{"id":41,"href":"https:\/\/wp.ufpel.edu.br\/ppeintre\/wp-json\/wp\/v2\/pages\/39\/revisions\/41"}],"up":[{"embeddable":true,"href":"https:\/\/wp.ufpel.edu.br\/ppeintre\/wp-json\/wp\/v2\/pages\/14"}],"wp:attachment":[{"href":"https:\/\/wp.ufpel.edu.br\/ppeintre\/wp-json\/wp\/v2\/media?parent=39"}],"curies":[{"name":"wp","href":"https:\/\/api.w.org\/{rel}","templated":true}]}}