{"id":28,"date":"2011-03-21T12:53:53","date_gmt":"2011-03-21T15:53:53","guid":{"rendered":"https:\/\/wp.ufpel.edu.br\/ppeintre\/"},"modified":"2011-03-22T14:58:39","modified_gmt":"2011-03-22T17:58:39","slug":"laboratorios","status":"publish","type":"page","link":"https:\/\/wp.ufpel.edu.br\/ppeintre\/laboratorios\/","title":{"rendered":"Laborat\u00f3rios"},"content":{"rendered":"<p>Programa de P\u00f3s-Gradua\u00e7\u00e3o em Engenharia e Inova\u00e7\u00e3o Tecnol\u00f3gica Regional conta com a\u00a0 Infraestrutura do CENG Centro de Engenharias da UFPEL que atualmente apresenta os seguintes seguintes Laborat\u00f3rio:<\/p>\n<p style=\"padding-left: 30px\">Laborat\u00f3rio de Geoprocessamento<\/p>\n<p style=\"padding-left: 30px\">Laborat\u00f3rio de Mec\u00e2nica dos Solos<\/p>\n<p style=\"padding-left: 30px\">Laborat\u00f3rio de\u00a0Biotecnologia Ambiental<\/p>\n<p style=\"padding-left: 30px\">Laborat\u00f3rio de\u00a0Saneamento Rural<\/p>\n<p style=\"padding-left: 30px\">Laborat\u00f3rio Ambiental de An\u00e1lises F\u00edsico-qu\u00edmico e Microbiol\u00f3gicas<\/p>\n<p style=\"padding-left: 30px\">Laborat\u00f3rio de\u00a0Anatomia e Macroscopia da Madeira<\/p>\n<p style=\"padding-left: 30px\">Laborat\u00f3rio de Secagem da madeira<\/p>\n<p style=\"padding-left: 30px\">Laborat\u00f3rio de Pain\u00e9is Adesivos de Madeira<\/p>\n<p style=\"padding-left: 30px\">Laborat\u00f3rio de Celulose e Papel<\/p>\n<p style=\"padding-left: 30px\">Laborat\u00f3rio de Engenharia de P\u00f3s-Colheita<\/p>\n<p style=\"padding-left: 30px\">Laborat\u00f3rio de\u00a0Materiais e T\u00e9cnicas das Constru\u00e7\u00f5es<\/p>\n<p style=\"padding-left: 30px\"><a href=\"https:\/\/wp.ufpel.edu.br\/ppeintre\/laboratorios\/laboratorio-de-automacao-industrial\" target=\"_self\">Laborat\u00f3rio de Automa\u00e7\u00e3o Industrial<\/a><\/p>\n<p style=\"padding-left: 30px\">Laborat\u00f3rio de Sistemas<\/p>\n<p style=\"padding-left: 30px\"><a title=\"LAPRAMEC\" href=\"https:\/\/wp.ufpel.edu.br\/lapramec\" target=\"_blank\">Laborat\u00f3rio de Pr\u00e1ticas Mec\u00e2nicas<\/a><\/p>\n<p style=\"padding-left: 30px\"><a href=\"https:\/\/wp.ufpel.edu.br\/ppeintre\/laboratorio-de-cadcae\/\">Laborat\u00f3rio de CAD\/CAE<\/a><\/p>\n<p style=\"padding-left: 30px\">Laborat\u00f3rio de Inform\u00e1tica<\/p>\n<p style=\"padding-left: 30px\">\n<p style=\"padding-left: 30px\">\n<p style=\"padding-left: 30px\">\n<p style=\"padding-left: 30px\">\n","protected":false},"excerpt":{"rendered":"<p>Programa de P\u00f3s-Gradua\u00e7\u00e3o em Engenharia e Inova\u00e7\u00e3o Tecnol\u00f3gica Regional conta com a\u00a0 Infraestrutura do CENG Centro de Engenharias da UFPEL que atualmente apresenta os seguintes seguintes Laborat\u00f3rio: Laborat\u00f3rio de Geoprocessamento Laborat\u00f3rio de Mec\u00e2nica dos Solos Laborat\u00f3rio de\u00a0Biotecnologia Ambiental Laborat\u00f3rio de\u00a0Saneamento &hellip; <a href=\"https:\/\/wp.ufpel.edu.br\/ppeintre\/laboratorios\/\">Continue lendo <span class=\"meta-nav\">&rarr;<\/span><\/a><\/p>\n","protected":false},"author":100,"featured_media":0,"parent":0,"menu_order":0,"comment_status":"closed","ping_status":"open","template":"","meta":{"footnotes":""},"class_list":["post-28","page","type-page","status-publish","hentry"],"_links":{"self":[{"href":"https:\/\/wp.ufpel.edu.br\/ppeintre\/wp-json\/wp\/v2\/pages\/28","targetHints":{"allow":["GET"]}}],"collection":[{"href":"https:\/\/wp.ufpel.edu.br\/ppeintre\/wp-json\/wp\/v2\/pages"}],"about":[{"href":"https:\/\/wp.ufpel.edu.br\/ppeintre\/wp-json\/wp\/v2\/types\/page"}],"author":[{"embeddable":true,"href":"https:\/\/wp.ufpel.edu.br\/ppeintre\/wp-json\/wp\/v2\/users\/100"}],"replies":[{"embeddable":true,"href":"https:\/\/wp.ufpel.edu.br\/ppeintre\/wp-json\/wp\/v2\/comments?post=28"}],"version-history":[{"count":8,"href":"https:\/\/wp.ufpel.edu.br\/ppeintre\/wp-json\/wp\/v2\/pages\/28\/revisions"}],"predecessor-version":[{"id":69,"href":"https:\/\/wp.ufpel.edu.br\/ppeintre\/wp-json\/wp\/v2\/pages\/28\/revisions\/69"}],"wp:attachment":[{"href":"https:\/\/wp.ufpel.edu.br\/ppeintre\/wp-json\/wp\/v2\/media?parent=28"}],"curies":[{"name":"wp","href":"https:\/\/api.w.org\/{rel}","templated":true}]}}