{"id":92,"date":"2014-08-21T10:28:30","date_gmt":"2014-08-21T13:28:30","guid":{"rendered":"https:\/\/wp.ufpel.edu.br\/posgd\/?page_id=92"},"modified":"2014-08-21T10:30:10","modified_gmt":"2014-08-21T13:30:10","slug":"corpo-discente-1999","status":"publish","type":"page","link":"https:\/\/wp.ufpel.edu.br\/posgd\/corpo-discente-1999\/","title":{"rendered":"Corpo Discente 1999"},"content":{"rendered":"<p style=\"padding-left: 60px\">Ana Cl\u00e1udia Lacau de Macedo (DSM)<\/p>\n<p style=\"padding-left: 60px\">Ana L\u00facia Pinho Lucas (C)<\/p>\n<p style=\"padding-left: 60px\">Ant\u00f4nio Martins Maia (C)<\/p>\n<p style=\"padding-left: 60px\">Ant\u00f4nio Pedro da Silva J\u00fanior (C)<\/p>\n<p style=\"padding-left: 60px\">Estela Maris Reinhardt Piedras (C)<\/p>\n<p style=\"padding-left: 60px\">Eva Mara Rodrigues de Moraes (D)<\/p>\n<p style=\"padding-left: 60px\">Jos\u00e9 Sope\u00f1a Diaz Neto (DSM)<\/p>\n<p style=\"padding-left: 60px\">Liliane von Laer Otto (DSM)<\/p>\n<p style=\"padding-left: 60px\">Rejane Beatriz Fernandes da Silva (DSM)<\/p>\n<p style=\"padding-left: 60px\">Sinval Cantarelli Xavier (C)<\/p>\n<p style=\"padding-left: 60px\">____________________________________________________________________<\/p>\n<p style=\"padding-left: 60px\">Situa\u00e7\u00e3o:<\/p>\n<p style=\"padding-left: 60px\">(A) Atual, (D) Desligado, (DSM) Desligado sem Monografia, (T)Trancado, (C)Conclu\u00eddo<\/p>\n","protected":false},"excerpt":{"rendered":"<p>Ana Cl\u00e1udia Lacau de Macedo (DSM) Ana L\u00facia Pinho Lucas (C) Ant\u00f4nio Martins Maia (C) Ant\u00f4nio Pedro da Silva J\u00fanior (C) Estela Maris Reinhardt Piedras (C) Eva Mara Rodrigues de Moraes (D) Jos\u00e9 Sope\u00f1a Diaz Neto (DSM) Liliane von Laer Otto (DSM) Rejane Beatriz Fernandes da Silva (DSM) Sinval Cantarelli Xavier (C) ____________________________________________________________________ Situa\u00e7\u00e3o: (A) [&hellip;]<\/p>\n","protected":false},"author":390,"featured_media":0,"parent":0,"menu_order":0,"comment_status":"closed","ping_status":"closed","template":"","meta":{"footnotes":""},"class_list":["post-92","page","type-page","status-publish","hentry"],"_links":{"self":[{"href":"https:\/\/wp.ufpel.edu.br\/posgd\/wp-json\/wp\/v2\/pages\/92","targetHints":{"allow":["GET"]}}],"collection":[{"href":"https:\/\/wp.ufpel.edu.br\/posgd\/wp-json\/wp\/v2\/pages"}],"about":[{"href":"https:\/\/wp.ufpel.edu.br\/posgd\/wp-json\/wp\/v2\/types\/page"}],"author":[{"embeddable":true,"href":"https:\/\/wp.ufpel.edu.br\/posgd\/wp-json\/wp\/v2\/users\/390"}],"replies":[{"embeddable":true,"href":"https:\/\/wp.ufpel.edu.br\/posgd\/wp-json\/wp\/v2\/comments?post=92"}],"version-history":[{"count":6,"href":"https:\/\/wp.ufpel.edu.br\/posgd\/wp-json\/wp\/v2\/pages\/92\/revisions"}],"predecessor-version":[{"id":99,"href":"https:\/\/wp.ufpel.edu.br\/posgd\/wp-json\/wp\/v2\/pages\/92\/revisions\/99"}],"wp:attachment":[{"href":"https:\/\/wp.ufpel.edu.br\/posgd\/wp-json\/wp\/v2\/media?parent=92"}],"curies":[{"name":"wp","href":"https:\/\/api.w.org\/{rel}","templated":true}]}}