{"id":67,"date":"2014-08-18T13:38:56","date_gmt":"2014-08-18T16:38:56","guid":{"rendered":"https:\/\/wp.ufpel.edu.br\/posgd\/?page_id=67"},"modified":"2025-06-25T08:37:32","modified_gmt":"2025-06-25T11:37:32","slug":"professores","status":"publish","type":"page","link":"https:\/\/wp.ufpel.edu.br\/posgd\/professores\/","title":{"rendered":"Corpo docente"},"content":{"rendered":"<h3><span style=\"font-size: 14pt; font-family: arial, helvetica, sans-serif;\">Professores do Departamento de Arquitetura e Urbanismo da UFPel que ministram as disciplinas estruturantes do curso:<\/span><\/h3>\n<ul class=\"docente\">\n<li style=\"line-height: 115%;\"><a href=\"http:\/\/lattes.cnpq.br\/3860172079417937\"><strong><span style=\"font-size: 10.0pt; line-height: 115%; font-family: 'Verdana',sans-serif;\">Dra. Adriane Borda Almeida da Silva<\/span><\/strong><\/a><\/li>\n<li style=\"line-height: 115%;\"><a href=\"http:\/\/lattes.cnpq.br\/7229833456758124\"><strong><span style=\"font-size: 10.0pt; line-height: 115%; font-family: 'Verdana',sans-serif;\">Dr. Felipe Etchegaray Heidrich<\/span><\/strong><\/a><b><span style=\"font-size: 10.0pt; line-height: 115%; font-family: 'Verdana',sans-serif;\"><strong><span style=\"font-family: 'Verdana',sans-serif;\"><br \/>\n<\/span><\/strong><\/span><\/b><\/li>\n<li style=\"line-height: 115%;\"><a href=\"http:\/\/lattes.cnpq.br\/7363699118402872\"><strong><span style=\"font-size: 10.0pt; line-height: 115%; font-family: 'Verdana',sans-serif;\">Dra. Janice de Freitas Pires<\/span><\/strong><\/a><b><span style=\"font-size: 10.0pt; line-height: 115%; font-family: 'Verdana',sans-serif;\"><strong><span style=\"font-family: 'Verdana',sans-serif;\"><br \/>\n<\/span><\/strong><\/span><\/b><\/li>\n<li style=\"line-height: 115%;\"><a href=\"http:\/\/lattes.cnpq.br\/3617402576985180\"><strong><span style=\"font-size: 10.0pt; line-height: 115%; font-family: 'Verdana',sans-serif;\">Dr. Luciano de Vasconcellos Corr\u00eaa<\/span><\/strong><\/a><b><span style=\"font-size: 10.0pt; line-height: 115%; font-family: 'Verdana',sans-serif;\"><strong><span style=\"font-family: 'Verdana',sans-serif;\"><br \/>\n<\/span><\/strong><\/span><\/b><\/li>\n<li style=\"line-height: 115%;\"><a href=\"http:\/\/lattes.cnpq.br\/3026091557054164\"><strong><span style=\"font-size: 10.0pt; line-height: 115%; font-family: 'Verdana',sans-serif;\">Dra. Luisa Rodrigues F\u00e9lix Dalla Vecchia<\/span><\/strong><\/a><b><\/b><\/li>\n<li><a href=\"http:\/\/lattes.cnpq.br\/8494810738359377\" target=\"_blank\" rel=\"noopener\"><span style=\"font-size: 10pt;\"><strong><span style=\"font-family: verdana, geneva, sans-serif;\">Dr. Ricardo Luis Sampaio Pintado<\/span><\/strong><\/span><\/a><\/li>\n<li style=\"line-height: 115%;\"><a href=\"http:\/\/lattes.cnpq.br\/1945299521663592\"><strong><span style=\"font-size: 10.0pt; line-height: 115%; font-family: 'Verdana',sans-serif;\">Dra. T\u00e1ssia Borges de Vasconselos<\/span><\/strong><\/a><b><\/b><\/li>\n<\/ul>\n","protected":false},"excerpt":{"rendered":"<p>Professores do Departamento de Arquitetura e Urbanismo da UFPel que ministram as disciplinas estruturantes do curso: Dra. Adriane Borda Almeida da Silva Dr. Felipe Etchegaray Heidrich Dra. Janice de Freitas Pires Dr. Luciano de Vasconcellos Corr\u00eaa Dra. Luisa Rodrigues F\u00e9lix Dalla Vecchia Dr. Ricardo Luis Sampaio Pintado Dra. T\u00e1ssia Borges de Vasconselos<\/p>\n","protected":false},"author":390,"featured_media":0,"parent":0,"menu_order":0,"comment_status":"closed","ping_status":"closed","template":"","meta":{"footnotes":""},"class_list":["post-67","page","type-page","status-publish","hentry"],"_links":{"self":[{"href":"https:\/\/wp.ufpel.edu.br\/posgd\/wp-json\/wp\/v2\/pages\/67","targetHints":{"allow":["GET"]}}],"collection":[{"href":"https:\/\/wp.ufpel.edu.br\/posgd\/wp-json\/wp\/v2\/pages"}],"about":[{"href":"https:\/\/wp.ufpel.edu.br\/posgd\/wp-json\/wp\/v2\/types\/page"}],"author":[{"embeddable":true,"href":"https:\/\/wp.ufpel.edu.br\/posgd\/wp-json\/wp\/v2\/users\/390"}],"replies":[{"embeddable":true,"href":"https:\/\/wp.ufpel.edu.br\/posgd\/wp-json\/wp\/v2\/comments?post=67"}],"version-history":[{"count":15,"href":"https:\/\/wp.ufpel.edu.br\/posgd\/wp-json\/wp\/v2\/pages\/67\/revisions"}],"predecessor-version":[{"id":764,"href":"https:\/\/wp.ufpel.edu.br\/posgd\/wp-json\/wp\/v2\/pages\/67\/revisions\/764"}],"wp:attachment":[{"href":"https:\/\/wp.ufpel.edu.br\/posgd\/wp-json\/wp\/v2\/media?parent=67"}],"curies":[{"name":"wp","href":"https:\/\/api.w.org\/{rel}","templated":true}]}}