{"id":64,"date":"2014-08-18T13:33:40","date_gmt":"2014-08-18T16:33:40","guid":{"rendered":"https:\/\/wp.ufpel.edu.br\/posgd\/?page_id=64"},"modified":"2014-08-18T13:33:40","modified_gmt":"2014-08-18T16:33:40","slug":"avaliacao","status":"publish","type":"page","link":"https:\/\/wp.ufpel.edu.br\/posgd\/avaliacao\/","title":{"rendered":"Avalia\u00e7\u00e3o"},"content":{"rendered":"<p><strong>Processo de avalia\u00e7\u00e3o de aluno<\/strong><\/p>\n<p>Conforme o &#8220;Regimento dos Cursos de P\u00f3s Gradua\u00e7\u00e3o&#8221; (UFPel):<\/p>\n<p>&nbsp;<\/p>\n<p>Art. 30 &#8211; A verifica\u00e7\u00e3o do rendimento escolar ser\u00e1 feita por disciplina.<\/p>\n<p>\u00a7 1\u00ba &#8211; O aproveitamento nas disciplinas ser\u00e1 avaliado a crit\u00e9rio do professor e de acordo com as caracter\u00edsticas de cada disciplina, respeitando o estabelecido no projeto do curso.<\/p>\n<p>\u00a7 2\u00ba -O aproveitamento do aluno em cada disciplina ser\u00e1 expresso pelos seguintes conceitos, correspondendo \u00e0s respectivas classes:<\/p>\n<p><strong>A: 9,0 a 10,0 <\/strong><\/p>\n<p><strong>B: 7,5 a 8,9 <\/strong><\/p>\n<p><strong>C: 6,0 a 7,4 <\/strong><\/p>\n<p><strong>D: abaixo de 5,9 <\/strong><\/p>\n<p>I: incompleto &#8211; atribu\u00eddo ao aluno que, por motivo de for\u00e7a maior, for impedido de completar as atividades da disciplina no pe\u00acr\u00edodo regular;<\/p>\n<p>T: trancamento &#8211; atribu\u00eddo ao aluno que, com autoriza\u00e7\u00e3o da Comiss\u00e3o Coordenadora do Curso, tiver trancado a matr\u00edcula;<\/p>\n<p>P: aproveitamento de cr\u00e9ditos &#8211; atribu\u00eddo ao aluno que tenha cursado a disciplina em outra institui\u00e7\u00e3o cujo aproveitamento tenha sido aprovado pela Comiss\u00e3o Coordenadora do Curso.<\/p>\n<p>\u00a7 3\u00ba &#8211; <strong>Ser\u00e1 considerado aprovado na disciplina o aluno que obtiver um conceito A, B, ou C. <\/strong><\/p>\n<p>\u00a7 4\u00ba &#8211; \u00c9 obrigat\u00f3ria a freq\u00fc\u00eancia nos encontros t\u00e9cnicos presenciais dos cursos a dist\u00e2ncia, ficando vedado ao p\u00f3s-graduando ausentar-se, parcial ou totalmente, das atividades programadas, salvo em casos assegurados por lei.<\/p>\n<p>\u00a7 5\u00ba &#8211; O p\u00f3s-graduando reprovado ficar\u00e1 obrigado a repetir a disciplina, desde que haja nova oferta desta disciplina.<\/p>\n<p>Art. 31 \u2013 Al\u00e9m das disciplinas, para concluir o Curso de P\u00f3s-Gradua\u00e7\u00e3o \u201clato sensu\u201d, ser\u00e1 exigida uma monografia ou trabalho de conclus\u00e3o de curso, preferencialmente com defesa presencial, em \u00e1rea de dom\u00ednio do Curso.<\/p>\n<p>\u00a7 1\u00ba &#8211; O preparo da monografia ou trabalho de conclus\u00e3o de curso ser\u00e1 feito segundo normas espec\u00edficas.<\/p>\n<p>\u00a7 2\u00ba &#8211; Na avalia\u00e7\u00e3o da monografia ou trabalho de conclus\u00e3o de curso ser\u00e1 utilizado o mesmo crit\u00e9rio da avalia\u00e7\u00e3o das disciplinas.<\/p>\n<p>Art. 32 &#8211; Estar\u00e1 automaticamente desligado do Curso o aluno que se enquadrar em uma ou mais das seguintes situa\u00e7\u00f5es:<\/p>\n<p>I.for reprovado mais de uma vez em uma disciplina;<\/p>\n<p>II.n\u00e3o completar todos os requisitos do Curso no prazo estabelecido;<\/p>\n<p>III.ausentar-se, parcial ou totalmente, sem justificativas, das atividades dos encontros t\u00e9cnicos presenciais dos Cursos a dist\u00e2ncia;<\/p>\n<p>IV.deixar de atender \u00e0s solicita\u00e7\u00f5es pertinentes ao Curso, efetuadas pelos professores ou pela coordena\u00e7\u00e3o.<\/p>\n<p>V.apresentar alguma atitude grave que o desabone perante o Corpo docente do Curso e\/ou C\u00e2mara.<\/p>\n<p>Par\u00e1grafo \u00fanico- O candidato reprovado uma \u00fanica vez em monografia ou trabalho de conclus\u00e3o de curso ter\u00e1 oportunidade a uma nova defesa em data a ser fixada pela coordena\u00e7\u00e3o do Curso.<\/p>\n","protected":false},"excerpt":{"rendered":"<p>Processo de avalia\u00e7\u00e3o de aluno Conforme o &#8220;Regimento dos Cursos de P\u00f3s Gradua\u00e7\u00e3o&#8221; (UFPel): &nbsp; Art. 30 &#8211; A verifica\u00e7\u00e3o do rendimento escolar ser\u00e1 feita por disciplina. \u00a7 1\u00ba &#8211; O aproveitamento nas disciplinas ser\u00e1 avaliado a crit\u00e9rio do professor e de acordo com as caracter\u00edsticas de cada disciplina, respeitando o estabelecido no projeto do [&hellip;]<\/p>\n","protected":false},"author":390,"featured_media":0,"parent":0,"menu_order":0,"comment_status":"closed","ping_status":"closed","template":"","meta":{"footnotes":""},"class_list":["post-64","page","type-page","status-publish","hentry"],"_links":{"self":[{"href":"https:\/\/wp.ufpel.edu.br\/posgd\/wp-json\/wp\/v2\/pages\/64","targetHints":{"allow":["GET"]}}],"collection":[{"href":"https:\/\/wp.ufpel.edu.br\/posgd\/wp-json\/wp\/v2\/pages"}],"about":[{"href":"https:\/\/wp.ufpel.edu.br\/posgd\/wp-json\/wp\/v2\/types\/page"}],"author":[{"embeddable":true,"href":"https:\/\/wp.ufpel.edu.br\/posgd\/wp-json\/wp\/v2\/users\/390"}],"replies":[{"embeddable":true,"href":"https:\/\/wp.ufpel.edu.br\/posgd\/wp-json\/wp\/v2\/comments?post=64"}],"version-history":[{"count":1,"href":"https:\/\/wp.ufpel.edu.br\/posgd\/wp-json\/wp\/v2\/pages\/64\/revisions"}],"predecessor-version":[{"id":65,"href":"https:\/\/wp.ufpel.edu.br\/posgd\/wp-json\/wp\/v2\/pages\/64\/revisions\/65"}],"wp:attachment":[{"href":"https:\/\/wp.ufpel.edu.br\/posgd\/wp-json\/wp\/v2\/media?parent=64"}],"curies":[{"name":"wp","href":"https:\/\/api.w.org\/{rel}","templated":true}]}}