{"id":511,"date":"2022-10-05T12:42:13","date_gmt":"2022-10-05T15:42:13","guid":{"rendered":"https:\/\/wp.ufpel.edu.br\/posgd\/?page_id=511"},"modified":"2025-09-09T13:44:41","modified_gmt":"2025-09-09T16:44:41","slug":"matriz","status":"publish","type":"page","link":"https:\/\/wp.ufpel.edu.br\/posgd\/disciplinas\/matriz\/","title":{"rendered":"Matriz Curricular"},"content":{"rendered":"<p>A carga hor\u00e1ria m\u00ednima para a conclus\u00e3o do curso de especializa\u00e7\u00e3o \u00e9 de <strong>360h ou 22 cr\u00e9ditos<\/strong>.<\/p>\n<p>Os cr\u00e9ditos poder\u00e3o ser integralizados da seguinte forma: Metodologia da Pesquisa (2 cr\u00e9ditos) e Trabalho de Conclus\u00e3o (1 cr\u00e9dito), disciplinas optativas, publica\u00e7\u00e3o de artigos (m\u00e1ximo de 3 cr\u00e9ditos).<\/p>\n<p>Saiba mais sobre o curso, no <a href=\"https:\/\/wp.ufpel.edu.br\/posgd\/files\/2025\/09\/ProjetoPedagogico_2023_1_.pdf\">Projeto Pedag\u00f3gico<\/a>.<\/p>\n<p>Abaixo est\u00e1 a matriz curricular atual:<\/p>\n<p><img class=\"wp-image-714 size-full alignleft\" src=\"https:\/\/wp.ufpel.edu.br\/posgd\/files\/2023\/10\/Matriz-curricular.jpg\" alt=\"\" width=\"932\" height=\"744\" srcset=\"https:\/\/wp.ufpel.edu.br\/posgd\/files\/2023\/10\/Matriz-curricular.jpg 932w, https:\/\/wp.ufpel.edu.br\/posgd\/files\/2023\/10\/Matriz-curricular-400x319.jpg 400w, https:\/\/wp.ufpel.edu.br\/posgd\/files\/2023\/10\/Matriz-curricular-768x613.jpg 768w\" sizes=\"(max-width: 932px) 100vw, 932px\" \/><\/p>\n","protected":false},"excerpt":{"rendered":"<p>A carga hor\u00e1ria m\u00ednima para a conclus\u00e3o do curso de especializa\u00e7\u00e3o \u00e9 de 360h ou 22 cr\u00e9ditos. Os cr\u00e9ditos poder\u00e3o ser integralizados da seguinte forma: Metodologia da Pesquisa (2 cr\u00e9ditos) e Trabalho de Conclus\u00e3o (1 cr\u00e9dito), disciplinas optativas, publica\u00e7\u00e3o de artigos (m\u00e1ximo de 3 cr\u00e9ditos). Saiba mais sobre o curso, no Projeto Pedag\u00f3gico. Abaixo est\u00e1 [&hellip;]<\/p>\n","protected":false},"author":390,"featured_media":0,"parent":58,"menu_order":0,"comment_status":"closed","ping_status":"closed","template":"","meta":{"footnotes":""},"class_list":["post-511","page","type-page","status-publish","hentry"],"_links":{"self":[{"href":"https:\/\/wp.ufpel.edu.br\/posgd\/wp-json\/wp\/v2\/pages\/511","targetHints":{"allow":["GET"]}}],"collection":[{"href":"https:\/\/wp.ufpel.edu.br\/posgd\/wp-json\/wp\/v2\/pages"}],"about":[{"href":"https:\/\/wp.ufpel.edu.br\/posgd\/wp-json\/wp\/v2\/types\/page"}],"author":[{"embeddable":true,"href":"https:\/\/wp.ufpel.edu.br\/posgd\/wp-json\/wp\/v2\/users\/390"}],"replies":[{"embeddable":true,"href":"https:\/\/wp.ufpel.edu.br\/posgd\/wp-json\/wp\/v2\/comments?post=511"}],"version-history":[{"count":3,"href":"https:\/\/wp.ufpel.edu.br\/posgd\/wp-json\/wp\/v2\/pages\/511\/revisions"}],"predecessor-version":[{"id":848,"href":"https:\/\/wp.ufpel.edu.br\/posgd\/wp-json\/wp\/v2\/pages\/511\/revisions\/848"}],"up":[{"embeddable":true,"href":"https:\/\/wp.ufpel.edu.br\/posgd\/wp-json\/wp\/v2\/pages\/58"}],"wp:attachment":[{"href":"https:\/\/wp.ufpel.edu.br\/posgd\/wp-json\/wp\/v2\/media?parent=511"}],"curies":[{"name":"wp","href":"https:\/\/api.w.org\/{rel}","templated":true}]}}