{"id":436,"date":"2018-11-16T16:45:00","date_gmt":"2018-11-16T18:45:00","guid":{"rendered":"https:\/\/wp.ufpel.edu.br\/posgd\/?page_id=436"},"modified":"2021-04-08T02:01:59","modified_gmt":"2021-04-08T05:01:59","slug":"corpo-discente-2018","status":"publish","type":"page","link":"https:\/\/wp.ufpel.edu.br\/posgd\/corpo-discente-2018\/","title":{"rendered":"Corpo Discente 2018"},"content":{"rendered":"<p>Fabiana Mendes de Mendon\u00e7a (C)<\/p>\n<p>Marina Perfetto Sanes (C)<\/p>\n<hr \/>\n<p>SITUA\u00c7\u00c3O:<\/p>\n<p>(A) Atual, (D) Desligado, (DSM) Desligado Sem Monografia, (T) Trancado, (C) Conclu\u00eddo<\/p>\n","protected":false},"excerpt":{"rendered":"<p>Fabiana Mendes de Mendon\u00e7a (C) Marina Perfetto Sanes (C) SITUA\u00c7\u00c3O: (A) Atual, (D) Desligado, (DSM) Desligado Sem Monografia, (T) Trancado, (C) Conclu\u00eddo<\/p>\n","protected":false},"author":390,"featured_media":0,"parent":0,"menu_order":0,"comment_status":"closed","ping_status":"closed","template":"","meta":{"footnotes":""},"class_list":["post-436","page","type-page","status-publish","hentry"],"_links":{"self":[{"href":"https:\/\/wp.ufpel.edu.br\/posgd\/wp-json\/wp\/v2\/pages\/436","targetHints":{"allow":["GET"]}}],"collection":[{"href":"https:\/\/wp.ufpel.edu.br\/posgd\/wp-json\/wp\/v2\/pages"}],"about":[{"href":"https:\/\/wp.ufpel.edu.br\/posgd\/wp-json\/wp\/v2\/types\/page"}],"author":[{"embeddable":true,"href":"https:\/\/wp.ufpel.edu.br\/posgd\/wp-json\/wp\/v2\/users\/390"}],"replies":[{"embeddable":true,"href":"https:\/\/wp.ufpel.edu.br\/posgd\/wp-json\/wp\/v2\/comments?post=436"}],"version-history":[{"count":4,"href":"https:\/\/wp.ufpel.edu.br\/posgd\/wp-json\/wp\/v2\/pages\/436\/revisions"}],"predecessor-version":[{"id":505,"href":"https:\/\/wp.ufpel.edu.br\/posgd\/wp-json\/wp\/v2\/pages\/436\/revisions\/505"}],"wp:attachment":[{"href":"https:\/\/wp.ufpel.edu.br\/posgd\/wp-json\/wp\/v2\/media?parent=436"}],"curies":[{"name":"wp","href":"https:\/\/api.w.org\/{rel}","templated":true}]}}