{"id":334,"date":"2015-04-02T15:44:40","date_gmt":"2015-04-02T18:44:40","guid":{"rendered":"https:\/\/wp.ufpel.edu.br\/posgd\/?page_id=334"},"modified":"2016-10-17T16:30:42","modified_gmt":"2016-10-17T18:30:42","slug":"corpo-discente-2015","status":"publish","type":"page","link":"https:\/\/wp.ufpel.edu.br\/posgd\/corpo-discente-2015\/","title":{"rendered":"Corpo Discente 2015"},"content":{"rendered":"<p style=\"padding-left: 60px\">Andressa Vasconcellos Moreira (A)<\/p>\n<p style=\"padding-left: 60px\">Clarissa Corr\u00eaa Henning (D)<\/p>\n<p style=\"padding-left: 60px\">\u00c9rika Rodrigues de Oliveira (D)<\/p>\n<p style=\"padding-left: 60px\">Manoela Meurer Doerr (D)<\/p>\n<p style=\"padding-left: 60px\">Monica Mendes Veiga (C)<\/p>\n<p style=\"padding-left: 60px\">Nat\u00e1lia Borges Gon\u00e7alves (A)<\/p>\n<p style=\"padding-left: 60px\">Roger Neves Machado (A)<\/p>\n<p style=\"padding-left: 60px\">Ta\u00eds Feij\u00f3 Viana (C)<\/p>\n<div class=\"entry-content clearfix\" style=\"padding-left: 30px\">\n<p>___________________________________________________________________<\/p>\n<p>SITUA\u00c7\u00c3O:<\/p>\n<p>(A) Atual, (D) Desligado, (DSM) Desligado Sem Monografia, (T) Trancado, (C) Conclu\u00eddo<\/p>\n<\/div>\n<p>&nbsp;<\/p>\n","protected":false},"excerpt":{"rendered":"<p>Andressa Vasconcellos Moreira (A) Clarissa Corr\u00eaa Henning (D) \u00c9rika Rodrigues de Oliveira (D) Manoela Meurer Doerr (D) Monica Mendes Veiga (C) Nat\u00e1lia Borges Gon\u00e7alves (A) Roger Neves Machado (A) Ta\u00eds Feij\u00f3 Viana (C) ___________________________________________________________________ SITUA\u00c7\u00c3O: (A) Atual, (D) Desligado, (DSM) Desligado Sem Monografia, (T) Trancado, (C) Conclu\u00eddo &nbsp;<\/p>\n","protected":false},"author":390,"featured_media":0,"parent":0,"menu_order":0,"comment_status":"closed","ping_status":"closed","template":"","meta":{"footnotes":""},"class_list":["post-334","page","type-page","status-publish","hentry"],"_links":{"self":[{"href":"https:\/\/wp.ufpel.edu.br\/posgd\/wp-json\/wp\/v2\/pages\/334","targetHints":{"allow":["GET"]}}],"collection":[{"href":"https:\/\/wp.ufpel.edu.br\/posgd\/wp-json\/wp\/v2\/pages"}],"about":[{"href":"https:\/\/wp.ufpel.edu.br\/posgd\/wp-json\/wp\/v2\/types\/page"}],"author":[{"embeddable":true,"href":"https:\/\/wp.ufpel.edu.br\/posgd\/wp-json\/wp\/v2\/users\/390"}],"replies":[{"embeddable":true,"href":"https:\/\/wp.ufpel.edu.br\/posgd\/wp-json\/wp\/v2\/comments?post=334"}],"version-history":[{"count":5,"href":"https:\/\/wp.ufpel.edu.br\/posgd\/wp-json\/wp\/v2\/pages\/334\/revisions"}],"predecessor-version":[{"id":357,"href":"https:\/\/wp.ufpel.edu.br\/posgd\/wp-json\/wp\/v2\/pages\/334\/revisions\/357"}],"wp:attachment":[{"href":"https:\/\/wp.ufpel.edu.br\/posgd\/wp-json\/wp\/v2\/media?parent=334"}],"curies":[{"name":"wp","href":"https:\/\/api.w.org\/{rel}","templated":true}]}}