{"id":29,"date":"2014-08-01T13:23:30","date_gmt":"2014-08-01T16:23:30","guid":{"rendered":"https:\/\/wp.ufpel.edu.br\/posgd\/?page_id=29"},"modified":"2025-09-03T11:38:24","modified_gmt":"2025-09-03T14:38:24","slug":"inicio","status":"publish","type":"page","link":"https:\/\/wp.ufpel.edu.br\/posgd\/","title":{"rendered":"Curso"},"content":{"rendered":"<h3><span style=\"color: #333333;\">Especializa\u00e7\u00e3o em Gr\u00e1fica Digital<\/span><\/h3>\n<p><a href=\"https:\/\/wp.ufpel.edu.br\/posgd\/files\/2025\/07\/SEI_3143782_Edital_de_selecao_PRPPG_109.pdf\"><span style=\"font-family: verdana, geneva, sans-serif; font-size: 10pt; color: #008000;\">Confira o edital para sele\u00e7\u00e3o de turma 2025\/2.<\/span><\/a><\/p>\n<p><strong>Lista do resultado final. <a href=\"https:\/\/wp.ufpel.edu.br\/posgd\/files\/2025\/09\/Lista-Resultado-Final-Assinado.pdf\">Confira aqui!<\/a><\/strong><\/p>\n<p style=\"text-align: justify;\"><span style=\"font-family: verdana, geneva, sans-serif; font-size: 10pt; color: #333333;\">O Curso de Especializa\u00e7\u00e3o em Gr\u00e1fica Digital, oferecido pela Universidade Federal de Pelotas, tem a proposta de promover o estudo, a apropria\u00e7\u00e3o e a aplica\u00e7\u00e3o das tecnologias de representa\u00e7\u00e3o gr\u00e1fica digitais nas diferentes \u00e1reas do conhecimento. \u00c9 oferecido desde 1999 e ao longo de suas edi\u00e7\u00f5es tem incrementado a forma\u00e7\u00e3o de profissionais liberais, em especial arquitetos, artistas e designers.<\/span><\/p>\n<p style=\"text-align: justify;\"><span style=\"font-family: verdana, geneva, sans-serif; font-size: 10pt; color: #333333;\">O curso \u00e9 aberto aos profissionais oriundos das diversas \u00e1reas de forma\u00e7\u00e3o, tendo em vista as possibilidades que a Gr\u00e1fica Digital vem demonstrando em potencializar processos de projeto, comunica\u00e7\u00e3o e compreens\u00e3o de todo o tipo de informa\u00e7\u00e3o.<\/span><\/p>\n<p style=\"text-align: justify;\"><span style=\"font-family: verdana, geneva, sans-serif; font-size: 10pt; color: #333333;\">A comunidade do Curso est\u00e1 aberta para contribui\u00e7\u00f5es, participe!<\/span><\/p>\n<p style=\"text-align: justify;\"><span style=\"font-family: verdana, geneva, sans-serif; font-size: 10pt; color: #333333;\"><strong>Coordenadora:<\/strong> Dra. T\u00e1ssia Borges de Vasconselos<\/span><br \/>\n<span style=\"font-family: verdana, geneva, sans-serif; font-size: 10pt; color: #333333;\"><strong>Contato:<\/strong> posgd.ufpel@gmail.com<\/span><\/p>\n","protected":false},"excerpt":{"rendered":"<p>Especializa\u00e7\u00e3o em Gr\u00e1fica Digital Confira o edital para sele\u00e7\u00e3o de turma 2025\/2. Lista do resultado final. Confira aqui! O Curso de Especializa\u00e7\u00e3o em Gr\u00e1fica Digital, oferecido pela Universidade Federal de Pelotas, tem a proposta de promover o estudo, a apropria\u00e7\u00e3o e a aplica\u00e7\u00e3o das tecnologias de representa\u00e7\u00e3o gr\u00e1fica digitais nas diferentes \u00e1reas do conhecimento. \u00c9 [&hellip;]<\/p>\n","protected":false},"author":390,"featured_media":0,"parent":0,"menu_order":0,"comment_status":"closed","ping_status":"closed","template":"","meta":{"footnotes":""},"class_list":["post-29","page","type-page","status-publish","hentry"],"_links":{"self":[{"href":"https:\/\/wp.ufpel.edu.br\/posgd\/wp-json\/wp\/v2\/pages\/29","targetHints":{"allow":["GET"]}}],"collection":[{"href":"https:\/\/wp.ufpel.edu.br\/posgd\/wp-json\/wp\/v2\/pages"}],"about":[{"href":"https:\/\/wp.ufpel.edu.br\/posgd\/wp-json\/wp\/v2\/types\/page"}],"author":[{"embeddable":true,"href":"https:\/\/wp.ufpel.edu.br\/posgd\/wp-json\/wp\/v2\/users\/390"}],"replies":[{"embeddable":true,"href":"https:\/\/wp.ufpel.edu.br\/posgd\/wp-json\/wp\/v2\/comments?post=29"}],"version-history":[{"count":5,"href":"https:\/\/wp.ufpel.edu.br\/posgd\/wp-json\/wp\/v2\/pages\/29\/revisions"}],"predecessor-version":[{"id":834,"href":"https:\/\/wp.ufpel.edu.br\/posgd\/wp-json\/wp\/v2\/pages\/29\/revisions\/834"}],"wp:attachment":[{"href":"https:\/\/wp.ufpel.edu.br\/posgd\/wp-json\/wp\/v2\/media?parent=29"}],"curies":[{"name":"wp","href":"https:\/\/api.w.org\/{rel}","templated":true}]}}