{"id":203,"date":"2014-08-23T01:52:19","date_gmt":"2014-08-23T04:52:19","guid":{"rendered":"https:\/\/wp.ufpel.edu.br\/posgd\/?page_id=203"},"modified":"2018-11-13T00:39:42","modified_gmt":"2018-11-13T02:39:42","slug":"trabalhos-de-conclusao","status":"publish","type":"page","link":"https:\/\/wp.ufpel.edu.br\/posgd\/trabalhos-de-conclusao\/","title":{"rendered":"Trabalhos de conclus\u00e3o"},"content":{"rendered":"<p><span style=\"font-family: verdana, geneva, sans-serif;font-size: 10pt\">ANTON, Cristina Pereira. <strong>An\u00e1lise de estruturas de saber envolvidas em pr\u00e1ticas did\u00e1ticas de Modelagem Geom\u00e9trica: um estudo de caso<\/strong>. Pelotas, 2005. 70 f. Monografia (Especializa\u00e7\u00e3o em Gr\u00e1fica Digital)- Departamento de Desenho T\u00e9cnico e Gr\u00e1fica Computacional, IFM, Universidade Federal de Pelotas. Orienta\u00e7\u00e3o: Dra. Adriane Borda Almeida da Silva (DTGC \u2013 IFM &#8211; UFPel)<\/span><\/p>\n<p><span style=\"font-family: verdana, geneva, sans-serif;font-size: 10pt\">ARRIAL, Luciana Roso. <strong>Representa\u00e7\u00e3o do objeto arquitet\u00f4nico para a comunica\u00e7\u00e3o no canterio de obras: estudo de caso<\/strong>. Pelotas, 2004. 69f. Monografia (Especializa\u00e7\u00e3o em Gr\u00e1fica Digital)- Departamento de Desenho T\u00e9cnico e Gr\u00e1fica Computacional, IFM, Universidade Federal de Pelotas. Orienta\u00e7\u00e3o: Dra. Adriane Borda Almeida da Silva (DTGC- IFM- UFPel)<\/span><\/p>\n<p><span style=\"font-family: verdana, geneva, sans-serif;font-size: 10pt\">BIANCHINI, Leonardo Alberto. <strong>Uma introdu\u00e7\u00e3o ao trabalho com materiais na gr\u00e1fica computacional<\/strong>. Pelotas, 2004. Monografia (Especializa\u00e7\u00e3o em Desenho)- Departamento de Desenho T\u00e9cnico e Gr\u00e1fica Computacional, IFM, Universidade Federal de Pelotas. Orienta\u00e7\u00e3o: Msc. \u00c2ngela Petrucci Vasconcelos (DTGC- IFM- UFPel)<\/span><\/p>\n<p><span style=\"font-family: verdana, geneva, sans-serif;font-size: 10pt\">BOANOVA, Cec\u00edlia Oliveira. <strong>Uma abordagem sobre as ferramentas para a constru\u00e7\u00e3o de p\u00e1ginas e sites<\/strong>. Pelotas, 2003. Monografia (Especializa\u00e7\u00e3o em Desenho)- Departamento de Desenho T\u00e9cnico e Gr\u00e1fica Computacional, IFM, Universidade Federal de Pelotas. Orienta\u00e7\u00e3o: Msc. Paulo Renato Pinto Lincho(DTGC- IFM- UFPel)<\/span><\/p>\n<p><span style=\"font-family: verdana, geneva, sans-serif;font-size: 10pt\">GUEDES, Abner Gilead Ara\u00fajo. <strong>Agentes em Mundos Virtuais<\/strong>. Pelotas, 2005. Monografia (Especializa\u00e7\u00e3o em Gr\u00e1fica Digital) &#8211; Departamento de Desenho T\u00e9cnico e Gr\u00e1fica Computacional, IFM, Universidade Federal de Pelotas. Orienta\u00e7\u00e3o: Dra. Neusa Mariza Leite Rodrigues F\u00e9lix (DTGC \u2013 IFM &#8211; UFPel)<\/span><\/p>\n<p><span style=\"font-family: verdana, geneva, sans-serif;font-size: 10pt\">HEIDRICH, Felipe Etchegaray. <strong>Representa\u00e7\u00e3o Interativa para Objetos Arquitet\u00f4nicos<\/strong>. Pelotas, 2001. Monografia (Especializa\u00e7\u00e3o em Desenho)- Departamento de Desenho T\u00e9cnico e Gr\u00e1fica Computacional, IFM, Universidade Federal de Pelotas. Orienta\u00e7\u00e3o: Dra. Neusa Mariza Leite Rodrigues F\u00e9lix (DTGC- IFM- UFPel)<\/span><\/p>\n<p><span style=\"font-family: verdana, geneva, sans-serif;font-size: 10pt\">LANNES, Liege Dias. <strong>Representa\u00e7\u00e3o Virtual do Museu da Baronesa<\/strong>. Pelotas, 2004. Monografia (Especializa\u00e7\u00e3o em Desenho)- Departamento de Desenho T\u00e9cnico e Gr\u00e1fica Computacional, IFM, Universidade Federal de Pelotas. Orienta\u00e7\u00e3o: Dra. Adriane Borda Almeida da Silva (DTGC- IFM- UFPel)<\/span><\/p>\n<p><span style=\"font-family: verdana, geneva, sans-serif;font-size: 10pt\">LUCAS, Ana L\u00facia Pinho. <strong>Colligo: Proposta de um programa educativo para auxiliar o desenvolvimento da vis\u00e3o espacial<\/strong>. Pelotas, 2000. 46f. Monografia (Especializa\u00e7\u00e3o em Desenho)- Departamento de Desenho T\u00e9cnico e Gr\u00e1fica Computacional, IFM, Universidade Federal de Pelotas. Orienta\u00e7\u00e3o: Msc. \u00c2ngela Petrucci Vasconcelos (DTGC- IFM- UFPel)<\/span><\/p>\n<p><span style=\"font-family: verdana, geneva, sans-serif;font-size: 10pt\">MAIA, Ant\u00f4nio Martins. <strong>Maquetes: uma an\u00e1lise de diferentes processos, visando a incorpora\u00e7\u00e3o de apoio inform\u00e1tico<\/strong>. Pelotas, 2002. 46f. Monografia (Especializa\u00e7\u00e3o em Desenho)- Departamento de Desenho T\u00e9cnico e Gr\u00e1fica Computacional, IFM, Universidade Federal de Pelotas. Orienta\u00e7\u00e3o: Msc. Jos\u00e9 In\u00e1cio Kr\u00fcger (DTGC- IFM- UFPel) e Dra.Adriane Borda Almeida da Silva (DTGC- IFM- UFPel)<\/span><\/p>\n<p><span style=\"font-family: verdana, geneva, sans-serif;font-size: 10pt\">MENEZES, Leonardo Borges. <strong>Identifica\u00e7\u00e3o de t\u00e9cnicas de simula\u00e7\u00e3o da apar\u00eancia de objetos em maquetes eletr\u00f4nicas<\/strong>. Pelotas, 2004. 81f. Monografia (Especializa\u00e7\u00e3o em Desenho)- Departamento de Desenho T\u00e9cnico e Gr\u00e1fica Computacional, IFM, Universidade Federal de Pelotas. Orienta\u00e7\u00e3o: Msc. Paulo Renato Pinto Lincho (DTGC- IFM- UFPel)<\/span><\/p>\n<p><span style=\"font-family: verdana, geneva, sans-serif;font-size: 10pt\">PERINOTTO, Alcides Valentim. <strong>Imagens para comercializa\u00e7\u00e3o de lumin\u00e1rias na Internet<\/strong>. Pelotas, 2005. 70 f. Monografia (Especializa\u00e7\u00e3o em Gr\u00e1fica Digital)- Departamento de Desenho T\u00e9cnico e Gr\u00e1fica Computacional, IFM, Universidade Federal de Pelotas. Orienta\u00e7\u00e3o: Dra. Adriane Borda Almeida da Silva (DTGC \u2013 IFM &#8211; UFPel)<\/span><\/p>\n<p><span style=\"font-family: verdana, geneva, sans-serif;font-size: 10pt\">PIEDRAS, Estela M\u00e1ris. <strong>A Influ\u00eancia da Computa\u00e7\u00e3o Gr\u00e1fica na Representa\u00e7\u00e3o da Arquitetura<\/strong>. Pelotas, 2000. 61f. Monografia (Especializa\u00e7\u00e3o em Desenho)- Departamento de Desenho T\u00e9cnico e Gr\u00e1fica Computacional, IFM, Universidade Federal de Pelotas. Orienta\u00e7\u00e3o: Dra. Neusa Mariza Leite Rodrigues F\u00e9lix (DTGC- IFM- UFPel)<\/span><\/p>\n<p><span style=\"font-family: verdana, geneva, sans-serif;font-size: 10pt\">SILVA, Ana Cristina. <strong>Estudo de coberturas atrav\u00e9s da Geometria Descritiva com aux\u00edlio da Gr\u00e1fica Computacional<\/strong>. Pelotas, 2005. 36f. Monografia (Especializa\u00e7\u00e3o em Gr\u00e1fica Digital) &#8211; Departamento de Desenho T\u00e9cnico e Gr\u00e1fica Computacional, IFM, Universidade Federal de Pelotas. Orienta\u00e7\u00e3o: Msc. \u00c2ngela Petrucci Vasconcelos (DTGC- IFM- UFPel)<\/span><\/p>\n<p><span style=\"font-family: verdana, geneva, sans-serif;font-size: 10pt\">SILVA Jr., Ant\u00f4nio Pedro. <strong>Desenho T\u00e9cnico: Uma Experi\u00eancia de Ensino<\/strong>. Pelotas, 2001. 55 f. Monografia (Especializa\u00e7\u00e3o em Desenho)- Departamento de Desenho T\u00e9cnico e Gr\u00e1fica Computacional, IFM, Universidade Federal de Pelotas. Orienta\u00e7\u00e3o: Msc. Lu\u00eds Roberto Lima Barbosa (DTGC- IFM- UFPel)<\/span><\/p>\n<p><span style=\"font-family: verdana, geneva, sans-serif;font-size: 10pt\">SILVA, Olga Maria Almeida da. <strong>Modelagem Geom\u00e9trica como instrumento de an\u00e1lise e representa\u00e7\u00e3o de mobili\u00e1rio &#8211; Um estudo aplicado a tr\u00eas modelos de cadeiras: Barroca, Lu\u00eds XV e Moderna<\/strong>. Pelotas, 2004. 70 f. Monografia (Especializa\u00e7\u00e3o em Gr\u00e1fica Digital)- Departamento de Desenho T\u00e9cnico e Gr\u00e1fica Computacional, IFM, Universidade Federal de Pelotas. Orienta\u00e7\u00e3o: Dra. Adriane Borda Almeida da Silva (DTGC- IFM- UFPel)<\/span><\/p>\n<p><span style=\"font-family: verdana, geneva, sans-serif;font-size: 10pt\">XAVIER, Sinval Cantarelli. <strong>O Desenho Arquitet\u00f4nico auxiliado por computador, um caso pr\u00e1tico: a Westchester House de Richard Meier<\/strong>. Pelotas, 2004. Monografia (Especializa\u00e7\u00e3o em Desenho)- Departamento de Desenho T\u00e9cnico e Gr\u00e1fica Computacional, IFM, Universidade Federal de Pelotas. Orienta\u00e7\u00e3o: Dra. Neusa Mariza Leite Rodrigues F\u00e9lix (DTGC- IFM- UFPel)<\/span><\/p>\n","protected":false},"excerpt":{"rendered":"<p>ANTON, Cristina Pereira. An\u00e1lise de estruturas de saber envolvidas em pr\u00e1ticas did\u00e1ticas de Modelagem Geom\u00e9trica: um estudo de caso. Pelotas, 2005. 70 f. Monografia (Especializa\u00e7\u00e3o em Gr\u00e1fica Digital)- Departamento de Desenho T\u00e9cnico e Gr\u00e1fica Computacional, IFM, Universidade Federal de Pelotas. Orienta\u00e7\u00e3o: Dra. Adriane Borda Almeida da Silva (DTGC \u2013 IFM &#8211; UFPel) ARRIAL, Luciana Roso. [&hellip;]<\/p>\n","protected":false},"author":390,"featured_media":0,"parent":0,"menu_order":0,"comment_status":"closed","ping_status":"closed","template":"","meta":{"footnotes":""},"class_list":["post-203","page","type-page","status-publish","hentry"],"_links":{"self":[{"href":"https:\/\/wp.ufpel.edu.br\/posgd\/wp-json\/wp\/v2\/pages\/203","targetHints":{"allow":["GET"]}}],"collection":[{"href":"https:\/\/wp.ufpel.edu.br\/posgd\/wp-json\/wp\/v2\/pages"}],"about":[{"href":"https:\/\/wp.ufpel.edu.br\/posgd\/wp-json\/wp\/v2\/types\/page"}],"author":[{"embeddable":true,"href":"https:\/\/wp.ufpel.edu.br\/posgd\/wp-json\/wp\/v2\/users\/390"}],"replies":[{"embeddable":true,"href":"https:\/\/wp.ufpel.edu.br\/posgd\/wp-json\/wp\/v2\/comments?post=203"}],"version-history":[{"count":2,"href":"https:\/\/wp.ufpel.edu.br\/posgd\/wp-json\/wp\/v2\/pages\/203\/revisions"}],"predecessor-version":[{"id":433,"href":"https:\/\/wp.ufpel.edu.br\/posgd\/wp-json\/wp\/v2\/pages\/203\/revisions\/433"}],"wp:attachment":[{"href":"https:\/\/wp.ufpel.edu.br\/posgd\/wp-json\/wp\/v2\/media?parent=203"}],"curies":[{"name":"wp","href":"https:\/\/api.w.org\/{rel}","templated":true}]}}